{"id":3493,"date":"2025-03-27T15:43:37","date_gmt":"2025-03-27T07:43:37","guid":{"rendered":"https:\/\/www.woseal.com\/?post_type=product&#038;p=3493"},"modified":"2025-04-11T14:03:35","modified_gmt":"2025-04-11T06:03:35","slug":"cbs-002-high-metallic-safety-wire-seal-system-security-waterproof-metal-lock-cable-seals","status":"publish","type":"product","link":"https:\/\/www.woseal.com\/de\/produkt\/cbs-002-high-metallic-safety-wire-seal-system-security-waterproof-metal-lock-cable-seals","title":{"rendered":"CBS-002 Hochmetallische Sicherheitsdrahtplombe System Sicherheit Wasserdicht Metallschloss Kabelplomben"},"content":{"rendered":"<table class=\"has-title all magic-7\">\n<tbody>\n<tr>\n<td colspan=\"1\" rowspan=\"1\">\n<div class=\"magic-8\" data-spm-anchor-id=\"a2700.details.0.i72.48963db5bL2wRK\">Name<\/div>\n<\/td>\n<td colspan=\"1\" rowspan=\"1\">\n<div class=\"magic-9\">CBS-002<\/div>\n<\/td>\n<\/tr>\n<tr>\n<td colspan=\"1\" rowspan=\"1\">\n<div class=\"magic-8\">Material<\/div>\n<\/td>\n<td colspan=\"1\" rowspan=\"1\">\n<div class=\"magic-9\">ABS, Pulvermetallurgie, A3-Drahtseil, 7*7<\/div>\n<\/td>\n<\/tr>\n<tr>\n<td colspan=\"1\" rowspan=\"1\">\n<div class=\"magic-8\">Gr\u00f6\u00dfe des Schlossk\u00f6rpers<\/div>\n<\/td>\n<td colspan=\"1\" rowspan=\"1\">\n<div class=\"magic-9\">38*14*12mm<\/div>\n<\/td>\n<\/tr>\n<tr>\n<td colspan=\"1\" rowspan=\"1\">\n<div class=\"magic-8\">Durchmesser<\/div>\n<\/td>\n<td colspan=\"1\" rowspan=\"1\">\n<div class=\"magic-9\">1,8 mm<\/div>\n<\/td>\n<\/tr>\n<tr>\n<td colspan=\"1\" rowspan=\"1\">\n<div class=\"magic-8\">Herstellungsverfahren<\/div>\n<\/td>\n<td colspan=\"1\" rowspan=\"1\">\n<div class=\"magic-9\">Einspritzung, Stanzen<\/div>\n<\/td>\n<\/tr>\n<tr>\n<td colspan=\"1\" rowspan=\"1\">\n<div class=\"magic-8\">Farbe<\/div>\n<\/td>\n<td colspan=\"1\" rowspan=\"1\">\n<div class=\"magic-9\">Rot, Gelb, Schwarz, Blau, Gr\u00fcn und so weiter<\/div>\n<\/td>\n<\/tr>\n<tr>\n<td colspan=\"1\" rowspan=\"1\">\n<div class=\"magic-8\">Material der Kabel<\/div>\n<\/td>\n<td colspan=\"1\" rowspan=\"1\">\n<div class=\"magic-9\">A3 Stahl, 7*7, gek\u00fcrzte L\u00e4nge<\/div>\n<\/td>\n<\/tr>\n<tr>\n<td colspan=\"1\" rowspan=\"1\">\n<div class=\"magic-8\">L\u00e4nge des Kabels<\/div>\n<\/td>\n<td colspan=\"1\" rowspan=\"1\">\n<div class=\"magic-9\">25cm, 30cm L\u00e4nge, jede L\u00e4nge kann angepasst werden<\/div>\n<\/td>\n<\/tr>\n<tr>\n<td colspan=\"1\" rowspan=\"1\">\n<div class=\"magic-8\">Druckart<\/div>\n<\/td>\n<td colspan=\"1\" rowspan=\"1\">\n<div class=\"magic-9\">Lasermarkierung, tto<\/div>\n<\/td>\n<\/tr>\n<tr>\n<td colspan=\"1\" rowspan=\"1\">\n<div class=\"magic-8\">Kennzeichnung von Inhalten<\/div>\n<\/td>\n<td colspan=\"1\" rowspan=\"1\">\n<div class=\"magic-9\">Zahlen, Buchstaben, Zeichen, Strichcodes<\/div>\n<\/td>\n<\/tr>\n<tr>\n<td colspan=\"1\" rowspan=\"1\">\n<div class=\"magic-8\">Anmeldung<\/div>\n<\/td>\n<td colspan=\"1\" rowspan=\"1\">\n<div class=\"magic-9\">Superm\u00e4rkte, \u00d6l, Container, Eisenbahncontainer, Z\u00e4hlerk\u00e4sten, Geldb\u00f6rsen und so weiter<\/div>\n<\/td>\n<\/tr>\n<tr>\n<td colspan=\"1\" rowspan=\"1\">\n<div class=\"magic-8\">Verpacken<\/div>\n<\/td>\n<td colspan=\"1\" rowspan=\"1\">\n<div class=\"magic-9\">100 St\u00fcck\/Kunststoffbeutel, 1000 St\u00fcck\/Karton, 2000 St\u00fcck\/Karton<\/div>\n<\/td>\n<\/tr>\n<tr>\n<td colspan=\"1\" rowspan=\"1\">\n<div class=\"magic-8\">Zertifikat des Unternehmens<\/div>\n<\/td>\n<td colspan=\"1\" rowspan=\"1\">\n<div class=\"magic-9\">ISO17712,ISO9001,ISO14001,ISO45001<\/div>\n<\/td>\n<\/tr>\n<\/tbody>\n<\/table>\n<p>Sichern Sie Ihre Sendungen mit dem CBS-002 High Metallic Safety Wire Seal System, das f\u00fcr ultimativen Schutz in anspruchsvollen Umgebungen entwickelt wurde. Diese wasserdichte Kabelplombe ist vollst\u00e4ndig aus Metall gefertigt und kombiniert hochfesten Stahldraht mit einem korrosionsbest\u00e4ndigen Metallschloss, das manipulationssichere Sicherheit gegen Schneiden, Aufhebeln und raue Wetterbedingungen gew\u00e4hrleistet. Der fortschrittliche Verriegelungsmechanismus bietet einen sichtbaren Manipulationsnachweis, w\u00e4hrend das wasserdichte Design Zuverl\u00e4ssigkeit in feuchten, maritimen oder regnerischen Umgebungen garantiert. Der CBS-002 ist ideal f\u00fcr den Einsatz in der Logistik, in Schiffscontainern, bei schweren Maschinen und hochwertigen G\u00fctern. Er erf\u00fcllt die strengen Industriestandards und ist so konstruiert, dass er extremen Temperaturen und physischen Belastungen standh\u00e4lt. Sein leichtes und dennoch robustes Design erm\u00f6glicht eine einfache Anwendung und Inspektion und vereinfacht die Einhaltung globaler Sicherheitsprotokolle. Verlassen Sie sich darauf, dass der CBS-002 Ihre Werte mit un\u00fcbertroffener Haltbarkeit und Abschreckung vor Diebstahl sch\u00fctzt.<\/p>","protected":false},"excerpt":{"rendered":"<p>Das CBS-002 Waterproof Metal Lock Cable Seal bietet manipulationssichere, witterungsbest\u00e4ndige Sicherheit mit einer hochmetallischen Konstruktion, die sich perfekt f\u00fcr die Logistik, den Seetransport und den Schutz von Schwerlastg\u00fctern eignet.<\/p>","protected":false},"featured_media":3508,"template":"","meta":[],"product_brand":[],"product_cat":[168],"product_tag":[355,176,177,178,182,183,315,350,351,352,353,354],"class_list":{"0":"post-3493","1":"product","2":"type-product","3":"status-publish","4":"has-post-thumbnail","6":"product_cat-cable-seal","7":"product_tag-heavy-duty-shipping-security","8":"product_tag-cable-seal","9":"product_tag-wire-seal","10":"product_tag-security-seal","11":"product_tag-hexcab-cable-seal","12":"product_tag-safety-cable-seal","13":"product_tag-corrosion-resistant-wire-seals","14":"product_tag-high-metallic-safety-wire","15":"product_tag-waterproof-metal-lock-seals","16":"product_tag-tamper-proof-security-cable","17":"product_tag-logistics-waterproof-seals","18":"product_tag-industrial-grade-cable-locks","20":"first","21":"instock","22":"featured","23":"shipping-taxable","24":"product-type-simple"},"_links":{"self":[{"href":"https:\/\/www.woseal.com\/de\/wp-json\/wp\/v2\/product\/3493","targetHints":{"allow":["GET"]}}],"collection":[{"href":"https:\/\/www.woseal.com\/de\/wp-json\/wp\/v2\/product"}],"about":[{"href":"https:\/\/www.woseal.com\/de\/wp-json\/wp\/v2\/types\/product"}],"version-history":[{"count":4,"href":"https:\/\/www.woseal.com\/de\/wp-json\/wp\/v2\/product\/3493\/revisions"}],"predecessor-version":[{"id":3849,"href":"https:\/\/www.woseal.com\/de\/wp-json\/wp\/v2\/product\/3493\/revisions\/3849"}],"wp:featuredmedia":[{"embeddable":true,"href":"https:\/\/www.woseal.com\/de\/wp-json\/wp\/v2\/media\/3508"}],"wp:attachment":[{"href":"https:\/\/www.woseal.com\/de\/wp-json\/wp\/v2\/media?parent=3493"}],"wp:term":[{"taxonomy":"product_brand","embeddable":true,"href":"https:\/\/www.woseal.com\/de\/wp-json\/wp\/v2\/product_brand?post=3493"},{"taxonomy":"product_cat","embeddable":true,"href":"https:\/\/www.woseal.com\/de\/wp-json\/wp\/v2\/product_cat?post=3493"},{"taxonomy":"product_tag","embeddable":true,"href":"https:\/\/www.woseal.com\/de\/wp-json\/wp\/v2\/product_tag?post=3493"}],"curies":[{"name":"wp","href":"https:\/\/api.w.org\/{rel}","templated":true}]}}