{"id":3564,"date":"2025-03-27T18:35:34","date_gmt":"2025-03-27T10:35:34","guid":{"rendered":"https:\/\/www.woseal.com\/?post_type=product&#038;p=3564"},"modified":"2025-04-11T13:51:54","modified_gmt":"2025-04-11T05:51:54","slug":"pts-001-wholesale-cheap-label-seals-customized-strip-shaped-sealing-plastic-seal-strips","status":"publish","type":"product","link":"https:\/\/www.woseal.com\/de\/produkt\/pts-001-wholesale-cheap-label-seals-customized-strip-shaped-sealing-plastic-seal-strips","title":{"rendered":"PTS-001 Gro\u00dfhandel billig Etikett Dichtungen kundenspezifische Streifen-f\u00f6rmige Abdichtung Kunststoff-Siegel-Streifen"},"content":{"rendered":"<table class=\"has-title all magic-7\">\n<tbody>\n<tr>\n<td colspan=\"1\" rowspan=\"1\">\n<div class=\"magic-8\" data-spm-anchor-id=\"a2700.details.0.i80.6c85278cVONPQ6\">Ort der Herkunft<\/div>\n<\/td>\n<td colspan=\"1\" rowspan=\"1\">\n<div class=\"magic-9\">China<\/div>\n<\/td>\n<\/tr>\n<tr>\n<td colspan=\"1\" rowspan=\"1\">\n<div class=\"magic-8\">Artikel<\/div>\n<\/td>\n<td colspan=\"1\" rowspan=\"1\">\n<div class=\"magic-9\">Kunststoffdichtung<\/div>\n<\/td>\n<\/tr>\n<tr>\n<td colspan=\"1\" rowspan=\"1\">\n<div class=\"magic-8\">Modell<\/div>\n<\/td>\n<td colspan=\"1\" rowspan=\"1\">\n<div class=\"magic-9\">TPS-001<\/div>\n<\/td>\n<\/tr>\n<tr>\n<td colspan=\"1\" rowspan=\"1\">\n<div class=\"magic-8\">Material<\/div>\n<\/td>\n<td colspan=\"1\" rowspan=\"1\">\n<div class=\"magic-9\">PP+PE<\/div>\n<\/td>\n<\/tr>\n<tr>\n<td colspan=\"1\" rowspan=\"1\">\n<div class=\"magic-8\">Gr\u00f6\u00dfe des Schlossk\u00f6rpers<\/div>\n<\/td>\n<td colspan=\"1\" rowspan=\"1\">\n<div class=\"magic-9\">70*14*5,5mm<\/div>\n<\/td>\n<\/tr>\n<tr>\n<td colspan=\"1\" rowspan=\"1\">\n<div class=\"magic-8\">Farbe<\/div>\n<\/td>\n<td colspan=\"1\" rowspan=\"1\">\n<div class=\"magic-9\">Gelb, Wei\u00df, Blau, Gr\u00fcn, Rot und so weiter<\/div>\n<\/td>\n<\/tr>\n<tr>\n<td colspan=\"1\" rowspan=\"1\">\n<div class=\"magic-8\">Druckart<\/div>\n<\/td>\n<td colspan=\"1\" rowspan=\"1\">\n<div class=\"magic-9\">Laserbeschriftung oder Hei\u00dfpr\u00e4gung, Siebdruck, tto<\/div>\n<\/td>\n<\/tr>\n<tr>\n<td colspan=\"1\" rowspan=\"1\">\n<div class=\"magic-8\">Inhalt markieren<\/div>\n<\/td>\n<td colspan=\"1\" rowspan=\"1\">\n<div class=\"magic-9\">Zahlen, Buchstaben, Zeichen, Strichcodes und so weiter<\/div>\n<\/td>\n<\/tr>\n<tr>\n<td colspan=\"1\" rowspan=\"1\">\n<div class=\"magic-8\">Paket<\/div>\n<\/td>\n<td colspan=\"1\" rowspan=\"1\">\n<div class=\"magic-9\">100 St\u00fcck\/Kunststoffbeutel, 1000 St\u00fcck\/Karton, 2000 St\u00fcck\/Karton<\/div>\n<\/td>\n<\/tr>\n<tr>\n<td colspan=\"1\" rowspan=\"1\">\n<div class=\"magic-8\">Anmeldung<\/div>\n<\/td>\n<td colspan=\"1\" rowspan=\"1\">\n<div class=\"magic-9\">Superm\u00e4rkte, \u00d6l, Container, Eisenbahncontainer, Z\u00e4hlerk\u00e4sten, Geldb\u00f6rsen und so weiter<\/div>\n<\/td>\n<\/tr>\n<tr>\n<td colspan=\"1\" rowspan=\"1\">\n<div class=\"magic-8\">Zertifikat des Unternehmens<\/div>\n<\/td>\n<td colspan=\"1\" rowspan=\"1\">\n<div class=\"magic-9\">REACH,ISO9001,ISO14001,ISO45001<\/div>\n<\/td>\n<\/tr>\n<\/tbody>\n<\/table>\n<p>Sichern Sie Ihre Sendungen zu einem erschwinglichen Preis mit den PTS-001 Wholesale Customized Plastic Seal Strips, die f\u00fcr eine kosteng\u00fcnstige und manipulationssichere Versiegelung entwickelt wurden. Diese streifenf\u00f6rmigen Kunststoffsiegel sind perfekt f\u00fcr Gro\u00dfabnehmer, die zuverl\u00e4ssige Sicherheit zu Gro\u00dfhandelspreisen suchen. Sie bestehen aus haltbarem, flexiblem Polyethylen, sind rei\u00dffest und widerstandsf\u00e4hig gegen Umwelteinfl\u00fcsse und bieten gleichzeitig einen eindeutigen Nachweis f\u00fcr Manipulationen. Sie k\u00f6nnen mit Logos, Barcodes oder eindeutigen Kennzeichnungen versehen werden, um die Sichtbarkeit der Marke zu erh\u00f6hen und die Bestandsverfolgung zu optimieren. Das PTS-001 ist ideal f\u00fcr Verpackungen, Logistik, Einzelhandel und das Versiegeln von Dokumenten. Es l\u00e4sst sich einfach anbringen und ist leicht. Erf\u00fcllen Sie grundlegende Sicherheitsstandards, ohne das Budget zu sprengen - vertrauen Sie auf diese Siegel, um Pakete, Kartons und Beh\u00e4lter zu sch\u00fctzen und gleichzeitig die betriebliche Effizienz zu erhalten.<\/p>","protected":false},"excerpt":{"rendered":"<p>Das Modell PTS-001 verf\u00fcgt \u00fcber ein neues Design, st\u00e4rkeres Material, eine L\u00e4nge von 11\u2033 und gro\u00dfe gedruckte Etiketten mit leicht lesbarem Text, Barcodes und Zahlen. Perfekt f\u00fcr Anh\u00e4ngert\u00fcren, Sch\u00fcttgut-Tankwagen, Eisenbahnwaggons, Beh\u00e4lter und mehr. Erh\u00e4ltlich in einer Vielzahl von kundenspezifischen Farben, einschlie\u00dflich wei\u00df, gelb, blau, gr\u00fcn, rot und mehr. Lagerplomben sind sofort lieferbar, individuell bedruckte Plomben k\u00f6nnen bis zu 4 Wochen dauern.<\/p>","protected":false},"featured_media":3566,"template":"","meta":[],"product_brand":[],"product_cat":[169],"product_tag":[178,179,180,190,191,192,193,194,195,200,201],"class_list":{"0":"post-3564","1":"product","2":"type-product","3":"status-publish","4":"has-post-thumbnail","6":"product_cat-plastic-seal","7":"product_tag-security-seal","8":"product_tag-shipping-seal","9":"product_tag-safety-seal","10":"product_tag-plastic-seal","11":"product_tag-security-plastic-seal","12":"product_tag-container-plastic-seal","13":"product_tag-high-security-plastic-seal","14":"product_tag-pp-plastic-seal","15":"product_tag-custom-plastic-seal","16":"product_tag-strip-shaped-seal","17":"product_tag-logistics-plastic-seal","19":"first","20":"instock","21":"featured","22":"shipping-taxable","23":"product-type-simple"},"_links":{"self":[{"href":"https:\/\/www.woseal.com\/de\/wp-json\/wp\/v2\/product\/3564","targetHints":{"allow":["GET"]}}],"collection":[{"href":"https:\/\/www.woseal.com\/de\/wp-json\/wp\/v2\/product"}],"about":[{"href":"https:\/\/www.woseal.com\/de\/wp-json\/wp\/v2\/types\/product"}],"version-history":[{"count":3,"href":"https:\/\/www.woseal.com\/de\/wp-json\/wp\/v2\/product\/3564\/revisions"}],"predecessor-version":[{"id":3862,"href":"https:\/\/www.woseal.com\/de\/wp-json\/wp\/v2\/product\/3564\/revisions\/3862"}],"wp:featuredmedia":[{"embeddable":true,"href":"https:\/\/www.woseal.com\/de\/wp-json\/wp\/v2\/media\/3566"}],"wp:attachment":[{"href":"https:\/\/www.woseal.com\/de\/wp-json\/wp\/v2\/media?parent=3564"}],"wp:term":[{"taxonomy":"product_brand","embeddable":true,"href":"https:\/\/www.woseal.com\/de\/wp-json\/wp\/v2\/product_brand?post=3564"},{"taxonomy":"product_cat","embeddable":true,"href":"https:\/\/www.woseal.com\/de\/wp-json\/wp\/v2\/product_cat?post=3564"},{"taxonomy":"product_tag","embeddable":true,"href":"https:\/\/www.woseal.com\/de\/wp-json\/wp\/v2\/product_tag?post=3564"}],"curies":[{"name":"wp","href":"https:\/\/api.w.org\/{rel}","templated":true}]}}