{"id":3574,"date":"2025-03-28T10:53:00","date_gmt":"2025-03-28T02:53:00","guid":{"rendered":"https:\/\/www.woseal.com\/?post_type=product&#038;p=3574"},"modified":"2025-04-11T13:49:18","modified_gmt":"2025-04-11T05:49:18","slug":"bts-001-truck-van-door-with-logo-barcod-high-security-iso17712-container-lock-bolt-seals","status":"publish","type":"product","link":"https:\/\/www.woseal.com\/de\/produkt\/bts-001-truck-van-door-with-logo-barcod-high-security-iso17712-container-lock-bolt-seals","title":{"rendered":"BTS-001 Lkw-Transporter-T\u00fcr mit Logo Barcod Hochsicherheits ISO17712 Containerschloss Riegeldichtung"},"content":{"rendered":"<table class=\"has-title all magic-7\">\n<tbody>\n<tr>\n<td colspan=\"1\" rowspan=\"1\">\n<div class=\"magic-8\" data-spm-anchor-id=\"a2700.details.0.i73.6c264075iQX7Ha\">Ort der Herkunft<\/div>\n<\/td>\n<td colspan=\"1\" rowspan=\"1\">\n<div class=\"magic-9\">China<\/div>\n<\/td>\n<\/tr>\n<tr>\n<td colspan=\"1\" rowspan=\"1\">\n<div class=\"magic-8\">Artikel<\/div>\n<\/td>\n<td colspan=\"1\" rowspan=\"1\">\n<div class=\"magic-9\">Bolzen Dichtung<\/div>\n<\/td>\n<\/tr>\n<tr>\n<td colspan=\"1\" rowspan=\"1\">\n<div class=\"magic-8\">Modell<\/div>\n<\/td>\n<td colspan=\"1\" rowspan=\"1\">\n<div class=\"magic-9\">BTS-001<\/div>\n<\/td>\n<\/tr>\n<tr>\n<td colspan=\"1\" rowspan=\"1\">\n<div class=\"magic-8\">Material<\/div>\n<\/td>\n<td colspan=\"1\" rowspan=\"1\">\n<div class=\"magic-9\">ABS+Verzinkter Kohlenstoffstahl<\/div>\n<\/td>\n<\/tr>\n<tr>\n<td colspan=\"1\" rowspan=\"1\">\n<div class=\"magic-8\">Gr\u00f6\u00dfe des Schlossk\u00f6rpers<\/div>\n<\/td>\n<td colspan=\"1\" rowspan=\"1\">\n<div class=\"magic-9\">81,3*10mm<\/div>\n<\/td>\n<\/tr>\n<tr>\n<td colspan=\"1\" rowspan=\"1\">\n<div class=\"magic-8\">Farbe<\/div>\n<\/td>\n<td colspan=\"1\" rowspan=\"1\">\n<div class=\"magic-9\">Gelb, Wei\u00df, Blau, Gr\u00fcn, Rot, Andere und so weiter<\/div>\n<\/td>\n<\/tr>\n<tr>\n<td colspan=\"1\" rowspan=\"1\">\n<div class=\"magic-8\">Druckart<\/div>\n<\/td>\n<td colspan=\"1\" rowspan=\"1\">\n<div class=\"magic-9\">Lasermarkierung oder Hei\u00dfpr\u00e4gung, Siebdruck<\/div>\n<\/td>\n<\/tr>\n<tr>\n<td colspan=\"1\" rowspan=\"1\">\n<div class=\"magic-8\">Inhalt markieren<\/div>\n<\/td>\n<td colspan=\"1\" rowspan=\"1\">\n<div class=\"magic-9\">Zahlen, Buchstaben, Zeichen, Strichcodes und so weiter<\/div>\n<\/td>\n<\/tr>\n<tr>\n<td colspan=\"1\" rowspan=\"1\">\n<div class=\"magic-8\">Paket<\/div>\n<\/td>\n<td colspan=\"1\" rowspan=\"1\">\n<div class=\"magic-9\">10 St\u00fcck \/ Kunststoffbox 25 Boxen \/Karton<\/div>\n<\/td>\n<\/tr>\n<tr>\n<td colspan=\"1\" rowspan=\"1\">\n<div class=\"magic-8\">Anmeldung<\/div>\n<\/td>\n<td colspan=\"1\" rowspan=\"1\">\n<div class=\"magic-9\">Alle Arten von Anh\u00e4ngern, Tankwagen, Schiffen, Schienentransporten, Logistikfracht, Tresoren, Schlie\u00dff\u00e4chern, usw.<\/div>\n<\/td>\n<\/tr>\n<tr>\n<td colspan=\"1\" rowspan=\"1\">\n<div class=\"magic-8\">Zertifikat des Unternehmens<\/div>\n<\/td>\n<td colspan=\"1\" rowspan=\"1\">\n<div class=\"magic-9\">ISO17712,ISO9001,ISO14001,ISO45001<\/div>\n<\/td>\n<\/tr>\n<\/tbody>\n<\/table>\n<p>Sichern Sie Ihre Ladung mit dem BTS-001 Hochsicherheits-Bolzensiegel f\u00fcr Lkw-Van-T\u00fcren, das die ISO17712-Normen f\u00fcr manipulationssichere Container- und Logistiksicherheit erf\u00fcllt. Mit einem hochbelastbaren Stahlbolzen und einem fortschrittlichen Anti-Diebstahl-Design sorgt dieses Siegel f\u00fcr maximalen Widerstand gegen Schneiden, Aufhebeln und raue Umgebungsbedingungen. Die integrierten Optionen f\u00fcr Logo und Barcode erm\u00f6glichen eine einfache Markenidentifizierung und digitale Nachverfolgung, was die Bestandsverwaltung und die Pr\u00fcfung der Einhaltung von Vorschriften vereinfacht. Das BTS-001 eignet sich perfekt f\u00fcr Lkw-T\u00fcren, Versandcontainer und risikoreiche Ladungen und verf\u00fcgt \u00fcber einen einzigartigen Verriegelungsmechanismus, der sichtbare Manipulationsspuren hinterl\u00e4sst und Diebstahl und unbefugten Zugriff verhindert. Seine korrosionsbest\u00e4ndige Konstruktion und wetterfeste Haltbarkeit machen es ideal f\u00fcr den weltweiten Versand. Vertrauen Sie darauf, dass das BTS-001 un\u00fcbertroffene Sicherheit, R\u00fcckverfolgbarkeit und Compliance f\u00fcr Ihre Lieferkette bietet.<\/p>","protected":false},"excerpt":{"rendered":"<p>Die Riegel des Modells BTS-001 sind C-TPAT-konform und nach ISO 17712 f\u00fcr Hochsicherheit zertifiziert. Diese lasergedruckten Riegelplomben sind in einer Vielzahl von Farben erh\u00e4ltlich. Bolzenplomben werden zur Sicherung von Anh\u00e4ngert\u00fcrschl\u00f6ssern und Containert\u00fcrschl\u00f6ssern verwendet. Auf Lager und sofort lieferbar.<\/p>","protected":false},"featured_media":3581,"template":"","meta":[],"product_brand":[],"product_cat":[171],"product_tag":[202,203,204,205,206,356,357,358,359,360],"class_list":{"0":"post-3574","1":"product","2":"type-product","3":"status-publish","4":"has-post-thumbnail","6":"product_cat-bolt-seal","7":"product_tag-bolt-seal","8":"product_tag-container-seal","9":"product_tag-security-bolt-seal","10":"product_tag-truck-seal","11":"product_tag-iso17712-bolt-seal","12":"product_tag-iso17712-bolt-seals","13":"product_tag-bts-001-truck-door-lock","14":"product_tag-high-security-container-seals","15":"product_tag-customizable-barcode-bolt-seals","16":"product_tag-tamper-proof-van-door-locks","18":"first","19":"instock","20":"featured","21":"shipping-taxable","22":"product-type-simple"},"_links":{"self":[{"href":"https:\/\/www.woseal.com\/de\/wp-json\/wp\/v2\/product\/3574","targetHints":{"allow":["GET"]}}],"collection":[{"href":"https:\/\/www.woseal.com\/de\/wp-json\/wp\/v2\/product"}],"about":[{"href":"https:\/\/www.woseal.com\/de\/wp-json\/wp\/v2\/types\/product"}],"version-history":[{"count":4,"href":"https:\/\/www.woseal.com\/de\/wp-json\/wp\/v2\/product\/3574\/revisions"}],"predecessor-version":[{"id":3852,"href":"https:\/\/www.woseal.com\/de\/wp-json\/wp\/v2\/product\/3574\/revisions\/3852"}],"wp:featuredmedia":[{"embeddable":true,"href":"https:\/\/www.woseal.com\/de\/wp-json\/wp\/v2\/media\/3581"}],"wp:attachment":[{"href":"https:\/\/www.woseal.com\/de\/wp-json\/wp\/v2\/media?parent=3574"}],"wp:term":[{"taxonomy":"product_brand","embeddable":true,"href":"https:\/\/www.woseal.com\/de\/wp-json\/wp\/v2\/product_brand?post=3574"},{"taxonomy":"product_cat","embeddable":true,"href":"https:\/\/www.woseal.com\/de\/wp-json\/wp\/v2\/product_cat?post=3574"},{"taxonomy":"product_tag","embeddable":true,"href":"https:\/\/www.woseal.com\/de\/wp-json\/wp\/v2\/product_tag?post=3574"}],"curies":[{"name":"wp","href":"https:\/\/api.w.org\/{rel}","templated":true}]}}