{"id":3589,"date":"2025-03-28T11:03:25","date_gmt":"2025-03-28T03:03:25","guid":{"rendered":"https:\/\/www.woseal.com\/?post_type=product&#038;p=3589"},"modified":"2025-04-11T13:38:29","modified_gmt":"2025-04-11T05:38:29","slug":"bts-002-iso17712-certified-security-bolt-seal-tamper-evident-truck-lock-with-spring-parts","status":"publish","type":"product","link":"https:\/\/www.woseal.com\/de\/produkt\/bts-002-iso17712-certified-security-bolt-seal-tamper-evident-truck-lock-with-spring-parts","title":{"rendered":"BTS-002 ISO17712-zertifiziertes Sicherheitsbolzensiegel manipulationssicheres LKW-Schloss mit Federteilen"},"content":{"rendered":"<table class=\"has-title all magic-7\">\n<tbody>\n<tr>\n<td colspan=\"1\" rowspan=\"1\">\n<div class=\"magic-8\" data-spm-anchor-id=\"a2700.details.0.i75.72a356f98eeeLE\">Ort der Herkunft<\/div>\n<\/td>\n<td colspan=\"1\" rowspan=\"1\">\n<div class=\"magic-9\">China<\/div>\n<\/td>\n<\/tr>\n<tr>\n<td colspan=\"1\" rowspan=\"1\">\n<div class=\"magic-8\">Artikel<\/div>\n<\/td>\n<td colspan=\"1\" rowspan=\"1\">\n<div class=\"magic-9\">Bolzen Dichtung<\/div>\n<\/td>\n<\/tr>\n<tr>\n<td colspan=\"1\" rowspan=\"1\">\n<div class=\"magic-8\">Modell<\/div>\n<\/td>\n<td colspan=\"1\" rowspan=\"1\">\n<div class=\"magic-9\">BTS-002<\/div>\n<\/td>\n<\/tr>\n<tr>\n<td colspan=\"1\" rowspan=\"1\">\n<div class=\"magic-8\">Material<\/div>\n<\/td>\n<td colspan=\"1\" rowspan=\"1\">\n<div class=\"magic-9\">ABS+Verzinkter Kohlenstoffstahl<\/div>\n<\/td>\n<\/tr>\n<tr>\n<td colspan=\"1\" rowspan=\"1\">\n<div class=\"magic-8\">Gr\u00f6\u00dfe des Schlossk\u00f6rpers<\/div>\n<\/td>\n<td colspan=\"1\" rowspan=\"1\">\n<div class=\"magic-9\">81.8*55.6*21.5mm<\/div>\n<\/td>\n<\/tr>\n<tr>\n<td colspan=\"1\" rowspan=\"1\">\n<div class=\"magic-8\">Gewicht<\/div>\n<\/td>\n<td colspan=\"1\" rowspan=\"1\">\n<div class=\"magic-9\">52g<\/div>\n<\/td>\n<\/tr>\n<tr>\n<td colspan=\"1\" rowspan=\"1\">\n<div class=\"magic-8\">Farbe<\/div>\n<\/td>\n<td colspan=\"1\" rowspan=\"1\">\n<div class=\"magic-9\">Gelb, Wei\u00df, Blau, Gr\u00fcn, Rot und so weiter<\/div>\n<\/td>\n<\/tr>\n<tr>\n<td colspan=\"1\" rowspan=\"1\">\n<div class=\"magic-8\">Druckart<\/div>\n<\/td>\n<td colspan=\"1\" rowspan=\"1\">\n<div class=\"magic-9\">Lasermarkierung oder Hei\u00dfpr\u00e4gung, Siebdruck<\/div>\n<\/td>\n<\/tr>\n<tr>\n<td colspan=\"1\" rowspan=\"1\">\n<div class=\"magic-8\">Inhalt markieren<\/div>\n<\/td>\n<td colspan=\"1\" rowspan=\"1\">\n<div class=\"magic-9\">Zahlen, Buchstaben, Zeichen, Strichcodes und so weiter<\/div>\n<\/td>\n<\/tr>\n<tr>\n<td colspan=\"1\" rowspan=\"1\">\n<div class=\"magic-8\">Paket<\/div>\n<\/td>\n<td colspan=\"1\" rowspan=\"1\">\n<div class=\"magic-9\">10 St\u00fcck \/ Kunststoffbox 25 Boxen \/Karton<\/div>\n<\/td>\n<\/tr>\n<tr>\n<td colspan=\"1\" rowspan=\"1\">\n<div class=\"magic-8\">Anmeldung<\/div>\n<\/td>\n<td colspan=\"1\" rowspan=\"1\">\n<div class=\"magic-9\">Alle Arten von Anh\u00e4ngern, Tankwagen, Schiffen, Schienentransporten, Logistikfracht, Tresoren, Schlie\u00dff\u00e4chern, usw.<\/div>\n<\/td>\n<\/tr>\n<tr>\n<td colspan=\"1\" rowspan=\"1\">\n<div class=\"magic-8\">Zertifikat des Unternehmens<\/div>\n<\/td>\n<td colspan=\"1\" rowspan=\"1\">\n<div class=\"magic-9\">ISO17712,ISO9001,ISO14001,ISO45001<\/div>\n<\/td>\n<\/tr>\n<\/tbody>\n<\/table>\n<p>Sorgen Sie f\u00fcr kompromisslose Frachtsicherheit mit dem BTS-002 ISO17712-zertifizierten Sicherheitsbolzensiegel, das f\u00fcr manipulationssicheren Schutz und industrielle Haltbarkeit entwickelt wurde. Diese hochbelastbare Bolzenplombe erf\u00fcllt die strengen ISO17712-Normen und verf\u00fcgt \u00fcber eine robuste Stahlkonstruktion und einen pr\u00e4zisionsgefertigten Federmechanismus, der den Widerstand gegen gewaltsames Eindringen, Vibrationen und physische Manipulationen erh\u00f6ht. Das manipulationssichere Design hinterl\u00e4sst einen eindeutigen visuellen Beweis f\u00fcr unbefugten Zugang und ist daher ideal f\u00fcr die Sicherung von Lkw-T\u00fcren, Versandcontainern und risikoreicher Fracht. Sie ist korrosions- und witterungsbest\u00e4ndig und h\u00e4lt extremen Temperaturen, Feuchtigkeit und rauer Behandlung w\u00e4hrend des Transports stand. Die integrierten Federteile sorgen f\u00fcr ein dichtes, zuverl\u00e4ssiges Schloss und vereinfachen gleichzeitig die Installation und Inspektion. Vertrauen Sie dem BTS-002, wenn es darum geht, Ihre Logistikkette zu sichern, Compliance-Audits zu rationalisieren und Diebst\u00e4hle mit ISO-zertifizierter Zuverl\u00e4ssigkeit zu verhindern.<\/p>\n<p>&nbsp;<\/p>","protected":false},"excerpt":{"rendered":"<p>Das BTS-002 ISO17712 Bolt Seal kombiniert manipulationssichere Sicherheit, ein federverst\u00e4rktes Schloss und eine robuste Stahlkonstruktion f\u00fcr Lkw, Container und hochwertige Fracht.<\/p>","protected":false},"featured_media":3590,"template":"","meta":[],"product_brand":[],"product_cat":[171],"product_tag":[214,216,202,204,206,207,208,209,210,211,212,213],"class_list":{"0":"post-3589","1":"product","2":"type-product","3":"status-publish","4":"has-post-thumbnail","6":"product_cat-bolt-seal","7":"product_tag-container-bolt-seal","8":"product_tag-tapa-compliant-bolt-seals","9":"product_tag-bolt-seal","10":"product_tag-security-bolt-seal","11":"product_tag-iso17712-bolt-seal","12":"product_tag-shipping-container-bolt-seals","13":"product_tag-truck-security-seals","14":"product_tag-logistics-bolt-seals","15":"product_tag-steel-bolt-seal","16":"product_tag-tamper-proof-bolt-seal","17":"product_tag-custom-bolt-seal","18":"product_tag-high-security-bolt-seal","20":"first","21":"instock","22":"shipping-taxable","23":"product-type-simple"},"_links":{"self":[{"href":"https:\/\/www.woseal.com\/de\/wp-json\/wp\/v2\/product\/3589","targetHints":{"allow":["GET"]}}],"collection":[{"href":"https:\/\/www.woseal.com\/de\/wp-json\/wp\/v2\/product"}],"about":[{"href":"https:\/\/www.woseal.com\/de\/wp-json\/wp\/v2\/types\/product"}],"version-history":[{"count":3,"href":"https:\/\/www.woseal.com\/de\/wp-json\/wp\/v2\/product\/3589\/revisions"}],"predecessor-version":[{"id":3854,"href":"https:\/\/www.woseal.com\/de\/wp-json\/wp\/v2\/product\/3589\/revisions\/3854"}],"wp:featuredmedia":[{"embeddable":true,"href":"https:\/\/www.woseal.com\/de\/wp-json\/wp\/v2\/media\/3590"}],"wp:attachment":[{"href":"https:\/\/www.woseal.com\/de\/wp-json\/wp\/v2\/media?parent=3589"}],"wp:term":[{"taxonomy":"product_brand","embeddable":true,"href":"https:\/\/www.woseal.com\/de\/wp-json\/wp\/v2\/product_brand?post=3589"},{"taxonomy":"product_cat","embeddable":true,"href":"https:\/\/www.woseal.com\/de\/wp-json\/wp\/v2\/product_cat?post=3589"},{"taxonomy":"product_tag","embeddable":true,"href":"https:\/\/www.woseal.com\/de\/wp-json\/wp\/v2\/product_tag?post=3589"}],"curies":[{"name":"wp","href":"https:\/\/api.w.org\/{rel}","templated":true}]}}