{"id":3607,"date":"2025-03-28T11:19:58","date_gmt":"2025-03-28T03:19:58","guid":{"rendered":"https:\/\/www.woseal.com\/?post_type=product&#038;p=3607"},"modified":"2025-04-11T11:59:54","modified_gmt":"2025-04-11T03:59:54","slug":"bts-004-high-quality-disposable-tamper-evident-small-vehicle-container-steel-bolt-seal-logo-series-number-container-bolt-seal","status":"publish","type":"product","link":"https:\/\/www.woseal.com\/de\/produkt\/bts-004-high-quality-disposable-tamper-evident-small-vehicle-container-steel-bolt-seal-logo-series-number-container-bolt-seal","title":{"rendered":"BTS-004 Hochwertige Einweg Manipulationssicherung f\u00fcr kleine Fahrzeugcontainer Stahlbolzensiegel Logo Seriennummer Containerbolzensiegel"},"content":{"rendered":"<table class=\"has-title all magic-10\">\n<tbody>\n<tr>\n<td colspan=\"1\" rowspan=\"1\">\n<div class=\"magic-11\" data-spm-anchor-id=\"a2700.details.0.i73.3b9d703bkTBvcC\">Ort der Herkunft<\/div>\n<\/td>\n<td colspan=\"1\" rowspan=\"1\">\n<div class=\"magic-12\">China<\/div>\n<\/td>\n<\/tr>\n<tr>\n<td colspan=\"1\" rowspan=\"1\">\n<div class=\"magic-11\">Artikel<\/div>\n<\/td>\n<td colspan=\"1\" rowspan=\"1\">\n<div class=\"magic-12\">Bolzen Dichtung<\/div>\n<\/td>\n<\/tr>\n<tr>\n<td colspan=\"1\" rowspan=\"1\">\n<div class=\"magic-11\">Modell<\/div>\n<\/td>\n<td colspan=\"1\" rowspan=\"1\">\n<div class=\"magic-12\">BTS-004<\/div>\n<\/td>\n<\/tr>\n<tr>\n<td colspan=\"1\" rowspan=\"1\">\n<div class=\"magic-11\">Material<\/div>\n<\/td>\n<td colspan=\"1\" rowspan=\"1\">\n<div class=\"magic-12\">ABS+Verzinkter Kohlenstoffstahl<\/div>\n<\/td>\n<\/tr>\n<tr>\n<td colspan=\"1\" rowspan=\"1\">\n<div class=\"magic-11\">Gr\u00f6\u00dfe des Schlossk\u00f6rpers<\/div>\n<\/td>\n<td colspan=\"1\" rowspan=\"1\">\n<div class=\"magic-12\">82,5*51*21mm<\/div>\n<\/td>\n<\/tr>\n<tr>\n<td colspan=\"1\" rowspan=\"1\">\n<div class=\"magic-11\">Gewicht<\/div>\n<\/td>\n<td colspan=\"1\" rowspan=\"1\">\n<div class=\"magic-12\">69g<\/div>\n<\/td>\n<\/tr>\n<tr>\n<td colspan=\"1\" rowspan=\"1\">\n<div class=\"magic-11\">Farbe<\/div>\n<\/td>\n<td colspan=\"1\" rowspan=\"1\">\n<div class=\"magic-12\">Gelb, Wei\u00df, Blau, Gr\u00fcn, Rot und so weiter<\/div>\n<\/td>\n<\/tr>\n<tr>\n<td colspan=\"1\" rowspan=\"1\">\n<div class=\"magic-11\">Druckart<\/div>\n<\/td>\n<td colspan=\"1\" rowspan=\"1\">\n<div class=\"magic-12\">Lasermarkierung oder Hei\u00dfpr\u00e4gung, Siebdruck<\/div>\n<\/td>\n<\/tr>\n<tr>\n<td colspan=\"1\" rowspan=\"1\">\n<div class=\"magic-11\">Inhalt markieren<\/div>\n<\/td>\n<td colspan=\"1\" rowspan=\"1\">\n<div class=\"magic-12\">Zahlen, Buchstaben, Zeichen, Strichcodes und so weiter<\/div>\n<\/td>\n<\/tr>\n<tr>\n<td colspan=\"1\" rowspan=\"1\">\n<div class=\"magic-11\">Paket<\/div>\n<\/td>\n<td colspan=\"1\" rowspan=\"1\">\n<div class=\"magic-12\">10 St\u00fcck \/ Kunststoffbox 25 Boxen \/Karton<\/div>\n<\/td>\n<\/tr>\n<tr>\n<td colspan=\"1\" rowspan=\"1\">\n<div class=\"magic-11\">Anmeldung<\/div>\n<\/td>\n<td colspan=\"1\" rowspan=\"1\">\n<div class=\"magic-12\">Alle Arten von Anh\u00e4ngern, Tankwagen, Schiffen, Schienentransporten, Logistikfracht, Tresoren, Schlie\u00dff\u00e4chern, usw.<\/div>\n<\/td>\n<\/tr>\n<tr>\n<td colspan=\"1\" rowspan=\"1\">\n<div class=\"magic-11\">Zertifikat des Unternehmens<\/div>\n<\/td>\n<td colspan=\"1\" rowspan=\"1\">\n<div class=\"magic-12\">ISO17712,ISO9001,ISO14001,ISO45001<\/div>\n<\/td>\n<\/tr>\n<\/tbody>\n<\/table>\n<p>Sorgen Sie f\u00fcr manipulationssichere Sicherheit f\u00fcr kleine Fahrzeuge und Container mit dem BTS-004 High-Quality Disposable Steel Bolt Seal. Dieses f\u00fcr den einmaligen Gebrauch konzipierte Riegelsiegel verf\u00fcgt \u00fcber eine geh\u00e4rtete Stahlkonstruktion und einen manipulationssicheren Mechanismus, der bei unbefugtem Zugriff sichtbar bricht und so einen irreversiblen Schutz gew\u00e4hrleistet. Es ist ideal f\u00fcr Logistik, Fracht und kompakte Ladung und enth\u00e4lt anpassbare Logos und eindeutige Seriennummern f\u00fcr eine einfache Nachverfolgung, Bestandsverwaltung und Markenidentifikation. Das kompakte, korrosionsbest\u00e4ndige Design widersteht rauen Handhabungs- und Umweltbedingungen und erf\u00fcllt gleichzeitig die Sicherheitsstandards der Branche. Der BTS-004 eignet sich perfekt f\u00fcr die Versiegelung von Lkws, Anh\u00e4ngern oder kleinen Containern. Er ist erschwinglich und bietet eine hohe Sicherheit, um Ihre Sendungen zu sch\u00fctzen und Audits zur Einhaltung von Vorschriften zu vereinfachen.<\/p>","protected":false},"excerpt":{"rendered":"<p>Das Einweg-Stahlbolzensiegel BTS-004 bietet manipulationssichere Sicherheit mit individuell gestaltbarem Logo\/Seriennummer und wurde f\u00fcr Kleinfahrzeuge, Container und manipulationssichere Logistik entwickelt.<\/p>","protected":false},"featured_media":3608,"template":"","meta":[],"product_brand":[],"product_cat":[171],"product_tag":[222,223,224,225,226,202,214,221],"class_list":{"0":"post-3607","1":"product","2":"type-product","3":"status-publish","4":"has-post-thumbnail","6":"product_cat-bolt-seal","7":"product_tag-high-quality-bolt-seal","8":"product_tag-bulk-bolt-seals-for-logistics-companies","9":"product_tag-stainless-steel-bolt-seals","10":"product_tag-anti-tamper-bolt-seals","11":"product_tag-high-tensile-bolt-seals","12":"product_tag-bolt-seal","13":"product_tag-container-bolt-seal","14":"product_tag-disposable-bolt-seal","16":"first","17":"instock","18":"featured","19":"shipping-taxable","20":"product-type-simple"},"_links":{"self":[{"href":"https:\/\/www.woseal.com\/de\/wp-json\/wp\/v2\/product\/3607","targetHints":{"allow":["GET"]}}],"collection":[{"href":"https:\/\/www.woseal.com\/de\/wp-json\/wp\/v2\/product"}],"about":[{"href":"https:\/\/www.woseal.com\/de\/wp-json\/wp\/v2\/types\/product"}],"version-history":[{"count":3,"href":"https:\/\/www.woseal.com\/de\/wp-json\/wp\/v2\/product\/3607\/revisions"}],"predecessor-version":[{"id":3858,"href":"https:\/\/www.woseal.com\/de\/wp-json\/wp\/v2\/product\/3607\/revisions\/3858"}],"wp:featuredmedia":[{"embeddable":true,"href":"https:\/\/www.woseal.com\/de\/wp-json\/wp\/v2\/media\/3608"}],"wp:attachment":[{"href":"https:\/\/www.woseal.com\/de\/wp-json\/wp\/v2\/media?parent=3607"}],"wp:term":[{"taxonomy":"product_brand","embeddable":true,"href":"https:\/\/www.woseal.com\/de\/wp-json\/wp\/v2\/product_brand?post=3607"},{"taxonomy":"product_cat","embeddable":true,"href":"https:\/\/www.woseal.com\/de\/wp-json\/wp\/v2\/product_cat?post=3607"},{"taxonomy":"product_tag","embeddable":true,"href":"https:\/\/www.woseal.com\/de\/wp-json\/wp\/v2\/product_tag?post=3607"}],"curies":[{"name":"wp","href":"https:\/\/api.w.org\/{rel}","templated":true}]}}