{"id":3616,"date":"2025-03-28T11:30:07","date_gmt":"2025-03-28T03:30:07","guid":{"rendered":"https:\/\/www.woseal.com\/?post_type=product&#038;p=3616"},"modified":"2025-04-11T11:57:00","modified_gmt":"2025-04-11T03:57:00","slug":"bts-005-iso17712-customs-high-security-container-seal-container-door-abs-plastic-locks-shipping-bolt-seal","status":"publish","type":"product","link":"https:\/\/www.woseal.com\/de\/produkt\/bts-005-iso17712-customs-high-security-container-seal-container-door-abs-plastic-locks-shipping-bolt-seal","title":{"rendered":"BTS-005 ISO17712 Zoll Hochsicherheits-Container-Plombe Container T\u00fcr Abs Kunststoff Schl\u00f6sser Versand Riegel Dichtung"},"content":{"rendered":"<table class=\"has-title all magic-7\">\n<tbody>\n<tr>\n<td colspan=\"1\" rowspan=\"1\">\n<div class=\"magic-8\" data-spm-anchor-id=\"a2700.details.0.i72.34e145eeWRqK8I\">Ort der Herkunft<\/div>\n<\/td>\n<td colspan=\"1\" rowspan=\"1\">\n<div class=\"magic-9\">China<\/div>\n<\/td>\n<\/tr>\n<tr>\n<td colspan=\"1\" rowspan=\"1\">\n<div class=\"magic-8\">Artikel<\/div>\n<\/td>\n<td colspan=\"1\" rowspan=\"1\">\n<div class=\"magic-9\">Bolzen Dichtung<\/div>\n<\/td>\n<\/tr>\n<tr>\n<td colspan=\"1\" rowspan=\"1\">\n<div class=\"magic-8\">Modell<\/div>\n<\/td>\n<td colspan=\"1\" rowspan=\"1\">\n<div class=\"magic-9\">BTS-005<\/div>\n<\/td>\n<\/tr>\n<tr>\n<td colspan=\"1\" rowspan=\"1\">\n<div class=\"magic-8\">Material<\/div>\n<\/td>\n<td colspan=\"1\" rowspan=\"1\">\n<div class=\"magic-9\">ABS+Verzinkter Kohlenstoffstahl<\/div>\n<\/td>\n<\/tr>\n<tr>\n<td colspan=\"1\" rowspan=\"1\">\n<div class=\"magic-8\">Gr\u00f6\u00dfe des Schlossk\u00f6rpers<\/div>\n<\/td>\n<td colspan=\"1\" rowspan=\"1\">\n<div class=\"magic-9\">86*54.4*21.5mm<\/div>\n<\/td>\n<\/tr>\n<tr>\n<td colspan=\"1\" rowspan=\"1\">\n<div class=\"magic-8\">Gewicht<\/div>\n<\/td>\n<td colspan=\"1\" rowspan=\"1\">\n<div class=\"magic-9\">72g<\/div>\n<\/td>\n<\/tr>\n<tr>\n<td colspan=\"1\" rowspan=\"1\">\n<div class=\"magic-8\">Farbe<\/div>\n<\/td>\n<td colspan=\"1\" rowspan=\"1\">\n<div class=\"magic-9\">Gelb, Wei\u00df, Blau, Gr\u00fcn, Rot und so weiter<\/div>\n<\/td>\n<\/tr>\n<tr>\n<td colspan=\"1\" rowspan=\"1\">\n<div class=\"magic-8\">Druckart<\/div>\n<\/td>\n<td colspan=\"1\" rowspan=\"1\">\n<div class=\"magic-9\">Lasermarkierung oder Hei\u00dfpr\u00e4gung, Siebdruck<\/div>\n<\/td>\n<\/tr>\n<tr>\n<td colspan=\"1\" rowspan=\"1\">\n<div class=\"magic-8\">Inhalt markieren<\/div>\n<\/td>\n<td colspan=\"1\" rowspan=\"1\">\n<div class=\"magic-9\">Zahlen, Buchstaben, Zeichen, Strichcodes und so weiter<\/div>\n<\/td>\n<\/tr>\n<tr>\n<td colspan=\"1\" rowspan=\"1\">\n<div class=\"magic-8\">Paket<\/div>\n<\/td>\n<td colspan=\"1\" rowspan=\"1\">\n<div class=\"magic-9\">10 St\u00fcck \/ Kunststoffbox 25 Boxen \/Karton<\/div>\n<\/td>\n<\/tr>\n<tr>\n<td colspan=\"1\" rowspan=\"1\">\n<div class=\"magic-8\">Anmeldung<\/div>\n<\/td>\n<td colspan=\"1\" rowspan=\"1\">\n<div class=\"magic-9\">Alle Arten von Anh\u00e4ngern, Tankwagen, Schiffen, Schienentransporten, Logistikfracht, Tresoren, Schlie\u00dff\u00e4chern, usw.<\/div>\n<\/td>\n<\/tr>\n<tr>\n<td colspan=\"1\" rowspan=\"1\">\n<div class=\"magic-8\">Zertifikat des Unternehmens<\/div>\n<\/td>\n<td colspan=\"1\" rowspan=\"1\">\n<div class=\"magic-9\">ISO17712,ISO9001,ISO14001,ISO45001<\/div>\n<\/td>\n<\/tr>\n<\/tbody>\n<\/table>\n<p>Erf\u00fcllen Sie die internationalen Sicherheitsstandards mit der BTS-005 ISO17712 Zoll-Hochsicherheits-Riegelplombe, die f\u00fcr den manipulationssicheren Schutz von Frachtcontainern und Frachtt\u00fcren entwickelt wurde. Die aus haltbarem ABS-Kunststoff und einem verst\u00e4rkten Stahlbolzen gefertigte Plombe kombiniert leichte Haltbarkeit mit hoher Widerstandsf\u00e4higkeit gegen Schneiden, Korrosion und extreme Wetterbedingungen. Das manipulationssichere Design sorgt f\u00fcr sichtbare Anzeichen eines gewaltsamen Eindringens, w\u00e4hrend die ISO17712-Zertifizierung die Einhaltung globaler Sicherheitsanforderungen f\u00fcr Zoll und Logistik garantiert. Das BTS-005 ist ideal f\u00fcr den Seeverkehr, grenz\u00fcberschreitende Fracht und Hochrisikofracht. Es verf\u00fcgt \u00fcber einen einmaligen Verriegelungsmechanismus, der eine Wiederverwendung verhindert und so f\u00fcr unumkehrbare Sicherheit sorgt. Dieses Siegel kann mit eindeutigen Identifikatoren f\u00fcr die R\u00fcckverfolgbarkeit versehen werden. Es vereinfacht Kontrollen, h\u00e4lt Diebe ab und sch\u00fctzt Ihre Lieferkette mit un\u00fcbertroffener Zuverl\u00e4ssigkeit.<\/p>","protected":false},"excerpt":{"rendered":"<p>Die BTS-005 ISO17712-Riegelplombe bietet zollkonforme, manipulationssichere Sicherheit mit ABS-Kunststoffbest\u00e4ndigkeit und eignet sich perfekt f\u00fcr Containert\u00fcren, den Versand und die Hochrisikologistik.<\/p>","protected":false},"featured_media":3617,"template":"","meta":[],"product_brand":[],"product_cat":[171],"product_tag":[202,207,208,209,213,214,215,216,361,362,363,364],"class_list":{"0":"post-3616","1":"product","2":"type-product","3":"status-publish","4":"has-post-thumbnail","6":"product_cat-bolt-seal","7":"product_tag-bolt-seal","8":"product_tag-shipping-container-bolt-seals","9":"product_tag-truck-security-seals","10":"product_tag-logistics-bolt-seals","11":"product_tag-high-security-bolt-seal","12":"product_tag-container-bolt-seal","13":"product_tag-iso-17712-certified-bolt-seals","14":"product_tag-tapa-compliant-bolt-seals","15":"product_tag-abs-plastic-bolt-seals","16":"product_tag-container-door-security-locks","17":"product_tag-high-security-shipping-seals","18":"product_tag-tamper-proof-cargo-bolts","20":"first","21":"instock","22":"shipping-taxable","23":"product-type-simple"},"_links":{"self":[{"href":"https:\/\/www.woseal.com\/de\/wp-json\/wp\/v2\/product\/3616","targetHints":{"allow":["GET"]}}],"collection":[{"href":"https:\/\/www.woseal.com\/de\/wp-json\/wp\/v2\/product"}],"about":[{"href":"https:\/\/www.woseal.com\/de\/wp-json\/wp\/v2\/types\/product"}],"version-history":[{"count":2,"href":"https:\/\/www.woseal.com\/de\/wp-json\/wp\/v2\/product\/3616\/revisions"}],"predecessor-version":[{"id":3859,"href":"https:\/\/www.woseal.com\/de\/wp-json\/wp\/v2\/product\/3616\/revisions\/3859"}],"wp:featuredmedia":[{"embeddable":true,"href":"https:\/\/www.woseal.com\/de\/wp-json\/wp\/v2\/media\/3617"}],"wp:attachment":[{"href":"https:\/\/www.woseal.com\/de\/wp-json\/wp\/v2\/media?parent=3616"}],"wp:term":[{"taxonomy":"product_brand","embeddable":true,"href":"https:\/\/www.woseal.com\/de\/wp-json\/wp\/v2\/product_brand?post=3616"},{"taxonomy":"product_cat","embeddable":true,"href":"https:\/\/www.woseal.com\/de\/wp-json\/wp\/v2\/product_cat?post=3616"},{"taxonomy":"product_tag","embeddable":true,"href":"https:\/\/www.woseal.com\/de\/wp-json\/wp\/v2\/product_tag?post=3616"}],"curies":[{"name":"wp","href":"https:\/\/api.w.org\/{rel}","templated":true}]}}