{"id":3701,"date":"2025-03-31T16:29:41","date_gmt":"2025-03-31T08:29:41","guid":{"rendered":"https:\/\/www.woseal.com\/?post_type=product&#038;p=3701"},"modified":"2025-04-11T11:47:10","modified_gmt":"2025-04-11T03:47:10","slug":"cbs-006-250mm-hexagonal-large-sized-steel-wire-seal-with-tamper-proof-serial-number-for-secure-shipping-cable-seal","status":"publish","type":"product","link":"https:\/\/www.woseal.com\/de\/produkt\/cbs-006-250mm-hexagonal-large-sized-steel-wire-seal-with-tamper-proof-serial-number-for-secure-shipping-cable-seal","title":{"rendered":"CBS-006 250mm sechseckige gro\u00dfformatige Stahldrahtplombe mit manipulationssicherer Seriennummer f\u00fcr sicheren Versand Kabelplombe"},"content":{"rendered":"<table class=\"has-title all magic-11\">\n<tbody>\n<tr>\n<td colspan=\"1\" rowspan=\"1\">\n<div class=\"magic-12\" data-spm-anchor-id=\"a2700.details.0.i75.1dad1faa248juH\">Name<\/div>\n<\/td>\n<td colspan=\"1\" rowspan=\"1\">\n<div class=\"magic-13\">CBS-006<\/div>\n<\/td>\n<\/tr>\n<tr>\n<td colspan=\"1\" rowspan=\"1\">\n<div class=\"magic-12\">Material<\/div>\n<\/td>\n<td colspan=\"1\" rowspan=\"1\">\n<div class=\"magic-13\">Aluminiumlegierung, A3-Drahtseil<\/div>\n<\/td>\n<\/tr>\n<tr>\n<td colspan=\"1\" rowspan=\"1\">\n<div class=\"magic-12\">Gr\u00f6\u00dfe des Schlossk\u00f6rpers<\/div>\n<\/td>\n<td colspan=\"1\" rowspan=\"1\">\n<div class=\"magic-13\">26,3*26*7,5mm<\/div>\n<\/td>\n<\/tr>\n<tr>\n<td colspan=\"1\" rowspan=\"1\">\n<div class=\"magic-12\">Durchmesser<\/div>\n<\/td>\n<td colspan=\"1\" rowspan=\"1\">\n<div class=\"magic-13\">3,5 mm<\/div>\n<\/td>\n<\/tr>\n<tr>\n<td colspan=\"1\" rowspan=\"1\">\n<div class=\"magic-12\">Herstellungsverfahren<\/div>\n<\/td>\n<td colspan=\"1\" rowspan=\"1\">\n<div class=\"magic-13\">Einspritzung, Stanzen<\/div>\n<\/td>\n<\/tr>\n<tr>\n<td colspan=\"1\" rowspan=\"1\">\n<div class=\"magic-12\">Farbe<\/div>\n<\/td>\n<td colspan=\"1\" rowspan=\"1\">\n<div class=\"magic-13\">Rot, Gelb, Schwarz, Blau, Gr\u00fcn und so weiter<\/div>\n<\/td>\n<\/tr>\n<tr>\n<td colspan=\"1\" rowspan=\"1\">\n<div class=\"magic-12\">Material der Kabel<\/div>\n<\/td>\n<td colspan=\"1\" rowspan=\"1\">\n<div class=\"magic-13\">A3-Stahl<\/div>\n<\/td>\n<\/tr>\n<tr>\n<td colspan=\"1\" rowspan=\"1\">\n<div class=\"magic-12\">L\u00e4nge des Kabels<\/div>\n<\/td>\n<td colspan=\"1\" rowspan=\"1\">\n<div class=\"magic-13\">25cm, 30cm L\u00e4nge, jede L\u00e4nge kann angepasst werden<\/div>\n<\/td>\n<\/tr>\n<tr>\n<td colspan=\"1\" rowspan=\"1\">\n<div class=\"magic-12\">Druckart<\/div>\n<\/td>\n<td colspan=\"1\" rowspan=\"1\">\n<div class=\"magic-13\">Lasermarkierung, tto<\/div>\n<\/td>\n<\/tr>\n<tr>\n<td colspan=\"1\" rowspan=\"1\">\n<div class=\"magic-12\">Kennzeichnung von Inhalten<\/div>\n<\/td>\n<td colspan=\"1\" rowspan=\"1\">\n<div class=\"magic-13\">Zahlen, Buchstaben, Zeichen, Strichcodes<\/div>\n<\/td>\n<\/tr>\n<tr>\n<td colspan=\"1\" rowspan=\"1\">\n<div class=\"magic-12\">Anmeldung<\/div>\n<\/td>\n<td colspan=\"1\" rowspan=\"1\">\n<div class=\"magic-13\">Superm\u00e4rkte, \u00d6l, Container, Eisenbahncontainer, Z\u00e4hlerk\u00e4sten, Geldb\u00f6rsen und so weiter<\/div>\n<\/td>\n<\/tr>\n<tr>\n<td colspan=\"1\" rowspan=\"1\">\n<div class=\"magic-12\">Verpacken<\/div>\n<\/td>\n<td colspan=\"1\" rowspan=\"1\">\n<div class=\"magic-13\">100 St\u00fcck\/Kunststoffbeutel, 1000 St\u00fcck\/Karton, 2000 St\u00fcck\/Karton<\/div>\n<\/td>\n<\/tr>\n<tr>\n<td colspan=\"1\" rowspan=\"1\">\n<div class=\"magic-12\">Zertifikat des Unternehmens<\/div>\n<\/td>\n<td colspan=\"1\" rowspan=\"1\">\n<div class=\"magic-13\">ISO17712,ISO9001,ISO14001,ISO45001<\/div>\n<\/td>\n<\/tr>\n<\/tbody>\n<\/table>\n<p>&nbsp;<\/p>\n<p>Erh\u00f6hen Sie die Sicherheit Ihrer Sendungen mit der CBS-006 250mm sechseckigen, gro\u00dfformatigen Stahldrahtplombe, die f\u00fcr maximale Manipulationssicherheit und R\u00fcckverfolgbarkeit entwickelt wurde. Die robuste sechseckige Stahldrahtplombe ist mit einer manipulationssicheren Seriennummer versehen und bietet zuverl\u00e4ssigen Schutz vor unbefugtem Zugriff. Die 250 mm lange Plombe eignet sich f\u00fcr gro\u00dfe Frachtst\u00fccke, und die verst\u00e4rkte Stahlkonstruktion ist schnittfest, korrosionsbest\u00e4ndig und resistent gegen raue Umgebungsbedingungen. Die eindeutige Seriennummer jeder Plombe erm\u00f6glicht eine einfache Nachverfolgung und Dokumentation und vereinfacht die Einhaltung internationaler Versandstandards. Das CBS-006 eignet sich ideal f\u00fcr den Versand von Containern, Logistik, Fracht und hochwertigen G\u00fctern und kombiniert industrielle Widerstandsf\u00e4higkeit mit f\u00e4lschungssicherer Nachvollziehbarkeit. Vereinfachen Sie Audits, verhindern Sie Diebstahl und sch\u00fctzen Sie Ihre Sendungen mit dieser zuverl\u00e4ssigen Sicherheitsl\u00f6sung.<\/p>","protected":false},"excerpt":{"rendered":"<p>Modell\uff1aCBS-006<\/p>\n<p>Dieses Produkt ist steckbar und hat eine feste L\u00e4nge von 250 mm. Es ist mit einer gro\u00dfen Beschriftungsplatte ausgestattet, auf der verschiedene Logos und Seriennummern deutlich aufgedruckt werden k\u00f6nnen. Mit 1,8 mm Durchmesser Stahldraht, f\u00fcr mehr Sicherheit, wird das Material streuen, wenn abgeschnitten. Wir haben rote, gelbe, blaue, gr\u00fcne, wei\u00dfe und andere Farben zur Auswahl. F\u00fcr spezifische personalisierte Anpassungen, konsultieren Sie uns bitte!<\/p>","protected":false},"featured_media":3702,"template":"","meta":[],"product_brand":[],"product_cat":[168],"product_tag":[328,329,330,331,332,333,176,334,185,335,234,235,236,237,238,239,319,327],"class_list":{"0":"post-3701","1":"product","2":"type-product","3":"status-publish","4":"has-post-thumbnail","6":"product_cat-cable-seal","7":"product_tag-tamper-proof-serial-number-seal","8":"product_tag-hexagonal-steel-wire-seal","9":"product_tag-250mm-large-cable-seal","10":"product_tag-heavy-duty-cargo-security","11":"product_tag-logistics-anti-theft-seals","12":"product_tag-tamper-evident-wire-locks","13":"product_tag-cable-seal","14":"product_tag-serialized-shipping-seals","15":"product_tag-anti-theft-cable-seal","16":"product_tag-industrial-grade-cable-tags","17":"product_tag-shipping-cable-seal","18":"product_tag-large-sized-steel-wire-seal","19":"product_tag-disposable-cable-seal","20":"product_tag-insert-cable-sealing-strip","21":"product_tag-truck-cable-seal","22":"product_tag-container-lock-seal","23":"product_tag-secure-shipping-seals","24":"product_tag-cbs-006-cable-seal","26":"first","27":"instock","28":"shipping-taxable","29":"product-type-simple"},"_links":{"self":[{"href":"https:\/\/www.woseal.com\/de\/wp-json\/wp\/v2\/product\/3701","targetHints":{"allow":["GET"]}}],"collection":[{"href":"https:\/\/www.woseal.com\/de\/wp-json\/wp\/v2\/product"}],"about":[{"href":"https:\/\/www.woseal.com\/de\/wp-json\/wp\/v2\/types\/product"}],"version-history":[{"count":3,"href":"https:\/\/www.woseal.com\/de\/wp-json\/wp\/v2\/product\/3701\/revisions"}],"predecessor-version":[{"id":3846,"href":"https:\/\/www.woseal.com\/de\/wp-json\/wp\/v2\/product\/3701\/revisions\/3846"}],"wp:featuredmedia":[{"embeddable":true,"href":"https:\/\/www.woseal.com\/de\/wp-json\/wp\/v2\/media\/3702"}],"wp:attachment":[{"href":"https:\/\/www.woseal.com\/de\/wp-json\/wp\/v2\/media?parent=3701"}],"wp:term":[{"taxonomy":"product_brand","embeddable":true,"href":"https:\/\/www.woseal.com\/de\/wp-json\/wp\/v2\/product_brand?post=3701"},{"taxonomy":"product_cat","embeddable":true,"href":"https:\/\/www.woseal.com\/de\/wp-json\/wp\/v2\/product_cat?post=3701"},{"taxonomy":"product_tag","embeddable":true,"href":"https:\/\/www.woseal.com\/de\/wp-json\/wp\/v2\/product_tag?post=3701"}],"curies":[{"name":"wp","href":"https:\/\/api.w.org\/{rel}","templated":true}]}}