{"id":3732,"date":"2025-04-01T14:54:27","date_gmt":"2025-04-01T06:54:27","guid":{"rendered":"https:\/\/www.woseal.com\/?post_type=product&#038;p=3732"},"modified":"2025-04-11T11:30:58","modified_gmt":"2025-04-11T03:30:58","slug":"cbs-009-high-security-steel-pp-pull-tight-container-trailer-truck-transport-cable-seal-1-8mm-2mm-sealing-strip-ore","status":"publish","type":"product","link":"https:\/\/www.woseal.com\/de\/produkt\/cbs-009-high-security-steel-pp-pull-tight-container-trailer-truck-transport-cable-seal-1-8mm-2mm-sealing-strip-ore","title":{"rendered":"CBS-009 Hochsicherheitsstahl PP Pull Tight Container Trailer LKW Transport Kabel Dichtung 1.8mm 2mm Dichtungsstreifen Erz"},"content":{"rendered":"<table class=\"has-title all magic-7\">\n<tbody>\n<tr>\n<td colspan=\"1\" rowspan=\"1\">\n<div class=\"magic-8\" data-spm-anchor-id=\"a2700.details.0.i74.59fb5553b74BTl\">Name<\/div>\n<\/td>\n<td colspan=\"1\" rowspan=\"1\">\n<div class=\"magic-9\">CBS-009<\/div>\n<\/td>\n<\/tr>\n<tr>\n<td colspan=\"1\" rowspan=\"1\">\n<div class=\"magic-8\">Material<\/div>\n<\/td>\n<td colspan=\"1\" rowspan=\"1\">\n<div class=\"magic-9\">Pulvermetallurgie,ABS,A3-Drahtseil,7*7<\/div>\n<\/td>\n<\/tr>\n<tr>\n<td colspan=\"1\" rowspan=\"1\">\n<div class=\"magic-8\">Gr\u00f6\u00dfe des Schlossk\u00f6rpers<\/div>\n<\/td>\n<td colspan=\"1\" rowspan=\"1\">\n<div class=\"magic-9\">22*15*8mm<\/div>\n<\/td>\n<\/tr>\n<tr>\n<td colspan=\"1\" rowspan=\"1\">\n<div class=\"magic-8\">Durchmesser<\/div>\n<\/td>\n<td colspan=\"1\" rowspan=\"1\">\n<div class=\"magic-9\">1,8 mm<\/div>\n<\/td>\n<\/tr>\n<tr>\n<td colspan=\"1\" rowspan=\"1\">\n<div class=\"magic-8\">Herstellungsverfahren<\/div>\n<\/td>\n<td colspan=\"1\" rowspan=\"1\">\n<div class=\"magic-9\">Einspritzung, Stanzen<\/div>\n<\/td>\n<\/tr>\n<tr>\n<td colspan=\"1\" rowspan=\"1\">\n<div class=\"magic-8\">Farbe<\/div>\n<\/td>\n<td colspan=\"1\" rowspan=\"1\">\n<div class=\"magic-9\">Rot, Gelb, Wei\u00df, Blau, Gr\u00fcn und so weiter<\/div>\n<\/td>\n<\/tr>\n<tr>\n<td colspan=\"1\" rowspan=\"1\">\n<div class=\"magic-8\">Material der Kabel<\/div>\n<\/td>\n<td colspan=\"1\" rowspan=\"1\">\n<div class=\"magic-9\">A3-Stahl<\/div>\n<\/td>\n<\/tr>\n<tr>\n<td colspan=\"1\" rowspan=\"1\">\n<div class=\"magic-8\">L\u00e4nge des Kabels<\/div>\n<\/td>\n<td colspan=\"1\" rowspan=\"1\">\n<div class=\"magic-9\">25cm, 30cm L\u00e4nge, jede L\u00e4nge kann angepasst werden<\/div>\n<\/td>\n<\/tr>\n<tr>\n<td colspan=\"1\" rowspan=\"1\">\n<div class=\"magic-8\">Druckart<\/div>\n<\/td>\n<td colspan=\"1\" rowspan=\"1\">\n<div class=\"magic-9\">Lasermarkierung, tto<\/div>\n<\/td>\n<\/tr>\n<tr>\n<td colspan=\"1\" rowspan=\"1\">\n<div class=\"magic-8\">Kennzeichnung von Inhalten<\/div>\n<\/td>\n<td colspan=\"1\" rowspan=\"1\">\n<div class=\"magic-9\">Zahlen, Buchstaben, Zeichen, Strichcodes<\/div>\n<\/td>\n<\/tr>\n<tr>\n<td colspan=\"1\" rowspan=\"1\">\n<div class=\"magic-8\">Anmeldung<\/div>\n<\/td>\n<td colspan=\"1\" rowspan=\"1\">\n<div class=\"magic-9\">Superm\u00e4rkte, \u00d6l, Container, Eisenbahncontainer, Z\u00e4hlerk\u00e4sten, Geldb\u00f6rsen und so weiter<\/div>\n<\/td>\n<\/tr>\n<tr>\n<td colspan=\"1\" rowspan=\"1\">\n<div class=\"magic-8\">Verpacken<\/div>\n<\/td>\n<td colspan=\"1\" rowspan=\"1\">\n<div class=\"magic-9\">100 St\u00fcck\/Kunststoffbeutel, 1000 St\u00fcck\/Karton, 2000 St\u00fcck\/Karton<\/div>\n<\/td>\n<\/tr>\n<tr>\n<td colspan=\"1\" rowspan=\"1\">\n<div class=\"magic-8\">Zertifikat des Unternehmens<\/div>\n<\/td>\n<td colspan=\"1\" rowspan=\"1\">\n<div class=\"magic-9\">ISO17712,ISO9001,ISO14001,ISO45001<\/div>\n<\/td>\n<\/tr>\n<\/tbody>\n<\/table>\n<p>Sichern Sie Ihre Ladung mit der CBS-009 High Security Steel PP Pull-Tight Cable Seal, die f\u00fcr den harten Einsatz in Containern, Anh\u00e4ngern und LKWs konzipiert wurde. Die Kombination aus ultra-haltbarem\u00a0<strong>Stahldraht<\/strong>\u00a0(wahlweise 1,8 mm oder 2 mm dick) und einem verst\u00e4rkten PP-Dichtungsstreifen bietet dieses manipulationssichere Siegel eine un\u00fcbertroffene Best\u00e4ndigkeit gegen Schneiden, Korrosion und raue Umgebungsbedingungen. Das innovative\u00a0<strong>Seilzugmechanik<\/strong>\u00a0sorgt f\u00fcr einen festen, r\u00fcttelsicheren Sitz, der ein L\u00f6sen w\u00e4hrend des Transports verhindert und gleichzeitig einen klaren visuellen Beweis f\u00fcr Manipulationsversuche liefert. Das CBS-009 ist ideal f\u00fcr die Sicherung von hochwertigen G\u00fctern, Erzsendungen oder Gefahrgut und verf\u00fcgt \u00fcber lasergravierte, eindeutige Seriennummern und Barcodes f\u00fcr eine vollst\u00e4ndige R\u00fcckverfolgbarkeit und die Einhaltung der Normen ISO 17712, C-TPAT und TAPA. Das in Farbe, L\u00e4nge und Branding anpassbare Band h\u00e4lt extremen Belastungen und wiederholtem Gebrauch stand und ist damit die erste Wahl f\u00fcr die globale Logistik, den Bergbau und die Schwerlastfrachtbranche.<\/p>","protected":false},"excerpt":{"rendered":"<p>Die Kabelplombe CBS-009 bietet eine hochsichere Stahl-\/PP-Konstruktion, ein manipulationssicheres, zugfestes Design und zwei Dickenoptionen (1,8 mm\/2 mm) f\u00fcr einen zuverl\u00e4ssigen Schutz von Containern, LKWs und Erztransporten - ISO-zertifiziert und anpassbar.<\/p>","protected":false},"featured_media":3737,"template":"","meta":[],"product_brand":[],"product_cat":[168],"product_tag":[303,304,305,306,176,307,178,183,239,240,249,252,298,299,300,301,302],"class_list":{"0":"post-3732","1":"product","2":"type-product","3":"status-publish","4":"has-post-thumbnail","6":"product_cat-cable-seal","7":"product_tag-iso-17712-compliant-ore-seals","8":"product_tag-corrosion-resistant-logistics-seals","9":"product_tag-heavy-duty-pp-steel-hybrid-seals","10":"product_tag-customizable-cargo-security-tags","11":"product_tag-cable-seal","12":"product_tag-mining-transport-anti-theft-solutions","13":"product_tag-security-seal","14":"product_tag-safety-cable-seal","15":"product_tag-container-lock-seal","16":"product_tag-abs-cable-seal","17":"product_tag-steel-wire-seal","18":"product_tag-transport-cable-seal","19":"product_tag-cbs-009-steel-pp-cable-seal","20":"product_tag-pull-tight-container-seals","21":"product_tag-tamper-evident-truck-transport-seals","22":"product_tag-1-8mm-2mm-sealing-strip","23":"product_tag-high-security-trailer-cable-locks","25":"first","26":"instock","27":"shipping-taxable","28":"product-type-simple"},"_links":{"self":[{"href":"https:\/\/www.woseal.com\/de\/wp-json\/wp\/v2\/product\/3732","targetHints":{"allow":["GET"]}}],"collection":[{"href":"https:\/\/www.woseal.com\/de\/wp-json\/wp\/v2\/product"}],"about":[{"href":"https:\/\/www.woseal.com\/de\/wp-json\/wp\/v2\/types\/product"}],"version-history":[{"count":3,"href":"https:\/\/www.woseal.com\/de\/wp-json\/wp\/v2\/product\/3732\/revisions"}],"predecessor-version":[{"id":3841,"href":"https:\/\/www.woseal.com\/de\/wp-json\/wp\/v2\/product\/3732\/revisions\/3841"}],"wp:featuredmedia":[{"embeddable":true,"href":"https:\/\/www.woseal.com\/de\/wp-json\/wp\/v2\/media\/3737"}],"wp:attachment":[{"href":"https:\/\/www.woseal.com\/de\/wp-json\/wp\/v2\/media?parent=3732"}],"wp:term":[{"taxonomy":"product_brand","embeddable":true,"href":"https:\/\/www.woseal.com\/de\/wp-json\/wp\/v2\/product_brand?post=3732"},{"taxonomy":"product_cat","embeddable":true,"href":"https:\/\/www.woseal.com\/de\/wp-json\/wp\/v2\/product_cat?post=3732"},{"taxonomy":"product_tag","embeddable":true,"href":"https:\/\/www.woseal.com\/de\/wp-json\/wp\/v2\/product_tag?post=3732"}],"curies":[{"name":"wp","href":"https:\/\/api.w.org\/{rel}","templated":true}]}}