{"id":3753,"date":"2025-04-02T16:33:43","date_gmt":"2025-04-02T08:33:43","guid":{"rendered":"https:\/\/www.woseal.com\/?post_type=product&#038;p=3753"},"modified":"2025-04-11T11:28:46","modified_gmt":"2025-04-11T03:28:46","slug":"cbs-010-customized-cable-seals-hot-selling-container-security-seals-safe-transportation-steel-oil-tracked-trucks","status":"publish","type":"product","link":"https:\/\/www.woseal.com\/de\/produkt\/cbs-010-customized-cable-seals-hot-selling-container-security-seals-safe-transportation-steel-oil-tracked-trucks","title":{"rendered":"CBS-010 Customized Cable Seals Hot Selling Container Security Seals Safe Transportation Steel Oil Tracked Trucks"},"content":{"rendered":"<table class=\"has-title all magic-7\">\n<tbody>\n<tr>\n<td colspan=\"1\" rowspan=\"1\">\n<div class=\"magic-8\" data-spm-anchor-id=\"a2700.details.0.i74.2a2417b6m2fC0i\">Name<\/div>\n<\/td>\n<td colspan=\"1\" rowspan=\"1\">\n<div class=\"magic-9\">CBS-010<\/div>\n<\/td>\n<\/tr>\n<tr>\n<td colspan=\"1\" rowspan=\"1\">\n<div class=\"magic-8\">Material<\/div>\n<\/td>\n<td colspan=\"1\" rowspan=\"1\">\n<div class=\"magic-9\">Pulvermetallurgie,ABS,A3-Drahtseil,7*7<\/div>\n<\/td>\n<\/tr>\n<tr>\n<td colspan=\"1\" rowspan=\"1\">\n<div class=\"magic-8\">Gr\u00f6\u00dfe des Schlossk\u00f6rpers<\/div>\n<\/td>\n<td colspan=\"1\" rowspan=\"1\">\n<div class=\"magic-9\">22*15*8mm<\/div>\n<\/td>\n<\/tr>\n<tr>\n<td colspan=\"1\" rowspan=\"1\">\n<div class=\"magic-8\">Durchmesser<\/div>\n<\/td>\n<td colspan=\"1\" rowspan=\"1\">\n<div class=\"magic-9\">1,8 mm<\/div>\n<\/td>\n<\/tr>\n<tr>\n<td colspan=\"1\" rowspan=\"1\">\n<div class=\"magic-8\">Herstellungsverfahren<\/div>\n<\/td>\n<td colspan=\"1\" rowspan=\"1\">\n<div class=\"magic-9\">Einspritzung, Stanzen<\/div>\n<\/td>\n<\/tr>\n<tr>\n<td colspan=\"1\" rowspan=\"1\">\n<div class=\"magic-8\">Farbe<\/div>\n<\/td>\n<td colspan=\"1\" rowspan=\"1\">\n<div class=\"magic-9\">Rot, Gelb, Andere, Wei\u00df, Blau, Gr\u00fcn und so weiter<\/div>\n<\/td>\n<\/tr>\n<tr>\n<td colspan=\"1\" rowspan=\"1\">\n<div class=\"magic-8\">Material der Kabel<\/div>\n<\/td>\n<td colspan=\"1\" rowspan=\"1\">\n<div class=\"magic-9\">A3-Stahl<\/div>\n<\/td>\n<\/tr>\n<tr>\n<td colspan=\"1\" rowspan=\"1\">\n<div class=\"magic-8\">L\u00e4nge des Kabels<\/div>\n<\/td>\n<td colspan=\"1\" rowspan=\"1\">\n<div class=\"magic-9\">25cm, 30cm L\u00e4nge, jede L\u00e4nge kann angepasst werden<\/div>\n<\/td>\n<\/tr>\n<tr>\n<td colspan=\"1\" rowspan=\"1\">\n<div class=\"magic-8\">Druckart<\/div>\n<\/td>\n<td colspan=\"1\" rowspan=\"1\">\n<div class=\"magic-9\">Lasermarkierung, tto<\/div>\n<\/td>\n<\/tr>\n<tr>\n<td colspan=\"1\" rowspan=\"1\">\n<div class=\"magic-8\">Kennzeichnung von Inhalten<\/div>\n<\/td>\n<td colspan=\"1\" rowspan=\"1\">\n<div class=\"magic-9\">Zahlen, Buchstaben, Zeichen, Strichcodes<\/div>\n<\/td>\n<\/tr>\n<tr>\n<td colspan=\"1\" rowspan=\"1\">\n<div class=\"magic-8\">Anmeldung<\/div>\n<\/td>\n<td colspan=\"1\" rowspan=\"1\">\n<div class=\"magic-9\">Superm\u00e4rkte, \u00d6l, Container, Eisenbahncontainer, Z\u00e4hlerk\u00e4sten, Geldb\u00f6rsen und so weiter<\/div>\n<\/td>\n<\/tr>\n<tr>\n<td colspan=\"1\" rowspan=\"1\">\n<div class=\"magic-8\">Verpacken<\/div>\n<\/td>\n<td colspan=\"1\" rowspan=\"1\">\n<div class=\"magic-9\">100 St\u00fcck\/Kunststoffbeutel, 1000 St\u00fcck\/Karton, 2000 St\u00fcck\/Karton<\/div>\n<\/td>\n<\/tr>\n<tr>\n<td colspan=\"1\" rowspan=\"1\">\n<div class=\"magic-8\">Zertifikat des Unternehmens<\/div>\n<\/td>\n<td colspan=\"1\" rowspan=\"1\">\n<div class=\"magic-9\">ISO17712,ISO9001,ISO14001,ISO45001<\/div>\n<\/td>\n<\/tr>\n<\/tbody>\n<\/table>\n<p>Sorgen Sie f\u00fcr einen sicheren Frachttransport mit dem CBS-010 Customized Cable Seal, einer Hochsicherheitsl\u00f6sung, die f\u00fcr Anwendungen in Containern, LKWs und der \u00d6lindustrie entwickelt wurde. Diese aus langlebigem, korrosionsbest\u00e4ndigem Stahl gefertigte Plombe bietet un\u00fcbertroffenen Schutz vor unbefugtem Zugriff w\u00e4hrend des Transports. Das flexible und dennoch robuste Kabeldesign erm\u00f6glicht eine einfache Installation an Containern, Anh\u00e4ngern oder Raupenfahrzeugen, w\u00e4hrend die einzigartige fortlaufende Nummerierung die R\u00fcckverfolgbarkeit und die Einhaltung internationaler Logistikstandards gew\u00e4hrleistet. Das in Farbe, L\u00e4nge und Aufdruck anpassbare CBS-010 ist ideal f\u00fcr die Sicherung von hochwertigen Sendungen, Gefahrgut oder \u00d6ltransporten. Er ist so konstruiert, dass er extremen Witterungsbedingungen und Manipulationsversuchen standh\u00e4lt, und garantiert die Sicherheit globaler Lieferketten.<\/p>","protected":false},"excerpt":{"rendered":"<p>Die Kabelplombe CBS-010 bietet manipulationssichere Sicherheit f\u00fcr Container und LKWs mit einer robusten Stahlkonstruktion, anpassbaren Optionen und r\u00fcckverfolgbaren Seriennummern - perfekt f\u00fcr den sicheren Transport von \u00d6l, Fracht und Logistik.<\/p>","protected":false},"featured_media":3811,"template":"","meta":[],"product_brand":[],"product_cat":[168],"product_tag":[274,275,276,277,196,270,271,272,273],"class_list":{"0":"post-3753","1":"product","2":"type-product","3":"status-publish","4":"has-post-thumbnail","6":"product_cat-cable-seal","7":"product_tag-logistics-safety-seals","8":"product_tag-heavy-duty-container-locks","9":"product_tag-tracked-truck-security-seals","10":"product_tag-international-shipping-compliance-seals","11":"product_tag-container-security-seals","12":"product_tag-high-security-cable-locks","13":"product_tag-tamper-proof-truck-seals","14":"product_tag-oil-industry-transportation-security","15":"product_tag-customized-steel-cable-seals","17":"first","18":"instock","19":"shipping-taxable","20":"product-type-simple"},"_links":{"self":[{"href":"https:\/\/www.woseal.com\/de\/wp-json\/wp\/v2\/product\/3753","targetHints":{"allow":["GET"]}}],"collection":[{"href":"https:\/\/www.woseal.com\/de\/wp-json\/wp\/v2\/product"}],"about":[{"href":"https:\/\/www.woseal.com\/de\/wp-json\/wp\/v2\/types\/product"}],"version-history":[{"count":2,"href":"https:\/\/www.woseal.com\/de\/wp-json\/wp\/v2\/product\/3753\/revisions"}],"predecessor-version":[{"id":3820,"href":"https:\/\/www.woseal.com\/de\/wp-json\/wp\/v2\/product\/3753\/revisions\/3820"}],"wp:featuredmedia":[{"embeddable":true,"href":"https:\/\/www.woseal.com\/de\/wp-json\/wp\/v2\/media\/3811"}],"wp:attachment":[{"href":"https:\/\/www.woseal.com\/de\/wp-json\/wp\/v2\/media?parent=3753"}],"wp:term":[{"taxonomy":"product_brand","embeddable":true,"href":"https:\/\/www.woseal.com\/de\/wp-json\/wp\/v2\/product_brand?post=3753"},{"taxonomy":"product_cat","embeddable":true,"href":"https:\/\/www.woseal.com\/de\/wp-json\/wp\/v2\/product_cat?post=3753"},{"taxonomy":"product_tag","embeddable":true,"href":"https:\/\/www.woseal.com\/de\/wp-json\/wp\/v2\/product_tag?post=3753"}],"curies":[{"name":"wp","href":"https:\/\/api.w.org\/{rel}","templated":true}]}}