{"id":3831,"date":"2025-04-02T17:11:26","date_gmt":"2025-04-02T09:11:26","guid":{"rendered":"https:\/\/www.woseal.com\/?post_type=product&#038;p=3831"},"modified":"2025-04-02T17:11:30","modified_gmt":"2025-04-02T09:11:30","slug":"cbs-012-newly-designed-double-lock-tension-steel-wire-seal-with-dual-anti-theft-truck-cable-seal","status":"publish","type":"product","link":"https:\/\/www.woseal.com\/de\/produkt\/cbs-012-newly-designed-double-lock-tension-steel-wire-seal-with-dual-anti-theft-truck-cable-seal","title":{"rendered":"CBS-012 Neu gestaltete Stahldrahtplombe mit doppeltem Diebstahlschutz f\u00fcr LKW-Kabel"},"content":{"rendered":"<table class=\"has-title all magic-7\">\n<tbody>\n<tr>\n<td colspan=\"1\" rowspan=\"1\">\n<div class=\"magic-8\" data-spm-anchor-id=\"a2700.details.0.i73.1eb26e23uJQgG6\">Name<\/div>\n<\/td>\n<td colspan=\"1\" rowspan=\"1\">\n<div class=\"magic-9\">CBS-012<\/div>\n<\/td>\n<\/tr>\n<tr>\n<td colspan=\"1\" rowspan=\"1\">\n<div class=\"magic-8\">Material<\/div>\n<\/td>\n<td colspan=\"1\" rowspan=\"1\">\n<div class=\"magic-9\">ABS, A3-Drahtseil<\/div>\n<\/td>\n<\/tr>\n<tr>\n<td colspan=\"1\" rowspan=\"1\">\n<div class=\"magic-8\">Gr\u00f6\u00dfe des Schlossk\u00f6rpers<\/div>\n<\/td>\n<td colspan=\"1\" rowspan=\"1\">\n<div class=\"magic-9\">300*28*10mm<\/div>\n<\/td>\n<\/tr>\n<tr>\n<td colspan=\"1\" rowspan=\"1\">\n<div class=\"magic-8\">Durchmesser<\/div>\n<\/td>\n<td colspan=\"1\" rowspan=\"1\">\n<div class=\"magic-9\">2,2 mm<\/div>\n<\/td>\n<\/tr>\n<tr>\n<td colspan=\"1\" rowspan=\"1\">\n<div class=\"magic-8\">Herstellungsverfahren<\/div>\n<\/td>\n<td colspan=\"1\" rowspan=\"1\">\n<div class=\"magic-9\">Einspritzung, Stanzen<\/div>\n<\/td>\n<\/tr>\n<tr>\n<td colspan=\"1\" rowspan=\"1\">\n<div class=\"magic-8\">Farbe<\/div>\n<\/td>\n<td colspan=\"1\" rowspan=\"1\">\n<div class=\"magic-9\">Rot, Gelb, Wei\u00df, Blau, Gr\u00fcn und so weiter<\/div>\n<\/td>\n<\/tr>\n<tr>\n<td colspan=\"1\" rowspan=\"1\">\n<div class=\"magic-8\">Material der Kabel<\/div>\n<\/td>\n<td colspan=\"1\" rowspan=\"1\">\n<div class=\"magic-9\">A3-Stahl<\/div>\n<\/td>\n<\/tr>\n<tr>\n<td colspan=\"1\" rowspan=\"1\">\n<div class=\"magic-8\">L\u00e4nge des Kabels<\/div>\n<\/td>\n<td colspan=\"1\" rowspan=\"1\">\n<div class=\"magic-9\">25cm, 30cm L\u00e4nge, jede L\u00e4nge kann angepasst werden<\/div>\n<\/td>\n<\/tr>\n<tr>\n<td colspan=\"1\" rowspan=\"1\">\n<div class=\"magic-8\">Druckart<\/div>\n<\/td>\n<td colspan=\"1\" rowspan=\"1\">\n<div class=\"magic-9\">Lasermarkierung, tto<\/div>\n<\/td>\n<\/tr>\n<tr>\n<td colspan=\"1\" rowspan=\"1\">\n<div class=\"magic-8\">Kennzeichnung von Inhalten<\/div>\n<\/td>\n<td colspan=\"1\" rowspan=\"1\">\n<div class=\"magic-9\">Zahlen, Buchstaben, Zeichen, Strichcodes<\/div>\n<\/td>\n<\/tr>\n<tr>\n<td colspan=\"1\" rowspan=\"1\">\n<div class=\"magic-8\">Anmeldung<\/div>\n<\/td>\n<td colspan=\"1\" rowspan=\"1\">\n<div class=\"magic-9\">Superm\u00e4rkte, \u00d6l, Container, Eisenbahncontainer, Z\u00e4hlerk\u00e4sten, Geldb\u00f6rsen und so weiter<\/div>\n<\/td>\n<\/tr>\n<tr>\n<td colspan=\"1\" rowspan=\"1\">\n<div class=\"magic-8\">Verpacken<\/div>\n<\/td>\n<td colspan=\"1\" rowspan=\"1\">\n<div class=\"magic-9\">100 St\u00fcck\/Kunststoffbeutel, 1000 St\u00fcck\/Karton, 2000 St\u00fcck\/Karton<\/div>\n<\/td>\n<\/tr>\n<tr>\n<td colspan=\"1\" rowspan=\"1\">\n<div class=\"magic-8\">Zertifikat des Unternehmens<\/div>\n<\/td>\n<td colspan=\"1\" rowspan=\"1\">\n<div class=\"magic-9\">ISO17712,ISO9001,ISO14001,ISO45001<\/div>\n<\/td>\n<\/tr>\n<\/tbody>\n<\/table>\n<p>Erh\u00f6hen Sie die Frachtsicherheit mit der CBS-012 Double Lock Tension Steel Wire Seal, einer hochmodernen Diebstahlschutzl\u00f6sung, die f\u00fcr maximale Zuverl\u00e4ssigkeit in Lkw, Containern und hochwertigen Logistikanwendungen entwickelt wurde. Ausgestattet mit einem\u00a0<strong>Dual-Lock-Mechanismus<\/strong>\u00a0und einer verst\u00e4rkten Stahldrahtkonstruktion bietet diese Plombe doppelten Schutz vor Manipulationen und verhindert unbefugten Zugang selbst bei extremer Spannung oder Schneidversuchen. Das korrosionsbest\u00e4ndige Stahlkabel und der pr\u00e4zisionsgeformte Verriegelungskopf sorgen f\u00fcr Haltbarkeit bei rauem Wetter, w\u00e4hrend die\u00a0<strong>spannungsgesteuerte Konstruktion<\/strong>\u00a0h\u00e4lt die Versiegelung w\u00e4hrend des Langstreckentransports dicht. Jedes CBS-012 verf\u00fcgt \u00fcber einen eindeutigen, serialisierten Barcode und eine lasergravierte Nummerierung zur sofortigen \u00dcberpr\u00fcfung und Einhaltung der Normen ISO 17712, C-TPAT und TAPA. Das in Farbe, Kabell\u00e4nge und Branding anpassbare Produkt ist ideal f\u00fcr die Sicherung von grenz\u00fcberschreitenden Sendungen, Gefahrgut und sensibler Fracht.<\/p>","protected":false},"excerpt":{"rendered":"<p>Die Kabelplombe CBS-012 Double Lock kombiniert zwei Anti-Diebstahl-Schl\u00f6sser und zugfestes Stahlseil f\u00fcr manipulationssichere LKW-, Container- und Logistiksicherheit - ISO-zertifiziert und anpassbar.<\/p>","protected":false},"featured_media":3832,"template":"","meta":[],"product_brand":[],"product_cat":[168],"product_tag":[288,289,290,291,292,293,294,295,296,297],"class_list":{"0":"post-3831","1":"product","2":"type-product","3":"status-publish","4":"has-post-thumbnail","6":"product_cat-cable-seal","7":"product_tag-cbs-012-double-lock-cable-seal","8":"product_tag-dual-anti-theft-truck-seals","9":"product_tag-tension-resistant-steel-wire-seals","10":"product_tag-iso-17712-compliant-cable-locks","11":"product_tag-tamper-proof-container-security-seals","12":"product_tag-heavy-duty-logistics-wire-seals","13":"product_tag-cargo-barcode-security-tags","14":"product_tag-high-tension-truck-cable-locks","15":"product_tag-customizable-steel-wire-seals","16":"product_tag-cross-border-freight-security-solutions","18":"first","19":"instock","20":"shipping-taxable","21":"product-type-simple"},"_links":{"self":[{"href":"https:\/\/www.woseal.com\/de\/wp-json\/wp\/v2\/product\/3831","targetHints":{"allow":["GET"]}}],"collection":[{"href":"https:\/\/www.woseal.com\/de\/wp-json\/wp\/v2\/product"}],"about":[{"href":"https:\/\/www.woseal.com\/de\/wp-json\/wp\/v2\/types\/product"}],"version-history":[{"count":1,"href":"https:\/\/www.woseal.com\/de\/wp-json\/wp\/v2\/product\/3831\/revisions"}],"predecessor-version":[{"id":3839,"href":"https:\/\/www.woseal.com\/de\/wp-json\/wp\/v2\/product\/3831\/revisions\/3839"}],"wp:featuredmedia":[{"embeddable":true,"href":"https:\/\/www.woseal.com\/de\/wp-json\/wp\/v2\/media\/3832"}],"wp:attachment":[{"href":"https:\/\/www.woseal.com\/de\/wp-json\/wp\/v2\/media?parent=3831"}],"wp:term":[{"taxonomy":"product_brand","embeddable":true,"href":"https:\/\/www.woseal.com\/de\/wp-json\/wp\/v2\/product_brand?post=3831"},{"taxonomy":"product_cat","embeddable":true,"href":"https:\/\/www.woseal.com\/de\/wp-json\/wp\/v2\/product_cat?post=3831"},{"taxonomy":"product_tag","embeddable":true,"href":"https:\/\/www.woseal.com\/de\/wp-json\/wp\/v2\/product_tag?post=3831"}],"curies":[{"name":"wp","href":"https:\/\/api.w.org\/{rel}","templated":true}]}}