{"id":3906,"date":"2025-04-07T17:17:07","date_gmt":"2025-04-07T09:17:07","guid":{"rendered":"https:\/\/www.woseal.com\/?post_type=product&#038;p=3906"},"modified":"2025-04-11T10:55:19","modified_gmt":"2025-04-11T02:55:19","slug":"pts-017-300mm-customized-disposable-plastic-seals-for-shoes-and-clothing-tightening-seal-anti-tamper-plastic-seal","status":"publish","type":"product","link":"https:\/\/www.woseal.com\/de\/produkt\/pts-017-300mm-customized-disposable-plastic-seals-for-shoes-and-clothing-tightening-seal-anti-tamper-plastic-seal","title":{"rendered":"PTS-017 300mm kundenspezifische Einweg-Plastikdichtungen f\u00fcr Schuhe und Kleidung Dichtungsmanschette Anti-Tamper Plastikdichtung"},"content":{"rendered":"<table class=\"has-title all magic-7\">\n<tbody>\n<tr>\n<td colspan=\"1\" rowspan=\"1\">\n<div class=\"magic-8\" data-spm-anchor-id=\"a2700.details-description.0.i0.4333pO24pO24Sh\">Ort der Herkunft<\/div>\n<\/td>\n<td colspan=\"1\" rowspan=\"1\">\n<div class=\"magic-9\">China<\/div>\n<\/td>\n<\/tr>\n<tr>\n<td colspan=\"1\" rowspan=\"1\">\n<div class=\"magic-8\">Artikel<\/div>\n<\/td>\n<td colspan=\"1\" rowspan=\"1\">\n<div class=\"magic-9\">Kunststoffdichtung<\/div>\n<\/td>\n<\/tr>\n<tr>\n<td colspan=\"1\" rowspan=\"1\">\n<div class=\"magic-8\">Modell<\/div>\n<\/td>\n<td colspan=\"1\" rowspan=\"1\">\n<div class=\"magic-9\">TPS-017<\/div>\n<\/td>\n<\/tr>\n<tr>\n<td colspan=\"1\" rowspan=\"1\">\n<div class=\"magic-8\">Material<\/div>\n<\/td>\n<td colspan=\"1\" rowspan=\"1\">\n<div class=\"magic-9\">PP+PE<\/div>\n<\/td>\n<\/tr>\n<tr>\n<td colspan=\"1\" rowspan=\"1\">\n<div class=\"magic-8\">Gr\u00f6\u00dfe des Schlossk\u00f6rpers<\/div>\n<\/td>\n<td colspan=\"1\" rowspan=\"1\">\n<div class=\"magic-9\">58*20*6mm<\/div>\n<\/td>\n<\/tr>\n<tr>\n<td colspan=\"1\" rowspan=\"1\">\n<div class=\"magic-8\">L\u00e4nge<\/div>\n<\/td>\n<td colspan=\"1\" rowspan=\"1\">\n<div class=\"magic-9\">200mm\/300mm\/400mm\/500mm<\/div>\n<\/td>\n<\/tr>\n<tr>\n<td colspan=\"1\" rowspan=\"1\">\n<div class=\"magic-8\">Farbe<\/div>\n<\/td>\n<td colspan=\"1\" rowspan=\"1\">\n<div class=\"magic-9\">Gelb, Wei\u00df, Blau, Gr\u00fcn, Rot und so weiter<\/div>\n<\/td>\n<\/tr>\n<tr>\n<td colspan=\"1\" rowspan=\"1\">\n<div class=\"magic-8\">Druckart<\/div>\n<\/td>\n<td colspan=\"1\" rowspan=\"1\">\n<div class=\"magic-9\">Laserbeschriftung oder Hei\u00dfpr\u00e4gung, Siebdruck, tto<\/div>\n<\/td>\n<\/tr>\n<tr>\n<td colspan=\"1\" rowspan=\"1\">\n<div class=\"magic-8\">Inhalt markieren<\/div>\n<\/td>\n<td colspan=\"1\" rowspan=\"1\">\n<div class=\"magic-9\">Zahlen, Buchstaben, Zeichen, Strichcodes und so weiter<\/div>\n<\/td>\n<\/tr>\n<tr>\n<td colspan=\"1\" rowspan=\"1\">\n<div class=\"magic-8\">Paket<\/div>\n<\/td>\n<td colspan=\"1\" rowspan=\"1\">\n<div class=\"magic-9\">100 St\u00fcck\/Kunststoffbeutel, 1000 St\u00fcck\/Karton, 2000 St\u00fcck\/Karton<\/div>\n<\/td>\n<\/tr>\n<tr>\n<td colspan=\"1\" rowspan=\"1\">\n<div class=\"magic-8\">Anmeldung<\/div>\n<\/td>\n<td colspan=\"1\" rowspan=\"1\">\n<div class=\"magic-9\">Superm\u00e4rkte, \u00d6l, Container, Eisenbahncontainer, Z\u00e4hlerk\u00e4sten, Geldb\u00f6rsen und so weiter<\/div>\n<\/td>\n<\/tr>\n<tr>\n<td colspan=\"1\" rowspan=\"1\">\n<div class=\"magic-8\">Zertifikat des Unternehmens<\/div>\n<\/td>\n<td colspan=\"1\" rowspan=\"1\">\n<div class=\"magic-9\">REACH,ISO9001,ISO14001,ISO45001<\/div>\n<\/td>\n<\/tr>\n<\/tbody>\n<\/table>\n<p>Sch\u00fctzen Sie Ihr Schuh- und Bekleidungsinventar mit den PTS-017 300mm kundenspezifischen Einweg-Kunststoffplomben, die f\u00fcr f\u00e4lschungssichere Sicherheit und optimierte Logistik entwickelt wurden. Diese l\u00e4nglichen 300-mm-Siegel wurden speziell f\u00fcr Schuhe, Kleidung und Accessoires entwickelt und verf\u00fcgen \u00fcber eine\u00a0<strong>Spannmechanismus<\/strong>\u00a0um Gegenst\u00e4nde sicher zu befestigen und gleichzeitig unbefugten Zugriff zu verhindern. Sie sind aus strapazierf\u00e4higem, flexiblem Kunststoff gefertigt, widerstandsf\u00e4hig gegen Manipulationen und Abnutzung durch Umwelteinfl\u00fcsse und haben eine\u00a0<strong>Design f\u00fcr den einmaligen Gebrauch<\/strong>\u00a0das einen unwiderruflichen Schutz gew\u00e4hrleistet. Passen Sie die Siegel mit Logos, Barcodes oder QR-Codes an, um die Sichtbarkeit der Marke zu verbessern, den Bestand zu verfolgen und Audits zu vereinfachen. Das PTS-017 ist ideal f\u00fcr Einzelhandelsverpackungen, Lagerhaltung und E-Commerce-Versand und bietet leichte, kosteng\u00fcnstige Sicherheit bei gleichzeitiger Wahrung der Produktintegrit\u00e4t.<\/p>","protected":false},"excerpt":{"rendered":"<p>Die PTS-017 300mm Einweg-Kunststoffplomben bieten eine manipulationssichere Versiegelung f\u00fcr Schuhe, Kleidung und Accessoires, mit anpassbarem Branding f\u00fcr Einzelhandel und Logistik.<\/p>","protected":false},"featured_media":3907,"template":"","meta":[],"product_brand":[],"product_cat":[169],"product_tag":[190,191,375,382,383,384,385,386],"class_list":{"0":"post-3906","1":"product","2":"type-product","3":"status-publish","4":"has-post-thumbnail","6":"product_cat-plastic-seal","7":"product_tag-plastic-seal","8":"product_tag-security-plastic-seal","9":"product_tag-safety-plastic-seal","10":"product_tag-customized-shoe-seals","11":"product_tag-disposable-clothing-security-tags","12":"product_tag-anti-tamper-plastic-seals","13":"product_tag-pts-017-tightening-seals","14":"product_tag-300mm-disposable-security-ties","16":"first","17":"instock","18":"shipping-taxable","19":"product-type-simple"},"_links":{"self":[{"href":"https:\/\/www.woseal.com\/de\/wp-json\/wp\/v2\/product\/3906","targetHints":{"allow":["GET"]}}],"collection":[{"href":"https:\/\/www.woseal.com\/de\/wp-json\/wp\/v2\/product"}],"about":[{"href":"https:\/\/www.woseal.com\/de\/wp-json\/wp\/v2\/types\/product"}],"version-history":[{"count":1,"href":"https:\/\/www.woseal.com\/de\/wp-json\/wp\/v2\/product\/3906\/revisions"}],"predecessor-version":[{"id":3915,"href":"https:\/\/www.woseal.com\/de\/wp-json\/wp\/v2\/product\/3906\/revisions\/3915"}],"wp:featuredmedia":[{"embeddable":true,"href":"https:\/\/www.woseal.com\/de\/wp-json\/wp\/v2\/media\/3907"}],"wp:attachment":[{"href":"https:\/\/www.woseal.com\/de\/wp-json\/wp\/v2\/media?parent=3906"}],"wp:term":[{"taxonomy":"product_brand","embeddable":true,"href":"https:\/\/www.woseal.com\/de\/wp-json\/wp\/v2\/product_brand?post=3906"},{"taxonomy":"product_cat","embeddable":true,"href":"https:\/\/www.woseal.com\/de\/wp-json\/wp\/v2\/product_cat?post=3906"},{"taxonomy":"product_tag","embeddable":true,"href":"https:\/\/www.woseal.com\/de\/wp-json\/wp\/v2\/product_tag?post=3906"}],"curies":[{"name":"wp","href":"https:\/\/api.w.org\/{rel}","templated":true}]}}