{"id":4063,"date":"2025-04-10T17:55:41","date_gmt":"2025-04-10T09:55:41","guid":{"rendered":"https:\/\/www.woseal.com\/?post_type=product&#038;p=4063"},"modified":"2025-04-11T09:07:30","modified_gmt":"2025-04-11T01:07:30","slug":"mts-012-anti-theft-utility-twister-plastic-security-lead-electric-meter-lead-seals","status":"publish","type":"product","link":"https:\/\/www.woseal.com\/de\/produkt\/mts-012-anti-theft-utility-twister-plastic-security-lead-electric-meter-lead-seals","title":{"rendered":"MTS-012 Anti-theft Utility Twister Plastic Security Lead Electric Meter Lead Seals"},"content":{"rendered":"<table class=\"has-title all magic-10\">\n<tbody>\n<tr>\n<td colspan=\"1\" rowspan=\"1\">\n<div class=\"magic-11\" data-spm-anchor-id=\"a2700.details-description.0.i0.75cdcEaCcEaCXY\">Ort der Herkunft<\/div>\n<\/td>\n<td colspan=\"1\" rowspan=\"1\">\n<div class=\"magic-12\">China<\/div>\n<\/td>\n<\/tr>\n<tr>\n<td colspan=\"1\" rowspan=\"1\">\n<div class=\"magic-11\">Artikel<\/div>\n<\/td>\n<td colspan=\"1\" rowspan=\"1\">\n<div class=\"magic-12\">Z\u00e4hlerplombe<\/div>\n<\/td>\n<\/tr>\n<tr>\n<td colspan=\"1\" rowspan=\"1\">\n<div class=\"magic-11\">Modell<\/div>\n<\/td>\n<td colspan=\"1\" rowspan=\"1\">\n<div class=\"magic-12\">MTS-012<\/div>\n<\/td>\n<\/tr>\n<tr>\n<td colspan=\"1\" rowspan=\"1\">\n<div class=\"magic-11\">Material<\/div>\n<\/td>\n<td colspan=\"1\" rowspan=\"1\">\n<div class=\"magic-12\">ABS Plastic<\/div>\n<\/td>\n<\/tr>\n<tr>\n<td colspan=\"1\" rowspan=\"1\">\n<div class=\"magic-11\">Gr\u00f6\u00dfe des Schlossk\u00f6rpers<\/div>\n<\/td>\n<td colspan=\"1\" rowspan=\"1\">\n<div class=\"magic-12\">30*34*12mm<\/div>\n<\/td>\n<\/tr>\n<tr>\n<td colspan=\"1\" rowspan=\"1\">\n<div class=\"magic-11\">Farbe<\/div>\n<\/td>\n<td colspan=\"1\" rowspan=\"1\">\n<div class=\"magic-12\">Yellow,White,Light Blue,Dark Blue,Green,Red,Orange and so on<\/div>\n<\/td>\n<\/tr>\n<tr>\n<td colspan=\"1\" rowspan=\"1\">\n<div class=\"magic-11\">Druckart<\/div>\n<\/td>\n<td colspan=\"1\" rowspan=\"1\">\n<div class=\"magic-12\">Laserbeschriftung oder Hei\u00dfpr\u00e4gung, Siebdruck, tto<\/div>\n<\/td>\n<\/tr>\n<tr>\n<td colspan=\"1\" rowspan=\"1\">\n<div class=\"magic-11\">Inhalt markieren<\/div>\n<\/td>\n<td colspan=\"1\" rowspan=\"1\">\n<div class=\"magic-12\">Zahlen, Buchstaben, Zeichen, Strichcodes und so weiter<\/div>\n<\/td>\n<\/tr>\n<tr>\n<td colspan=\"1\" rowspan=\"1\">\n<div class=\"magic-11\">Paket<\/div>\n<\/td>\n<td colspan=\"1\" rowspan=\"1\">\n<div class=\"magic-12\">100 St\u00fcck\/Kunststoffbeutel, 1000 St\u00fcck\/Karton, 2000 St\u00fcck\/Karton<\/div>\n<\/td>\n<\/tr>\n<tr>\n<td colspan=\"1\" rowspan=\"1\">\n<div class=\"magic-11\">Anmeldung<\/div>\n<\/td>\n<td colspan=\"1\" rowspan=\"1\">\n<div class=\"magic-12\">All kinds of electric meters,water meters,tankers,etc<\/div>\n<\/td>\n<\/tr>\n<tr>\n<td colspan=\"1\" rowspan=\"1\">\n<div class=\"magic-11\">Zertifikat des Unternehmens<\/div>\n<\/td>\n<td colspan=\"1\" rowspan=\"1\">\n<div class=\"magic-12\">REACH, ISO9001,ISO14001,ISO45001<\/div>\n<\/td>\n<\/tr>\n<\/tbody>\n<\/table>\n<p>Safeguard critical utility infrastructure with the MTS-012 Anti-theft Utility Twister Plastic Security Lead Seal, designed for tamper-proof protection of electric meters and industrial equipment. Featuring a\u00a0<strong>twisted plastic lead<\/strong>\u00a0and reinforced locking mechanism, this seal provides visible evidence of tampering, deterring unauthorized access and energy theft. Made from high-strength, weather-resistant polypropylene, it withstands harsh environmental conditions, UV exposure, and physical manipulation. The unique twister design ensures a secure, irreversible fit around meter leads, valves, or junction boxes, while its lightweight construction simplifies installation and inspection. Ideal for utility companies, property managers, and industrial facilities, the MTS-012 complies with industry security standards and supports serialized tracking for compliance audits.<\/p>","protected":false},"excerpt":{"rendered":"<p>The MTS-012 Meter Seal offers anti-theft security with a twister plastic lead design, ensuring tamper-proof protection for electric meters and utility equipment.<\/p>","protected":false},"featured_media":4064,"template":"","meta":[],"product_brand":[],"product_cat":[170],"product_tag":[498,499,500,501,502,503,504,505,506,476,483],"class_list":{"0":"post-4063","1":"product","2":"type-product","3":"status-publish","4":"has-post-thumbnail","6":"product_cat-meter-seal","7":"product_tag-lead-electric-meter-seal","8":"product_tag-twister-meter-seals","9":"product_tag-meter-sealing-wire","10":"product_tag-anti-theft-utility-twister","11":"product_tag-disposable-meter-seal","12":"product_tag-anti-theft-meter-seals","13":"product_tag-mts-012-utility-seals","14":"product_tag-electric-meter-lead-locks","15":"product_tag-tamper-proof-plastic-twisters","16":"product_tag-utility-security-seals","17":"product_tag-plastic-meter-seal","19":"first","20":"instock","21":"shipping-taxable","22":"product-type-simple"},"_links":{"self":[{"href":"https:\/\/www.woseal.com\/de\/wp-json\/wp\/v2\/product\/4063","targetHints":{"allow":["GET"]}}],"collection":[{"href":"https:\/\/www.woseal.com\/de\/wp-json\/wp\/v2\/product"}],"about":[{"href":"https:\/\/www.woseal.com\/de\/wp-json\/wp\/v2\/types\/product"}],"version-history":[{"count":1,"href":"https:\/\/www.woseal.com\/de\/wp-json\/wp\/v2\/product\/4063\/revisions"}],"predecessor-version":[{"id":4071,"href":"https:\/\/www.woseal.com\/de\/wp-json\/wp\/v2\/product\/4063\/revisions\/4071"}],"wp:featuredmedia":[{"embeddable":true,"href":"https:\/\/www.woseal.com\/de\/wp-json\/wp\/v2\/media\/4064"}],"wp:attachment":[{"href":"https:\/\/www.woseal.com\/de\/wp-json\/wp\/v2\/media?parent=4063"}],"wp:term":[{"taxonomy":"product_brand","embeddable":true,"href":"https:\/\/www.woseal.com\/de\/wp-json\/wp\/v2\/product_brand?post=4063"},{"taxonomy":"product_cat","embeddable":true,"href":"https:\/\/www.woseal.com\/de\/wp-json\/wp\/v2\/product_cat?post=4063"},{"taxonomy":"product_tag","embeddable":true,"href":"https:\/\/www.woseal.com\/de\/wp-json\/wp\/v2\/product_tag?post=4063"}],"curies":[{"name":"wp","href":"https:\/\/api.w.org\/{rel}","templated":true}]}}