{"id":4072,"date":"2025-04-10T18:06:43","date_gmt":"2025-04-10T10:06:43","guid":{"rendered":"https:\/\/www.woseal.com\/?post_type=product&#038;p=4072"},"modified":"2025-04-11T09:00:54","modified_gmt":"2025-04-11T01:00:54","slug":"rfs-004-factory-direct-sales-of-large-sized-customizable-logo-cable-seals-rfid-steel-wire-seals","status":"publish","type":"product","link":"https:\/\/www.woseal.com\/de\/produkt\/rfs-004-factory-direct-sales-of-large-sized-customizable-logo-cable-seals-rfid-steel-wire-seals","title":{"rendered":"RFS-004 Factory Direct Sales of Large-sized Customizable Logo Cable Seals RFID Steel Wire Seals"},"content":{"rendered":"<table class=\"has-title all magic-7\">\n<tbody>\n<tr>\n<td colspan=\"1\" rowspan=\"1\">\n<div class=\"magic-8\" data-spm-anchor-id=\"a2700.details.0.i79.177e12e9if1pOx\">Name<\/div>\n<\/td>\n<td colspan=\"1\" rowspan=\"1\">\n<div class=\"magic-9\">RFS-004<\/div>\n<\/td>\n<\/tr>\n<tr>\n<td colspan=\"1\" rowspan=\"1\">\n<div class=\"magic-8\">Type<\/div>\n<\/td>\n<td colspan=\"1\" rowspan=\"1\">\n<div class=\"magic-9\">RFID-Kabelabdichtung<\/div>\n<\/td>\n<\/tr>\n<tr>\n<td colspan=\"1\" rowspan=\"1\">\n<div class=\"magic-8\">Material<\/div>\n<\/td>\n<td colspan=\"1\" rowspan=\"1\">\n<div class=\"magic-9\">ABS+A3 wire rope,7*7<\/div>\n<\/td>\n<\/tr>\n<tr>\n<td colspan=\"1\" rowspan=\"1\">\n<div class=\"magic-8\">Gr\u00f6\u00dfe des Schlossk\u00f6rpers<\/div>\n<\/td>\n<td colspan=\"1\" rowspan=\"1\">\n<div class=\"magic-9\">335*47.5*9mm<\/div>\n<\/td>\n<\/tr>\n<tr>\n<td colspan=\"1\" rowspan=\"1\">\n<div class=\"magic-8\">Durchmesser<\/div>\n<\/td>\n<td colspan=\"1\" rowspan=\"1\">\n<div class=\"magic-9\">1,8 mm<\/div>\n<\/td>\n<\/tr>\n<tr>\n<td colspan=\"1\" rowspan=\"1\">\n<div class=\"magic-8\">Herstellungsverfahren<\/div>\n<\/td>\n<td colspan=\"1\" rowspan=\"1\">\n<div class=\"magic-9\">Einspritzung, Stanzen<\/div>\n<\/td>\n<\/tr>\n<tr>\n<td colspan=\"1\" rowspan=\"1\">\n<div class=\"magic-8\">Support<\/div>\n<\/td>\n<td colspan=\"1\" rowspan=\"1\">\n<div class=\"magic-9\">NFC , UHF\uff08860MHz~960MHz\uff09\uff0cRFID \uff0813.56MHz\uff09<\/div>\n<\/td>\n<\/tr>\n<tr>\n<td colspan=\"1\" rowspan=\"1\">\n<div class=\"magic-8\">Farbe<\/div>\n<\/td>\n<td colspan=\"1\" rowspan=\"1\">\n<div class=\"magic-9\">Rot, Gelb, Wei\u00df, Blau, Gr\u00fcn und so weiter<\/div>\n<\/td>\n<\/tr>\n<tr>\n<td colspan=\"1\" rowspan=\"1\">\n<div class=\"magic-8\">Material der Kabel<\/div>\n<\/td>\n<td colspan=\"1\" rowspan=\"1\">\n<div class=\"magic-9\">A3-Stahl<\/div>\n<\/td>\n<\/tr>\n<tr>\n<td colspan=\"1\" rowspan=\"1\">\n<div class=\"magic-8\">L\u00e4nge des Kabels<\/div>\n<\/td>\n<td colspan=\"1\" rowspan=\"1\">\n<div class=\"magic-9\">25cm, 30cm L\u00e4nge, jede L\u00e4nge kann angepasst werden<\/div>\n<\/td>\n<\/tr>\n<tr>\n<td colspan=\"1\" rowspan=\"1\">\n<div class=\"magic-8\">Druckart<\/div>\n<\/td>\n<td colspan=\"1\" rowspan=\"1\">\n<div class=\"magic-9\">Laser marking<\/div>\n<\/td>\n<\/tr>\n<tr>\n<td colspan=\"1\" rowspan=\"1\">\n<div class=\"magic-8\">Kennzeichnung von Inhalten<\/div>\n<\/td>\n<td colspan=\"1\" rowspan=\"1\">\n<div class=\"magic-9\">Zahlen, Buchstaben, Zeichen, Strichcodes<\/div>\n<\/td>\n<\/tr>\n<tr>\n<td colspan=\"1\" rowspan=\"1\">\n<div class=\"magic-8\">Anmeldung<\/div>\n<\/td>\n<td colspan=\"1\" rowspan=\"1\">\n<div class=\"magic-9\">Superm\u00e4rkte, \u00d6l, Container, Eisenbahncontainer, Z\u00e4hlerk\u00e4sten, Geldb\u00f6rsen und so weiter<\/div>\n<\/td>\n<\/tr>\n<tr>\n<td colspan=\"1\" rowspan=\"1\">\n<div class=\"magic-8\">Verpacken<\/div>\n<\/td>\n<td colspan=\"1\" rowspan=\"1\">\n<div class=\"magic-9\">100 St\u00fcck\/Kunststoffbeutel, 1000 St\u00fcck\/Karton, 2000 St\u00fcck\/Karton<\/div>\n<\/td>\n<\/tr>\n<tr>\n<td colspan=\"1\" rowspan=\"1\">\n<div class=\"magic-8\">Zertifikat des Unternehmens<\/div>\n<\/td>\n<td colspan=\"1\" rowspan=\"1\">\n<div class=\"magic-9\">ISO17712,ISO9001,ISO14001,ISO45001<\/div>\n<\/td>\n<\/tr>\n<\/tbody>\n<\/table>\n<p>Enhance your security and logistics operations with the RFS-004 RFID Seal, a robust steel wire seal designed for high-value cargo, containers, and industrial applications. This large-sized customizable cable seal integrates advanced RFID technology, enabling real-time tracking, tamper-proof verification, and seamless inventory management. Built from durable, weather-resistant steel, it offers unparalleled strength against cutting or forced entry. Customize the seal with your company logo for brand visibility and professional credibility. Sold factory-direct, the RFS-004 ensures cost-efficiency without compromising quality, making it ideal for global shipping, warehouses, and supply chain management. Its unique combination of RFID innovation, tamper resistance, and customization flexibility ensures your assets stay secure and traceable at every stage.<\/p>","protected":false},"excerpt":{"rendered":"<p>The RFS-004 RFID Seal combines RFID tracking, tamper-proof steel construction, and logo customization for secure, traceable cargo protection. Factory-direct pricing guarantees affordability and reliability.<\/p>","protected":false},"featured_media":4073,"template":"","meta":[],"product_brand":[],"product_cat":[172],"product_tag":[507,508,509,510,511,512,513,514,515,516],"class_list":{"0":"post-4072","1":"product","2":"type-product","3":"status-publish","4":"has-post-thumbnail","6":"product_cat-rfid-seal","7":"product_tag-rfid-seal","8":"product_tag-rfid-security-seal","9":"product_tag-oil-security-seals","10":"product_tag-standard-cable-seals","11":"product_tag-rfid-steel-wire-seal","12":"product_tag-rfid-steel-wire-seals","13":"product_tag-customizable-logo-cable-seals","14":"product_tag-rfs-004-rfid-seals","15":"product_tag-high-security-steel-cable-seals","16":"product_tag-factory-direct-sealing-solutions","18":"first","19":"instock","20":"shipping-taxable","21":"product-type-simple"},"_links":{"self":[{"href":"https:\/\/www.woseal.com\/de\/wp-json\/wp\/v2\/product\/4072","targetHints":{"allow":["GET"]}}],"collection":[{"href":"https:\/\/www.woseal.com\/de\/wp-json\/wp\/v2\/product"}],"about":[{"href":"https:\/\/www.woseal.com\/de\/wp-json\/wp\/v2\/types\/product"}],"version-history":[{"count":1,"href":"https:\/\/www.woseal.com\/de\/wp-json\/wp\/v2\/product\/4072\/revisions"}],"predecessor-version":[{"id":4080,"href":"https:\/\/www.woseal.com\/de\/wp-json\/wp\/v2\/product\/4072\/revisions\/4080"}],"wp:featuredmedia":[{"embeddable":true,"href":"https:\/\/www.woseal.com\/de\/wp-json\/wp\/v2\/media\/4073"}],"wp:attachment":[{"href":"https:\/\/www.woseal.com\/de\/wp-json\/wp\/v2\/media?parent=4072"}],"wp:term":[{"taxonomy":"product_brand","embeddable":true,"href":"https:\/\/www.woseal.com\/de\/wp-json\/wp\/v2\/product_brand?post=4072"},{"taxonomy":"product_cat","embeddable":true,"href":"https:\/\/www.woseal.com\/de\/wp-json\/wp\/v2\/product_cat?post=4072"},{"taxonomy":"product_tag","embeddable":true,"href":"https:\/\/www.woseal.com\/de\/wp-json\/wp\/v2\/product_tag?post=4072"}],"curies":[{"name":"wp","href":"https:\/\/api.w.org\/{rel}","templated":true}]}}