{"id":4163,"date":"2025-06-18T14:18:41","date_gmt":"2025-06-18T06:18:41","guid":{"rendered":"https:\/\/www.woseal.com\/?post_type=product&#038;p=4163"},"modified":"2025-06-18T14:18:42","modified_gmt":"2025-06-18T06:18:42","slug":"mts-005-tamper-evidence-water-meter-seal-high-security-electric-safety-seals-meter-seal","status":"publish","type":"product","link":"https:\/\/www.woseal.com\/de\/produkt\/mts-005-tamper-evidence-water-meter-seal-high-security-electric-safety-seals-meter-seal","title":{"rendered":"MTS-005 Tamper Evidence Water Meter Seal High Security Electric Safety Seals Meter Seal"},"content":{"rendered":"<table class=\"has-title all magic-7\">\n<tbody>\n<tr>\n<td colspan=\"1\" rowspan=\"1\">\n<div class=\"magic-8\" data-spm-anchor-id=\"a2700.details-description.0.i0.6288icLVicLVtU\">Ort der Herkunft<\/div>\n<\/td>\n<td colspan=\"1\" rowspan=\"1\">\n<div class=\"magic-9\">China<\/div>\n<\/td>\n<\/tr>\n<tr>\n<td colspan=\"1\" rowspan=\"1\">\n<div class=\"magic-8\">Artikel<\/div>\n<\/td>\n<td colspan=\"1\" rowspan=\"1\">\n<div class=\"magic-9\">Z\u00e4hlerplombe<\/div>\n<\/td>\n<\/tr>\n<tr>\n<td colspan=\"1\" rowspan=\"1\">\n<div class=\"magic-8\">Modell<\/div>\n<\/td>\n<td colspan=\"1\" rowspan=\"1\">\n<div class=\"magic-9\">MTS-005<\/div>\n<\/td>\n<\/tr>\n<tr>\n<td colspan=\"1\" rowspan=\"1\">\n<div class=\"magic-8\">Material<\/div>\n<\/td>\n<td colspan=\"1\" rowspan=\"1\">\n<div class=\"magic-9\">ABS+PC,304 stainless steel<\/div>\n<\/td>\n<\/tr>\n<tr>\n<td colspan=\"1\" rowspan=\"1\">\n<div class=\"magic-8\">Gr\u00f6\u00dfe des Schlossk\u00f6rpers<\/div>\n<\/td>\n<td colspan=\"1\" rowspan=\"1\">\n<div class=\"magic-9\">29*21*7.7mm<\/div>\n<\/td>\n<\/tr>\n<tr>\n<td colspan=\"1\" rowspan=\"1\">\n<div class=\"magic-8\">Farbe<\/div>\n<\/td>\n<td colspan=\"1\" rowspan=\"1\">\n<div class=\"magic-9\">Yellow,Blue,Green,Red,Others and so on<\/div>\n<\/td>\n<\/tr>\n<tr>\n<td colspan=\"1\" rowspan=\"1\">\n<div class=\"magic-8\">Druckart<\/div>\n<\/td>\n<td colspan=\"1\" rowspan=\"1\">\n<div class=\"magic-9\">Laserbeschriftung oder Hei\u00dfpr\u00e4gung, Siebdruck, tto<\/div>\n<\/td>\n<\/tr>\n<tr>\n<td colspan=\"1\" rowspan=\"1\">\n<div class=\"magic-8\">Inhalt markieren<\/div>\n<\/td>\n<td colspan=\"1\" rowspan=\"1\">\n<div class=\"magic-9\">Zahlen, Buchstaben, Zeichen, Strichcodes und so weiter<\/div>\n<\/td>\n<\/tr>\n<tr>\n<td colspan=\"1\" rowspan=\"1\">\n<div class=\"magic-8\">Paket<\/div>\n<\/td>\n<td colspan=\"1\" rowspan=\"1\">\n<div class=\"magic-9\">100 St\u00fcck\/Kunststoffbeutel, 1000 St\u00fcck\/Karton, 2000 St\u00fcck\/Karton<\/div>\n<\/td>\n<\/tr>\n<tr>\n<td colspan=\"1\" rowspan=\"1\">\n<div class=\"magic-8\">Anmeldung<\/div>\n<\/td>\n<td colspan=\"1\" rowspan=\"1\">\n<div class=\"magic-9\">All kinds of electric meters,water meters,tankers,etc<\/div>\n<\/td>\n<\/tr>\n<tr>\n<td colspan=\"1\" rowspan=\"1\">\n<div class=\"magic-8\">Zertifikat des Unternehmens<\/div>\n<\/td>\n<td colspan=\"1\" rowspan=\"1\">\n<div class=\"magic-9\">ISO9001,ISO14001,ISO45001<\/div>\n<\/td>\n<\/tr>\n<\/tbody>\n<\/table>\n<p>The \u200c<strong>MTS-005 Tamper Evidence Water Meter Seal<\/strong>\u200c is a \u200c<strong>High Security Electric Safety Seals<\/strong>\u200c specifically designed for water meters. This \u200c<strong>Z\u00e4hlerplombe<\/strong>\u200c features a unique tamper-evident design, ensuring the integrity and security of water metering systems. Equipped with a distinct barcode, it facilitates easy identification and tracking. Its robust construction and color-coded design make it durable and visually differentiable for various meters or systems.<\/p>","protected":false},"excerpt":{"rendered":"<p>The \u200c<strong>MTS-005<\/strong>\u200c offers high security and easy identification with its unique barcode and color-coded design, making it an ideal \u200c<strong>Z\u00e4hlerplombe<\/strong>\u200c for water utility applications.<\/p>","protected":false},"featured_media":4164,"template":"","meta":[],"product_brand":[],"product_cat":[170],"product_tag":[568,474,479,564,567],"class_list":{"0":"post-4163","1":"product","2":"type-product","3":"status-publish","4":"has-post-thumbnail","6":"product_cat-meter-seal","7":"product_tag-electric-safety-seals","8":"product_tag-tamper-proof-meter-seals","9":"product_tag-meter-seal","10":"product_tag-water-meter-seal","11":"product_tag-high-security","13":"first","14":"instock","15":"shipping-taxable","16":"product-type-simple"},"_links":{"self":[{"href":"https:\/\/www.woseal.com\/de\/wp-json\/wp\/v2\/product\/4163","targetHints":{"allow":["GET"]}}],"collection":[{"href":"https:\/\/www.woseal.com\/de\/wp-json\/wp\/v2\/product"}],"about":[{"href":"https:\/\/www.woseal.com\/de\/wp-json\/wp\/v2\/types\/product"}],"version-history":[{"count":1,"href":"https:\/\/www.woseal.com\/de\/wp-json\/wp\/v2\/product\/4163\/revisions"}],"predecessor-version":[{"id":4171,"href":"https:\/\/www.woseal.com\/de\/wp-json\/wp\/v2\/product\/4163\/revisions\/4171"}],"wp:featuredmedia":[{"embeddable":true,"href":"https:\/\/www.woseal.com\/de\/wp-json\/wp\/v2\/media\/4164"}],"wp:attachment":[{"href":"https:\/\/www.woseal.com\/de\/wp-json\/wp\/v2\/media?parent=4163"}],"wp:term":[{"taxonomy":"product_brand","embeddable":true,"href":"https:\/\/www.woseal.com\/de\/wp-json\/wp\/v2\/product_brand?post=4163"},{"taxonomy":"product_cat","embeddable":true,"href":"https:\/\/www.woseal.com\/de\/wp-json\/wp\/v2\/product_cat?post=4163"},{"taxonomy":"product_tag","embeddable":true,"href":"https:\/\/www.woseal.com\/de\/wp-json\/wp\/v2\/product_tag?post=4163"}],"curies":[{"name":"wp","href":"https:\/\/api.w.org\/{rel}","templated":true}]}}