{"id":3493,"date":"2025-03-27T15:43:37","date_gmt":"2025-03-27T07:43:37","guid":{"rendered":"https:\/\/www.woseal.com\/?post_type=product&#038;p=3493"},"modified":"2025-04-11T14:03:35","modified_gmt":"2025-04-11T06:03:35","slug":"cbs-002-high-metallic-safety-wire-seal-system-security-waterproof-metal-lock-cable-seals","status":"publish","type":"product","link":"https:\/\/www.woseal.com\/es\/producto\/cbs-002-high-metallic-safety-wire-seal-system-security-waterproof-metal-lock-cable-seals","title":{"rendered":"CBS-002 Alambre de Seguridad de Alta Met\u00e1lico Sello Sistema de Seguridad Impermeable Cerradura de Metal Sellos de Cable"},"content":{"rendered":"<table class=\"has-title all magic-7\">\n<tbody>\n<tr>\n<td colspan=\"1\" rowspan=\"1\">\n<div class=\"magic-8\" data-spm-anchor-id=\"a2700.details.0.i72.48963db5bL2wRK\">Nombre<\/div>\n<\/td>\n<td colspan=\"1\" rowspan=\"1\">\n<div class=\"magic-9\">CBS-002<\/div>\n<\/td>\n<\/tr>\n<tr>\n<td colspan=\"1\" rowspan=\"1\">\n<div class=\"magic-8\">material<\/div>\n<\/td>\n<td colspan=\"1\" rowspan=\"1\">\n<div class=\"magic-9\">ABS,pulvimetalurgia,cable A3,7*7<\/div>\n<\/td>\n<\/tr>\n<tr>\n<td colspan=\"1\" rowspan=\"1\">\n<div class=\"magic-8\">Tama\u00f1o del cuerpo de la cerradura<\/div>\n<\/td>\n<td colspan=\"1\" rowspan=\"1\">\n<div class=\"magic-9\">38*14*12mm<\/div>\n<\/td>\n<\/tr>\n<tr>\n<td colspan=\"1\" rowspan=\"1\">\n<div class=\"magic-8\">Di\u00e1metro<\/div>\n<\/td>\n<td colspan=\"1\" rowspan=\"1\">\n<div class=\"magic-9\">1,8 mm<\/div>\n<\/td>\n<\/tr>\n<tr>\n<td colspan=\"1\" rowspan=\"1\">\n<div class=\"magic-8\">Proceso de fabricaci\u00f3n<\/div>\n<\/td>\n<td colspan=\"1\" rowspan=\"1\">\n<div class=\"magic-9\">Inyecci\u00f3n, estampaci\u00f3n<\/div>\n<\/td>\n<\/tr>\n<tr>\n<td colspan=\"1\" rowspan=\"1\">\n<div class=\"magic-8\">Color<\/div>\n<\/td>\n<td colspan=\"1\" rowspan=\"1\">\n<div class=\"magic-9\">Rojo, amarillo, negro, azul, verde, etc.<\/div>\n<\/td>\n<\/tr>\n<tr>\n<td colspan=\"1\" rowspan=\"1\">\n<div class=\"magic-8\">Material del cable<\/div>\n<\/td>\n<td colspan=\"1\" rowspan=\"1\">\n<div class=\"magic-9\">Acero A3,7*7, longitud cuntomizada<\/div>\n<\/td>\n<\/tr>\n<tr>\n<td colspan=\"1\" rowspan=\"1\">\n<div class=\"magic-8\">Longitud del cable<\/div>\n<\/td>\n<td colspan=\"1\" rowspan=\"1\">\n<div class=\"magic-9\">25cm,30cm de longitud, cualquier longitud se puede personalizar<\/div>\n<\/td>\n<\/tr>\n<tr>\n<td colspan=\"1\" rowspan=\"1\">\n<div class=\"magic-8\">Tipo de impresi\u00f3n<\/div>\n<\/td>\n<td colspan=\"1\" rowspan=\"1\">\n<div class=\"magic-9\">Marcaje l\u00e1ser,tto<\/div>\n<\/td>\n<\/tr>\n<tr>\n<td colspan=\"1\" rowspan=\"1\">\n<div class=\"magic-8\">Marcado de contenidos<\/div>\n<\/td>\n<td colspan=\"1\" rowspan=\"1\">\n<div class=\"magic-9\">N\u00fameros, letras, marcas, c\u00f3digos de barras<\/div>\n<\/td>\n<\/tr>\n<tr>\n<td colspan=\"1\" rowspan=\"1\">\n<div class=\"magic-8\">Aplicaci\u00f3n<\/div>\n<\/td>\n<td colspan=\"1\" rowspan=\"1\">\n<div class=\"magic-9\">Supermercados, aceite, contenedores, contenedores de ferrocarril, cajas de contadores, monederos bancarios, etc.<\/div>\n<\/td>\n<\/tr>\n<tr>\n<td colspan=\"1\" rowspan=\"1\">\n<div class=\"magic-8\">Embalaje<\/div>\n<\/td>\n<td colspan=\"1\" rowspan=\"1\">\n<div class=\"magic-9\">100pcs\/bolsa de pl\u00e1stico,1000pcs\/cart\u00f3n,2000pcs\/cart\u00f3n<\/div>\n<\/td>\n<\/tr>\n<tr>\n<td colspan=\"1\" rowspan=\"1\">\n<div class=\"magic-8\">Certificado de empresa<\/div>\n<\/td>\n<td colspan=\"1\" rowspan=\"1\">\n<div class=\"magic-9\">ISO17712,ISO9001,ISO14001,ISO45001<\/div>\n<\/td>\n<\/tr>\n<\/tbody>\n<\/table>\n<p>Proteja sus env\u00edos con el sistema de precinto de cable de seguridad altamente met\u00e1lico CBS-002, dise\u00f1ado para ofrecer la m\u00e1xima protecci\u00f3n en entornos exigentes. Con una construcci\u00f3n totalmente met\u00e1lica, este precinto de cable impermeable combina un alambre de acero de alta resistencia con un cierre met\u00e1lico resistente a la corrosi\u00f3n, lo que garantiza una seguridad a prueba de manipulaciones contra cortes, fisuras y condiciones clim\u00e1ticas adversas. El avanzado mecanismo de bloqueo proporciona una prueba visible de manipulaci\u00f3n, mientras que su dise\u00f1o impermeable garantiza la fiabilidad en entornos h\u00famedos, marinos o lluviosos. Ideal para log\u00edstica, contenedores de transporte, maquinaria pesada y cargas de gran valor, el CBS-002 cumple rigurosas normas industriales y est\u00e1 fabricado para soportar temperaturas extremas y esfuerzos f\u00edsicos. Su dise\u00f1o ligero pero resistente permite una f\u00e1cil aplicaci\u00f3n e inspecci\u00f3n, agilizando el cumplimiento de los protocolos de seguridad globales. Conf\u00ede en el CBS-002 para salvaguardar sus activos con una durabilidad y disuasi\u00f3n de robos inigualables.<\/p>","protected":false},"excerpt":{"rendered":"<p>El precinto de cable con cierre met\u00e1lico impermeable CBS-002 ofrece seguridad a prueba de manipulaciones y resistente a la intemperie con una construcci\u00f3n altamente met\u00e1lica, perfecta para log\u00edstica, transporte mar\u00edtimo y protecci\u00f3n de cargas pesadas.<\/p>","protected":false},"featured_media":3508,"template":"","meta":[],"product_brand":[],"product_cat":[168],"product_tag":[177,178,182,183,315,350,351,352,353,354,355,176],"class_list":{"0":"post-3493","1":"product","2":"type-product","3":"status-publish","4":"has-post-thumbnail","6":"product_cat-cable-seal","7":"product_tag-wire-seal","8":"product_tag-security-seal","9":"product_tag-hexcab-cable-seal","10":"product_tag-safety-cable-seal","11":"product_tag-corrosion-resistant-wire-seals","12":"product_tag-high-metallic-safety-wire","13":"product_tag-waterproof-metal-lock-seals","14":"product_tag-tamper-proof-security-cable","15":"product_tag-logistics-waterproof-seals","16":"product_tag-industrial-grade-cable-locks","17":"product_tag-heavy-duty-shipping-security","18":"product_tag-cable-seal","20":"first","21":"instock","22":"featured","23":"shipping-taxable","24":"product-type-simple"},"_links":{"self":[{"href":"https:\/\/www.woseal.com\/es\/wp-json\/wp\/v2\/product\/3493","targetHints":{"allow":["GET"]}}],"collection":[{"href":"https:\/\/www.woseal.com\/es\/wp-json\/wp\/v2\/product"}],"about":[{"href":"https:\/\/www.woseal.com\/es\/wp-json\/wp\/v2\/types\/product"}],"version-history":[{"count":4,"href":"https:\/\/www.woseal.com\/es\/wp-json\/wp\/v2\/product\/3493\/revisions"}],"predecessor-version":[{"id":3849,"href":"https:\/\/www.woseal.com\/es\/wp-json\/wp\/v2\/product\/3493\/revisions\/3849"}],"wp:featuredmedia":[{"embeddable":true,"href":"https:\/\/www.woseal.com\/es\/wp-json\/wp\/v2\/media\/3508"}],"wp:attachment":[{"href":"https:\/\/www.woseal.com\/es\/wp-json\/wp\/v2\/media?parent=3493"}],"wp:term":[{"taxonomy":"product_brand","embeddable":true,"href":"https:\/\/www.woseal.com\/es\/wp-json\/wp\/v2\/product_brand?post=3493"},{"taxonomy":"product_cat","embeddable":true,"href":"https:\/\/www.woseal.com\/es\/wp-json\/wp\/v2\/product_cat?post=3493"},{"taxonomy":"product_tag","embeddable":true,"href":"https:\/\/www.woseal.com\/es\/wp-json\/wp\/v2\/product_tag?post=3493"}],"curies":[{"name":"wp","href":"https:\/\/api.w.org\/{rel}","templated":true}]}}