{"id":3518,"date":"2025-03-27T16:25:04","date_gmt":"2025-03-27T08:25:04","guid":{"rendered":"https:\/\/www.woseal.com\/?post_type=product&#038;p=3518"},"modified":"2025-04-11T14:01:02","modified_gmt":"2025-04-11T06:01:02","slug":"cbs-004-customization-mechanical-wire-seal-company-of-aluminum-alloy-safety-seals-logistics-anti-theft-cable-tag-seals","status":"publish","type":"product","link":"https:\/\/www.woseal.com\/es\/producto\/cbs-004-customization-mechanical-wire-seal-company-of-aluminum-alloy-safety-seals-logistics-anti-theft-cable-tag-seals","title":{"rendered":"CBS-004 Personalizaci\u00f3n Mec\u00e1nica Wire Seal Compa\u00f1\u00eda de Aleaci\u00f3n de Aluminio de Seguridad Log\u00edstica Antirrobo Cable Tag Sellos"},"content":{"rendered":"<table class=\"has-title all magic-7\">\n<tbody>\n<tr>\n<td colspan=\"1\" rowspan=\"1\">\n<div class=\"magic-8\" data-spm-anchor-id=\"a2700.details-description.0.i0.7223Tr8vTr8vaX\">Nombre<\/div>\n<\/td>\n<td colspan=\"1\" rowspan=\"1\">\n<div class=\"magic-9\">CBS-004<\/div>\n<\/td>\n<\/tr>\n<tr>\n<td colspan=\"1\" rowspan=\"1\">\n<div class=\"magic-8\">material<\/div>\n<\/td>\n<td colspan=\"1\" rowspan=\"1\">\n<div class=\"magic-9\">Aleaci\u00f3n de aluminio,cable A3,7*7<\/div>\n<\/td>\n<\/tr>\n<tr>\n<td colspan=\"1\" rowspan=\"1\">\n<div class=\"magic-8\">Tama\u00f1o del cuerpo de la cerradura<\/div>\n<\/td>\n<td colspan=\"1\" rowspan=\"1\">\n<div class=\"magic-9\">26*22*6mm<\/div>\n<\/td>\n<\/tr>\n<tr>\n<td colspan=\"1\" rowspan=\"1\">\n<div class=\"magic-8\">Di\u00e1metro<\/div>\n<\/td>\n<td colspan=\"1\" rowspan=\"1\">\n<div class=\"magic-9\">1,8 mm<\/div>\n<\/td>\n<\/tr>\n<tr>\n<td colspan=\"1\" rowspan=\"1\">\n<div class=\"magic-8\">Proceso de fabricaci\u00f3n<\/div>\n<\/td>\n<td colspan=\"1\" rowspan=\"1\">\n<div class=\"magic-9\">Inyecci\u00f3n, estampaci\u00f3n<\/div>\n<\/td>\n<\/tr>\n<tr>\n<td colspan=\"1\" rowspan=\"1\">\n<div class=\"magic-8\">Color<\/div>\n<\/td>\n<td colspan=\"1\" rowspan=\"1\">\n<div class=\"magic-9\">Rojo, amarillo, negro, azul, verde, etc.<\/div>\n<\/td>\n<\/tr>\n<tr>\n<td colspan=\"1\" rowspan=\"1\">\n<div class=\"magic-8\">Material del cable<\/div>\n<\/td>\n<td colspan=\"1\" rowspan=\"1\">\n<div class=\"magic-9\">Acero A3,7*7, longitud cuntomizada<\/div>\n<\/td>\n<\/tr>\n<tr>\n<td colspan=\"1\" rowspan=\"1\">\n<div class=\"magic-8\">Longitud del cable<\/div>\n<\/td>\n<td colspan=\"1\" rowspan=\"1\">\n<div class=\"magic-9\">25cm,30cm de longitud, cualquier longitud se puede personalizar<\/div>\n<\/td>\n<\/tr>\n<tr>\n<td colspan=\"1\" rowspan=\"1\">\n<div class=\"magic-8\">Tipo de impresi\u00f3n<\/div>\n<\/td>\n<td colspan=\"1\" rowspan=\"1\">\n<div class=\"magic-9\">Marcaje l\u00e1ser,tto<\/div>\n<\/td>\n<\/tr>\n<tr>\n<td colspan=\"1\" rowspan=\"1\">\n<div class=\"magic-8\">Marcado de contenidos<\/div>\n<\/td>\n<td colspan=\"1\" rowspan=\"1\">\n<div class=\"magic-9\">N\u00fameros, letras, marcas, c\u00f3digos de barras<\/div>\n<\/td>\n<\/tr>\n<tr>\n<td colspan=\"1\" rowspan=\"1\">\n<div class=\"magic-8\">Aplicaci\u00f3n<\/div>\n<\/td>\n<td colspan=\"1\" rowspan=\"1\">\n<div class=\"magic-9\">Supermercados, aceite, contenedores, contenedores de ferrocarril, cajas de contadores, monederos bancarios, etc.<\/div>\n<\/td>\n<\/tr>\n<tr>\n<td colspan=\"1\" rowspan=\"1\">\n<div class=\"magic-8\">Embalaje<\/div>\n<\/td>\n<td colspan=\"1\" rowspan=\"1\">\n<div class=\"magic-9\">100pcs\/bolsa de pl\u00e1stico,1000pcs\/cart\u00f3n,2000pcs\/cart\u00f3n<\/div>\n<\/td>\n<\/tr>\n<tr>\n<td colspan=\"1\" rowspan=\"1\">\n<div class=\"magic-8\">Certificado de empresa<\/div>\n<\/td>\n<td colspan=\"1\" rowspan=\"1\">\n<div class=\"magic-9\">ISO17712,ISO9001,ISO14001,ISO45001<\/div>\n<\/td>\n<\/tr>\n<\/tbody>\n<\/table>\n<p>Mejore la seguridad de su log\u00edstica con el precinto de cable mec\u00e1nico de personalizaci\u00f3n CBS-004, fabricado en aleaci\u00f3n de aluminio de primera calidad para ofrecer una durabilidad y un rendimiento antirrobo inigualables. Dise\u00f1ado para empresas que buscan soluciones a medida, este precinto de cable ofrece opciones personalizables, como marcas exclusivas, codificaci\u00f3n por colores o ajustes de tama\u00f1o para satisfacer necesidades operativas espec\u00edficas. Su robusto mecanismo mec\u00e1nico de bloqueo de cables garantiza una protecci\u00f3n a prueba de manipulaciones, con signos visibles de entrada forzada para disuadir de robos y accesos no autorizados. Ideal para proteger contenedores, cargas y env\u00edos log\u00edsticos de gran valor, el CBS-004 resiste entornos hostiles, la corrosi\u00f3n y la manipulaci\u00f3n f\u00edsica. Conforme a las normas ISO y dise\u00f1ado para ofrecer fiabilidad, combina la resistencia de una aleaci\u00f3n ligera de aluminio con una seguridad rentable, lo que agiliza el cumplimiento de las normas y mejora la confianza en la cadena de suministro.<\/p>","protected":false},"excerpt":{"rendered":"<p>Modelo:CBS-004<\/p>\n<p>Se trata de un precinto de cable con cuerpo de aluminio. Para mayor seguridad, el cable no preformado de 1,8 mm se desenreda al cortarlo. Los precintos para cables adquiridos en l\u00ednea llevan impreso con l\u00e1ser \"SEALED\", un c\u00f3digo de barras y una numeraci\u00f3n correlativa.<\/p>\n<p>Este producto est\u00e1 disponible actualmente en\u00a0<strong>Rojo<\/strong>,\u00a0<strong>Verde,Amarillo,Negro<\/strong>\u00a0y\u00a0<strong>Azul<\/strong>. P\u00f3ngase en contacto con nosotros para otros colores.<\/p>","protected":false},"featured_media":3521,"template":"","meta":[],"product_brand":[],"product_cat":[168],"product_tag":[343,344,345,346,347,348,349,177,180,184,185,186,187,188,189,342],"class_list":{"0":"post-3518","1":"product","2":"type-product","3":"status-publish","4":"has-post-thumbnail","6":"product_cat-cable-seal","7":"product_tag-cbs-004-mechanical-wire-seal","8":"product_tag-aluminum-alloy-security-seals","9":"product_tag-logistics-anti-theft-tags","10":"product_tag-tamper-evident-cable-locks","11":"product_tag-branded-cable-seals","12":"product_tag-heavy-duty-logistics-seals","13":"product_tag-customizable-shipping-tags","14":"product_tag-wire-seal","15":"product_tag-safety-seal","16":"product_tag-aluminum-alloy-cable-seal","17":"product_tag-anti-theft-cable-seal","18":"product_tag-logistics-cable-seal","19":"product_tag-high-security-cable-seal","20":"product_tag-metal-cable-seal","21":"product_tag-rfid-cable-seal","22":"product_tag-customizable-cable-seal","24":"first","25":"instock","26":"featured","27":"shipping-taxable","28":"product-type-simple"},"_links":{"self":[{"href":"https:\/\/www.woseal.com\/es\/wp-json\/wp\/v2\/product\/3518","targetHints":{"allow":["GET"]}}],"collection":[{"href":"https:\/\/www.woseal.com\/es\/wp-json\/wp\/v2\/product"}],"about":[{"href":"https:\/\/www.woseal.com\/es\/wp-json\/wp\/v2\/types\/product"}],"version-history":[{"count":5,"href":"https:\/\/www.woseal.com\/es\/wp-json\/wp\/v2\/product\/3518\/revisions"}],"predecessor-version":[{"id":3848,"href":"https:\/\/www.woseal.com\/es\/wp-json\/wp\/v2\/product\/3518\/revisions\/3848"}],"wp:featuredmedia":[{"embeddable":true,"href":"https:\/\/www.woseal.com\/es\/wp-json\/wp\/v2\/media\/3521"}],"wp:attachment":[{"href":"https:\/\/www.woseal.com\/es\/wp-json\/wp\/v2\/media?parent=3518"}],"wp:term":[{"taxonomy":"product_brand","embeddable":true,"href":"https:\/\/www.woseal.com\/es\/wp-json\/wp\/v2\/product_brand?post=3518"},{"taxonomy":"product_cat","embeddable":true,"href":"https:\/\/www.woseal.com\/es\/wp-json\/wp\/v2\/product_cat?post=3518"},{"taxonomy":"product_tag","embeddable":true,"href":"https:\/\/www.woseal.com\/es\/wp-json\/wp\/v2\/product_tag?post=3518"}],"curies":[{"name":"wp","href":"https:\/\/api.w.org\/{rel}","templated":true}]}}