{"id":3549,"date":"2025-03-27T17:31:42","date_gmt":"2025-03-27T09:31:42","guid":{"rendered":"https:\/\/www.woseal.com\/?post_type=product&#038;p=3549"},"modified":"2025-04-11T13:57:37","modified_gmt":"2025-04-11T05:57:37","slug":"pts-009-seals-extinguisher-customizable-printed-text-logo-stretchable-plastic-zip-tie-tag-seal","status":"publish","type":"product","link":"https:\/\/www.woseal.com\/es\/producto\/pts-009-seals-extinguisher-customizable-printed-text-logo-stretchable-plastic-zip-tie-tag-seal","title":{"rendered":"PTS-009 Sellos Extintor Personalizable Texto Impreso Logo Estirable Pl\u00e1stico Zip Tie Tag Seal"},"content":{"rendered":"<table class=\"has-title all magic-7\">\n<tbody>\n<tr>\n<td colspan=\"1\" rowspan=\"1\">\n<div class=\"magic-8\" data-spm-anchor-id=\"a2700.details.0.i73.4193684fm4sSVz\">Lugar de origen<\/div>\n<\/td>\n<td colspan=\"1\" rowspan=\"1\">\n<div class=\"magic-9\">China<\/div>\n<\/td>\n<\/tr>\n<tr>\n<td colspan=\"1\" rowspan=\"1\">\n<div class=\"magic-8\">Art\u00edculo<\/div>\n<\/td>\n<td colspan=\"1\" rowspan=\"1\">\n<div class=\"magic-9\">Sello de pl\u00e1stico<\/div>\n<\/td>\n<\/tr>\n<tr>\n<td colspan=\"1\" rowspan=\"1\">\n<div class=\"magic-8\">Modelo<\/div>\n<\/td>\n<td colspan=\"1\" rowspan=\"1\">\n<div class=\"magic-9\">TPS-009<\/div>\n<\/td>\n<\/tr>\n<tr>\n<td colspan=\"1\" rowspan=\"1\">\n<div class=\"magic-8\">Material<\/div>\n<\/td>\n<td colspan=\"1\" rowspan=\"1\">\n<div class=\"magic-9\">PP+PE<\/div>\n<\/td>\n<\/tr>\n<tr>\n<td colspan=\"1\" rowspan=\"1\">\n<div class=\"magic-8\">Tama\u00f1o del cuerpo de la cerradura<\/div>\n<\/td>\n<td colspan=\"1\" rowspan=\"1\">\n<div class=\"magic-9\">57*19*15,5 mm<\/div>\n<\/td>\n<\/tr>\n<tr>\n<td colspan=\"1\" rowspan=\"1\">\n<div class=\"magic-8\">Longitud<\/div>\n<\/td>\n<td colspan=\"1\" rowspan=\"1\">\n<div class=\"magic-9\">250\/300\/400 mm<\/div>\n<\/td>\n<\/tr>\n<tr>\n<td colspan=\"1\" rowspan=\"1\">\n<div class=\"magic-8\">Color<\/div>\n<\/td>\n<td colspan=\"1\" rowspan=\"1\">\n<div class=\"magic-9\">Amarillo, blanco, azul, verde, rojo, etc.<\/div>\n<\/td>\n<\/tr>\n<tr>\n<td colspan=\"1\" rowspan=\"1\">\n<div class=\"magic-8\">Tipo de impresi\u00f3n<\/div>\n<\/td>\n<td colspan=\"1\" rowspan=\"1\">\n<div class=\"magic-9\">Marcaje l\u00e1ser o estampaci\u00f3n en caliente,serigraf\u00eda,tto<\/div>\n<\/td>\n<\/tr>\n<tr>\n<td colspan=\"1\" rowspan=\"1\">\n<div class=\"magic-8\">Marcar contenidos<\/div>\n<\/td>\n<td colspan=\"1\" rowspan=\"1\">\n<div class=\"magic-9\">N\u00fameros, letras, marcas, c\u00f3digos de barras, etc.<\/div>\n<\/td>\n<\/tr>\n<tr>\n<td colspan=\"1\" rowspan=\"1\">\n<div class=\"magic-8\">Paquete<\/div>\n<\/td>\n<td colspan=\"1\" rowspan=\"1\">\n<div class=\"magic-9\">100pcs\/bolsa de pl\u00e1stico,1000pcs\/cart\u00f3n,2000pcs\/cart\u00f3n<\/div>\n<\/td>\n<\/tr>\n<tr>\n<td colspan=\"1\" rowspan=\"1\">\n<div class=\"magic-8\">Aplicaci\u00f3n<\/div>\n<\/td>\n<td colspan=\"1\" rowspan=\"1\">\n<div class=\"magic-9\">Supermercados, aceite, contenedores, contenedores de ferrocarril, cajas de contadores, monederos bancarios, etc.<\/div>\n<\/td>\n<\/tr>\n<tr>\n<td colspan=\"1\" rowspan=\"1\">\n<div class=\"magic-8\">Certificado de empresa<\/div>\n<\/td>\n<td colspan=\"1\" rowspan=\"1\">\n<div class=\"magic-9\">REACH,ISO9001,ISO14001,ISO45001<\/div>\n<\/td>\n<\/tr>\n<\/tbody>\n<\/table>\n<p>Mejore la seguridad y el cumplimiento de la normativa con el extintor con precinto PTS-009, una etiqueta personalizable de pl\u00e1stico estirable con cremallera dise\u00f1ada para ofrecer seguridad a prueba de manipulaciones. Ideal para extintores, v\u00e1lvulas y equipos de seguridad, este precinto cuenta con texto o logotipos impresos de alta visibilidad para garantizar el reconocimiento de la marca y el seguimiento del cumplimiento. Fabricado en pl\u00e1stico duradero y resistente a los rayos UV, soporta las tensiones ambientales, mientras que su dise\u00f1o extensible se adapta a diversas formas y tama\u00f1os para aplicaciones vers\u00e1tiles. El mecanismo de un solo uso proporciona una clara evidencia de manipulaci\u00f3n, disuadiendo el acceso no autorizado y garantizando la integridad del equipo. Personal\u00edcelo con n\u00fameros de serie, c\u00f3digos de barras o la marca de la empresa para agilizar las inspecciones y auditor\u00edas. Ligero pero robusto, el PTS-009 es perfecto para instalaciones industriales, seguridad p\u00fablica y mantenimiento de equipos.<\/p>\n<p>&nbsp;<\/p>","protected":false},"excerpt":{"rendered":"<p>El modelo PTS-009 de nuevo dise\u00f1o es un precinto de seguridad a prueba de manipulaciones ajustable disponible con una correa de 10\u2033 o 16\u2033. La gran leng\u00fceta de impresi\u00f3n muestra texto, c\u00f3digos de barras y n\u00fameros f\u00e1ciles de leer. Ideal para puertas de remolques, camiones cisterna, vagones de ferrocarril, cajas y mucho m\u00e1s. Los precintos en stock se env\u00edan inmediatamente, los precintos impresos a medida tardan hasta 4 semanas.<\/p>","protected":false},"featured_media":3550,"template":"","meta":[],"product_brand":[],"product_cat":[169],"product_tag":[190,191,192,193,194,195,196,197,198,199],"class_list":{"0":"post-3549","1":"product","2":"type-product","3":"status-publish","4":"has-post-thumbnail","6":"product_cat-plastic-seal","7":"product_tag-plastic-seal","8":"product_tag-security-plastic-seal","9":"product_tag-container-plastic-seal","10":"product_tag-high-security-plastic-seal","11":"product_tag-pp-plastic-seal","12":"product_tag-custom-plastic-seal","13":"product_tag-container-security-seals","14":"product_tag-logistics-plastic-seals","15":"product_tag-industrial-sealing-solutions","16":"product_tag-seals-extinguisher","18":"first","19":"instock","20":"featured","21":"shipping-taxable","22":"product-type-simple"},"_links":{"self":[{"href":"https:\/\/www.woseal.com\/es\/wp-json\/wp\/v2\/product\/3549","targetHints":{"allow":["GET"]}}],"collection":[{"href":"https:\/\/www.woseal.com\/es\/wp-json\/wp\/v2\/product"}],"about":[{"href":"https:\/\/www.woseal.com\/es\/wp-json\/wp\/v2\/types\/product"}],"version-history":[{"count":3,"href":"https:\/\/www.woseal.com\/es\/wp-json\/wp\/v2\/product\/3549\/revisions"}],"predecessor-version":[{"id":3864,"href":"https:\/\/www.woseal.com\/es\/wp-json\/wp\/v2\/product\/3549\/revisions\/3864"}],"wp:featuredmedia":[{"embeddable":true,"href":"https:\/\/www.woseal.com\/es\/wp-json\/wp\/v2\/media\/3550"}],"wp:attachment":[{"href":"https:\/\/www.woseal.com\/es\/wp-json\/wp\/v2\/media?parent=3549"}],"wp:term":[{"taxonomy":"product_brand","embeddable":true,"href":"https:\/\/www.woseal.com\/es\/wp-json\/wp\/v2\/product_brand?post=3549"},{"taxonomy":"product_cat","embeddable":true,"href":"https:\/\/www.woseal.com\/es\/wp-json\/wp\/v2\/product_cat?post=3549"},{"taxonomy":"product_tag","embeddable":true,"href":"https:\/\/www.woseal.com\/es\/wp-json\/wp\/v2\/product_tag?post=3549"}],"curies":[{"name":"wp","href":"https:\/\/api.w.org\/{rel}","templated":true}]}}