{"id":3564,"date":"2025-03-27T18:35:34","date_gmt":"2025-03-27T10:35:34","guid":{"rendered":"https:\/\/www.woseal.com\/?post_type=product&#038;p=3564"},"modified":"2025-04-11T13:51:54","modified_gmt":"2025-04-11T05:51:54","slug":"pts-001-wholesale-cheap-label-seals-customized-strip-shaped-sealing-plastic-seal-strips","status":"publish","type":"product","link":"https:\/\/www.woseal.com\/es\/producto\/pts-001-wholesale-cheap-label-seals-customized-strip-shaped-sealing-plastic-seal-strips","title":{"rendered":"PTS-001 Venta al por mayor baratos sellos de etiquetas personalizados en forma de tiras de sellado de pl\u00e1stico tiras de sellado"},"content":{"rendered":"<table class=\"has-title all magic-7\">\n<tbody>\n<tr>\n<td colspan=\"1\" rowspan=\"1\">\n<div class=\"magic-8\" data-spm-anchor-id=\"a2700.details.0.i80.6c85278cVONPQ6\">Lugar de origen<\/div>\n<\/td>\n<td colspan=\"1\" rowspan=\"1\">\n<div class=\"magic-9\">China<\/div>\n<\/td>\n<\/tr>\n<tr>\n<td colspan=\"1\" rowspan=\"1\">\n<div class=\"magic-8\">Art\u00edculo<\/div>\n<\/td>\n<td colspan=\"1\" rowspan=\"1\">\n<div class=\"magic-9\">Sello de pl\u00e1stico<\/div>\n<\/td>\n<\/tr>\n<tr>\n<td colspan=\"1\" rowspan=\"1\">\n<div class=\"magic-8\">Modelo<\/div>\n<\/td>\n<td colspan=\"1\" rowspan=\"1\">\n<div class=\"magic-9\">TPS-001<\/div>\n<\/td>\n<\/tr>\n<tr>\n<td colspan=\"1\" rowspan=\"1\">\n<div class=\"magic-8\">Material<\/div>\n<\/td>\n<td colspan=\"1\" rowspan=\"1\">\n<div class=\"magic-9\">PP+PE<\/div>\n<\/td>\n<\/tr>\n<tr>\n<td colspan=\"1\" rowspan=\"1\">\n<div class=\"magic-8\">Tama\u00f1o del cuerpo de la cerradura<\/div>\n<\/td>\n<td colspan=\"1\" rowspan=\"1\">\n<div class=\"magic-9\">70*14*5,5 mm<\/div>\n<\/td>\n<\/tr>\n<tr>\n<td colspan=\"1\" rowspan=\"1\">\n<div class=\"magic-8\">Color<\/div>\n<\/td>\n<td colspan=\"1\" rowspan=\"1\">\n<div class=\"magic-9\">Amarillo, blanco, azul, verde, rojo, etc.<\/div>\n<\/td>\n<\/tr>\n<tr>\n<td colspan=\"1\" rowspan=\"1\">\n<div class=\"magic-8\">Tipo de impresi\u00f3n<\/div>\n<\/td>\n<td colspan=\"1\" rowspan=\"1\">\n<div class=\"magic-9\">Marcaje l\u00e1ser o estampaci\u00f3n en caliente,serigraf\u00eda,tto<\/div>\n<\/td>\n<\/tr>\n<tr>\n<td colspan=\"1\" rowspan=\"1\">\n<div class=\"magic-8\">Marcar contenidos<\/div>\n<\/td>\n<td colspan=\"1\" rowspan=\"1\">\n<div class=\"magic-9\">N\u00fameros, letras, marcas, c\u00f3digos de barras, etc.<\/div>\n<\/td>\n<\/tr>\n<tr>\n<td colspan=\"1\" rowspan=\"1\">\n<div class=\"magic-8\">Paquete<\/div>\n<\/td>\n<td colspan=\"1\" rowspan=\"1\">\n<div class=\"magic-9\">100pcs\/bolsa de pl\u00e1stico,1000pcs\/cart\u00f3n,2000pcs\/cart\u00f3n<\/div>\n<\/td>\n<\/tr>\n<tr>\n<td colspan=\"1\" rowspan=\"1\">\n<div class=\"magic-8\">Aplicaci\u00f3n<\/div>\n<\/td>\n<td colspan=\"1\" rowspan=\"1\">\n<div class=\"magic-9\">Supermercados, aceite, contenedores, contenedores de ferrocarril, cajas de contadores, monederos bancarios, etc.<\/div>\n<\/td>\n<\/tr>\n<tr>\n<td colspan=\"1\" rowspan=\"1\">\n<div class=\"magic-8\">Certificado de empresa<\/div>\n<\/td>\n<td colspan=\"1\" rowspan=\"1\">\n<div class=\"magic-9\">REACH,ISO9001,ISO14001,ISO45001<\/div>\n<\/td>\n<\/tr>\n<\/tbody>\n<\/table>\n<p>Asegure sus env\u00edos de forma asequible con las tiras de precinto de pl\u00e1stico personalizadas al por mayor PTS-001, dise\u00f1adas para un precintado rentable y a prueba de manipulaciones. Estos precintos de pl\u00e1stico en forma de tira son perfectos para compradores al por mayor que buscan una seguridad fiable a precios de mayorista. Fabricados en polietileno duradero y flexible, resisten el desgarro y el desgaste ambiental al tiempo que proporcionan una clara evidencia de manipulaci\u00f3n. Personal\u00edcelos con logotipos, c\u00f3digos de barras o identificadores \u00fanicos para mejorar la visibilidad de la marca y agilizar el seguimiento del inventario. Ideal para envasado, log\u00edstica, venta al por menor y sellado de documentos, la PTS-001 ofrece una f\u00e1cil aplicaci\u00f3n y un dise\u00f1o ligero. Cumpla las normas b\u00e1sicas de seguridad sin salirse del presupuesto: conf\u00ede en estos precintos para salvaguardar paquetes, cajas y contenedores al tiempo que mantiene la eficacia operativa.<\/p>","protected":false},"excerpt":{"rendered":"<p>El modelo PTS-001 cuenta con un nuevo dise\u00f1o, material m\u00e1s resistente, 11\u2033 de longitud y grandes etiquetas impresas que muestran texto, c\u00f3digos de barras y n\u00fameros f\u00e1ciles de leer. Perfecto para puertas de remolques, camiones cisterna a granel, vagones de ferrocarril, contenedores y mucho m\u00e1s. Disponible en una variedad de colores personalizados, incluyendo blanco, amarillo, azul, verde, rojo, y m\u00e1s. Los precintos en stock est\u00e1n disponibles para env\u00edo inmediato; los precintos impresos a medida pueden tardar hasta 4 semanas.<\/p>","protected":false},"featured_media":3566,"template":"","meta":[],"product_brand":[],"product_cat":[169],"product_tag":[191,192,193,194,195,200,201,178,179,180,190],"class_list":{"0":"post-3564","1":"product","2":"type-product","3":"status-publish","4":"has-post-thumbnail","6":"product_cat-plastic-seal","7":"product_tag-security-plastic-seal","8":"product_tag-container-plastic-seal","9":"product_tag-high-security-plastic-seal","10":"product_tag-pp-plastic-seal","11":"product_tag-custom-plastic-seal","12":"product_tag-strip-shaped-seal","13":"product_tag-logistics-plastic-seal","14":"product_tag-security-seal","15":"product_tag-shipping-seal","16":"product_tag-safety-seal","17":"product_tag-plastic-seal","19":"first","20":"instock","21":"featured","22":"shipping-taxable","23":"product-type-simple"},"_links":{"self":[{"href":"https:\/\/www.woseal.com\/es\/wp-json\/wp\/v2\/product\/3564","targetHints":{"allow":["GET"]}}],"collection":[{"href":"https:\/\/www.woseal.com\/es\/wp-json\/wp\/v2\/product"}],"about":[{"href":"https:\/\/www.woseal.com\/es\/wp-json\/wp\/v2\/types\/product"}],"version-history":[{"count":3,"href":"https:\/\/www.woseal.com\/es\/wp-json\/wp\/v2\/product\/3564\/revisions"}],"predecessor-version":[{"id":3862,"href":"https:\/\/www.woseal.com\/es\/wp-json\/wp\/v2\/product\/3564\/revisions\/3862"}],"wp:featuredmedia":[{"embeddable":true,"href":"https:\/\/www.woseal.com\/es\/wp-json\/wp\/v2\/media\/3566"}],"wp:attachment":[{"href":"https:\/\/www.woseal.com\/es\/wp-json\/wp\/v2\/media?parent=3564"}],"wp:term":[{"taxonomy":"product_brand","embeddable":true,"href":"https:\/\/www.woseal.com\/es\/wp-json\/wp\/v2\/product_brand?post=3564"},{"taxonomy":"product_cat","embeddable":true,"href":"https:\/\/www.woseal.com\/es\/wp-json\/wp\/v2\/product_cat?post=3564"},{"taxonomy":"product_tag","embeddable":true,"href":"https:\/\/www.woseal.com\/es\/wp-json\/wp\/v2\/product_tag?post=3564"}],"curies":[{"name":"wp","href":"https:\/\/api.w.org\/{rel}","templated":true}]}}