{"id":3589,"date":"2025-03-28T11:03:25","date_gmt":"2025-03-28T03:03:25","guid":{"rendered":"https:\/\/www.woseal.com\/?post_type=product&#038;p=3589"},"modified":"2025-04-11T13:38:29","modified_gmt":"2025-04-11T05:38:29","slug":"bts-002-iso17712-certified-security-bolt-seal-tamper-evident-truck-lock-with-spring-parts","status":"publish","type":"product","link":"https:\/\/www.woseal.com\/es\/producto\/bts-002-iso17712-certified-security-bolt-seal-tamper-evident-truck-lock-with-spring-parts","title":{"rendered":"BTS-002 Cerradura de seguridad con muelle para camiones con precinto de seguridad y precinto de garant\u00eda ISO17712"},"content":{"rendered":"<table class=\"has-title all magic-7\">\n<tbody>\n<tr>\n<td colspan=\"1\" rowspan=\"1\">\n<div class=\"magic-8\" data-spm-anchor-id=\"a2700.details.0.i75.72a356f98eeeLE\">Lugar de origen<\/div>\n<\/td>\n<td colspan=\"1\" rowspan=\"1\">\n<div class=\"magic-9\">China<\/div>\n<\/td>\n<\/tr>\n<tr>\n<td colspan=\"1\" rowspan=\"1\">\n<div class=\"magic-8\">Art\u00edculo<\/div>\n<\/td>\n<td colspan=\"1\" rowspan=\"1\">\n<div class=\"magic-9\">Sello de perno<\/div>\n<\/td>\n<\/tr>\n<tr>\n<td colspan=\"1\" rowspan=\"1\">\n<div class=\"magic-8\">Modelo<\/div>\n<\/td>\n<td colspan=\"1\" rowspan=\"1\">\n<div class=\"magic-9\">BTS-002<\/div>\n<\/td>\n<\/tr>\n<tr>\n<td colspan=\"1\" rowspan=\"1\">\n<div class=\"magic-8\">Material<\/div>\n<\/td>\n<td colspan=\"1\" rowspan=\"1\">\n<div class=\"magic-9\">ABS+Acero al carbono galvanizado<\/div>\n<\/td>\n<\/tr>\n<tr>\n<td colspan=\"1\" rowspan=\"1\">\n<div class=\"magic-8\">Tama\u00f1o del cuerpo de la cerradura<\/div>\n<\/td>\n<td colspan=\"1\" rowspan=\"1\">\n<div class=\"magic-9\">81,8*55,6*21,5 mm<\/div>\n<\/td>\n<\/tr>\n<tr>\n<td colspan=\"1\" rowspan=\"1\">\n<div class=\"magic-8\">Peso<\/div>\n<\/td>\n<td colspan=\"1\" rowspan=\"1\">\n<div class=\"magic-9\">52g<\/div>\n<\/td>\n<\/tr>\n<tr>\n<td colspan=\"1\" rowspan=\"1\">\n<div class=\"magic-8\">Color<\/div>\n<\/td>\n<td colspan=\"1\" rowspan=\"1\">\n<div class=\"magic-9\">Amarillo, blanco, azul, verde, rojo, etc.<\/div>\n<\/td>\n<\/tr>\n<tr>\n<td colspan=\"1\" rowspan=\"1\">\n<div class=\"magic-8\">Tipo de impresi\u00f3n<\/div>\n<\/td>\n<td colspan=\"1\" rowspan=\"1\">\n<div class=\"magic-9\">Marcado por l\u00e1ser o estampaci\u00f3n en caliente, serigraf\u00eda<\/div>\n<\/td>\n<\/tr>\n<tr>\n<td colspan=\"1\" rowspan=\"1\">\n<div class=\"magic-8\">Marcar contenidos<\/div>\n<\/td>\n<td colspan=\"1\" rowspan=\"1\">\n<div class=\"magic-9\">N\u00fameros, letras, marcas, c\u00f3digos de barras, etc.<\/div>\n<\/td>\n<\/tr>\n<tr>\n<td colspan=\"1\" rowspan=\"1\">\n<div class=\"magic-8\">Paquete<\/div>\n<\/td>\n<td colspan=\"1\" rowspan=\"1\">\n<div class=\"magic-9\">10 unidades \/ caja de pl\u00e1stico 25 cajas \/ cart\u00f3n<\/div>\n<\/td>\n<\/tr>\n<tr>\n<td colspan=\"1\" rowspan=\"1\">\n<div class=\"magic-8\">Aplicaci\u00f3n<\/div>\n<\/td>\n<td colspan=\"1\" rowspan=\"1\">\n<div class=\"magic-9\">Todo tipo de remolques, cisternas, transporte mar\u00edtimo, transporte ferroviario, log\u00edstica de mercanc\u00edas, cajas fuertes, taquillas, etc.<\/div>\n<\/td>\n<\/tr>\n<tr>\n<td colspan=\"1\" rowspan=\"1\">\n<div class=\"magic-8\">Certificado de empresa<\/div>\n<\/td>\n<td colspan=\"1\" rowspan=\"1\">\n<div class=\"magic-9\">ISO17712,ISO9001,ISO14001,ISO45001<\/div>\n<\/td>\n<\/tr>\n<\/tbody>\n<\/table>\n<p>Garantice la seguridad de la carga sin concesiones con el precinto de seguridad BTS-002 con certificaci\u00f3n ISO17712, dise\u00f1ado para una protecci\u00f3n a prueba de manipulaciones y una durabilidad industrial. Fabricado para cumplir las rigurosas normas ISO17712, este precinto de perno de alta resistencia presenta una robusta estructura de acero y un mecanismo de resorte dise\u00f1ado con precisi\u00f3n que mejora la resistencia a la entrada forzada, la vibraci\u00f3n y la manipulaci\u00f3n f\u00edsica. El dise\u00f1o a prueba de manipulaciones deja una clara evidencia visual del acceso no autorizado, por lo que resulta ideal para asegurar puertas de camiones, contenedores de transporte y mercanc\u00edas de alto riesgo. Resistente a la corrosi\u00f3n y a la intemperie, soporta temperaturas extremas, humedad y una manipulaci\u00f3n brusca durante el transporte. Las piezas de resorte integradas garantizan un cierre herm\u00e9tico y fiable a la vez que simplifican la instalaci\u00f3n y la inspecci\u00f3n. Conf\u00ede en el BTS-002 para salvaguardar su cadena log\u00edstica, agilizar las auditor\u00edas de cumplimiento y disuadir los robos con una fiabilidad certificada por la ISO.<\/p>\n<p>&nbsp;<\/p>","protected":false},"excerpt":{"rendered":"<p>El precinto de perno BTS-002 ISO17712 combina seguridad a prueba de manipulaciones, un cierre con resorte y una construcci\u00f3n de acero resistente para camiones, contenedores y cargas de gran valor.<\/p>","protected":false},"featured_media":3590,"template":"","meta":[],"product_brand":[],"product_cat":[171],"product_tag":[202,204,206,207,208,209,210,211,212,213,214,216],"class_list":{"0":"post-3589","1":"product","2":"type-product","3":"status-publish","4":"has-post-thumbnail","6":"product_cat-bolt-seal","7":"product_tag-bolt-seal","8":"product_tag-security-bolt-seal","9":"product_tag-iso17712-bolt-seal","10":"product_tag-shipping-container-bolt-seals","11":"product_tag-truck-security-seals","12":"product_tag-logistics-bolt-seals","13":"product_tag-steel-bolt-seal","14":"product_tag-tamper-proof-bolt-seal","15":"product_tag-custom-bolt-seal","16":"product_tag-high-security-bolt-seal","17":"product_tag-container-bolt-seal","18":"product_tag-tapa-compliant-bolt-seals","20":"first","21":"instock","22":"shipping-taxable","23":"product-type-simple"},"_links":{"self":[{"href":"https:\/\/www.woseal.com\/es\/wp-json\/wp\/v2\/product\/3589","targetHints":{"allow":["GET"]}}],"collection":[{"href":"https:\/\/www.woseal.com\/es\/wp-json\/wp\/v2\/product"}],"about":[{"href":"https:\/\/www.woseal.com\/es\/wp-json\/wp\/v2\/types\/product"}],"version-history":[{"count":3,"href":"https:\/\/www.woseal.com\/es\/wp-json\/wp\/v2\/product\/3589\/revisions"}],"predecessor-version":[{"id":3854,"href":"https:\/\/www.woseal.com\/es\/wp-json\/wp\/v2\/product\/3589\/revisions\/3854"}],"wp:featuredmedia":[{"embeddable":true,"href":"https:\/\/www.woseal.com\/es\/wp-json\/wp\/v2\/media\/3590"}],"wp:attachment":[{"href":"https:\/\/www.woseal.com\/es\/wp-json\/wp\/v2\/media?parent=3589"}],"wp:term":[{"taxonomy":"product_brand","embeddable":true,"href":"https:\/\/www.woseal.com\/es\/wp-json\/wp\/v2\/product_brand?post=3589"},{"taxonomy":"product_cat","embeddable":true,"href":"https:\/\/www.woseal.com\/es\/wp-json\/wp\/v2\/product_cat?post=3589"},{"taxonomy":"product_tag","embeddable":true,"href":"https:\/\/www.woseal.com\/es\/wp-json\/wp\/v2\/product_tag?post=3589"}],"curies":[{"name":"wp","href":"https:\/\/api.w.org\/{rel}","templated":true}]}}