{"id":3598,"date":"2025-03-28T11:08:03","date_gmt":"2025-03-28T03:08:03","guid":{"rendered":"https:\/\/www.woseal.com\/?post_type=product&#038;p=3598"},"modified":"2025-04-11T13:36:05","modified_gmt":"2025-04-11T05:36:05","slug":"bts-003-joint-de-boulon-one-time-high-security-anti-tamper-proof-container-bolt-seal-precinto-de-seguridad-botella","status":"publish","type":"product","link":"https:\/\/www.woseal.com\/es\/producto\/bts-003-joint-de-boulon-one-time-high-security-anti-tamper-proof-container-bolt-seal-precinto-de-seguridad-botella","title":{"rendered":"BTS-003 Joint De Boulon One Time High Security Anti Tamper Proof Container Bolt Seal Precinto De Seguridad Botella"},"content":{"rendered":"<table class=\"has-title all magic-7\">\n<tbody>\n<tr>\n<td colspan=\"1\" rowspan=\"1\">\n<div class=\"magic-8\" data-spm-anchor-id=\"a2700.details-description.0.i0.55d5Pp8JPp8JyI\">Lugar de origen<\/div>\n<\/td>\n<td colspan=\"1\" rowspan=\"1\">\n<div class=\"magic-9\">China<\/div>\n<\/td>\n<\/tr>\n<tr>\n<td colspan=\"1\" rowspan=\"1\">\n<div class=\"magic-8\">Art\u00edculo<\/div>\n<\/td>\n<td colspan=\"1\" rowspan=\"1\">\n<div class=\"magic-9\">Sello de perno<\/div>\n<\/td>\n<\/tr>\n<tr>\n<td colspan=\"1\" rowspan=\"1\">\n<div class=\"magic-8\">Modelo<\/div>\n<\/td>\n<td colspan=\"1\" rowspan=\"1\">\n<div class=\"magic-9\">BTS-003<\/div>\n<\/td>\n<\/tr>\n<tr>\n<td colspan=\"1\" rowspan=\"1\">\n<div class=\"magic-8\">Material<\/div>\n<\/td>\n<td colspan=\"1\" rowspan=\"1\">\n<div class=\"magic-9\">ABS+Acero al carbono galvanizado<\/div>\n<\/td>\n<\/tr>\n<tr>\n<td colspan=\"1\" rowspan=\"1\">\n<div class=\"magic-8\">Tama\u00f1o del cuerpo de la cerradura<\/div>\n<\/td>\n<td colspan=\"1\" rowspan=\"1\">\n<div class=\"magic-9\">86,9*54,5*22,3 mm<\/div>\n<\/td>\n<\/tr>\n<tr>\n<td colspan=\"1\" rowspan=\"1\">\n<div class=\"magic-8\">Peso<\/div>\n<\/td>\n<td colspan=\"1\" rowspan=\"1\">\n<div class=\"magic-9\">69.3g<\/div>\n<\/td>\n<\/tr>\n<tr>\n<td colspan=\"1\" rowspan=\"1\">\n<div class=\"magic-8\">Color<\/div>\n<\/td>\n<td colspan=\"1\" rowspan=\"1\">\n<div class=\"magic-9\">Amarillo, blanco, azul, verde, rojo, etc.<\/div>\n<\/td>\n<\/tr>\n<tr>\n<td colspan=\"1\" rowspan=\"1\">\n<div class=\"magic-8\">Tipo de impresi\u00f3n<\/div>\n<\/td>\n<td colspan=\"1\" rowspan=\"1\">\n<div class=\"magic-9\">Marcado por l\u00e1ser o estampaci\u00f3n en caliente, serigraf\u00eda<\/div>\n<\/td>\n<\/tr>\n<tr>\n<td colspan=\"1\" rowspan=\"1\">\n<div class=\"magic-8\">Marcar contenidos<\/div>\n<\/td>\n<td colspan=\"1\" rowspan=\"1\">\n<div class=\"magic-9\">N\u00fameros, letras, marcas, c\u00f3digos de barras, etc.<\/div>\n<\/td>\n<\/tr>\n<tr>\n<td colspan=\"1\" rowspan=\"1\">\n<div class=\"magic-8\">Paquete<\/div>\n<\/td>\n<td colspan=\"1\" rowspan=\"1\">\n<div class=\"magic-9\">10 unidades \/ caja de pl\u00e1stico 25 cajas \/ cart\u00f3n<\/div>\n<\/td>\n<\/tr>\n<tr>\n<td colspan=\"1\" rowspan=\"1\">\n<div class=\"magic-8\">Aplicaci\u00f3n<\/div>\n<\/td>\n<td colspan=\"1\" rowspan=\"1\">\n<div class=\"magic-9\">Todo tipo de remolques, cisternas, transporte mar\u00edtimo, transporte ferroviario, log\u00edstica de mercanc\u00edas, cajas fuertes, taquillas, etc.<\/div>\n<\/td>\n<\/tr>\n<tr>\n<td colspan=\"1\" rowspan=\"1\">\n<div class=\"magic-8\">Certificado de empresa<\/div>\n<\/td>\n<td colspan=\"1\" rowspan=\"1\">\n<div class=\"magic-9\">ISO17712,ISO9001,ISO14001,ISO45001<\/div>\n<\/td>\n<\/tr>\n<\/tbody>\n<\/table>\n<p>Consiga la m\u00e1xima seguridad a prueba de manipulaciones para env\u00edos internacionales con el precinto de perno de alta seguridad de un solo uso BTS-003 Joint De Boulon. Dise\u00f1ado para una protecci\u00f3n irreversible, este precinto de perno de alta resistencia cuenta con una estructura de acero endurecido y un mecanismo de bloqueo de un solo uso que impide su reutilizaci\u00f3n, garantizando una seguridad a prueba de manipulaciones para contenedores, camiones y cargas de gran valor. El dise\u00f1o antipalanca y el perno de precisi\u00f3n son resistentes al corte, la perforaci\u00f3n y la manipulaci\u00f3n f\u00edsica, mientras que su revestimiento resistente a la corrosi\u00f3n soporta los duros entornos marinos e industriales. Conforme a las normas ISO17712, el BTS-003 proporciona pruebas visibles de manipulaci\u00f3n, por lo que es ideal para log\u00edstica internacional, transporte transfronterizo y env\u00edos delicados. Su dise\u00f1o universal de precinto de seguridad tipo botella garantiza una f\u00e1cil aplicaci\u00f3n e inspecci\u00f3n, agilizando el cumplimiento y mejorando la integridad de la cadena de suministro.<\/p>","protected":false},"excerpt":{"rendered":"<p>El precinto de cerrojo de un solo uso BTS-003 ofrece seguridad a prueba de manipulaciones conforme a la norma ISO con un dise\u00f1o anti-palanca de acero, perfecto para contenedores, camiones y protecci\u00f3n de cargas internacionales.<\/p>","protected":false},"featured_media":3599,"template":"","meta":[],"product_brand":[],"product_cat":[171],"product_tag":[207,208,209,213,214,217,218,219,220,202],"class_list":{"0":"post-3598","1":"product","2":"type-product","3":"status-publish","4":"has-post-thumbnail","6":"product_cat-bolt-seal","7":"product_tag-shipping-container-bolt-seals","8":"product_tag-truck-security-seals","9":"product_tag-logistics-bolt-seals","10":"product_tag-high-security-bolt-seal","11":"product_tag-container-bolt-seal","12":"product_tag-anti-tamper-proof-container-bolt-seal","13":"product_tag-bulk-bolt-seals","14":"product_tag-cheap-bolt-seals","15":"product_tag-high-quality-bolt-seals","16":"product_tag-bolt-seal","18":"first","19":"instock","20":"shipping-taxable","21":"product-type-simple"},"_links":{"self":[{"href":"https:\/\/www.woseal.com\/es\/wp-json\/wp\/v2\/product\/3598","targetHints":{"allow":["GET"]}}],"collection":[{"href":"https:\/\/www.woseal.com\/es\/wp-json\/wp\/v2\/product"}],"about":[{"href":"https:\/\/www.woseal.com\/es\/wp-json\/wp\/v2\/types\/product"}],"version-history":[{"count":2,"href":"https:\/\/www.woseal.com\/es\/wp-json\/wp\/v2\/product\/3598\/revisions"}],"predecessor-version":[{"id":3855,"href":"https:\/\/www.woseal.com\/es\/wp-json\/wp\/v2\/product\/3598\/revisions\/3855"}],"wp:featuredmedia":[{"embeddable":true,"href":"https:\/\/www.woseal.com\/es\/wp-json\/wp\/v2\/media\/3599"}],"wp:attachment":[{"href":"https:\/\/www.woseal.com\/es\/wp-json\/wp\/v2\/media?parent=3598"}],"wp:term":[{"taxonomy":"product_brand","embeddable":true,"href":"https:\/\/www.woseal.com\/es\/wp-json\/wp\/v2\/product_brand?post=3598"},{"taxonomy":"product_cat","embeddable":true,"href":"https:\/\/www.woseal.com\/es\/wp-json\/wp\/v2\/product_cat?post=3598"},{"taxonomy":"product_tag","embeddable":true,"href":"https:\/\/www.woseal.com\/es\/wp-json\/wp\/v2\/product_tag?post=3598"}],"curies":[{"name":"wp","href":"https:\/\/api.w.org\/{rel}","templated":true}]}}