{"id":3691,"date":"2025-03-31T14:01:57","date_gmt":"2025-03-31T06:01:57","guid":{"rendered":"https:\/\/www.woseal.com\/?post_type=product&#038;p=3691"},"modified":"2025-04-11T11:48:39","modified_gmt":"2025-04-11T03:48:39","slug":"cbs-005-iso-certified-cable-seal-reasonable-price-wire-cable-seal-locks-for-logistic-security-container-cable-tag-seals","status":"publish","type":"product","link":"https:\/\/www.woseal.com\/es\/producto\/cbs-005-iso-certified-cable-seal-reasonable-price-wire-cable-seal-locks-for-logistic-security-container-cable-tag-seals","title":{"rendered":"CBS-005 Iso Certified Cable Seal Precio Razonable Cable Seal Cerraduras de Seguridad Log\u00edstica de Contenedores Cable Tag Seals"},"content":{"rendered":"<table class=\"has-title all magic-7\">\n<tbody>\n<tr>\n<td colspan=\"1\" rowspan=\"1\">\n<div class=\"magic-8\" data-spm-anchor-id=\"a2700.details.0.i78.3634754fEKpJHy\">Nombre<\/div>\n<\/td>\n<td colspan=\"1\" rowspan=\"1\">\n<div class=\"magic-9\">CBS-005<\/div>\n<\/td>\n<\/tr>\n<tr>\n<td colspan=\"1\" rowspan=\"1\">\n<div class=\"magic-8\">Material<\/div>\n<\/td>\n<td colspan=\"1\" rowspan=\"1\">\n<div class=\"magic-9\">Polvo metal\u00fargico,Aleaci\u00f3n de aluminio,Cable A3,7*7<\/div>\n<\/td>\n<\/tr>\n<tr>\n<td colspan=\"1\" rowspan=\"1\">\n<div class=\"magic-8\">Tama\u00f1o del cuerpo de la cerradura<\/div>\n<\/td>\n<td colspan=\"1\" rowspan=\"1\">\n<div class=\"magic-9\">26*27*8mm<\/div>\n<\/td>\n<\/tr>\n<tr>\n<td colspan=\"1\" rowspan=\"1\">\n<div class=\"magic-8\">Di\u00e1metro<\/div>\n<\/td>\n<td colspan=\"1\" rowspan=\"1\">\n<div class=\"magic-9\">1,8 mm<\/div>\n<\/td>\n<\/tr>\n<tr>\n<td colspan=\"1\" rowspan=\"1\">\n<div class=\"magic-8\">Proceso de fabricaci\u00f3n<\/div>\n<\/td>\n<td colspan=\"1\" rowspan=\"1\">\n<div class=\"magic-9\">Inyecci\u00f3n, estampaci\u00f3n<\/div>\n<\/td>\n<\/tr>\n<tr>\n<td colspan=\"1\" rowspan=\"1\">\n<div class=\"magic-8\">Color<\/div>\n<\/td>\n<td colspan=\"1\" rowspan=\"1\">\n<div class=\"magic-9\">Rojo, amarillo, negro, azul, verde, etc.<\/div>\n<\/td>\n<\/tr>\n<tr>\n<td colspan=\"1\" rowspan=\"1\">\n<div class=\"magic-8\">Material del cable<\/div>\n<\/td>\n<td colspan=\"1\" rowspan=\"1\">\n<div class=\"magic-9\">Acero A3<\/div>\n<\/td>\n<\/tr>\n<tr>\n<td colspan=\"1\" rowspan=\"1\">\n<div class=\"magic-8\">Longitud del cable<\/div>\n<\/td>\n<td colspan=\"1\" rowspan=\"1\">\n<div class=\"magic-9\">25cm,30cm de longitud, cualquier longitud se puede personalizar<\/div>\n<\/td>\n<\/tr>\n<tr>\n<td colspan=\"1\" rowspan=\"1\">\n<div class=\"magic-8\">Tipo de impresi\u00f3n<\/div>\n<\/td>\n<td colspan=\"1\" rowspan=\"1\">\n<div class=\"magic-9\">Marcaje l\u00e1ser,tto<\/div>\n<\/td>\n<\/tr>\n<tr>\n<td colspan=\"1\" rowspan=\"1\">\n<div class=\"magic-8\">Marcado de contenidos<\/div>\n<\/td>\n<td colspan=\"1\" rowspan=\"1\">\n<div class=\"magic-9\">N\u00fameros, letras, marcas, c\u00f3digos de barras<\/div>\n<\/td>\n<\/tr>\n<tr>\n<td colspan=\"1\" rowspan=\"1\">\n<div class=\"magic-8\">Aplicaci\u00f3n<\/div>\n<\/td>\n<td colspan=\"1\" rowspan=\"1\">\n<div class=\"magic-9\">Supermercados, aceite, contenedores, contenedores de ferrocarril, cajas de contadores, monederos bancarios, etc.<\/div>\n<\/td>\n<\/tr>\n<tr>\n<td colspan=\"1\" rowspan=\"1\">\n<div class=\"magic-8\">Embalaje<\/div>\n<\/td>\n<td colspan=\"1\" rowspan=\"1\">\n<div class=\"magic-9\">100pcs\/bolsa de pl\u00e1stico,1000pcs\/cart\u00f3n,2000pcs\/cart\u00f3n<\/div>\n<\/td>\n<\/tr>\n<tr>\n<td colspan=\"1\" rowspan=\"1\">\n<div class=\"magic-8\">Certificado de empresa<\/div>\n<\/td>\n<td colspan=\"1\" rowspan=\"1\">\n<div class=\"magic-9\">ISO17712,ISO9001,ISO14001,ISO45001<\/div>\n<\/td>\n<\/tr>\n<\/tbody>\n<\/table>\n<p>Garantice una seguridad rentable y con certificaci\u00f3n ISO para su log\u00edstica con el precinto para cables CBS-005. Dise\u00f1ado para ser fiable y asequible, este precinto de cable combina un alambre de acero de alta resistencia con un mecanismo de bloqueo a prueba de manipulaciones, lo que proporciona una s\u00f3lida protecci\u00f3n contra el acceso no autorizado. Con certificaci\u00f3n ISO para cumplir las normas de seguridad mundiales, es ideal para proteger contenedores de transporte, cargas y mercanc\u00edas de gran valor. Su dise\u00f1o reforzado resiste cortes, corrosi\u00f3n y condiciones ambientales adversas, mientras que su aplicaci\u00f3n f\u00e1cil de usar agiliza los flujos de trabajo log\u00edsticos. Con un precio razonable, el CBS-005 ofrece seguridad de nivel industrial sin comprometer el presupuesto, por lo que es perfecto para las empresas que dan prioridad al cumplimiento de las normativas y a la disuasi\u00f3n de robos. Conf\u00ede en sus caracter\u00edsticas a prueba de manipulaciones y en su construcci\u00f3n duradera para salvaguardar los env\u00edos y simplificar las auditor\u00edas.<\/p>","protected":false},"excerpt":{"rendered":"<div data-slate-node=\"element\">Modelo:CBS-005.<\/div>\n<div data-slate-node=\"element\"><span data-slate-node=\"text\"><span class=\"null\" data-slate-leaf=\"true\" data-sent-id=\"BajZANZgGe\">Se trata de una junta de cable con cuerpo de aluminio. <\/span><\/span><span data-slate-node=\"text\"><span class=\"null\" data-slate-leaf=\"true\" data-sent-id=\"zgaPAKPg6e\">Para mayor seguridad, el cable no preformado de 1,8 mm se desenreda al cortarlo. <\/span><\/span><span data-slate-node=\"text\"><span class=\"null\" data-slate-leaf=\"true\" data-sent-id=\"zroNrDN4mB\">Los precintos para cables adquiridos en l\u00ednea llevan impreso con l\u00e1ser \"SEALED\" (precintado) y est\u00e1n numerados consecutivamente.<\/span><\/span><\/div>\n<div data-slate-node=\"element\"><\/div>\n<div data-slate-node=\"element\" data-slate-fragment=\"JTVCJTdCJTIydHlwZSUyMiUzQSUyMnBhcmFncmFwaCUyMiUyQyUyMmNoaWxkcmVuJTIyJTNBJTVCJTdCJTIyaWQlMjIlM0ElMjJCYWpaQU5aZ0dlJTIyJTJDJTIycGFyYUlkeCUyMiUzQTAlMkMlMjJzcmMlMjIlM0ElMjJUaGlzJTIwaXMlMjBhbiUyMGFsdW1pbnVtJTIwYm9kaWVkJTIwY2FibGUlMjBzZWFsLiUyMCUyMiUyQyUyMmRzdCUyMiUzQSUyMiVFOCVCRiU5OSVFNiU5OCVBRiVFNCVCOCU4MCVFNCVCOCVBQSVFOSU5MyU5RCVFNSU4OCVCNiVFNyU5NCVCNSVFNyVCQyU4NiVFNSVBRiU4NiVFNSVCMCU4MSVFNCVCQiVCNiVFMyU4MCU4MiUyMiUyQyUyMm1ldGFkYXRhJTIyJTNBJTIyJTIyJTJDJTIybWF0Y2hlcyUyMiUzQW51bGwlMkMlMjJtZXRhRGF0YSUyMiUzQSU1QiU1RCUyQyUyMnRleHQlMjIlM0ElMjJUaGlzJTIwaXMlMjBhbiUyMGFsdW1pbnVtJTIwYm9kaWVkJTIwY2FibGUlMjBzZWFsLiUyMCUyMiU3RCUyQyU3QiUyMmlkJTIyJTNBJTIyemdhUEFLUGc2ZSUyMiUyQyUyMnBhcmFJZHglMjIlM0EwJTJDJTIyc3JjJTIyJTNBJTIyRm9yJTIwYWRkZWQlMjBzZWN1cml0eSUyMHRoZSUyMDEuOCUyMG1tJTIwbm9uLXByZWZvcm1lZCUyMGNhYmxlJTIwdW5yYXZlbHMlMjB3aGVuJTIwY3V0LiUyMCUyMiUyQyUyMmRzdCUyMiUzQSUyMiVFNCVCOCVCQSVFNCVCQSU4NiVFNSVBMiU5RSVFNSU4QSVBMCVFNSVBRSU4OSVFNSU4NSVBOCVFNiU4MCVBNyVFRiVCQyU4QzEuOCVFNiVBRiVBQiVFNyVCMSVCMyVFNyU5QSU4NCVFOSU5RCU5RSVFOSVBMiU4NCVFNiU4OCU5MCVFNSU5RSU4QiVFNyU5NCVCNSVFNyVCQyU4NiVFNSU5QyVBOCVFNSU4OCU4NyVFNSU4OSVCMiVFNiU5NyVCNiVFNCVCQyU5QSVFNiU5NSVBMyVFNSVCQyU4MCVFMyU4MCU4MiUyMiUyQyUyMm1ldGFkYXRhJTIyJTNBJTIyJTIyJTJDJTIybWF0Y2hlcyUyMiUzQW51bGwlMkMlMjJtZXRhRGF0YSUyMiUzQSU1QiU1RCUyQyUyMnRleHQlMjIlM0ElMjJGb3IlMjBhZGRlZCUyMHNlY3VyaXR5JTIwdGhlJTIwMS44JTIwbW0lMjBub24tcHJlZm9ybWVkJTIwY2FibGUlMjB1bnJhdmVscyUyMHdoZW4lMjBjdXQuJTIwJTIyJTdEJTJDJTdCJTIyaWQlMjIlM0ElMjJ6cm9OckRONG1CJTIyJTJDJTIycGFyYUlkeCUyMiUzQTAlMkMlMjJzcmMlMjIlM0ElMjJDYWJsZSUyMHNlYWxzJTIwcHVyY2hhc2VkJTIwb25saW5lJTIwYXJlJTIwbGFzZXIlMjBwcmludGVkJTIwJUUyJTgwJTlDU0VBTEVEJUUyJTgwJTlEJTIwYW5kJTIwY29uc2VjdXRpdmVseSUyMG51bWJlcmVkLiUyMiUyQyUyMmRzdCUyMiUzQSUyMiVFNSU5QyVBOCVFNyVCQSVCRiVFOCVCNCVBRCVFNCVCOSVCMCVFNyU5QSU4NCVFNyU5NCVCNSVFNyVCQyU4NiVFNSVBRiU4NiVFNSVCMCU4MSVFNCVCQiVCNiVFNiU5OCVBRiVFNiVCRiU4MCVFNSU4NSU4OSVFNiU4OSU5MyVFNSU4RCVCMCVFNyU5QSU4NCVFMiU4MCU5QyVFNSVBRiU4NiVFNSVCMCU4MSVFMiU4MCU5RCVFRiVCQyU4QyVFNSVCOSVCNiVFOCVCRiU5RSVFNyVCQiVBRCVFNyVCQyU5NiVFNSU4RiVCNyVFMyU4MCU4MiUyMiUyQyUyMm1ldGFkYXRhJTIyJTNBJTIyJTIyJTJDJTIybWF0Y2hlcyUyMiUzQW51bGwlMkMlMjJtZXRhRGF0YSUyMiUzQSU1QiU1RCUyQyUyMnRleHQlMjIlM0ElMjJDYWJsZSUyMHNlYWxzJTIwcHVyY2hhc2VkJTIwb25saW5lJTIwYXJlJTIwbGFzZXIlMjBwcmludGVkJTIwJUUyJTgwJTlDU0VBTEVEJUUyJTgwJTlEJTIwYW5kJTIwY29uc2VjdXRpdmVseSUyMG51bWJlcmVkLiUyMiU3RCU1RCU3RCUyQyU3QiUyMnR5cGUlMjIlM0ElMjJwYXJhZ3JhcGglMjIlMkMlMjJjaGlsZHJlbiUyMiUzQSU1QiU3QiUyMmlkJTIyJTNBJTIyQlpvMVlRMWFRZSUyMiUyQyUyMnBhcmFJZHglMjIlM0ExJTJDJTIyc3JjJTIyJTNBJTIyJTIyJTJDJTIyZHN0JTIyJTNBJTIyJTIyJTJDJTIybWV0YWRhdGElMjIlM0ElMjIlMjIlMkMlMjJtYXRjaGVzJTIyJTNBbnVsbCUyQyUyMm1ldGFEYXRhJTIyJTNBJTVCJTVEJTJDJTIydGV4dCUyMiUzQSUyMiUyMiU3RCU1RCU3RCUyQyU3QiUyMnR5cGUlMjIlM0ElMjJwYXJhZ3JhcGglMjIlMkMlMjJjaGlsZHJlbiUyMiUzQSU1QiU3QiUyMmlkJTIyJTNBJTIyemxEMUFxMTBQeiUyMiUyQyUyMnBhcmFJZHglMjIlM0EyJTJDJTIyc3JjJTIyJTNBJTIyVGhpcyUyMHByb2R1Y3QlMjBpcyUyMGN1cnJlbnRseSUyMGF2YWlsYWJsZSUyMGluJTIwUmVkJTJDJTIwR3JlZW4lMkNZZWxsb3clMkNCbGFjayUyMGFuZCUyMEJsdWUuJTIwJTIyJTJDJTIyZHN0JTIyJTNBJTIyJUU4JUFGJUE1JUU0JUJBJUE3JUU1JTkzJTgxJUU3JTlCJUFFJUU1JTg5JThEJUU2JTlDJTg5JUU3JUJBJUEyJUU4JTg5JUIyJUUzJTgwJTgxJUU3JUJCJUJGJUU4JTg5JUIyJUUzJTgwJTgxJUU5JUJCJTg0JUU4JTg5JUIyJUUzJTgwJTgxJUU5JUJCJTkxJUU4JTg5JUIyJUU1JTkyJThDJUU4JTkzJTlEJUU4JTg5JUIyJUU1JThGJUFGJUU0JUJFJTlCJUU5JTgwJTg5JUU2JThCJUE5JUUzJTgwJTgyJTIyJTJDJTIybWV0YWRhdGElMjIlM0ElMjIlMjIlMkMlMjJtYXRjaGVzJTIyJTNBbnVsbCUyQyUyMm1ldGFEYXRhJTIyJTNBJTVCJTVEJTJDJTIydGV4dCUyMiUzQSUyMlRoaXMlMjBwcm9kdWN0JTIwaXMlMjBjdXJyZW50bHklMjBhdmFpbGFibGUlMjBpbiUyMFJlZCUyQyUyMEdyZWVuJTJDWWVsbG93JTJDQmxhY2slMjBhbmQlMjBCbHVlLiUyMCUyMiU3RCUyQyU3QiUyMmlkJTIyJTNBJTIyQkRkTTB4TVBsQiUyMiUyQyUyMnBhcmFJZHglMjIlM0EyJTJDJTIyc3JjJTIyJTNBJTIyQ29udGFjdCUyMHVzJTIwZm9yJTIwb3RoZXIlMjBjb2xvcnMuJTIyJTJDJTIyZHN0JTIyJTNBJTIyJUU4JTgxJTk0JUU3JUIzJUJCJUU2JTg4JTkxJUU0JUJCJUFDJUU0JUJBJTg2JUU4JUE3JUEzJUU1JTg1JUI2JUU0JUJCJTk2JUU5JUEyJTlDJUU4JTg5JUIyJUUzJTgwJTgyJTIyJTJDJTIybWV0YWRhdGElMjIlM0ElMjIlMjIlMkMlMjJtYXRjaGVzJTIyJTNBbnVsbCUyQyUyMm1ldGFEYXRhJTIyJTNBJTVCJTVEJTJDJTIydGV4dCUyMiUzQSUyMkNvbnRhY3QlMjB1cyUyMGZvciUyMG90aGVyJTIwY29sb3JzLiUyMiU3RCU1RCU3RCU1RA==\"><span data-slate-node=\"text\"><span class=\"null hover-sent\" data-slate-leaf=\"true\" data-sent-id=\"zlD1Aq10Pz\">Este producto est\u00e1 disponible en rojo, verde, amarillo, negro y azul. <\/span><\/span><span data-slate-node=\"text\"><span class=\"null\" data-slate-leaf=\"true\" data-sent-id=\"BDdM0xMPlB\">P\u00f3ngase en contacto con nosotros para otros colores.<\/span><\/span><\/div>","protected":false},"featured_media":3698,"template":"","meta":[],"product_brand":[],"product_cat":[168],"product_tag":[228,229,230,231,232,233,310,325,336,337,338,339,340,341,177,178],"class_list":{"0":"post-3691","1":"product","2":"type-product","3":"status-publish","4":"has-post-thumbnail","6":"product_cat-cable-seal","7":"product_tag-cable-seal-lock","8":"product_tag-logistic-wire-seal","9":"product_tag-reasonable-price-cable-seal","10":"product_tag-iso-certified-seal","11":"product_tag-container-cable-seals","12":"product_tag-cable-tag","13":"product_tag-steel-wire-cable-locks","14":"product_tag-shipping-container-locks","15":"product_tag-iso-certified-cable-seal","16":"product_tag-cbs-005-wire-seal","17":"product_tag-affordable-logistics-security","18":"product_tag-tamper-proof-container-seals","19":"product_tag-budget-friendly-cable-tags","20":"product_tag-cargo-security-seals","21":"product_tag-wire-seal","22":"product_tag-security-seal","24":"first","25":"instock","26":"shipping-taxable","27":"product-type-simple"},"_links":{"self":[{"href":"https:\/\/www.woseal.com\/es\/wp-json\/wp\/v2\/product\/3691","targetHints":{"allow":["GET"]}}],"collection":[{"href":"https:\/\/www.woseal.com\/es\/wp-json\/wp\/v2\/product"}],"about":[{"href":"https:\/\/www.woseal.com\/es\/wp-json\/wp\/v2\/types\/product"}],"version-history":[{"count":2,"href":"https:\/\/www.woseal.com\/es\/wp-json\/wp\/v2\/product\/3691\/revisions"}],"predecessor-version":[{"id":3847,"href":"https:\/\/www.woseal.com\/es\/wp-json\/wp\/v2\/product\/3691\/revisions\/3847"}],"wp:featuredmedia":[{"embeddable":true,"href":"https:\/\/www.woseal.com\/es\/wp-json\/wp\/v2\/media\/3698"}],"wp:attachment":[{"href":"https:\/\/www.woseal.com\/es\/wp-json\/wp\/v2\/media?parent=3691"}],"wp:term":[{"taxonomy":"product_brand","embeddable":true,"href":"https:\/\/www.woseal.com\/es\/wp-json\/wp\/v2\/product_brand?post=3691"},{"taxonomy":"product_cat","embeddable":true,"href":"https:\/\/www.woseal.com\/es\/wp-json\/wp\/v2\/product_cat?post=3691"},{"taxonomy":"product_tag","embeddable":true,"href":"https:\/\/www.woseal.com\/es\/wp-json\/wp\/v2\/product_tag?post=3691"}],"curies":[{"name":"wp","href":"https:\/\/api.w.org\/{rel}","templated":true}]}}