{"id":3701,"date":"2025-03-31T16:29:41","date_gmt":"2025-03-31T08:29:41","guid":{"rendered":"https:\/\/www.woseal.com\/?post_type=product&#038;p=3701"},"modified":"2025-04-11T11:47:10","modified_gmt":"2025-04-11T03:47:10","slug":"cbs-006-250mm-hexagonal-large-sized-steel-wire-seal-with-tamper-proof-serial-number-for-secure-shipping-cable-seal","status":"publish","type":"product","link":"https:\/\/www.woseal.com\/es\/producto\/cbs-006-250mm-hexagonal-large-sized-steel-wire-seal-with-tamper-proof-serial-number-for-secure-shipping-cable-seal","title":{"rendered":"CBS-006 Sello de alambre de acero hexagonal de gran tama\u00f1o de 250 mm con n\u00famero de serie a prueba de manipulaciones para el sellado seguro de cables de env\u00edo"},"content":{"rendered":"<table class=\"has-title all magic-11\">\n<tbody>\n<tr>\n<td colspan=\"1\" rowspan=\"1\">\n<div class=\"magic-12\" data-spm-anchor-id=\"a2700.details.0.i75.1dad1faa248juH\">Nombre<\/div>\n<\/td>\n<td colspan=\"1\" rowspan=\"1\">\n<div class=\"magic-13\">CBS-006<\/div>\n<\/td>\n<\/tr>\n<tr>\n<td colspan=\"1\" rowspan=\"1\">\n<div class=\"magic-12\">material<\/div>\n<\/td>\n<td colspan=\"1\" rowspan=\"1\">\n<div class=\"magic-13\">Aleaci\u00f3n de aluminio,Cable A3<\/div>\n<\/td>\n<\/tr>\n<tr>\n<td colspan=\"1\" rowspan=\"1\">\n<div class=\"magic-12\">Tama\u00f1o del cuerpo de la cerradura<\/div>\n<\/td>\n<td colspan=\"1\" rowspan=\"1\">\n<div class=\"magic-13\">26,3*26*7,5 mm<\/div>\n<\/td>\n<\/tr>\n<tr>\n<td colspan=\"1\" rowspan=\"1\">\n<div class=\"magic-12\">Di\u00e1metro<\/div>\n<\/td>\n<td colspan=\"1\" rowspan=\"1\">\n<div class=\"magic-13\">3,5 mm<\/div>\n<\/td>\n<\/tr>\n<tr>\n<td colspan=\"1\" rowspan=\"1\">\n<div class=\"magic-12\">Proceso de fabricaci\u00f3n<\/div>\n<\/td>\n<td colspan=\"1\" rowspan=\"1\">\n<div class=\"magic-13\">Inyecci\u00f3n, estampaci\u00f3n<\/div>\n<\/td>\n<\/tr>\n<tr>\n<td colspan=\"1\" rowspan=\"1\">\n<div class=\"magic-12\">Color<\/div>\n<\/td>\n<td colspan=\"1\" rowspan=\"1\">\n<div class=\"magic-13\">Rojo, amarillo, negro, azul, verde, etc.<\/div>\n<\/td>\n<\/tr>\n<tr>\n<td colspan=\"1\" rowspan=\"1\">\n<div class=\"magic-12\">Material del cable<\/div>\n<\/td>\n<td colspan=\"1\" rowspan=\"1\">\n<div class=\"magic-13\">Acero A3<\/div>\n<\/td>\n<\/tr>\n<tr>\n<td colspan=\"1\" rowspan=\"1\">\n<div class=\"magic-12\">Longitud del cable<\/div>\n<\/td>\n<td colspan=\"1\" rowspan=\"1\">\n<div class=\"magic-13\">25cm,30cm de longitud, cualquier longitud se puede personalizar<\/div>\n<\/td>\n<\/tr>\n<tr>\n<td colspan=\"1\" rowspan=\"1\">\n<div class=\"magic-12\">Tipo de impresi\u00f3n<\/div>\n<\/td>\n<td colspan=\"1\" rowspan=\"1\">\n<div class=\"magic-13\">Marcaje l\u00e1ser,tto<\/div>\n<\/td>\n<\/tr>\n<tr>\n<td colspan=\"1\" rowspan=\"1\">\n<div class=\"magic-12\">Marcado de contenidos<\/div>\n<\/td>\n<td colspan=\"1\" rowspan=\"1\">\n<div class=\"magic-13\">N\u00fameros, letras, marcas, c\u00f3digos de barras<\/div>\n<\/td>\n<\/tr>\n<tr>\n<td colspan=\"1\" rowspan=\"1\">\n<div class=\"magic-12\">Aplicaci\u00f3n<\/div>\n<\/td>\n<td colspan=\"1\" rowspan=\"1\">\n<div class=\"magic-13\">Supermercados, aceite, contenedores, contenedores de ferrocarril, cajas de contadores, monederos bancarios, etc.<\/div>\n<\/td>\n<\/tr>\n<tr>\n<td colspan=\"1\" rowspan=\"1\">\n<div class=\"magic-12\">Embalaje<\/div>\n<\/td>\n<td colspan=\"1\" rowspan=\"1\">\n<div class=\"magic-13\">100pcs\/bolsa de pl\u00e1stico,1000pcs\/cart\u00f3n,2000pcs\/cart\u00f3n<\/div>\n<\/td>\n<\/tr>\n<tr>\n<td colspan=\"1\" rowspan=\"1\">\n<div class=\"magic-12\">Certificado de empresa<\/div>\n<\/td>\n<td colspan=\"1\" rowspan=\"1\">\n<div class=\"magic-13\">ISO17712,ISO9001,ISO14001,ISO45001<\/div>\n<\/td>\n<\/tr>\n<\/tbody>\n<\/table>\n<p>&nbsp;<\/p>\n<p>Mejore la seguridad de los env\u00edos con el precinto de cable de acero hexagonal de gran tama\u00f1o CBS-006 de 250 mm, dise\u00f1ado para ofrecer la m\u00e1xima resistencia a la manipulaci\u00f3n y trazabilidad. Con un robusto dise\u00f1o de alambre de acero hexagonal y un n\u00famero de serie a prueba de manipulaciones, este precinto de cable de alta resistencia garantiza una protecci\u00f3n fiable contra el acceso no autorizado. Su longitud de 250 mm permite transportar cargas de gran tama\u00f1o, mientras que su estructura de acero reforzado resiste los cortes, la corrosi\u00f3n y las condiciones ambientales adversas. El n\u00famero de serie exclusivo de cada precinto facilita el seguimiento y la documentaci\u00f3n, agilizando el cumplimiento de las normas internacionales de transporte. Ideal para contenedores de transporte, log\u00edstica, carga y mercanc\u00edas de alto valor, el CBS-006 combina la durabilidad de la resistencia industrial con la rendici\u00f3n de cuentas a prueba de manipulaciones. Simplifique las auditor\u00edas, impida los robos y proteja sus env\u00edos con esta soluci\u00f3n de seguridad de confianza.<\/p>","protected":false},"excerpt":{"rendered":"<p>Modelo\uff1aCBS-006<\/p>\n<p>Este producto adopta un dise\u00f1o enchufable con una longitud fija de 250 mm y viene con una gran placa de marcado, que puede imprimir claramente varios logotipos y n\u00fameros de serie. Utiliza alambre de acero de 1,8 mm de di\u00e1metro, para mayor seguridad, el material se dispersar\u00e1 cuando se corte. Disponemos de colores rojo, amarillo, azul, verde, blanco y otros para elegir. Para una personalizaci\u00f3n espec\u00edfica, \u00a1cons\u00faltenos!<\/p>","protected":false},"featured_media":3702,"template":"","meta":[],"product_brand":[],"product_cat":[168],"product_tag":[330,331,332,333,176,334,185,335,234,235,236,237,238,239,319,327,328,329],"class_list":{"0":"post-3701","1":"product","2":"type-product","3":"status-publish","4":"has-post-thumbnail","6":"product_cat-cable-seal","7":"product_tag-250mm-large-cable-seal","8":"product_tag-heavy-duty-cargo-security","9":"product_tag-logistics-anti-theft-seals","10":"product_tag-tamper-evident-wire-locks","11":"product_tag-cable-seal","12":"product_tag-serialized-shipping-seals","13":"product_tag-anti-theft-cable-seal","14":"product_tag-industrial-grade-cable-tags","15":"product_tag-shipping-cable-seal","16":"product_tag-large-sized-steel-wire-seal","17":"product_tag-disposable-cable-seal","18":"product_tag-insert-cable-sealing-strip","19":"product_tag-truck-cable-seal","20":"product_tag-container-lock-seal","21":"product_tag-secure-shipping-seals","22":"product_tag-cbs-006-cable-seal","23":"product_tag-tamper-proof-serial-number-seal","24":"product_tag-hexagonal-steel-wire-seal","26":"first","27":"instock","28":"shipping-taxable","29":"product-type-simple"},"_links":{"self":[{"href":"https:\/\/www.woseal.com\/es\/wp-json\/wp\/v2\/product\/3701","targetHints":{"allow":["GET"]}}],"collection":[{"href":"https:\/\/www.woseal.com\/es\/wp-json\/wp\/v2\/product"}],"about":[{"href":"https:\/\/www.woseal.com\/es\/wp-json\/wp\/v2\/types\/product"}],"version-history":[{"count":3,"href":"https:\/\/www.woseal.com\/es\/wp-json\/wp\/v2\/product\/3701\/revisions"}],"predecessor-version":[{"id":3846,"href":"https:\/\/www.woseal.com\/es\/wp-json\/wp\/v2\/product\/3701\/revisions\/3846"}],"wp:featuredmedia":[{"embeddable":true,"href":"https:\/\/www.woseal.com\/es\/wp-json\/wp\/v2\/media\/3702"}],"wp:attachment":[{"href":"https:\/\/www.woseal.com\/es\/wp-json\/wp\/v2\/media?parent=3701"}],"wp:term":[{"taxonomy":"product_brand","embeddable":true,"href":"https:\/\/www.woseal.com\/es\/wp-json\/wp\/v2\/product_brand?post=3701"},{"taxonomy":"product_cat","embeddable":true,"href":"https:\/\/www.woseal.com\/es\/wp-json\/wp\/v2\/product_cat?post=3701"},{"taxonomy":"product_tag","embeddable":true,"href":"https:\/\/www.woseal.com\/es\/wp-json\/wp\/v2\/product_tag?post=3701"}],"curies":[{"name":"wp","href":"https:\/\/api.w.org\/{rel}","templated":true}]}}