{"id":3710,"date":"2025-03-31T16:56:21","date_gmt":"2025-03-31T08:56:21","guid":{"rendered":"https:\/\/www.woseal.com\/?post_type=product&#038;p=3710"},"modified":"2025-04-11T11:43:46","modified_gmt":"2025-04-11T03:43:46","slug":"cbs-007-high-cost-effective-anti-theft-wire-cable-seals-for-secure-shipping-cable-tag-seal","status":"publish","type":"product","link":"https:\/\/www.woseal.com\/es\/producto\/cbs-007-high-cost-effective-anti-theft-wire-cable-seals-for-secure-shipping-cable-tag-seal","title":{"rendered":"CBS-007 Precintos de cable antirrobo de alta rentabilidad para el sellado seguro de la etiqueta del cable de env\u00edo"},"content":{"rendered":"<table class=\"has-title all magic-7\">\n<tbody>\n<tr>\n<td colspan=\"1\" rowspan=\"1\">\n<div class=\"magic-8\" data-spm-anchor-id=\"a2700.details-description.0.i0.2eaaox72ox72vR\">Nombre<\/div>\n<\/td>\n<td colspan=\"1\" rowspan=\"1\">\n<div class=\"magic-9\">CBS-007<\/div>\n<\/td>\n<\/tr>\n<tr>\n<td colspan=\"1\" rowspan=\"1\">\n<div class=\"magic-8\">Material<\/div>\n<\/td>\n<td colspan=\"1\" rowspan=\"1\">\n<div class=\"magic-9\">ABS,pulvimetalurgia,cable A3,7*7<\/div>\n<\/td>\n<\/tr>\n<tr>\n<td colspan=\"1\" rowspan=\"1\">\n<div class=\"magic-8\">Tama\u00f1o del cuerpo de la cerradura<\/div>\n<\/td>\n<td colspan=\"1\" rowspan=\"1\">\n<div class=\"magic-9\">18*23*8mm<\/div>\n<\/td>\n<\/tr>\n<tr>\n<td colspan=\"1\" rowspan=\"1\">\n<div class=\"magic-8\">Di\u00e1metro<\/div>\n<\/td>\n<td colspan=\"1\" rowspan=\"1\">\n<div class=\"magic-9\">1,8 mm<\/div>\n<\/td>\n<\/tr>\n<tr>\n<td colspan=\"1\" rowspan=\"1\">\n<div class=\"magic-8\">Proceso de fabricaci\u00f3n<\/div>\n<\/td>\n<td colspan=\"1\" rowspan=\"1\">\n<div class=\"magic-9\">Inyecci\u00f3n, estampaci\u00f3n<\/div>\n<\/td>\n<\/tr>\n<tr>\n<td colspan=\"1\" rowspan=\"1\">\n<div class=\"magic-8\">Color<\/div>\n<\/td>\n<td colspan=\"1\" rowspan=\"1\">\n<div class=\"magic-9\">Rojo, amarillo, negro, azul, verde, etc.<\/div>\n<\/td>\n<\/tr>\n<tr>\n<td colspan=\"1\" rowspan=\"1\">\n<div class=\"magic-8\">Material del cable<\/div>\n<\/td>\n<td colspan=\"1\" rowspan=\"1\">\n<div class=\"magic-9\">Acero A3<\/div>\n<\/td>\n<\/tr>\n<tr>\n<td colspan=\"1\" rowspan=\"1\">\n<div class=\"magic-8\">Longitud del cable<\/div>\n<\/td>\n<td colspan=\"1\" rowspan=\"1\">\n<div class=\"magic-9\">25cm,30cm de longitud, cualquier longitud se puede personalizar<\/div>\n<\/td>\n<\/tr>\n<tr>\n<td colspan=\"1\" rowspan=\"1\">\n<div class=\"magic-8\">Tipo de impresi\u00f3n<\/div>\n<\/td>\n<td colspan=\"1\" rowspan=\"1\">\n<div class=\"magic-9\">Marcaje l\u00e1ser,tto<\/div>\n<\/td>\n<\/tr>\n<tr>\n<td colspan=\"1\" rowspan=\"1\">\n<div class=\"magic-8\">Marcado de contenidos<\/div>\n<\/td>\n<td colspan=\"1\" rowspan=\"1\">\n<div class=\"magic-9\">N\u00fameros, letras, marcas, c\u00f3digos de barras<\/div>\n<\/td>\n<\/tr>\n<tr>\n<td colspan=\"1\" rowspan=\"1\">\n<div class=\"magic-8\">Aplicaci\u00f3n<\/div>\n<\/td>\n<td colspan=\"1\" rowspan=\"1\">\n<div class=\"magic-9\">Supermercados, aceite, contenedores, contenedores de ferrocarril, cajas de contadores, monederos bancarios, etc.<\/div>\n<\/td>\n<\/tr>\n<tr>\n<td colspan=\"1\" rowspan=\"1\">\n<div class=\"magic-8\">Embalaje<\/div>\n<\/td>\n<td colspan=\"1\" rowspan=\"1\">\n<div class=\"magic-9\">100pcs\/bolsa de pl\u00e1stico,1000pcs\/cart\u00f3n,2000pcs\/cart\u00f3n<\/div>\n<\/td>\n<\/tr>\n<tr>\n<td colspan=\"1\" rowspan=\"1\">\n<div class=\"magic-8\">Certificado de empresa<\/div>\n<\/td>\n<td colspan=\"1\" rowspan=\"1\">\n<div class=\"magic-9\">ISO17712,ISO9001,ISO14001,ISO45001<\/div>\n<\/td>\n<\/tr>\n<\/tbody>\n<\/table>\n<p>Garantice env\u00edos seguros y a prueba de manipulaciones con los precintos de cable antirrobo de alta rentabilidad CBS-007. Dise\u00f1ados para ofrecer fiabilidad, estos precintos para cables incorporan un duradero cable de acero y una carcasa de ABS reforzado, que proporcionan una resistencia inigualable al corte, la manipulaci\u00f3n y el desgaste ambiental. El exclusivo mecanismo de doble cierre garantiza la seguridad de un solo uso, dejando pruebas visibles del acceso no autorizado: ideal para contenedores de transporte, log\u00edstica, carga o electr\u00f3nica. Con su dise\u00f1o econ\u00f3mico, el CBS-007 ofrece protecci\u00f3n de calidad industrial sin comprometer su asequibilidad. F\u00e1ciles de aplicar e inspeccionar, estos precintos cumplen las normas de seguridad mundiales, lo que los convierte en una opci\u00f3n de confianza para las empresas que dan prioridad a la seguridad de la carga. Proteja sus activos, impida los robos y agilice el cumplimiento de las normativas con el precinto para cables CBS-007.<\/p>","protected":false},"excerpt":{"rendered":"<p>El precinto para cables CBS-007 combina una seguridad muy rentable con una durabilidad a prueba de manipulaciones. Con cable de acero, carcasa de ABS y mecanismo de doble bloqueo, garantiza una disuasi\u00f3n visible de robos en env\u00edos, log\u00edstica y transporte de mercanc\u00edas.<\/p>","protected":false},"featured_media":3711,"template":"","meta":[],"product_brand":[],"product_cat":[168],"product_tag":[321,322,323,324,176,325,232,326,240,241,242,243,244,245,246,318,319,320],"class_list":{"0":"post-3710","1":"product","2":"type-product","3":"status-publish","4":"has-post-thumbnail","6":"product_cat-cable-seal","7":"product_tag-tamper-proof-cable-tags","8":"product_tag-heavy-duty-cable-security","9":"product_tag-logistics-security-seals","10":"product_tag-reusable-cable-seals","11":"product_tag-cable-seal","12":"product_tag-shipping-container-locks","13":"product_tag-container-cable-seals","14":"product_tag-abs-wire-seals","15":"product_tag-abs-cable-seal","16":"product_tag-anti-theft-wire-seal","17":"product_tag-disposable-cable-seals","18":"product_tag-oil-tanker-cable-seals","19":"product_tag-transport-cable-seals","20":"product_tag-safe-transportation-solutions-cable-seals","21":"product_tag-security-cable-seal","22":"product_tag-cable-seal-cbs-007","23":"product_tag-secure-shipping-seals","24":"product_tag-high-cost-effective-cable-locks","26":"first","27":"instock","28":"featured","29":"shipping-taxable","30":"product-type-simple"},"_links":{"self":[{"href":"https:\/\/www.woseal.com\/es\/wp-json\/wp\/v2\/product\/3710","targetHints":{"allow":["GET"]}}],"collection":[{"href":"https:\/\/www.woseal.com\/es\/wp-json\/wp\/v2\/product"}],"about":[{"href":"https:\/\/www.woseal.com\/es\/wp-json\/wp\/v2\/types\/product"}],"version-history":[{"count":3,"href":"https:\/\/www.woseal.com\/es\/wp-json\/wp\/v2\/product\/3710\/revisions"}],"predecessor-version":[{"id":3844,"href":"https:\/\/www.woseal.com\/es\/wp-json\/wp\/v2\/product\/3710\/revisions\/3844"}],"wp:featuredmedia":[{"embeddable":true,"href":"https:\/\/www.woseal.com\/es\/wp-json\/wp\/v2\/media\/3711"}],"wp:attachment":[{"href":"https:\/\/www.woseal.com\/es\/wp-json\/wp\/v2\/media?parent=3710"}],"wp:term":[{"taxonomy":"product_brand","embeddable":true,"href":"https:\/\/www.woseal.com\/es\/wp-json\/wp\/v2\/product_brand?post=3710"},{"taxonomy":"product_cat","embeddable":true,"href":"https:\/\/www.woseal.com\/es\/wp-json\/wp\/v2\/product_cat?post=3710"},{"taxonomy":"product_tag","embeddable":true,"href":"https:\/\/www.woseal.com\/es\/wp-json\/wp\/v2\/product_tag?post=3710"}],"curies":[{"name":"wp","href":"https:\/\/api.w.org\/{rel}","templated":true}]}}