{"id":3719,"date":"2025-03-31T18:13:58","date_gmt":"2025-03-31T10:13:58","guid":{"rendered":"https:\/\/www.woseal.com\/?post_type=product&#038;p=3719"},"modified":"2025-04-11T11:37:04","modified_gmt":"2025-04-11T03:37:04","slug":"cbs-008-good-quality-low-price-container-truck-wire-cable-seal-lock-self-locking-steel-wire-tight-laser-print-hex-cable-tag-seal","status":"publish","type":"product","link":"https:\/\/www.woseal.com\/es\/producto\/cbs-008-good-quality-low-price-container-truck-wire-cable-seal-lock-self-locking-steel-wire-tight-laser-print-hex-cable-tag-seal","title":{"rendered":"CBS-008 Buena calidad bajo precio de contenedores de camiones de alambre de cable de cierre de bloqueo autom\u00e1tico de alambre de acero apretado l\u00e1ser de impresi\u00f3n Hex Cable Tag Seal"},"content":{"rendered":"<table class=\"has-title all magic-7\">\n<tbody>\n<tr>\n<td colspan=\"1\" rowspan=\"1\">\n<div class=\"magic-8\" data-spm-anchor-id=\"a2700.details.0.i74.29a1246d0vvufh\">Nombre<\/div>\n<\/td>\n<td colspan=\"1\" rowspan=\"1\">\n<div class=\"magic-9\">CBS-008<\/div>\n<\/td>\n<\/tr>\n<tr>\n<td colspan=\"1\" rowspan=\"1\">\n<div class=\"magic-8\">material<\/div>\n<\/td>\n<td colspan=\"1\" rowspan=\"1\">\n<div class=\"magic-9\">ABS,pulvimetalurgia,cable A3,7*7<\/div>\n<\/td>\n<\/tr>\n<tr>\n<td colspan=\"1\" rowspan=\"1\">\n<div class=\"magic-8\">Tama\u00f1o del cuerpo de la cerradura<\/div>\n<\/td>\n<td colspan=\"1\" rowspan=\"1\">\n<div class=\"magic-9\">30*34*7mm<\/div>\n<\/td>\n<\/tr>\n<tr>\n<td colspan=\"1\" rowspan=\"1\">\n<div class=\"magic-8\">Di\u00e1metro<\/div>\n<\/td>\n<td colspan=\"1\" rowspan=\"1\">\n<div class=\"magic-9\">1,8 mm<\/div>\n<\/td>\n<\/tr>\n<tr>\n<td colspan=\"1\" rowspan=\"1\">\n<div class=\"magic-8\">Proceso de fabricaci\u00f3n<\/div>\n<\/td>\n<td colspan=\"1\" rowspan=\"1\">\n<div class=\"magic-9\">Inyecci\u00f3n, estampaci\u00f3n<\/div>\n<\/td>\n<\/tr>\n<tr>\n<td colspan=\"1\" rowspan=\"1\">\n<div class=\"magic-8\">Color<\/div>\n<\/td>\n<td colspan=\"1\" rowspan=\"1\">\n<div class=\"magic-9\">Rojo, amarillo, blanco, azul, verde, etc.<\/div>\n<\/td>\n<\/tr>\n<tr>\n<td colspan=\"1\" rowspan=\"1\">\n<div class=\"magic-8\">Material del cable<\/div>\n<\/td>\n<td colspan=\"1\" rowspan=\"1\">\n<div class=\"magic-9\">Acero A3<\/div>\n<\/td>\n<\/tr>\n<tr>\n<td colspan=\"1\" rowspan=\"1\">\n<div class=\"magic-8\">Longitud del cable<\/div>\n<\/td>\n<td colspan=\"1\" rowspan=\"1\">\n<div class=\"magic-9\">25cm,30cm de longitud, cualquier longitud se puede personalizar<\/div>\n<\/td>\n<\/tr>\n<tr>\n<td colspan=\"1\" rowspan=\"1\">\n<div class=\"magic-8\">Tipo de impresi\u00f3n<\/div>\n<\/td>\n<td colspan=\"1\" rowspan=\"1\">\n<div class=\"magic-9\">Marcaje l\u00e1ser,tto<\/div>\n<\/td>\n<\/tr>\n<tr>\n<td colspan=\"1\" rowspan=\"1\">\n<div class=\"magic-8\">Marcado de contenidos<\/div>\n<\/td>\n<td colspan=\"1\" rowspan=\"1\">\n<div class=\"magic-9\">N\u00fameros, letras, marcas, c\u00f3digos de barras<\/div>\n<\/td>\n<\/tr>\n<tr>\n<td colspan=\"1\" rowspan=\"1\">\n<div class=\"magic-8\">Aplicaci\u00f3n<\/div>\n<\/td>\n<td colspan=\"1\" rowspan=\"1\">\n<div class=\"magic-9\">Supermercados, aceite, contenedores, contenedores de ferrocarril, cajas de contadores, monederos bancarios, etc.<\/div>\n<\/td>\n<\/tr>\n<tr>\n<td colspan=\"1\" rowspan=\"1\">\n<div class=\"magic-8\">Embalaje<\/div>\n<\/td>\n<td colspan=\"1\" rowspan=\"1\">\n<div class=\"magic-9\">100pcs\/bolsa de pl\u00e1stico,1000pcs\/cart\u00f3n,2000pcs\/cart\u00f3n<\/div>\n<\/td>\n<\/tr>\n<tr>\n<td colspan=\"1\" rowspan=\"1\">\n<div class=\"magic-8\">Certificado de empresa<\/div>\n<\/td>\n<td colspan=\"1\" rowspan=\"1\">\n<div class=\"magic-9\">ISO17712,ISO9001,ISO14001,ISO45001<\/div>\n<\/td>\n<\/tr>\n<\/tbody>\n<\/table>\n<p>Consiga una seguridad de la carga fiable y rentable con el precinto de cable para camiones portacontenedores CBS-008, un precinto de cable de acero autoblocante dise\u00f1ado para una log\u00edstica econ\u00f3mica sin renunciar a la calidad. Fabricado con\u00a0<strong>Alambre de acero de alta resistencia de 1,8 mm\/2 mm<\/strong>este sello presenta un\u00a0<strong>mecanismo de autobloqueo de tracci\u00f3n<\/strong>\u00a0que garantiza un ajuste seguro y resistente a las vibraciones en contenedores, remolques o puertas de camiones. El\u00a0<strong>etiqueta de cable hexagonal impresa con l\u00e1ser<\/strong>\u00a0proporciona claridad a prueba de manipulaciones e identificaci\u00f3n permanente, con n\u00fameros de serie \u00fanicos para facilitar el seguimiento y el cumplimiento de las normas ISO 17712. Ideal para env\u00edos a granel, transporte de mercanc\u00edas o almacenamiento temporal, su construcci\u00f3n resistente a la corrosi\u00f3n soporta condiciones meteorol\u00f3gicas adversas y una manipulaci\u00f3n brusca. A pesar de su bajo precio, la CBS-008 ofrece una durabilidad excepcional, lo que la convierte en la mejor opci\u00f3n para PYMES, proveedores log\u00edsticos e industrias que priorizan la asequibilidad y la seguridad. Colores personalizables y opciones de marca disponibles.<\/p>","protected":false},"excerpt":{"rendered":"<p>El precinto para cables CBS-008 combina alambre de acero autobloqueante, etiquetas hexagonales impresas por l\u00e1ser y un precio asequible para garantizar la seguridad de contenedores y camiones a prueba de manipulaciones, conforme a la norma ISO y dise\u00f1ado para durar.<\/p>","protected":false},"featured_media":3720,"template":"","meta":[],"product_brand":[],"product_cat":[168],"product_tag":[246,247,248,249,250,308,309,310,311,312,313,314,176,315,183,316,238,317,239],"class_list":{"0":"post-3719","1":"product","2":"type-product","3":"status-publish","4":"has-post-thumbnail","6":"product_cat-cable-seal","7":"product_tag-security-cable-seal","8":"product_tag-large-sized-label-seal","9":"product_tag-pp-cable-seal","10":"product_tag-steel-wire-seal","11":"product_tag-hex-cable-tag-seal","12":"product_tag-cbs-008-low-price-cable-seal","13":"product_tag-self-locking-container-truck-seals","14":"product_tag-steel-wire-cable-locks","15":"product_tag-laser-print-hex-tag-seals","16":"product_tag-iso-17712-compliant-security-seals","17":"product_tag-affordable-logistics-cable-locks","18":"product_tag-pull-tight-truck-seals","19":"product_tag-cable-seal","20":"product_tag-corrosion-resistant-wire-seals","21":"product_tag-safety-cable-seal","22":"product_tag-bulk-freight-security-solutions","23":"product_tag-truck-cable-seal","24":"product_tag-budget-container-sealing-tags","25":"product_tag-container-lock-seal","27":"first","28":"instock","29":"featured","30":"shipping-taxable","31":"product-type-simple"},"_links":{"self":[{"href":"https:\/\/www.woseal.com\/es\/wp-json\/wp\/v2\/product\/3719","targetHints":{"allow":["GET"]}}],"collection":[{"href":"https:\/\/www.woseal.com\/es\/wp-json\/wp\/v2\/product"}],"about":[{"href":"https:\/\/www.woseal.com\/es\/wp-json\/wp\/v2\/types\/product"}],"version-history":[{"count":2,"href":"https:\/\/www.woseal.com\/es\/wp-json\/wp\/v2\/product\/3719\/revisions"}],"predecessor-version":[{"id":3842,"href":"https:\/\/www.woseal.com\/es\/wp-json\/wp\/v2\/product\/3719\/revisions\/3842"}],"wp:featuredmedia":[{"embeddable":true,"href":"https:\/\/www.woseal.com\/es\/wp-json\/wp\/v2\/media\/3720"}],"wp:attachment":[{"href":"https:\/\/www.woseal.com\/es\/wp-json\/wp\/v2\/media?parent=3719"}],"wp:term":[{"taxonomy":"product_brand","embeddable":true,"href":"https:\/\/www.woseal.com\/es\/wp-json\/wp\/v2\/product_brand?post=3719"},{"taxonomy":"product_cat","embeddable":true,"href":"https:\/\/www.woseal.com\/es\/wp-json\/wp\/v2\/product_cat?post=3719"},{"taxonomy":"product_tag","embeddable":true,"href":"https:\/\/www.woseal.com\/es\/wp-json\/wp\/v2\/product_tag?post=3719"}],"curies":[{"name":"wp","href":"https:\/\/api.w.org\/{rel}","templated":true}]}}