{"id":3732,"date":"2025-04-01T14:54:27","date_gmt":"2025-04-01T06:54:27","guid":{"rendered":"https:\/\/www.woseal.com\/?post_type=product&#038;p=3732"},"modified":"2025-04-11T11:30:58","modified_gmt":"2025-04-11T03:30:58","slug":"cbs-009-high-security-steel-pp-pull-tight-container-trailer-truck-transport-cable-seal-1-8mm-2mm-sealing-strip-ore","status":"publish","type":"product","link":"https:\/\/www.woseal.com\/es\/producto\/cbs-009-high-security-steel-pp-pull-tight-container-trailer-truck-transport-cable-seal-1-8mm-2mm-sealing-strip-ore","title":{"rendered":"CBS-009 Alta Seguridad Acero PP Pull Tight Contenedor Remolque Cami\u00f3n Transporte Cable Seal 1.8mm 2mm Tira de Sellado Mineral"},"content":{"rendered":"<table class=\"has-title all magic-7\">\n<tbody>\n<tr>\n<td colspan=\"1\" rowspan=\"1\">\n<div class=\"magic-8\" data-spm-anchor-id=\"a2700.details.0.i74.59fb5553b74BTl\">Nombre<\/div>\n<\/td>\n<td colspan=\"1\" rowspan=\"1\">\n<div class=\"magic-9\">CBS-009<\/div>\n<\/td>\n<\/tr>\n<tr>\n<td colspan=\"1\" rowspan=\"1\">\n<div class=\"magic-8\">Material<\/div>\n<\/td>\n<td colspan=\"1\" rowspan=\"1\">\n<div class=\"magic-9\">Pulvimetalurgia,ABS,Cable A3,7*7<\/div>\n<\/td>\n<\/tr>\n<tr>\n<td colspan=\"1\" rowspan=\"1\">\n<div class=\"magic-8\">Tama\u00f1o del cuerpo de la cerradura<\/div>\n<\/td>\n<td colspan=\"1\" rowspan=\"1\">\n<div class=\"magic-9\">22*15*8mm<\/div>\n<\/td>\n<\/tr>\n<tr>\n<td colspan=\"1\" rowspan=\"1\">\n<div class=\"magic-8\">Di\u00e1metro<\/div>\n<\/td>\n<td colspan=\"1\" rowspan=\"1\">\n<div class=\"magic-9\">1,8 mm<\/div>\n<\/td>\n<\/tr>\n<tr>\n<td colspan=\"1\" rowspan=\"1\">\n<div class=\"magic-8\">Proceso de fabricaci\u00f3n<\/div>\n<\/td>\n<td colspan=\"1\" rowspan=\"1\">\n<div class=\"magic-9\">Inyecci\u00f3n, estampaci\u00f3n<\/div>\n<\/td>\n<\/tr>\n<tr>\n<td colspan=\"1\" rowspan=\"1\">\n<div class=\"magic-8\">Color<\/div>\n<\/td>\n<td colspan=\"1\" rowspan=\"1\">\n<div class=\"magic-9\">Rojo, amarillo, blanco, azul, verde, etc.<\/div>\n<\/td>\n<\/tr>\n<tr>\n<td colspan=\"1\" rowspan=\"1\">\n<div class=\"magic-8\">Material del cable<\/div>\n<\/td>\n<td colspan=\"1\" rowspan=\"1\">\n<div class=\"magic-9\">Acero A3<\/div>\n<\/td>\n<\/tr>\n<tr>\n<td colspan=\"1\" rowspan=\"1\">\n<div class=\"magic-8\">Longitud del cable<\/div>\n<\/td>\n<td colspan=\"1\" rowspan=\"1\">\n<div class=\"magic-9\">25cm,30cm de longitud, cualquier longitud se puede personalizar<\/div>\n<\/td>\n<\/tr>\n<tr>\n<td colspan=\"1\" rowspan=\"1\">\n<div class=\"magic-8\">Tipo de impresi\u00f3n<\/div>\n<\/td>\n<td colspan=\"1\" rowspan=\"1\">\n<div class=\"magic-9\">Marcaje l\u00e1ser,tto<\/div>\n<\/td>\n<\/tr>\n<tr>\n<td colspan=\"1\" rowspan=\"1\">\n<div class=\"magic-8\">Marcado de contenidos<\/div>\n<\/td>\n<td colspan=\"1\" rowspan=\"1\">\n<div class=\"magic-9\">N\u00fameros, letras, marcas, c\u00f3digos de barras<\/div>\n<\/td>\n<\/tr>\n<tr>\n<td colspan=\"1\" rowspan=\"1\">\n<div class=\"magic-8\">Aplicaci\u00f3n<\/div>\n<\/td>\n<td colspan=\"1\" rowspan=\"1\">\n<div class=\"magic-9\">Supermercados, aceite, contenedores, contenedores de ferrocarril, cajas de contadores, monederos bancarios, etc.<\/div>\n<\/td>\n<\/tr>\n<tr>\n<td colspan=\"1\" rowspan=\"1\">\n<div class=\"magic-8\">Embalaje<\/div>\n<\/td>\n<td colspan=\"1\" rowspan=\"1\">\n<div class=\"magic-9\">100pcs\/bolsa de pl\u00e1stico,1000pcs\/cart\u00f3n,2000pcs\/cart\u00f3n<\/div>\n<\/td>\n<\/tr>\n<tr>\n<td colspan=\"1\" rowspan=\"1\">\n<div class=\"magic-8\">Certificado de empresa<\/div>\n<\/td>\n<td colspan=\"1\" rowspan=\"1\">\n<div class=\"magic-9\">ISO17712,ISO9001,ISO14001,ISO45001<\/div>\n<\/td>\n<\/tr>\n<\/tbody>\n<\/table>\n<p>Asegure su carga con el precinto de cable de acero PP de alta seguridad CBS-009, dise\u00f1ado para aplicaciones rigurosas de transporte en contenedores, remolques y camiones. Combinando\u00a0<strong>alambre de acero<\/strong>\u00a0(con opciones de grosor de 1,8 mm o 2 mm) y una tira de sellado de PP reforzado, este precinto de seguridad ofrece una resistencia inigualable a los cortes, la corrosi\u00f3n y las condiciones ambientales adversas. El innovador\u00a0<strong>mecanismo de tracci\u00f3n<\/strong>\u00a0garantiza un ajuste perfecto y a prueba de vibraciones, evitando que se afloje durante el transporte y proporcionando una clara evidencia visual de los intentos de manipulaci\u00f3n. Ideal para proteger mercanc\u00edas de alto valor, env\u00edos de minerales o materiales peligrosos, el CBS-009 incorpora n\u00fameros de serie y c\u00f3digos de barras \u00fanicos grabados con l\u00e1ser para una trazabilidad completa y el cumplimiento de las normas ISO 17712, C-TPAT y TAPA. Se puede personalizar en colores, longitudes y marcas, y est\u00e1 fabricada para soportar tensiones extremas y un uso repetitivo, lo que la convierte en la opci\u00f3n preferida de los sectores de la log\u00edstica global, la miner\u00eda y el transporte de mercanc\u00edas pesadas.<\/p>","protected":false},"excerpt":{"rendered":"<p>El precinto para cables CBS-009 ofrece una construcci\u00f3n de acero\/PP de alta seguridad, un dise\u00f1o a prueba de manipulaciones y opciones de doble grosor (1,8 mm\/2 mm) para una protecci\u00f3n fiable de contenedores, camiones y transporte de minerales, con certificaci\u00f3n ISO y personalizable.<\/p>","protected":false},"featured_media":3737,"template":"","meta":[],"product_brand":[],"product_cat":[168],"product_tag":[306,176,307,178,183,239,240,249,252,298,299,300,301,302,303,304,305],"class_list":{"0":"post-3732","1":"product","2":"type-product","3":"status-publish","4":"has-post-thumbnail","6":"product_cat-cable-seal","7":"product_tag-customizable-cargo-security-tags","8":"product_tag-cable-seal","9":"product_tag-mining-transport-anti-theft-solutions","10":"product_tag-security-seal","11":"product_tag-safety-cable-seal","12":"product_tag-container-lock-seal","13":"product_tag-abs-cable-seal","14":"product_tag-steel-wire-seal","15":"product_tag-transport-cable-seal","16":"product_tag-cbs-009-steel-pp-cable-seal","17":"product_tag-pull-tight-container-seals","18":"product_tag-tamper-evident-truck-transport-seals","19":"product_tag-1-8mm-2mm-sealing-strip","20":"product_tag-high-security-trailer-cable-locks","21":"product_tag-iso-17712-compliant-ore-seals","22":"product_tag-corrosion-resistant-logistics-seals","23":"product_tag-heavy-duty-pp-steel-hybrid-seals","25":"first","26":"instock","27":"shipping-taxable","28":"product-type-simple"},"_links":{"self":[{"href":"https:\/\/www.woseal.com\/es\/wp-json\/wp\/v2\/product\/3732","targetHints":{"allow":["GET"]}}],"collection":[{"href":"https:\/\/www.woseal.com\/es\/wp-json\/wp\/v2\/product"}],"about":[{"href":"https:\/\/www.woseal.com\/es\/wp-json\/wp\/v2\/types\/product"}],"version-history":[{"count":3,"href":"https:\/\/www.woseal.com\/es\/wp-json\/wp\/v2\/product\/3732\/revisions"}],"predecessor-version":[{"id":3841,"href":"https:\/\/www.woseal.com\/es\/wp-json\/wp\/v2\/product\/3732\/revisions\/3841"}],"wp:featuredmedia":[{"embeddable":true,"href":"https:\/\/www.woseal.com\/es\/wp-json\/wp\/v2\/media\/3737"}],"wp:attachment":[{"href":"https:\/\/www.woseal.com\/es\/wp-json\/wp\/v2\/media?parent=3732"}],"wp:term":[{"taxonomy":"product_brand","embeddable":true,"href":"https:\/\/www.woseal.com\/es\/wp-json\/wp\/v2\/product_brand?post=3732"},{"taxonomy":"product_cat","embeddable":true,"href":"https:\/\/www.woseal.com\/es\/wp-json\/wp\/v2\/product_cat?post=3732"},{"taxonomy":"product_tag","embeddable":true,"href":"https:\/\/www.woseal.com\/es\/wp-json\/wp\/v2\/product_tag?post=3732"}],"curies":[{"name":"wp","href":"https:\/\/api.w.org\/{rel}","templated":true}]}}