{"id":3821,"date":"2025-04-02T16:43:54","date_gmt":"2025-04-02T08:43:54","guid":{"rendered":"https:\/\/www.woseal.com\/?post_type=product&#038;p=3821"},"modified":"2025-04-11T11:26:57","modified_gmt":"2025-04-11T03:26:57","slug":"cbs-011-high-security-logistics-wire-seal-quality-anti-theft-wire-cable-for-truck-container-sealing-strip-cable-tag","status":"publish","type":"product","link":"https:\/\/www.woseal.com\/es\/producto\/cbs-011-high-security-logistics-wire-seal-quality-anti-theft-wire-cable-for-truck-container-sealing-strip-cable-tag","title":{"rendered":"CBS-011 Alta Seguridad Log\u00edstica Sello de alambre de calidad antirrobo de cable de alambre para el contenedor de camiones de sellado de la etiqueta del cable de la tira"},"content":{"rendered":"<table class=\"has-title all magic-7\">\n<tbody>\n<tr>\n<td colspan=\"1\" rowspan=\"1\">\n<div class=\"magic-8\" data-spm-anchor-id=\"a2700.details.0.i75.6c4610dfKxytoo\">Nombre<\/div>\n<\/td>\n<td colspan=\"1\" rowspan=\"1\">\n<div class=\"magic-9\">CBS-011<\/div>\n<\/td>\n<\/tr>\n<tr>\n<td colspan=\"1\" rowspan=\"1\">\n<div class=\"magic-8\">material<\/div>\n<\/td>\n<td colspan=\"1\" rowspan=\"1\">\n<div class=\"magic-9\">ABS,pulvimetalurgia,cable A3,7*7<\/div>\n<\/td>\n<\/tr>\n<tr>\n<td colspan=\"1\" rowspan=\"1\">\n<div class=\"magic-8\">Tama\u00f1o del cuerpo de la cerradura<\/div>\n<\/td>\n<td colspan=\"1\" rowspan=\"1\">\n<div class=\"magic-9\">23*18*11mm<\/div>\n<\/td>\n<\/tr>\n<tr>\n<td colspan=\"1\" rowspan=\"1\">\n<div class=\"magic-8\">Di\u00e1metro<\/div>\n<\/td>\n<td colspan=\"1\" rowspan=\"1\">\n<div class=\"magic-9\">1,8 mm<\/div>\n<\/td>\n<\/tr>\n<tr>\n<td colspan=\"1\" rowspan=\"1\">\n<div class=\"magic-8\">Proceso de fabricaci\u00f3n<\/div>\n<\/td>\n<td colspan=\"1\" rowspan=\"1\">\n<div class=\"magic-9\">Inyecci\u00f3n, estampaci\u00f3n<\/div>\n<\/td>\n<\/tr>\n<tr>\n<td colspan=\"1\" rowspan=\"1\">\n<div class=\"magic-8\">Color<\/div>\n<\/td>\n<td colspan=\"1\" rowspan=\"1\">\n<div class=\"magic-9\">Rojo, amarillo, otros, azul, verde, etc.<\/div>\n<\/td>\n<\/tr>\n<tr>\n<td colspan=\"1\" rowspan=\"1\">\n<div class=\"magic-8\">Material del cable<\/div>\n<\/td>\n<td colspan=\"1\" rowspan=\"1\">\n<div class=\"magic-9\">Acero A3<\/div>\n<\/td>\n<\/tr>\n<tr>\n<td colspan=\"1\" rowspan=\"1\">\n<div class=\"magic-8\">Longitud del cable<\/div>\n<\/td>\n<td colspan=\"1\" rowspan=\"1\">\n<div class=\"magic-9\">25cm,30cm de longitud, cualquier longitud se puede personalizar<\/div>\n<\/td>\n<\/tr>\n<tr>\n<td colspan=\"1\" rowspan=\"1\">\n<div class=\"magic-8\">Tipo de impresi\u00f3n<\/div>\n<\/td>\n<td colspan=\"1\" rowspan=\"1\">\n<div class=\"magic-9\">Marcaje l\u00e1ser,tto<\/div>\n<\/td>\n<\/tr>\n<tr>\n<td colspan=\"1\" rowspan=\"1\">\n<div class=\"magic-8\">Marcado de contenidos<\/div>\n<\/td>\n<td colspan=\"1\" rowspan=\"1\">\n<div class=\"magic-9\">N\u00fameros, letras, marcas, c\u00f3digos de barras<\/div>\n<\/td>\n<\/tr>\n<tr>\n<td colspan=\"1\" rowspan=\"1\">\n<div class=\"magic-8\">Aplicaci\u00f3n<\/div>\n<\/td>\n<td colspan=\"1\" rowspan=\"1\">\n<div class=\"magic-9\">Supermercados, aceite, contenedores, contenedores de ferrocarril, cajas de contadores, monederos bancarios, etc.<\/div>\n<\/td>\n<\/tr>\n<tr>\n<td colspan=\"1\" rowspan=\"1\">\n<div class=\"magic-8\">Embalaje<\/div>\n<\/td>\n<td colspan=\"1\" rowspan=\"1\">\n<div class=\"magic-9\">100pcs\/bolsa de pl\u00e1stico,1000pcs\/cart\u00f3n,2000pcs\/cart\u00f3n<\/div>\n<\/td>\n<\/tr>\n<tr>\n<td colspan=\"1\" rowspan=\"1\">\n<div class=\"magic-8\">Certificado de empresa<\/div>\n<\/td>\n<td colspan=\"1\" rowspan=\"1\">\n<div class=\"magic-9\">ISO17712,ISO9001,ISO14001,ISO45001<\/div>\n<\/td>\n<\/tr>\n<\/tbody>\n<\/table>\n<p>Mejore la seguridad de la cadena de suministro con el precinto de alambre de alta seguridad para log\u00edstica CBS-011, dise\u00f1ado para ofrecer una protecci\u00f3n antirrobo inigualable para contenedores de camiones, remolques de carga y log\u00edstica de mercanc\u00edas. Con un cable de acero reforzado y un mecanismo de cierre moldeado con precisi\u00f3n, este precinto a prueba de manipulaciones resiste los cortes, la corrosi\u00f3n y las condiciones ambientales adversas, garantizando la integridad durante el transporte. El dise\u00f1o de doble capa del CBS-011 combina una tira de precinto duradera con una etiqueta de cable personalizable, que proporciona alertas visuales claras de manipulaci\u00f3n e identificaci\u00f3n \u00fanica mediante n\u00fameros de serie grabados con l\u00e1ser. Ideal para industrias de alto riesgo como la farmac\u00e9utica, la electr\u00f3nica y los env\u00edos transfronterizos, cumple la norma ISO 17712 y admite la personalizaci\u00f3n de la marca. Conf\u00ede en el CBS-011 para proteger sus activos, evitar robos y agilizar las auditor\u00edas de conformidad.<\/p>","protected":false},"excerpt":{"rendered":"<p>El precinto de alambre de alta seguridad CBS-011 protege los contenedores de camiones con cables de acero antirrobo, etiquetas a prueba de manipulaciones y durabilidad conforme a la norma ISO, perfecto para la log\u00edstica, el transporte y la protecci\u00f3n de cargas.<\/p>","protected":false},"featured_media":3822,"template":"","meta":[],"product_brand":[],"product_cat":[168],"product_tag":[278,279,280,281,282,283,284,285,286,287],"class_list":{"0":"post-3821","1":"product","2":"type-product","3":"status-publish","4":"has-post-thumbnail","6":"product_cat-cable-seal","7":"product_tag-cbs-011-high-security-wire-seal","8":"product_tag-anti-theft-logistics-cable-seal","9":"product_tag-truck-container-security-locks","10":"product_tag-tamper-evident-cargo-seals","11":"product_tag-iso-17712-compliant-seals","12":"product_tag-reinforced-steel-wire-cable","13":"product_tag-logistics-sealing-strip-tags","14":"product_tag-freight-trailer-security-seals","15":"product_tag-customizable-cable-tags","16":"product_tag-supply-chain-anti-tampering-solutions","18":"first","19":"instock","20":"shipping-taxable","21":"product-type-simple"},"_links":{"self":[{"href":"https:\/\/www.woseal.com\/es\/wp-json\/wp\/v2\/product\/3821","targetHints":{"allow":["GET"]}}],"collection":[{"href":"https:\/\/www.woseal.com\/es\/wp-json\/wp\/v2\/product"}],"about":[{"href":"https:\/\/www.woseal.com\/es\/wp-json\/wp\/v2\/types\/product"}],"version-history":[{"count":1,"href":"https:\/\/www.woseal.com\/es\/wp-json\/wp\/v2\/product\/3821\/revisions"}],"predecessor-version":[{"id":3830,"href":"https:\/\/www.woseal.com\/es\/wp-json\/wp\/v2\/product\/3821\/revisions\/3830"}],"wp:featuredmedia":[{"embeddable":true,"href":"https:\/\/www.woseal.com\/es\/wp-json\/wp\/v2\/media\/3822"}],"wp:attachment":[{"href":"https:\/\/www.woseal.com\/es\/wp-json\/wp\/v2\/media?parent=3821"}],"wp:term":[{"taxonomy":"product_brand","embeddable":true,"href":"https:\/\/www.woseal.com\/es\/wp-json\/wp\/v2\/product_brand?post=3821"},{"taxonomy":"product_cat","embeddable":true,"href":"https:\/\/www.woseal.com\/es\/wp-json\/wp\/v2\/product_cat?post=3821"},{"taxonomy":"product_tag","embeddable":true,"href":"https:\/\/www.woseal.com\/es\/wp-json\/wp\/v2\/product_tag?post=3821"}],"curies":[{"name":"wp","href":"https:\/\/api.w.org\/{rel}","templated":true}]}}