{"id":3831,"date":"2025-04-02T17:11:26","date_gmt":"2025-04-02T09:11:26","guid":{"rendered":"https:\/\/www.woseal.com\/?post_type=product&#038;p=3831"},"modified":"2025-04-02T17:11:30","modified_gmt":"2025-04-02T09:11:30","slug":"cbs-012-newly-designed-double-lock-tension-steel-wire-seal-with-dual-anti-theft-truck-cable-seal","status":"publish","type":"product","link":"https:\/\/www.woseal.com\/es\/producto\/cbs-012-newly-designed-double-lock-tension-steel-wire-seal-with-dual-anti-theft-truck-cable-seal","title":{"rendered":"CBS-012 Sello de alambre de acero con doble tensi\u00f3n de bloqueo de nuevo dise\u00f1o y sello de cable de cami\u00f3n antirrobo doble"},"content":{"rendered":"<table class=\"has-title all magic-7\">\n<tbody>\n<tr>\n<td colspan=\"1\" rowspan=\"1\">\n<div class=\"magic-8\" data-spm-anchor-id=\"a2700.details.0.i73.1eb26e23uJQgG6\">Nombre<\/div>\n<\/td>\n<td colspan=\"1\" rowspan=\"1\">\n<div class=\"magic-9\">CBS-012<\/div>\n<\/td>\n<\/tr>\n<tr>\n<td colspan=\"1\" rowspan=\"1\">\n<div class=\"magic-8\">material<\/div>\n<\/td>\n<td colspan=\"1\" rowspan=\"1\">\n<div class=\"magic-9\">ABS,A3 cable met\u00e1lico<\/div>\n<\/td>\n<\/tr>\n<tr>\n<td colspan=\"1\" rowspan=\"1\">\n<div class=\"magic-8\">Tama\u00f1o del cuerpo de la cerradura<\/div>\n<\/td>\n<td colspan=\"1\" rowspan=\"1\">\n<div class=\"magic-9\">300*28*10mm<\/div>\n<\/td>\n<\/tr>\n<tr>\n<td colspan=\"1\" rowspan=\"1\">\n<div class=\"magic-8\">Di\u00e1metro<\/div>\n<\/td>\n<td colspan=\"1\" rowspan=\"1\">\n<div class=\"magic-9\">2,2 mm<\/div>\n<\/td>\n<\/tr>\n<tr>\n<td colspan=\"1\" rowspan=\"1\">\n<div class=\"magic-8\">Proceso de fabricaci\u00f3n<\/div>\n<\/td>\n<td colspan=\"1\" rowspan=\"1\">\n<div class=\"magic-9\">Inyecci\u00f3n, estampaci\u00f3n<\/div>\n<\/td>\n<\/tr>\n<tr>\n<td colspan=\"1\" rowspan=\"1\">\n<div class=\"magic-8\">Color<\/div>\n<\/td>\n<td colspan=\"1\" rowspan=\"1\">\n<div class=\"magic-9\">Rojo, amarillo, blanco, azul, verde, etc.<\/div>\n<\/td>\n<\/tr>\n<tr>\n<td colspan=\"1\" rowspan=\"1\">\n<div class=\"magic-8\">Material del cable<\/div>\n<\/td>\n<td colspan=\"1\" rowspan=\"1\">\n<div class=\"magic-9\">Acero A3<\/div>\n<\/td>\n<\/tr>\n<tr>\n<td colspan=\"1\" rowspan=\"1\">\n<div class=\"magic-8\">Longitud del cable<\/div>\n<\/td>\n<td colspan=\"1\" rowspan=\"1\">\n<div class=\"magic-9\">25cm,30cm de longitud, cualquier longitud se puede personalizar<\/div>\n<\/td>\n<\/tr>\n<tr>\n<td colspan=\"1\" rowspan=\"1\">\n<div class=\"magic-8\">Tipo de impresi\u00f3n<\/div>\n<\/td>\n<td colspan=\"1\" rowspan=\"1\">\n<div class=\"magic-9\">Marcaje l\u00e1ser,tto<\/div>\n<\/td>\n<\/tr>\n<tr>\n<td colspan=\"1\" rowspan=\"1\">\n<div class=\"magic-8\">Marcado de contenidos<\/div>\n<\/td>\n<td colspan=\"1\" rowspan=\"1\">\n<div class=\"magic-9\">N\u00fameros, letras, marcas, c\u00f3digos de barras<\/div>\n<\/td>\n<\/tr>\n<tr>\n<td colspan=\"1\" rowspan=\"1\">\n<div class=\"magic-8\">Aplicaci\u00f3n<\/div>\n<\/td>\n<td colspan=\"1\" rowspan=\"1\">\n<div class=\"magic-9\">Supermercados, aceite, contenedores, contenedores de ferrocarril, cajas de contadores, monederos bancarios, etc.<\/div>\n<\/td>\n<\/tr>\n<tr>\n<td colspan=\"1\" rowspan=\"1\">\n<div class=\"magic-8\">Embalaje<\/div>\n<\/td>\n<td colspan=\"1\" rowspan=\"1\">\n<div class=\"magic-9\">100pcs\/bolsa de pl\u00e1stico,1000pcs\/cart\u00f3n,2000pcs\/cart\u00f3n<\/div>\n<\/td>\n<\/tr>\n<tr>\n<td colspan=\"1\" rowspan=\"1\">\n<div class=\"magic-8\">Certificado de empresa<\/div>\n<\/td>\n<td colspan=\"1\" rowspan=\"1\">\n<div class=\"magic-9\">ISO17712,ISO9001,ISO14001,ISO45001<\/div>\n<\/td>\n<\/tr>\n<\/tbody>\n<\/table>\n<p>Aumente la seguridad de la carga con el precinto de alambre de acero con doble bloqueo y tensi\u00f3n CBS-012, una soluci\u00f3n antirrobo de vanguardia dise\u00f1ada para ofrecer la m\u00e1xima fiabilidad en camiones, contenedores y aplicaciones log\u00edsticas de gran valor. Con un\u00a0<strong>mecanismo de doble cierre<\/strong>\u00a0y construcci\u00f3n de cable de acero reforzado, este precinto ofrece una resistencia a la manipulaci\u00f3n de doble capa, impidiendo el acceso no autorizado incluso bajo tensiones extremas o intentos de corte. El cable de acero resistente a la corrosi\u00f3n y el cabezal de cierre moldeado con precisi\u00f3n garantizan la durabilidad en condiciones clim\u00e1ticas adversas, mientras que el\u00a0<strong>dise\u00f1o de tensi\u00f3n controlada<\/strong>\u00a0mantiene la integridad del cierre herm\u00e9tico durante el transporte de larga distancia. Cada CBS-012 incluye un c\u00f3digo de barras serializado \u00fanico y numeraci\u00f3n grabada con l\u00e1ser para una verificaci\u00f3n instant\u00e1nea y el cumplimiento de las normas ISO 17712, C-TPAT y TAPA. Personalizable en colores, longitudes de cable y marcas, es ideal para proteger env\u00edos transfronterizos, materiales peligrosos y cargas sensibles.<\/p>","protected":false},"excerpt":{"rendered":"<p>El precinto de cable de doble cerradura CBS-012 combina dos cerraduras antirrobo y un cable de acero resistente a la tensi\u00f3n para una seguridad a prueba de manipulaciones en camiones, contenedores y log\u00edstica, con certificaci\u00f3n ISO y personalizable.<\/p>","protected":false},"featured_media":3832,"template":"","meta":[],"product_brand":[],"product_cat":[168],"product_tag":[291,292,293,294,295,296,297,288,289,290],"class_list":{"0":"post-3831","1":"product","2":"type-product","3":"status-publish","4":"has-post-thumbnail","6":"product_cat-cable-seal","7":"product_tag-iso-17712-compliant-cable-locks","8":"product_tag-tamper-proof-container-security-seals","9":"product_tag-heavy-duty-logistics-wire-seals","10":"product_tag-cargo-barcode-security-tags","11":"product_tag-high-tension-truck-cable-locks","12":"product_tag-customizable-steel-wire-seals","13":"product_tag-cross-border-freight-security-solutions","14":"product_tag-cbs-012-double-lock-cable-seal","15":"product_tag-dual-anti-theft-truck-seals","16":"product_tag-tension-resistant-steel-wire-seals","18":"first","19":"instock","20":"shipping-taxable","21":"product-type-simple"},"_links":{"self":[{"href":"https:\/\/www.woseal.com\/es\/wp-json\/wp\/v2\/product\/3831","targetHints":{"allow":["GET"]}}],"collection":[{"href":"https:\/\/www.woseal.com\/es\/wp-json\/wp\/v2\/product"}],"about":[{"href":"https:\/\/www.woseal.com\/es\/wp-json\/wp\/v2\/types\/product"}],"version-history":[{"count":1,"href":"https:\/\/www.woseal.com\/es\/wp-json\/wp\/v2\/product\/3831\/revisions"}],"predecessor-version":[{"id":3839,"href":"https:\/\/www.woseal.com\/es\/wp-json\/wp\/v2\/product\/3831\/revisions\/3839"}],"wp:featuredmedia":[{"embeddable":true,"href":"https:\/\/www.woseal.com\/es\/wp-json\/wp\/v2\/media\/3832"}],"wp:attachment":[{"href":"https:\/\/www.woseal.com\/es\/wp-json\/wp\/v2\/media?parent=3831"}],"wp:term":[{"taxonomy":"product_brand","embeddable":true,"href":"https:\/\/www.woseal.com\/es\/wp-json\/wp\/v2\/product_brand?post=3831"},{"taxonomy":"product_cat","embeddable":true,"href":"https:\/\/www.woseal.com\/es\/wp-json\/wp\/v2\/product_cat?post=3831"},{"taxonomy":"product_tag","embeddable":true,"href":"https:\/\/www.woseal.com\/es\/wp-json\/wp\/v2\/product_tag?post=3831"}],"curies":[{"name":"wp","href":"https:\/\/api.w.org\/{rel}","templated":true}]}}