{"id":3871,"date":"2025-04-07T11:35:12","date_gmt":"2025-04-07T03:35:12","guid":{"rendered":"https:\/\/www.woseal.com\/?post_type=product&#038;p=3871"},"modified":"2025-04-11T11:12:10","modified_gmt":"2025-04-11T03:12:10","slug":"pts-002-disposable-self-locking-security-seal-truck-logistics-anti-theft-plastic-seal-zip-tie-tag","status":"publish","type":"product","link":"https:\/\/www.woseal.com\/es\/producto\/pts-002-disposable-self-locking-security-seal-truck-logistics-anti-theft-plastic-seal-zip-tie-tag","title":{"rendered":"PTS-002 Desechable Auto-bloqueo de Seguridad del Sello Log\u00edstica de Camiones Antirrobo de Pl\u00e1stico Zip Tie Tag"},"content":{"rendered":"<table class=\"has-title all magic-7\">\n<tbody>\n<tr>\n<td colspan=\"1\" rowspan=\"1\">\n<div class=\"magic-8\" data-spm-anchor-id=\"a2700.details-description.0.i0.2db3GWLZGWLZfP\">Lugar de origen<\/div>\n<\/td>\n<td colspan=\"1\" rowspan=\"1\">\n<div class=\"magic-9\">China<\/div>\n<\/td>\n<\/tr>\n<tr>\n<td colspan=\"1\" rowspan=\"1\">\n<div class=\"magic-8\">Art\u00edculo<\/div>\n<\/td>\n<td colspan=\"1\" rowspan=\"1\">\n<div class=\"magic-9\">Sello de pl\u00e1stico<\/div>\n<\/td>\n<\/tr>\n<tr>\n<td colspan=\"1\" rowspan=\"1\">\n<div class=\"magic-8\">Modelo<\/div>\n<\/td>\n<td colspan=\"1\" rowspan=\"1\">\n<div class=\"magic-9\">TPS-002<\/div>\n<\/td>\n<\/tr>\n<tr>\n<td colspan=\"1\" rowspan=\"1\">\n<div class=\"magic-8\">Material<\/div>\n<\/td>\n<td colspan=\"1\" rowspan=\"1\">\n<div class=\"magic-9\">PP+PE<\/div>\n<\/td>\n<\/tr>\n<tr>\n<td colspan=\"1\" rowspan=\"1\">\n<div class=\"magic-8\">Tama\u00f1o del cuerpo de la cerradura<\/div>\n<\/td>\n<td colspan=\"1\" rowspan=\"1\">\n<div class=\"magic-9\">70*14*5,5 mm<\/div>\n<\/td>\n<\/tr>\n<tr>\n<td colspan=\"1\" rowspan=\"1\">\n<div class=\"magic-8\">Longitud<\/div>\n<\/td>\n<td colspan=\"1\" rowspan=\"1\">\n<div class=\"magic-9\">200\/300\/370mm<\/div>\n<\/td>\n<\/tr>\n<tr>\n<td colspan=\"1\" rowspan=\"1\">\n<div class=\"magic-8\">Color<\/div>\n<\/td>\n<td colspan=\"1\" rowspan=\"1\">\n<div class=\"magic-9\">Amarillo, blanco, azul, verde, rojo, etc.<\/div>\n<\/td>\n<\/tr>\n<tr>\n<td colspan=\"1\" rowspan=\"1\">\n<div class=\"magic-8\">Tipo de impresi\u00f3n<\/div>\n<\/td>\n<td colspan=\"1\" rowspan=\"1\">\n<div class=\"magic-9\">Marcaje l\u00e1ser o estampaci\u00f3n en caliente,serigraf\u00eda,tto<\/div>\n<\/td>\n<\/tr>\n<tr>\n<td colspan=\"1\" rowspan=\"1\">\n<div class=\"magic-8\">Marcar contenidos<\/div>\n<\/td>\n<td colspan=\"1\" rowspan=\"1\">\n<div class=\"magic-9\">N\u00fameros, letras, marcas, c\u00f3digos de barras, etc.<\/div>\n<\/td>\n<\/tr>\n<tr>\n<td colspan=\"1\" rowspan=\"1\">\n<div class=\"magic-8\">Paquete<\/div>\n<\/td>\n<td colspan=\"1\" rowspan=\"1\">\n<div class=\"magic-9\">100pcs\/bolsa de pl\u00e1stico,1000pcs\/cart\u00f3n,2000pcs\/cart\u00f3n<\/div>\n<\/td>\n<\/tr>\n<tr>\n<td colspan=\"1\" rowspan=\"1\">\n<div class=\"magic-8\">Aplicaci\u00f3n<\/div>\n<\/td>\n<td colspan=\"1\" rowspan=\"1\">\n<div class=\"magic-9\">Supermercados, aceite, contenedores, contenedores de ferrocarril, cajas de contadores, monederos bancarios, etc.<\/div>\n<\/td>\n<\/tr>\n<tr>\n<td colspan=\"1\" rowspan=\"1\">\n<div class=\"magic-8\">Certificado de empresa<\/div>\n<\/td>\n<td colspan=\"1\" rowspan=\"1\">\n<div class=\"magic-9\">REACH,ISO9001,ISO14001,ISO45001<\/div>\n<\/td>\n<\/tr>\n<\/tbody>\n<\/table>\n<p>Secure your logistics operations with the PTS-002 Disposable Self-locking Security Seal, a cost-effective anti-theft solution designed for trucks, containers, and cargo. Made from durable, weather-resistant plastic, this zip tie-style seal features a self-locking mechanism that ensures tamper-evident protection\u2014once tightened, it cannot be reused, leaving clear signs of unauthorized access. Ideal for truck doors, freight packaging, and warehouse management, the PTS-002 withstands harsh handling and environmental conditions while providing lightweight, easy-to-apply security. Customizable with sequential numbering or basic identifiers, it simplifies tracking and compliance audits. Affordable and reliable, this seal is perfect for businesses prioritizing theft deterrence and streamlined logistics workflows.<\/p>","protected":false},"excerpt":{"rendered":"<p>The PTS-002 Plastic Zip Tie Seal offers tamper-proof, disposable security with self-locking design for trucks, logistics, and anti-theft cargo protection.<\/p>","protected":false},"featured_media":3872,"template":"","meta":[],"product_brand":[],"product_cat":[169],"product_tag":[369,190,191,365,366,367,368],"class_list":{"0":"post-3871","1":"product","2":"type-product","3":"status-publish","4":"has-post-thumbnail","6":"product_cat-plastic-seal","7":"product_tag-logistics-cargo-security","8":"product_tag-plastic-seal","9":"product_tag-security-plastic-seal","10":"product_tag-disposable-security-seals","11":"product_tag-pts-002-zip-tie-tags","12":"product_tag-self-locking-plastic-seals","13":"product_tag-anti-theft-truck-seals","15":"first","16":"instock","17":"shipping-taxable","18":"product-type-simple"},"_links":{"self":[{"href":"https:\/\/www.woseal.com\/es\/wp-json\/wp\/v2\/product\/3871","targetHints":{"allow":["GET"]}}],"collection":[{"href":"https:\/\/www.woseal.com\/es\/wp-json\/wp\/v2\/product"}],"about":[{"href":"https:\/\/www.woseal.com\/es\/wp-json\/wp\/v2\/types\/product"}],"version-history":[{"count":1,"href":"https:\/\/www.woseal.com\/es\/wp-json\/wp\/v2\/product\/3871\/revisions"}],"predecessor-version":[{"id":3879,"href":"https:\/\/www.woseal.com\/es\/wp-json\/wp\/v2\/product\/3871\/revisions\/3879"}],"wp:featuredmedia":[{"embeddable":true,"href":"https:\/\/www.woseal.com\/es\/wp-json\/wp\/v2\/media\/3872"}],"wp:attachment":[{"href":"https:\/\/www.woseal.com\/es\/wp-json\/wp\/v2\/media?parent=3871"}],"wp:term":[{"taxonomy":"product_brand","embeddable":true,"href":"https:\/\/www.woseal.com\/es\/wp-json\/wp\/v2\/product_brand?post=3871"},{"taxonomy":"product_cat","embeddable":true,"href":"https:\/\/www.woseal.com\/es\/wp-json\/wp\/v2\/product_cat?post=3871"},{"taxonomy":"product_tag","embeddable":true,"href":"https:\/\/www.woseal.com\/es\/wp-json\/wp\/v2\/product_tag?post=3871"}],"curies":[{"name":"wp","href":"https:\/\/api.w.org\/{rel}","templated":true}]}}