{"id":3880,"date":"2025-04-07T11:50:06","date_gmt":"2025-04-07T03:50:06","guid":{"rendered":"https:\/\/www.woseal.com\/?post_type=product&#038;p=3880"},"modified":"2025-04-11T11:10:49","modified_gmt":"2025-04-11T03:10:49","slug":"pts-003-new-design-adjustable-plastic-seal-security-seals-for-fire-extinguisher-sealing-strip-zip-tie-tag","status":"publish","type":"product","link":"https:\/\/www.woseal.com\/es\/producto\/pts-003-new-design-adjustable-plastic-seal-security-seals-for-fire-extinguisher-sealing-strip-zip-tie-tag","title":{"rendered":"PTS-003 Nuevo dise\u00f1o ajustable de pl\u00e1stico precintos de seguridad para extintor de incendios tira de sellado Zip Tie Tag"},"content":{"rendered":"<table class=\"has-title all magic-7\">\n<tbody>\n<tr>\n<td colspan=\"1\" rowspan=\"1\">\n<div class=\"magic-8\" data-spm-anchor-id=\"a2700.details.0.i74.1a1c5bb49NBSjN\">Lugar de origen<\/div>\n<\/td>\n<td colspan=\"1\" rowspan=\"1\">\n<div class=\"magic-9\">China<\/div>\n<\/td>\n<\/tr>\n<tr>\n<td colspan=\"1\" rowspan=\"1\">\n<div class=\"magic-8\">Art\u00edculo<\/div>\n<\/td>\n<td colspan=\"1\" rowspan=\"1\">\n<div class=\"magic-9\">Sello de pl\u00e1stico<\/div>\n<\/td>\n<\/tr>\n<tr>\n<td colspan=\"1\" rowspan=\"1\">\n<div class=\"magic-8\">Modelo<\/div>\n<\/td>\n<td colspan=\"1\" rowspan=\"1\">\n<div class=\"magic-9\">TPS-003<\/div>\n<\/td>\n<\/tr>\n<tr>\n<td colspan=\"1\" rowspan=\"1\">\n<div class=\"magic-8\">Material<\/div>\n<\/td>\n<td colspan=\"1\" rowspan=\"1\">\n<div class=\"magic-9\">PP+PE<\/div>\n<\/td>\n<\/tr>\n<tr>\n<td colspan=\"1\" rowspan=\"1\">\n<div class=\"magic-8\">Tama\u00f1o del cuerpo de la cerradura<\/div>\n<\/td>\n<td colspan=\"1\" rowspan=\"1\">\n<div class=\"magic-9\">32*22*5,5 mm<\/div>\n<\/td>\n<\/tr>\n<tr>\n<td colspan=\"1\" rowspan=\"1\">\n<div class=\"magic-8\">Longitud<\/div>\n<\/td>\n<td colspan=\"1\" rowspan=\"1\">\n<div class=\"magic-9\">400\/500\/600\/700 mm<\/div>\n<\/td>\n<\/tr>\n<tr>\n<td colspan=\"1\" rowspan=\"1\">\n<div class=\"magic-8\">Color<\/div>\n<\/td>\n<td colspan=\"1\" rowspan=\"1\">\n<div class=\"magic-9\">Amarillo, blanco, azul, verde, rojo, etc.<\/div>\n<\/td>\n<\/tr>\n<tr>\n<td colspan=\"1\" rowspan=\"1\">\n<div class=\"magic-8\">Tipo de impresi\u00f3n<\/div>\n<\/td>\n<td colspan=\"1\" rowspan=\"1\">\n<div class=\"magic-9\">Marcaje l\u00e1ser o estampaci\u00f3n en caliente,serigraf\u00eda,tto<\/div>\n<\/td>\n<\/tr>\n<tr>\n<td colspan=\"1\" rowspan=\"1\">\n<div class=\"magic-8\">Marcar contenidos<\/div>\n<\/td>\n<td colspan=\"1\" rowspan=\"1\">\n<div class=\"magic-9\">N\u00fameros, letras, marcas, c\u00f3digos de barras, etc.<\/div>\n<\/td>\n<\/tr>\n<tr>\n<td colspan=\"1\" rowspan=\"1\">\n<div class=\"magic-8\">Paquete<\/div>\n<\/td>\n<td colspan=\"1\" rowspan=\"1\">\n<div class=\"magic-9\">100pcs\/bolsa de pl\u00e1stico,1000pcs\/cart\u00f3n,2000pcs\/cart\u00f3n<\/div>\n<\/td>\n<\/tr>\n<tr>\n<td colspan=\"1\" rowspan=\"1\">\n<div class=\"magic-8\">Aplicaci\u00f3n<\/div>\n<\/td>\n<td colspan=\"1\" rowspan=\"1\">\n<div class=\"magic-9\">Supermercados, aceite, contenedores, contenedores de ferrocarril, cajas de contadores, monederos bancarios, etc.<\/div>\n<\/td>\n<\/tr>\n<tr>\n<td colspan=\"1\" rowspan=\"1\">\n<div class=\"magic-8\">Certificado de empresa<\/div>\n<\/td>\n<td colspan=\"1\" rowspan=\"1\">\n<div class=\"magic-9\">REACH,ISO9001,ISO14001,ISO45001<\/div>\n<\/td>\n<\/tr>\n<\/tbody>\n<\/table>\n<p>Garantice el cumplimiento de las normas de seguridad contra incendios y una protecci\u00f3n a prueba de manipulaciones con el precinto de pl\u00e1stico ajustable PTS-003, dise\u00f1ado espec\u00edficamente para asegurar extintores y equipos de seguridad cr\u00edticos. Con un\u00a0<strong>nuevo dise\u00f1o ergon\u00f3mico<\/strong>Este precinto tipo cremallera ofrece un tama\u00f1o ajustable para adaptarse a una amplia gama de v\u00e1lvulas de extintores, tuber\u00edas o mangos de equipos. Fabricado en\u00a0<strong>pl\u00e1stico de alta resistencia a los rayos UV<\/strong>soporta temperaturas extremas, la humedad y el desgaste f\u00edsico, al tiempo que mantiene la visibilidad gracias a su banda de sellado brillante y personalizable. El\u00a0<strong>mecanismo de autobloqueo<\/strong>\u00a0proporciona seguridad a prueba de manipulaciones: una vez apretado, no se puede volver a abrir sin da\u00f1os visibles, lo que disuade del acceso no autorizado. Ideal para edificios comerciales, instalaciones industriales y espacios p\u00fablicos, el PTS-003 incluye numeraci\u00f3n de serie o impresi\u00f3n de logotipo opcionales para facilitar el seguimiento de las inspecciones y las auditor\u00edas de conformidad. Ligera, f\u00e1cil de instalar y rentable, es la soluci\u00f3n perfecta para mantener las normas de seguridad y la integridad de los equipos.<\/p>","protected":false},"excerpt":{"rendered":"<p>El precinto de pl\u00e1stico ajustable PTS-003 ofrece seguridad a prueba de manipulaciones para extintores con un dise\u00f1o de cremallera flexible y resistente a los rayos UV, que garantiza el cumplimiento de la normativa y facilita las inspecciones.<\/p>","protected":false},"featured_media":3881,"template":"","meta":[],"product_brand":[],"product_cat":[169],"product_tag":[191,370,371,372,373,374,375,376],"class_list":{"0":"post-3880","1":"product","2":"type-product","3":"status-publish","4":"has-post-thumbnail","6":"product_cat-plastic-seal","7":"product_tag-security-plastic-seal","8":"product_tag-adjustable-fire-extinguisher-seals","9":"product_tag-pts-003-plastic-zip-ties","10":"product_tag-tamper-proof-safety-tags","11":"product_tag-uv-resistant-security-seals","12":"product_tag-customizable-sealing-strips","13":"product_tag-safety-plastic-seal","14":"product_tag-shipping-plastic-seal","16":"first","17":"instock","18":"featured","19":"shipping-taxable","20":"product-type-simple"},"_links":{"self":[{"href":"https:\/\/www.woseal.com\/es\/wp-json\/wp\/v2\/product\/3880","targetHints":{"allow":["GET"]}}],"collection":[{"href":"https:\/\/www.woseal.com\/es\/wp-json\/wp\/v2\/product"}],"about":[{"href":"https:\/\/www.woseal.com\/es\/wp-json\/wp\/v2\/types\/product"}],"version-history":[{"count":1,"href":"https:\/\/www.woseal.com\/es\/wp-json\/wp\/v2\/product\/3880\/revisions"}],"predecessor-version":[{"id":3888,"href":"https:\/\/www.woseal.com\/es\/wp-json\/wp\/v2\/product\/3880\/revisions\/3888"}],"wp:featuredmedia":[{"embeddable":true,"href":"https:\/\/www.woseal.com\/es\/wp-json\/wp\/v2\/media\/3881"}],"wp:attachment":[{"href":"https:\/\/www.woseal.com\/es\/wp-json\/wp\/v2\/media?parent=3880"}],"wp:term":[{"taxonomy":"product_brand","embeddable":true,"href":"https:\/\/www.woseal.com\/es\/wp-json\/wp\/v2\/product_brand?post=3880"},{"taxonomy":"product_cat","embeddable":true,"href":"https:\/\/www.woseal.com\/es\/wp-json\/wp\/v2\/product_cat?post=3880"},{"taxonomy":"product_tag","embeddable":true,"href":"https:\/\/www.woseal.com\/es\/wp-json\/wp\/v2\/product_tag?post=3880"}],"curies":[{"name":"wp","href":"https:\/\/api.w.org\/{rel}","templated":true}]}}