{"id":3906,"date":"2025-04-07T17:17:07","date_gmt":"2025-04-07T09:17:07","guid":{"rendered":"https:\/\/www.woseal.com\/?post_type=product&#038;p=3906"},"modified":"2025-04-11T10:55:19","modified_gmt":"2025-04-11T02:55:19","slug":"pts-017-300mm-customized-disposable-plastic-seals-for-shoes-and-clothing-tightening-seal-anti-tamper-plastic-seal","status":"publish","type":"product","link":"https:\/\/www.woseal.com\/es\/producto\/pts-017-300mm-customized-disposable-plastic-seals-for-shoes-and-clothing-tightening-seal-anti-tamper-plastic-seal","title":{"rendered":"PTS-017 300mm Precintos de pl\u00e1stico desechables personalizados para zapatos y ropa Precinto de apriete Precinto de pl\u00e1stico antimanipulaci\u00f3n"},"content":{"rendered":"<table class=\"has-title all magic-7\">\n<tbody>\n<tr>\n<td colspan=\"1\" rowspan=\"1\">\n<div class=\"magic-8\" data-spm-anchor-id=\"a2700.details-description.0.i0.4333pO24pO24Sh\">Lugar de origen<\/div>\n<\/td>\n<td colspan=\"1\" rowspan=\"1\">\n<div class=\"magic-9\">China<\/div>\n<\/td>\n<\/tr>\n<tr>\n<td colspan=\"1\" rowspan=\"1\">\n<div class=\"magic-8\">Art\u00edculo<\/div>\n<\/td>\n<td colspan=\"1\" rowspan=\"1\">\n<div class=\"magic-9\">Sello de pl\u00e1stico<\/div>\n<\/td>\n<\/tr>\n<tr>\n<td colspan=\"1\" rowspan=\"1\">\n<div class=\"magic-8\">Modelo<\/div>\n<\/td>\n<td colspan=\"1\" rowspan=\"1\">\n<div class=\"magic-9\">TPS-017<\/div>\n<\/td>\n<\/tr>\n<tr>\n<td colspan=\"1\" rowspan=\"1\">\n<div class=\"magic-8\">Material<\/div>\n<\/td>\n<td colspan=\"1\" rowspan=\"1\">\n<div class=\"magic-9\">PP+PE<\/div>\n<\/td>\n<\/tr>\n<tr>\n<td colspan=\"1\" rowspan=\"1\">\n<div class=\"magic-8\">Tama\u00f1o del cuerpo de la cerradura<\/div>\n<\/td>\n<td colspan=\"1\" rowspan=\"1\">\n<div class=\"magic-9\">58*20*6mm<\/div>\n<\/td>\n<\/tr>\n<tr>\n<td colspan=\"1\" rowspan=\"1\">\n<div class=\"magic-8\">Longitud<\/div>\n<\/td>\n<td colspan=\"1\" rowspan=\"1\">\n<div class=\"magic-9\">200mm\/300mm\/400mm\/500mm<\/div>\n<\/td>\n<\/tr>\n<tr>\n<td colspan=\"1\" rowspan=\"1\">\n<div class=\"magic-8\">Color<\/div>\n<\/td>\n<td colspan=\"1\" rowspan=\"1\">\n<div class=\"magic-9\">Amarillo, blanco, azul, verde, rojo, etc.<\/div>\n<\/td>\n<\/tr>\n<tr>\n<td colspan=\"1\" rowspan=\"1\">\n<div class=\"magic-8\">Tipo de impresi\u00f3n<\/div>\n<\/td>\n<td colspan=\"1\" rowspan=\"1\">\n<div class=\"magic-9\">Marcaje l\u00e1ser o estampaci\u00f3n en caliente,serigraf\u00eda,tto<\/div>\n<\/td>\n<\/tr>\n<tr>\n<td colspan=\"1\" rowspan=\"1\">\n<div class=\"magic-8\">Marcar contenidos<\/div>\n<\/td>\n<td colspan=\"1\" rowspan=\"1\">\n<div class=\"magic-9\">N\u00fameros, letras, marcas, c\u00f3digos de barras, etc.<\/div>\n<\/td>\n<\/tr>\n<tr>\n<td colspan=\"1\" rowspan=\"1\">\n<div class=\"magic-8\">Paquete<\/div>\n<\/td>\n<td colspan=\"1\" rowspan=\"1\">\n<div class=\"magic-9\">100pcs\/bolsa de pl\u00e1stico,1000pcs\/cart\u00f3n,2000pcs\/cart\u00f3n<\/div>\n<\/td>\n<\/tr>\n<tr>\n<td colspan=\"1\" rowspan=\"1\">\n<div class=\"magic-8\">Aplicaci\u00f3n<\/div>\n<\/td>\n<td colspan=\"1\" rowspan=\"1\">\n<div class=\"magic-9\">Supermercados, aceite, contenedores, contenedores de ferrocarril, cajas de contadores, monederos bancarios, etc.<\/div>\n<\/td>\n<\/tr>\n<tr>\n<td colspan=\"1\" rowspan=\"1\">\n<div class=\"magic-8\">Certificado de empresa<\/div>\n<\/td>\n<td colspan=\"1\" rowspan=\"1\">\n<div class=\"magic-9\">REACH,ISO9001,ISO14001,ISO45001<\/div>\n<\/td>\n<\/tr>\n<\/tbody>\n<\/table>\n<p>Proteja su inventario de calzado y ropa con los precintos de pl\u00e1stico desechables personalizados PTS-017 de 300 mm, dise\u00f1ados para garantizar la seguridad a prueba de manipulaciones y agilizar la log\u00edstica. Dise\u00f1ados espec\u00edficamente para calzado, prendas de vestir y accesorios, estos precintos alargados de 300 mm cuentan con un sistema de seguridad a prueba de manipulaciones y una log\u00edstica optimizada.\u00a0<strong>mecanismo de apriete<\/strong>\u00a0para sujetar objetos de forma segura e impedir el acceso no autorizado. Fabricados en pl\u00e1stico duradero y flexible, resisten la manipulaci\u00f3n y el desgaste ambiental, con un\u00a0<strong>dise\u00f1o de un solo uso<\/strong>\u00a0que garantiza una protecci\u00f3n irreversible. Personalice los precintos con logotipos, c\u00f3digos de barras o c\u00f3digos QR para mejorar la visibilidad de la marca, realizar un seguimiento del inventario y simplificar las auditor\u00edas. La PTS-017, ideal para embalajes de comercios minoristas, almacenamiento en almacenes y env\u00edos de comercio electr\u00f3nico, proporciona una seguridad ligera y rentable al tiempo que mantiene la integridad del producto.<\/p>","protected":false},"excerpt":{"rendered":"<p>Los precintos de pl\u00e1stico desechables PTS-017 de 300 mm ofrecen seguridad de cierre antimanipulaci\u00f3n para calzado, ropa y accesorios, con marca personalizable para el comercio minorista y la log\u00edstica.<\/p>","protected":false},"featured_media":3907,"template":"","meta":[],"product_brand":[],"product_cat":[169],"product_tag":[190,191,375,382,383,384,385,386],"class_list":{"0":"post-3906","1":"product","2":"type-product","3":"status-publish","4":"has-post-thumbnail","6":"product_cat-plastic-seal","7":"product_tag-plastic-seal","8":"product_tag-security-plastic-seal","9":"product_tag-safety-plastic-seal","10":"product_tag-customized-shoe-seals","11":"product_tag-disposable-clothing-security-tags","12":"product_tag-anti-tamper-plastic-seals","13":"product_tag-pts-017-tightening-seals","14":"product_tag-300mm-disposable-security-ties","16":"first","17":"instock","18":"shipping-taxable","19":"product-type-simple"},"_links":{"self":[{"href":"https:\/\/www.woseal.com\/es\/wp-json\/wp\/v2\/product\/3906","targetHints":{"allow":["GET"]}}],"collection":[{"href":"https:\/\/www.woseal.com\/es\/wp-json\/wp\/v2\/product"}],"about":[{"href":"https:\/\/www.woseal.com\/es\/wp-json\/wp\/v2\/types\/product"}],"version-history":[{"count":1,"href":"https:\/\/www.woseal.com\/es\/wp-json\/wp\/v2\/product\/3906\/revisions"}],"predecessor-version":[{"id":3915,"href":"https:\/\/www.woseal.com\/es\/wp-json\/wp\/v2\/product\/3906\/revisions\/3915"}],"wp:featuredmedia":[{"embeddable":true,"href":"https:\/\/www.woseal.com\/es\/wp-json\/wp\/v2\/media\/3907"}],"wp:attachment":[{"href":"https:\/\/www.woseal.com\/es\/wp-json\/wp\/v2\/media?parent=3906"}],"wp:term":[{"taxonomy":"product_brand","embeddable":true,"href":"https:\/\/www.woseal.com\/es\/wp-json\/wp\/v2\/product_brand?post=3906"},{"taxonomy":"product_cat","embeddable":true,"href":"https:\/\/www.woseal.com\/es\/wp-json\/wp\/v2\/product_cat?post=3906"},{"taxonomy":"product_tag","embeddable":true,"href":"https:\/\/www.woseal.com\/es\/wp-json\/wp\/v2\/product_tag?post=3906"}],"curies":[{"name":"wp","href":"https:\/\/api.w.org\/{rel}","templated":true}]}}