{"id":3916,"date":"2025-04-07T17:36:03","date_gmt":"2025-04-07T09:36:03","guid":{"rendered":"https:\/\/www.woseal.com\/?post_type=product&#038;p=3916"},"modified":"2025-04-11T10:53:08","modified_gmt":"2025-04-11T02:53:08","slug":"pts-018-high-quality-safety-number-tensioning-plastic-seal-with-metal-insertion-oil-style-freight-plastic-zip-tie-tag-seal","status":"publish","type":"product","link":"https:\/\/www.woseal.com\/es\/producto\/pts-018-high-quality-safety-number-tensioning-plastic-seal-with-metal-insertion-oil-style-freight-plastic-zip-tie-tag-seal","title":{"rendered":"PTS-018 Alta Calidad N\u00famero de Seguridad Tensionado Sello de Pl\u00e1stico con Inserci\u00f3n Met\u00e1lica Estilo Petr\u00f3leo Flete Pl\u00e1stico Zip Tie Tag Seal"},"content":{"rendered":"<table class=\"has-title all magic-7\">\n<tbody>\n<tr>\n<td colspan=\"1\" rowspan=\"1\">\n<div class=\"magic-8\" data-spm-anchor-id=\"a2700.details-description.0.i0.4407mrb8mrb8Q5\">Lugar de origen<\/div>\n<\/td>\n<td colspan=\"1\" rowspan=\"1\">\n<div class=\"magic-9\">China<\/div>\n<\/td>\n<\/tr>\n<tr>\n<td colspan=\"1\" rowspan=\"1\">\n<div class=\"magic-8\">Art\u00edculo<\/div>\n<\/td>\n<td colspan=\"1\" rowspan=\"1\">\n<div class=\"magic-9\">Sello de pl\u00e1stico<\/div>\n<\/td>\n<\/tr>\n<tr>\n<td colspan=\"1\" rowspan=\"1\">\n<div class=\"magic-8\">Modelo<\/div>\n<\/td>\n<td colspan=\"1\" rowspan=\"1\">\n<div class=\"magic-9\">TPS-018<\/div>\n<\/td>\n<\/tr>\n<tr>\n<td colspan=\"1\" rowspan=\"1\">\n<div class=\"magic-8\">Material<\/div>\n<\/td>\n<td colspan=\"1\" rowspan=\"1\">\n<div class=\"magic-9\">PP+PE<\/div>\n<\/td>\n<\/tr>\n<tr>\n<td colspan=\"1\" rowspan=\"1\">\n<div class=\"magic-8\">Tama\u00f1o del cuerpo de la cerradura<\/div>\n<\/td>\n<td colspan=\"1\" rowspan=\"1\">\n<div class=\"magic-9\">75*25*6mm<\/div>\n<\/td>\n<\/tr>\n<tr>\n<td colspan=\"1\" rowspan=\"1\">\n<div class=\"magic-8\">Longitud<\/div>\n<\/td>\n<td colspan=\"1\" rowspan=\"1\">\n<div class=\"magic-9\">300\/400mm<\/div>\n<\/td>\n<\/tr>\n<tr>\n<td colspan=\"1\" rowspan=\"1\">\n<div class=\"magic-8\">Color<\/div>\n<\/td>\n<td colspan=\"1\" rowspan=\"1\">\n<div class=\"magic-9\">Amarillo, blanco, azul, verde, rojo, etc.<\/div>\n<\/td>\n<\/tr>\n<tr>\n<td colspan=\"1\" rowspan=\"1\">\n<div class=\"magic-8\">Tipo de impresi\u00f3n<\/div>\n<\/td>\n<td colspan=\"1\" rowspan=\"1\">\n<div class=\"magic-9\">Marcaje l\u00e1ser o estampaci\u00f3n en caliente,serigraf\u00eda,tto<\/div>\n<\/td>\n<\/tr>\n<tr>\n<td colspan=\"1\" rowspan=\"1\">\n<div class=\"magic-8\">Marcar contenidos<\/div>\n<\/td>\n<td colspan=\"1\" rowspan=\"1\">\n<div class=\"magic-9\">N\u00fameros, letras, marcas, c\u00f3digos de barras, etc.<\/div>\n<\/td>\n<\/tr>\n<tr>\n<td colspan=\"1\" rowspan=\"1\">\n<div class=\"magic-8\">Paquete<\/div>\n<\/td>\n<td colspan=\"1\" rowspan=\"1\">\n<div class=\"magic-9\">100pcs\/bolsa de pl\u00e1stico,1000pcs\/cart\u00f3n,2000pcs\/cart\u00f3n<\/div>\n<\/td>\n<\/tr>\n<tr>\n<td colspan=\"1\" rowspan=\"1\">\n<div class=\"magic-8\">Aplicaci\u00f3n<\/div>\n<\/td>\n<td colspan=\"1\" rowspan=\"1\">\n<div class=\"magic-9\">Express delivery, logistics, catering, hospitals, postal services, clothing, shoes, bags, boxes etc<\/div>\n<\/td>\n<\/tr>\n<tr>\n<td colspan=\"1\" rowspan=\"1\">\n<div class=\"magic-8\">Certificado de empresa<\/div>\n<\/td>\n<td colspan=\"1\" rowspan=\"1\">\n<div class=\"magic-9\">REACH,ISO9001,ISO14001,ISO45001<\/div>\n<\/td>\n<\/tr>\n<\/tbody>\n<\/table>\n<p>Ensure tamper-proof security for high-risk freight with the PTS-018 High-Quality Safety Number Tensioning Plastic Seal. Designed for industrial and logistics applications, this heavy-duty zip tie seal integrates a\u00a0<strong>metal insertion<\/strong>\u00a0within its plastic body, enhancing tensile strength and resistance to cutting, slashing, or forced removal. The built-in\u00a0<strong>unique safety numbering<\/strong>\u00a0allows for easy tracking, inventory management, and compliance audits, while the adjustable tensioning mechanism ensures a tight, secure fit around valves, oil drums, or cargo. Its &#8220;oil-style&#8221; ruggedized design withstands harsh environments, including moisture, chemicals, and extreme temperatures, making it ideal for oil and gas, shipping, and heavy machinery industries. Customizable with logos or barcodes, the PTS-018 combines durability, traceability, and tamper-evident reliability to safeguard critical assets.<\/p>","protected":false},"excerpt":{"rendered":"<p>The PTS-018 Plastic Zip Tie Seal features metal-reinforced security, safety numbering, and oil-style durability for tamper-proof freight, valves, and industrial cargo protection.<\/p>","protected":false},"featured_media":3920,"template":"","meta":[],"product_brand":[],"product_cat":[169],"product_tag":[389,390,391,190,191,375,376,387,388],"class_list":{"0":"post-3916","1":"product","2":"type-product","3":"status-publish","4":"has-post-thumbnail","6":"product_cat-plastic-seal","7":"product_tag-pts-018-tensioning-seals","8":"product_tag-oil-style-freight-security-tags","9":"product_tag-industrial-tamper-proof-seals","10":"product_tag-plastic-seal","11":"product_tag-security-plastic-seal","12":"product_tag-safety-plastic-seal","13":"product_tag-shipping-plastic-seal","14":"product_tag-metal-insertion-plastic-seals","15":"product_tag-safety-number-zip-ties","17":"first","18":"instock","19":"shipping-taxable","20":"product-type-simple"},"_links":{"self":[{"href":"https:\/\/www.woseal.com\/es\/wp-json\/wp\/v2\/product\/3916","targetHints":{"allow":["GET"]}}],"collection":[{"href":"https:\/\/www.woseal.com\/es\/wp-json\/wp\/v2\/product"}],"about":[{"href":"https:\/\/www.woseal.com\/es\/wp-json\/wp\/v2\/types\/product"}],"version-history":[{"count":1,"href":"https:\/\/www.woseal.com\/es\/wp-json\/wp\/v2\/product\/3916\/revisions"}],"predecessor-version":[{"id":3927,"href":"https:\/\/www.woseal.com\/es\/wp-json\/wp\/v2\/product\/3916\/revisions\/3927"}],"wp:featuredmedia":[{"embeddable":true,"href":"https:\/\/www.woseal.com\/es\/wp-json\/wp\/v2\/media\/3920"}],"wp:attachment":[{"href":"https:\/\/www.woseal.com\/es\/wp-json\/wp\/v2\/media?parent=3916"}],"wp:term":[{"taxonomy":"product_brand","embeddable":true,"href":"https:\/\/www.woseal.com\/es\/wp-json\/wp\/v2\/product_brand?post=3916"},{"taxonomy":"product_cat","embeddable":true,"href":"https:\/\/www.woseal.com\/es\/wp-json\/wp\/v2\/product_cat?post=3916"},{"taxonomy":"product_tag","embeddable":true,"href":"https:\/\/www.woseal.com\/es\/wp-json\/wp\/v2\/product_tag?post=3916"}],"curies":[{"name":"wp","href":"https:\/\/api.w.org\/{rel}","templated":true}]}}