{"id":3929,"date":"2025-04-08T10:46:12","date_gmt":"2025-04-08T02:46:12","guid":{"rendered":"https:\/\/www.woseal.com\/?post_type=product&#038;p=3929"},"modified":"2025-04-11T10:50:01","modified_gmt":"2025-04-11T02:50:01","slug":"pts-019-customizable-full-plastic-trips-security-seal-non-slip-tail-staples-for-security-seals-plastic","status":"publish","type":"product","link":"https:\/\/www.woseal.com\/es\/producto\/pts-019-customizable-full-plastic-trips-security-seal-non-slip-tail-staples-for-security-seals-plastic","title":{"rendered":"PTS-019 Grapas de cola antideslizantes personalizables para precintos de seguridad de pl\u00e1stico"},"content":{"rendered":"<table class=\"has-title all magic-7\">\n<tbody>\n<tr>\n<td colspan=\"1\" rowspan=\"1\">\n<div class=\"magic-8\" data-spm-anchor-id=\"a2700.details-description.0.i0.31ffbwsDbwsDbr\">Lugar de origen<\/div>\n<\/td>\n<td colspan=\"1\" rowspan=\"1\">\n<div class=\"magic-9\">China<\/div>\n<\/td>\n<\/tr>\n<tr>\n<td colspan=\"1\" rowspan=\"1\">\n<div class=\"magic-8\">Art\u00edculo<\/div>\n<\/td>\n<td colspan=\"1\" rowspan=\"1\">\n<div class=\"magic-9\">Sello de pl\u00e1stico<\/div>\n<\/td>\n<\/tr>\n<tr>\n<td colspan=\"1\" rowspan=\"1\">\n<div class=\"magic-8\">Modelo<\/div>\n<\/td>\n<td colspan=\"1\" rowspan=\"1\">\n<div class=\"magic-9\">TPS-019<\/div>\n<\/td>\n<\/tr>\n<tr>\n<td colspan=\"1\" rowspan=\"1\">\n<div class=\"magic-8\">Material<\/div>\n<\/td>\n<td colspan=\"1\" rowspan=\"1\">\n<div class=\"magic-9\">PP+PE<\/div>\n<\/td>\n<\/tr>\n<tr>\n<td colspan=\"1\" rowspan=\"1\">\n<div class=\"magic-8\">Tama\u00f1o del cuerpo de la cerradura<\/div>\n<\/td>\n<td colspan=\"1\" rowspan=\"1\">\n<div class=\"magic-9\">66*30*15mm<\/div>\n<\/td>\n<\/tr>\n<tr>\n<td colspan=\"1\" rowspan=\"1\">\n<div class=\"magic-8\">Longitud<\/div>\n<\/td>\n<td colspan=\"1\" rowspan=\"1\">\n<div class=\"magic-9\">300mm<\/div>\n<\/td>\n<\/tr>\n<tr>\n<td colspan=\"1\" rowspan=\"1\">\n<div class=\"magic-8\">Color<\/div>\n<\/td>\n<td colspan=\"1\" rowspan=\"1\">\n<div class=\"magic-9\">Amarillo, blanco, azul, verde, rojo, etc.<\/div>\n<\/td>\n<\/tr>\n<tr>\n<td colspan=\"1\" rowspan=\"1\">\n<div class=\"magic-8\">Tipo de impresi\u00f3n<\/div>\n<\/td>\n<td colspan=\"1\" rowspan=\"1\">\n<div class=\"magic-9\">Marcaje l\u00e1ser o estampaci\u00f3n en caliente,serigraf\u00eda,tto<\/div>\n<\/td>\n<\/tr>\n<tr>\n<td colspan=\"1\" rowspan=\"1\">\n<div class=\"magic-8\">Marcar contenidos<\/div>\n<\/td>\n<td colspan=\"1\" rowspan=\"1\">\n<div class=\"magic-9\">N\u00fameros, letras, marcas, c\u00f3digos de barras, etc.<\/div>\n<\/td>\n<\/tr>\n<tr>\n<td colspan=\"1\" rowspan=\"1\">\n<div class=\"magic-8\">Paquete<\/div>\n<\/td>\n<td colspan=\"1\" rowspan=\"1\">\n<div class=\"magic-9\">100pcs\/bolsa de pl\u00e1stico,1000pcs\/cart\u00f3n,2000pcs\/cart\u00f3n<\/div>\n<\/td>\n<\/tr>\n<tr>\n<td colspan=\"1\" rowspan=\"1\">\n<div class=\"magic-8\">Aplicaci\u00f3n<\/div>\n<\/td>\n<td colspan=\"1\" rowspan=\"1\">\n<div class=\"magic-9\">Supermercados, aceite, contenedores, contenedores de ferrocarril, cajas de contadores, monederos bancarios, etc.<\/div>\n<\/td>\n<\/tr>\n<tr>\n<td colspan=\"1\" rowspan=\"1\">\n<div class=\"magic-8\">Certificado de empresa<\/div>\n<\/td>\n<td colspan=\"1\" rowspan=\"1\">\n<div class=\"magic-9\">REACH,ISO9001,ISO14001,ISO45001<\/div>\n<\/td>\n<\/tr>\n<\/tbody>\n<\/table>\n<p>Enhance tamper-proof security with the PTS-019 Customizable Full Plastic Trips Security Seal, designed for reliability and versatility in logistics, cargo, and industrial applications. Featuring a\u00a0<strong>non-slip tail staple<\/strong>\u00a0and fully plastic construction, this seal ensures a tight, irreversible grip that resists loosening or manipulation during transit. The\u00a0<strong>customizable surface<\/strong>\u00a0allows for branding, sequential numbering, or barcoding, streamlining inventory tracking and compliance audits. Ideal for securing packages, containers, or equipment, its durable polypropylene material withstands harsh handling, moisture, and temperature fluctuations. The unique &#8220;trips&#8221; design provides multiple locking points for added security, while the lightweight, corrosion-resistant build simplifies application and inspection. Trust the PTS-019 to safeguard shipments and assets with tamper-evident precision.<\/p>","protected":false},"excerpt":{"rendered":"<p>The PTS-019 Plastic Trips Seal offers non-slip tail staples and full-customizable security for tamper-proof logistics, cargo, and industrial sealing needs.<\/p>","protected":false},"featured_media":3930,"template":"","meta":[],"product_brand":[],"product_cat":[169],"product_tag":[395,190,191,376,391,392,393,394],"class_list":{"0":"post-3929","1":"product","2":"type-product","3":"status-publish","4":"has-post-thumbnail","6":"product_cat-plastic-seal","7":"product_tag-full-plastic-security-seals","8":"product_tag-plastic-seal","9":"product_tag-security-plastic-seal","10":"product_tag-shipping-plastic-seal","11":"product_tag-industrial-tamper-proof-seals","12":"product_tag-non-slip-plastic-seals","13":"product_tag-customizable-trips-security-tags","14":"product_tag-pts-019-tail-staples","16":"first","17":"instock","18":"shipping-taxable","19":"product-type-simple"},"_links":{"self":[{"href":"https:\/\/www.woseal.com\/es\/wp-json\/wp\/v2\/product\/3929","targetHints":{"allow":["GET"]}}],"collection":[{"href":"https:\/\/www.woseal.com\/es\/wp-json\/wp\/v2\/product"}],"about":[{"href":"https:\/\/www.woseal.com\/es\/wp-json\/wp\/v2\/types\/product"}],"version-history":[{"count":2,"href":"https:\/\/www.woseal.com\/es\/wp-json\/wp\/v2\/product\/3929\/revisions"}],"predecessor-version":[{"id":3938,"href":"https:\/\/www.woseal.com\/es\/wp-json\/wp\/v2\/product\/3929\/revisions\/3938"}],"wp:featuredmedia":[{"embeddable":true,"href":"https:\/\/www.woseal.com\/es\/wp-json\/wp\/v2\/media\/3930"}],"wp:attachment":[{"href":"https:\/\/www.woseal.com\/es\/wp-json\/wp\/v2\/media?parent=3929"}],"wp:term":[{"taxonomy":"product_brand","embeddable":true,"href":"https:\/\/www.woseal.com\/es\/wp-json\/wp\/v2\/product_brand?post=3929"},{"taxonomy":"product_cat","embeddable":true,"href":"https:\/\/www.woseal.com\/es\/wp-json\/wp\/v2\/product_cat?post=3929"},{"taxonomy":"product_tag","embeddable":true,"href":"https:\/\/www.woseal.com\/es\/wp-json\/wp\/v2\/product_tag?post=3929"}],"curies":[{"name":"wp","href":"https:\/\/api.w.org\/{rel}","templated":true}]}}