{"id":3939,"date":"2025-04-08T11:11:11","date_gmt":"2025-04-08T03:11:11","guid":{"rendered":"https:\/\/www.woseal.com\/?post_type=product&#038;p=3939"},"modified":"2025-04-11T10:47:52","modified_gmt":"2025-04-11T02:47:52","slug":"pts-021-high-security-disposable-plastic-seal-with-metal-sheet-inserted-into-logistics-security-plastic-seal","status":"publish","type":"product","link":"https:\/\/www.woseal.com\/es\/producto\/pts-021-high-security-disposable-plastic-seal-with-metal-sheet-inserted-into-logistics-security-plastic-seal","title":{"rendered":"PTS-021 Precinto de pl\u00e1stico desechable de alta seguridad con l\u00e1mina met\u00e1lica insertada en el precinto de pl\u00e1stico de seguridad para log\u00edstica"},"content":{"rendered":"<table class=\"has-title all magic-7\">\n<tbody>\n<tr>\n<td colspan=\"1\" rowspan=\"1\">\n<div class=\"magic-8\" data-spm-anchor-id=\"a2700.details-description.0.i0.7b53HPytHPytJQ\">Lugar de origen<\/div>\n<\/td>\n<td colspan=\"1\" rowspan=\"1\">\n<div class=\"magic-9\">China<\/div>\n<\/td>\n<\/tr>\n<tr>\n<td colspan=\"1\" rowspan=\"1\">\n<div class=\"magic-8\">Art\u00edculo<\/div>\n<\/td>\n<td colspan=\"1\" rowspan=\"1\">\n<div class=\"magic-9\">Sello de pl\u00e1stico<\/div>\n<\/td>\n<\/tr>\n<tr>\n<td colspan=\"1\" rowspan=\"1\">\n<div class=\"magic-8\">Modelo<\/div>\n<\/td>\n<td colspan=\"1\" rowspan=\"1\">\n<div class=\"magic-9\">TPS-021<\/div>\n<\/td>\n<\/tr>\n<tr>\n<td colspan=\"1\" rowspan=\"1\">\n<div class=\"magic-8\">Material<\/div>\n<\/td>\n<td colspan=\"1\" rowspan=\"1\">\n<div class=\"magic-9\">PP+PE<\/div>\n<\/td>\n<\/tr>\n<tr>\n<td colspan=\"1\" rowspan=\"1\">\n<div class=\"magic-8\">Tama\u00f1o del cuerpo de la cerradura<\/div>\n<\/td>\n<td colspan=\"1\" rowspan=\"1\">\n<div class=\"magic-9\">78*28*6mm<\/div>\n<\/td>\n<\/tr>\n<tr>\n<td colspan=\"1\" rowspan=\"1\">\n<div class=\"magic-8\">Longitud<\/div>\n<\/td>\n<td colspan=\"1\" rowspan=\"1\">\n<div class=\"magic-9\">390mm<\/div>\n<\/td>\n<\/tr>\n<tr>\n<td colspan=\"1\" rowspan=\"1\">\n<div class=\"magic-8\">Color<\/div>\n<\/td>\n<td colspan=\"1\" rowspan=\"1\">\n<div class=\"magic-9\">Amarillo, blanco, azul, verde, rojo, etc.<\/div>\n<\/td>\n<\/tr>\n<tr>\n<td colspan=\"1\" rowspan=\"1\">\n<div class=\"magic-8\">Tipo de impresi\u00f3n<\/div>\n<\/td>\n<td colspan=\"1\" rowspan=\"1\">\n<div class=\"magic-9\">Marcaje l\u00e1ser o estampaci\u00f3n en caliente,serigraf\u00eda,tto<\/div>\n<\/td>\n<\/tr>\n<tr>\n<td colspan=\"1\" rowspan=\"1\">\n<div class=\"magic-8\">Marcar contenidos<\/div>\n<\/td>\n<td colspan=\"1\" rowspan=\"1\">\n<div class=\"magic-9\">N\u00fameros, letras, marcas, c\u00f3digos de barras, etc.<\/div>\n<\/td>\n<\/tr>\n<tr>\n<td colspan=\"1\" rowspan=\"1\">\n<div class=\"magic-8\">Paquete<\/div>\n<\/td>\n<td colspan=\"1\" rowspan=\"1\">\n<div class=\"magic-9\">100pcs\/bolsa de pl\u00e1stico,1000pcs\/cart\u00f3n,2000pcs\/cart\u00f3n<\/div>\n<\/td>\n<\/tr>\n<tr>\n<td colspan=\"1\" rowspan=\"1\">\n<div class=\"magic-8\">Aplicaci\u00f3n<\/div>\n<\/td>\n<td colspan=\"1\" rowspan=\"1\">\n<div class=\"magic-9\">Express delivery, logistics, catering, hospitals, postal services, clothing, shoes, bags, boxes etc<\/div>\n<\/td>\n<\/tr>\n<tr>\n<td colspan=\"1\" rowspan=\"1\">\n<div class=\"magic-8\">Certificado de empresa<\/div>\n<\/td>\n<td colspan=\"1\" rowspan=\"1\">\n<div class=\"magic-9\">REACH,ISO9001,ISO14001,ISO45001<\/div>\n<\/td>\n<\/tr>\n<\/tbody>\n<\/table>\n<p>Ensure maximum tamper-proof protection for high-value logistics with the PTS-021 High Security Disposable Plastic Seal. Engineered for critical cargo and container security, this seal integrates a\u00a0<strong>reinforced metal sheet<\/strong>\u00a0within its plastic body, delivering unmatched resistance to cutting, slashing, or forced entry. The metal-inserted design enhances tensile strength while maintaining flexibility, making it ideal for securing truck doors, shipping containers, and sensitive freight. Once applied, the disposable one-time locking mechanism leaves visible tamper evidence, deterring theft and ensuring compliance with logistics security protocols. Customizable with sequential numbering or barcodes, it streamlines tracking and audits. Built to withstand harsh environments, the PTS-021 combines industrial-grade durability with lightweight convenience, offering peace of mind for global supply chains.<\/p>","protected":false},"excerpt":{"rendered":"<p>The PTS-021 Plastic Seal features metal-sheet reinforcement for tamper-proof logistics security, disposable design, and high-resistance cargo protection.<\/p>","protected":false},"featured_media":3940,"template":"","meta":[],"product_brand":[],"product_cat":[169],"product_tag":[190,191,396,397,398,399,400],"class_list":{"0":"post-3939","1":"product","2":"type-product","3":"status-publish","4":"has-post-thumbnail","6":"product_cat-plastic-seal","7":"product_tag-plastic-seal","8":"product_tag-security-plastic-seal","9":"product_tag-metal-inserted-plastic-seals","10":"product_tag-pts-021-high-security-seals","11":"product_tag-disposable-logistics-seals","12":"product_tag-tamper-proof-cargo-locks","13":"product_tag-industrial-grade-security-tags","15":"first","16":"instock","17":"shipping-taxable","18":"product-type-simple"},"_links":{"self":[{"href":"https:\/\/www.woseal.com\/es\/wp-json\/wp\/v2\/product\/3939","targetHints":{"allow":["GET"]}}],"collection":[{"href":"https:\/\/www.woseal.com\/es\/wp-json\/wp\/v2\/product"}],"about":[{"href":"https:\/\/www.woseal.com\/es\/wp-json\/wp\/v2\/types\/product"}],"version-history":[{"count":1,"href":"https:\/\/www.woseal.com\/es\/wp-json\/wp\/v2\/product\/3939\/revisions"}],"predecessor-version":[{"id":3947,"href":"https:\/\/www.woseal.com\/es\/wp-json\/wp\/v2\/product\/3939\/revisions\/3947"}],"wp:featuredmedia":[{"embeddable":true,"href":"https:\/\/www.woseal.com\/es\/wp-json\/wp\/v2\/media\/3940"}],"wp:attachment":[{"href":"https:\/\/www.woseal.com\/es\/wp-json\/wp\/v2\/media?parent=3939"}],"wp:term":[{"taxonomy":"product_brand","embeddable":true,"href":"https:\/\/www.woseal.com\/es\/wp-json\/wp\/v2\/product_brand?post=3939"},{"taxonomy":"product_cat","embeddable":true,"href":"https:\/\/www.woseal.com\/es\/wp-json\/wp\/v2\/product_cat?post=3939"},{"taxonomy":"product_tag","embeddable":true,"href":"https:\/\/www.woseal.com\/es\/wp-json\/wp\/v2\/product_tag?post=3939"}],"curies":[{"name":"wp","href":"https:\/\/api.w.org\/{rel}","templated":true}]}}