{"id":4004,"date":"2025-04-09T09:56:08","date_gmt":"2025-04-09T01:56:08","guid":{"rendered":"https:\/\/www.woseal.com\/?post_type=product&#038;p=4004"},"modified":"2025-04-11T09:44:03","modified_gmt":"2025-04-11T01:44:03","slug":"pls-002-red-metal-strip-tamper-evident-plastic-padlock-security-seals-for-meter","status":"publish","type":"product","link":"https:\/\/www.woseal.com\/es\/producto\/pls-002-red-metal-strip-tamper-evident-plastic-padlock-security-seals-for-meter","title":{"rendered":"PLS-002 Precintos de seguridad de pl\u00e1stico con banda met\u00e1lica roja a prueba de manipulaciones para contadores"},"content":{"rendered":"<table class=\"has-title all magic-10\">\n<tbody>\n<tr>\n<td colspan=\"1\" rowspan=\"1\">\n<div class=\"magic-11\" data-spm-anchor-id=\"a2700.details.0.i76.59d4d8c86uMP4s\">Lugar de origen<\/div>\n<\/td>\n<td colspan=\"1\" rowspan=\"1\">\n<div class=\"magic-12\">China<\/div>\n<\/td>\n<\/tr>\n<tr>\n<td colspan=\"1\" rowspan=\"1\">\n<div class=\"magic-11\">Art\u00edculo<\/div>\n<\/td>\n<td colspan=\"1\" rowspan=\"1\">\n<div class=\"magic-12\">Sello de candado<\/div>\n<\/td>\n<\/tr>\n<tr>\n<td colspan=\"1\" rowspan=\"1\">\n<div class=\"magic-11\">Modelo<\/div>\n<\/td>\n<td colspan=\"1\" rowspan=\"1\">\n<div class=\"magic-12\">PLS-002<\/div>\n<\/td>\n<\/tr>\n<tr>\n<td colspan=\"1\" rowspan=\"1\">\n<div class=\"magic-11\">Material<\/div>\n<\/td>\n<td colspan=\"1\" rowspan=\"1\">\n<div class=\"magic-12\">ABS+Steel<\/div>\n<\/td>\n<\/tr>\n<tr>\n<td colspan=\"1\" rowspan=\"1\">\n<div class=\"magic-11\">Tama\u00f1o del cuerpo de la cerradura<\/div>\n<\/td>\n<td colspan=\"1\" rowspan=\"1\">\n<div class=\"magic-12\">80*22*4.5mm<\/div>\n<\/td>\n<\/tr>\n<tr>\n<td colspan=\"1\" rowspan=\"1\">\n<div class=\"magic-11\">Color<\/div>\n<\/td>\n<td colspan=\"1\" rowspan=\"1\">\n<div class=\"magic-12\">Amarillo, blanco, azul, verde, rojo, etc.<\/div>\n<\/td>\n<\/tr>\n<tr>\n<td colspan=\"1\" rowspan=\"1\">\n<div class=\"magic-11\">Tipo de impresi\u00f3n<\/div>\n<\/td>\n<td colspan=\"1\" rowspan=\"1\">\n<div class=\"magic-12\">Marcaje l\u00e1ser o estampaci\u00f3n en caliente,serigraf\u00eda,tto<\/div>\n<\/td>\n<\/tr>\n<tr>\n<td colspan=\"1\" rowspan=\"1\">\n<div class=\"magic-11\">Marcar contenidos<\/div>\n<\/td>\n<td colspan=\"1\" rowspan=\"1\">\n<div class=\"magic-12\">N\u00fameros, letras, marcas, c\u00f3digos de barras, etc.<\/div>\n<\/td>\n<\/tr>\n<tr>\n<td colspan=\"1\" rowspan=\"1\">\n<div class=\"magic-11\">Paquete<\/div>\n<\/td>\n<td colspan=\"1\" rowspan=\"1\">\n<div class=\"magic-12\">10 0pcs \/ plastic bag,50 bags for one carton or can be customized<\/div>\n<\/td>\n<\/tr>\n<tr>\n<td colspan=\"1\" rowspan=\"1\">\n<div class=\"magic-11\">Aplicaci\u00f3n<\/div>\n<\/td>\n<td colspan=\"1\" rowspan=\"1\">\n<div class=\"magic-12\">Express delivery, logistics, catering, hospitals, postal services, clothing, shoes, bags, boxes etc.<\/div>\n<\/td>\n<\/tr>\n<tr>\n<td colspan=\"1\" rowspan=\"1\">\n<div class=\"magic-11\">Certificado de empresa<\/div>\n<\/td>\n<td colspan=\"1\" rowspan=\"1\">\n<div class=\"magic-12\">ISO9001,ISO14001,ISO45001<\/div>\n<\/td>\n<\/tr>\n<\/tbody>\n<\/table>\n<p>Ensure tamper-proof protection for meters and utility equipment with the PLS-002 Red Metal Strip Plastic Padlock Security Seal. Designed for high-visibility security, this seal combines a\u00a0<strong>durable plastic padlock body<\/strong>\u00a0with an embedded\u00a0<strong>red metal strip<\/strong>\u00a0that visibly fractures upon tampering, providing clear evidence of unauthorized access. Ideal for electricity meters, water meters, and gas valves, its robust construction resists weather, corrosion, and physical manipulation. The tamper-evident design ensures compliance with industry standards, while the bright red color and numbered identification (optional) streamline inspections and audits. Lightweight yet rugged, the PLS-002 is trusted by utility providers, property managers, and industrial facilities to safeguard critical infrastructure and deter tampering.<\/p>","protected":false},"excerpt":{"rendered":"<p>The PLS-002 Red Plastic Padlock Seal offers tamper-evident security with a metal strip for meters, valves, and utility equipment, ensuring visible protection and compliance.<\/p>","protected":false},"featured_media":4006,"template":"","meta":[],"product_brand":[],"product_cat":[173],"product_tag":[448,449,450,451,452,453,454,447],"class_list":{"0":"post-4004","1":"product","2":"type-product","3":"status-publish","4":"has-post-thumbnail","6":"product_cat-padlock-seal","7":"product_tag-padlock-plastic-security-seal","8":"product_tag-plastic-padlock-meter-seals","9":"product_tag-red-tamper-evident-seals","10":"product_tag-pls-002-plastic-padlocks","11":"product_tag-meter-security-seals","12":"product_tag-utility-equipment-locks","13":"product_tag-metal-strip-security-tags","14":"product_tag-padlock-seals","16":"first","17":"instock","18":"shipping-taxable","19":"product-type-simple"},"_links":{"self":[{"href":"https:\/\/www.woseal.com\/es\/wp-json\/wp\/v2\/product\/4004","targetHints":{"allow":["GET"]}}],"collection":[{"href":"https:\/\/www.woseal.com\/es\/wp-json\/wp\/v2\/product"}],"about":[{"href":"https:\/\/www.woseal.com\/es\/wp-json\/wp\/v2\/types\/product"}],"version-history":[{"count":1,"href":"https:\/\/www.woseal.com\/es\/wp-json\/wp\/v2\/product\/4004\/revisions"}],"predecessor-version":[{"id":4014,"href":"https:\/\/www.woseal.com\/es\/wp-json\/wp\/v2\/product\/4004\/revisions\/4014"}],"wp:featuredmedia":[{"embeddable":true,"href":"https:\/\/www.woseal.com\/es\/wp-json\/wp\/v2\/media\/4006"}],"wp:attachment":[{"href":"https:\/\/www.woseal.com\/es\/wp-json\/wp\/v2\/media?parent=4004"}],"wp:term":[{"taxonomy":"product_brand","embeddable":true,"href":"https:\/\/www.woseal.com\/es\/wp-json\/wp\/v2\/product_brand?post=4004"},{"taxonomy":"product_cat","embeddable":true,"href":"https:\/\/www.woseal.com\/es\/wp-json\/wp\/v2\/product_cat?post=4004"},{"taxonomy":"product_tag","embeddable":true,"href":"https:\/\/www.woseal.com\/es\/wp-json\/wp\/v2\/product_tag?post=4004"}],"curies":[{"name":"wp","href":"https:\/\/api.w.org\/{rel}","templated":true}]}}