{"id":4044,"date":"2025-04-10T15:30:58","date_gmt":"2025-04-10T07:30:58","guid":{"rendered":"https:\/\/www.woseal.com\/?post_type=product&#038;p=4044"},"modified":"2025-04-11T09:10:37","modified_gmt":"2025-04-11T01:10:37","slug":"mts-010-customized-tamper-evident-utility-meter-seals-twist-rotating-gas-lead-meter-seal-electric-meter-seals","status":"publish","type":"product","link":"https:\/\/www.woseal.com\/es\/producto\/mts-010-customized-tamper-evident-utility-meter-seals-twist-rotating-gas-lead-meter-seal-electric-meter-seals","title":{"rendered":"MTS-010 Customized Tamper Evident Utility Meter Seals Twist Rotating Gas Lead Meter Seal Electric Meter Seals"},"content":{"rendered":"<table class=\"has-title all magic-10\">\n<tbody>\n<tr>\n<td colspan=\"1\" rowspan=\"1\">\n<div class=\"magic-11\" data-spm-anchor-id=\"a2700.details.0.i76.582f56b9vMfAKt\">Lugar de origen<\/div>\n<\/td>\n<td colspan=\"1\" rowspan=\"1\">\n<div class=\"magic-12\">China<\/div>\n<\/td>\n<\/tr>\n<tr>\n<td colspan=\"1\" rowspan=\"1\">\n<div class=\"magic-11\">Art\u00edculo<\/div>\n<\/td>\n<td colspan=\"1\" rowspan=\"1\">\n<div class=\"magic-12\">Sello del contador<\/div>\n<\/td>\n<\/tr>\n<tr>\n<td colspan=\"1\" rowspan=\"1\">\n<div class=\"magic-11\">Modelo<\/div>\n<\/td>\n<td colspan=\"1\" rowspan=\"1\">\n<div class=\"magic-12\">MTS-010<\/div>\n<\/td>\n<\/tr>\n<tr>\n<td colspan=\"1\" rowspan=\"1\">\n<div class=\"magic-11\">Material<\/div>\n<\/td>\n<td colspan=\"1\" rowspan=\"1\">\n<div class=\"magic-12\">ABS Plastic<\/div>\n<\/td>\n<\/tr>\n<tr>\n<td colspan=\"1\" rowspan=\"1\">\n<div class=\"magic-11\">Tama\u00f1o del cuerpo de la cerradura<\/div>\n<\/td>\n<td colspan=\"1\" rowspan=\"1\">\n<div class=\"magic-12\">46*19*25mm<\/div>\n<\/td>\n<\/tr>\n<tr>\n<td colspan=\"1\" rowspan=\"1\">\n<div class=\"magic-11\">Color<\/div>\n<\/td>\n<td colspan=\"1\" rowspan=\"1\">\n<div class=\"magic-12\">Yellow,White,Light Blue,Dark Blue,Green,Red,Orange and so on<\/div>\n<\/td>\n<\/tr>\n<tr>\n<td colspan=\"1\" rowspan=\"1\">\n<div class=\"magic-11\">Tipo de impresi\u00f3n<\/div>\n<\/td>\n<td colspan=\"1\" rowspan=\"1\">\n<div class=\"magic-12\">Marcaje l\u00e1ser o estampaci\u00f3n en caliente,serigraf\u00eda,tto<\/div>\n<\/td>\n<\/tr>\n<tr>\n<td colspan=\"1\" rowspan=\"1\">\n<div class=\"magic-11\">Marcar contenidos<\/div>\n<\/td>\n<td colspan=\"1\" rowspan=\"1\">\n<div class=\"magic-12\">N\u00fameros, letras, marcas, c\u00f3digos de barras, etc.<\/div>\n<\/td>\n<\/tr>\n<tr>\n<td colspan=\"1\" rowspan=\"1\">\n<div class=\"magic-11\">Paquete<\/div>\n<\/td>\n<td colspan=\"1\" rowspan=\"1\">\n<div class=\"magic-12\">100pcs\/bolsa de pl\u00e1stico,1000pcs\/cart\u00f3n,2000pcs\/cart\u00f3n<\/div>\n<\/td>\n<\/tr>\n<tr>\n<td colspan=\"1\" rowspan=\"1\">\n<div class=\"magic-11\">Aplicaci\u00f3n<\/div>\n<\/td>\n<td colspan=\"1\" rowspan=\"1\">\n<div class=\"magic-12\">All kinds of electric meters,water meters,tankers,etc<\/div>\n<\/td>\n<\/tr>\n<tr>\n<td colspan=\"1\" rowspan=\"1\">\n<div class=\"magic-11\">Certificado de empresa<\/div>\n<\/td>\n<td colspan=\"1\" rowspan=\"1\">\n<div class=\"magic-12\">ISO9001,ISO14001,ISO45001<\/div>\n<\/td>\n<\/tr>\n<\/tbody>\n<\/table>\n<p>Ensure tamper-proof security for utility meters with the MTS-010 Customized Tamper-Evident Meter Seal, designed for gas, electric, and water meter protection. Featuring a\u00a0<strong>twist-rotating locking mechanism<\/strong>, this seal provides irreversible security by breaking upon unauthorized access, leaving clear visual evidence of tampering. Made from durable, weather-resistant nylon or plastic, it withstands harsh outdoor conditions, UV exposure, and physical manipulation. Customize with unique serial numbers, barcodes, or logos to streamline tracking, compliance audits, and brand identification. Ideal for utility companies, municipalities, and industrial facilities, the MTS-010 ensures accurate meter readings, prevents fraud, and complies with industry security standards.<\/p>","protected":false},"excerpt":{"rendered":"<p>The MTS-010 Meter Seal offers tamper-evident security with a twist-lock design, customizable coding, and durability for gas, electric, and utility meter protection.<\/p>","protected":false},"featured_media":4045,"template":"","meta":[],"product_brand":[],"product_cat":[170],"product_tag":[488,489,479,480,481,482,483,484,485,486,487],"class_list":{"0":"post-4044","1":"product","2":"type-product","3":"status-publish","4":"has-post-thumbnail","6":"product_cat-meter-seal","7":"product_tag-twist-rotating-lead-seals","8":"product_tag-customized-electric-meter-seals","9":"product_tag-meter-seal","10":"product_tag-energy-meter-seal","11":"product_tag-meter-security-seal","12":"product_tag-gas-meter-seal","13":"product_tag-plastic-meter-seal","14":"product_tag-electric-meter-seal","15":"product_tag-tamper-evident-utility-seals","16":"product_tag-mts-010-meter-locks","17":"product_tag-gas-meter-security-tags","19":"first","20":"instock","21":"shipping-taxable","22":"product-type-simple"},"_links":{"self":[{"href":"https:\/\/www.woseal.com\/es\/wp-json\/wp\/v2\/product\/4044","targetHints":{"allow":["GET"]}}],"collection":[{"href":"https:\/\/www.woseal.com\/es\/wp-json\/wp\/v2\/product"}],"about":[{"href":"https:\/\/www.woseal.com\/es\/wp-json\/wp\/v2\/types\/product"}],"version-history":[{"count":1,"href":"https:\/\/www.woseal.com\/es\/wp-json\/wp\/v2\/product\/4044\/revisions"}],"predecessor-version":[{"id":4053,"href":"https:\/\/www.woseal.com\/es\/wp-json\/wp\/v2\/product\/4044\/revisions\/4053"}],"wp:featuredmedia":[{"embeddable":true,"href":"https:\/\/www.woseal.com\/es\/wp-json\/wp\/v2\/media\/4045"}],"wp:attachment":[{"href":"https:\/\/www.woseal.com\/es\/wp-json\/wp\/v2\/media?parent=4044"}],"wp:term":[{"taxonomy":"product_brand","embeddable":true,"href":"https:\/\/www.woseal.com\/es\/wp-json\/wp\/v2\/product_brand?post=4044"},{"taxonomy":"product_cat","embeddable":true,"href":"https:\/\/www.woseal.com\/es\/wp-json\/wp\/v2\/product_cat?post=4044"},{"taxonomy":"product_tag","embeddable":true,"href":"https:\/\/www.woseal.com\/es\/wp-json\/wp\/v2\/product_tag?post=4044"}],"curies":[{"name":"wp","href":"https:\/\/api.w.org\/{rel}","templated":true}]}}