{"id":4190,"date":"2025-06-18T14:36:35","date_gmt":"2025-06-18T06:36:35","guid":{"rendered":"https:\/\/www.woseal.com\/?post_type=product&#038;p=4190"},"modified":"2025-06-18T14:36:36","modified_gmt":"2025-06-18T06:36:36","slug":"mts-001-china-high-security-electric-tamper-proof-polycarbonate-meter-seals-container-water-twist-meter-seal","status":"publish","type":"product","link":"https:\/\/www.woseal.com\/es\/producto\/mts-001-china-high-security-electric-tamper-proof-polycarbonate-meter-seals-container-water-twist-meter-seal","title":{"rendered":"MTS-001 China High Security Electric Tamper Proof Polycarbonate Meter Seals Container Water Twist Meter Seal"},"content":{"rendered":"<table class=\"has-title all magic-7\">\n<tbody>\n<tr>\n<td colspan=\"1\" rowspan=\"1\">\n<div class=\"magic-8\" data-spm-anchor-id=\"a2700.details-description.0.i0.30edg7N2g7N2Xi\">Lugar de origen<\/div>\n<\/td>\n<td colspan=\"1\" rowspan=\"1\">\n<div class=\"magic-9\">China<\/div>\n<\/td>\n<\/tr>\n<tr>\n<td colspan=\"1\" rowspan=\"1\">\n<div class=\"magic-8\">Art\u00edculo<\/div>\n<\/td>\n<td colspan=\"1\" rowspan=\"1\">\n<div class=\"magic-9\">Sello del contador<\/div>\n<\/td>\n<\/tr>\n<tr>\n<td colspan=\"1\" rowspan=\"1\">\n<div class=\"magic-8\">Modelo<\/div>\n<\/td>\n<td colspan=\"1\" rowspan=\"1\">\n<div class=\"magic-9\">MTS-001<\/div>\n<\/td>\n<\/tr>\n<tr>\n<td colspan=\"1\" rowspan=\"1\">\n<div class=\"magic-8\">Material<\/div>\n<\/td>\n<td colspan=\"1\" rowspan=\"1\">\n<div class=\"magic-9\">ABS Plastic<\/div>\n<\/td>\n<\/tr>\n<tr>\n<td colspan=\"1\" rowspan=\"1\">\n<div class=\"magic-8\">Tama\u00f1o del cuerpo de la cerradura<\/div>\n<\/td>\n<td colspan=\"1\" rowspan=\"1\">\n<div class=\"magic-9\">22.9*19*22.6mm<\/div>\n<\/td>\n<\/tr>\n<tr>\n<td colspan=\"1\" rowspan=\"1\">\n<div class=\"magic-8\">Color<\/div>\n<\/td>\n<td colspan=\"1\" rowspan=\"1\">\n<div class=\"magic-9\">Yellow,Blue,Green,Red,Others and so on<\/div>\n<\/td>\n<\/tr>\n<tr>\n<td colspan=\"1\" rowspan=\"1\">\n<div class=\"magic-8\">Tipo de impresi\u00f3n<\/div>\n<\/td>\n<td colspan=\"1\" rowspan=\"1\">\n<div class=\"magic-9\">Marcaje l\u00e1ser o estampaci\u00f3n en caliente,serigraf\u00eda,tto<\/div>\n<\/td>\n<\/tr>\n<tr>\n<td colspan=\"1\" rowspan=\"1\">\n<div class=\"magic-8\">Marcar contenidos<\/div>\n<\/td>\n<td colspan=\"1\" rowspan=\"1\">\n<div class=\"magic-9\">N\u00fameros, letras, marcas, c\u00f3digos de barras, etc.<\/div>\n<\/td>\n<\/tr>\n<tr>\n<td colspan=\"1\" rowspan=\"1\">\n<div class=\"magic-8\">Paquete<\/div>\n<\/td>\n<td colspan=\"1\" rowspan=\"1\">\n<div class=\"magic-9\">100pcs\/bolsa de pl\u00e1stico,1000pcs\/cart\u00f3n,2000pcs\/cart\u00f3n<\/div>\n<\/td>\n<\/tr>\n<tr>\n<td colspan=\"1\" rowspan=\"1\">\n<div class=\"magic-8\">Aplicaci\u00f3n<\/div>\n<\/td>\n<td colspan=\"1\" rowspan=\"1\">\n<div class=\"magic-9\">All kinds of electric meters,water meters,tankers,etc<\/div>\n<\/td>\n<\/tr>\n<tr>\n<td colspan=\"1\" rowspan=\"1\">\n<div class=\"magic-8\">Certificado de empresa<\/div>\n<\/td>\n<td colspan=\"1\" rowspan=\"1\">\n<div class=\"magic-9\">ISO9001,ISO14001,ISO45001<\/div>\n<\/td>\n<\/tr>\n<\/tbody>\n<\/table>\n<p>The \u200c<strong>MTS-001 China High Security Electric Tamper Proof Polycarbonate Meter Seal<\/strong>\u200c is a premium sealing solution designed for \u200c<strong>electric, water, and container meters<\/strong>\u200c. Made from \u200c<strong>durable polycarbonate material<\/strong>\u200c, it ensures superior resistance to tampering, weather, and corrosion. The \u200c<strong>twist-lock mechanism<\/strong>\u200c provides enhanced security, while the \u200c<strong>unique serial numbering<\/strong>\u200c allows for easy tracking and compliance with utility regulations. Ideal for utility companies, industrial facilities, and municipal water suppliers, the MTS-001 guarantees \u200c<strong>one-time use<\/strong>\u200c, preventing unauthorized access and ensuring accurate meter readings.<\/p>","protected":false},"excerpt":{"rendered":"<p>The \u200c<strong>MTS-001<\/strong>\u200c is a \u200c<strong>high-security, tamper-proof polycarbonate meter seal<\/strong>\u200c featuring a twist-lock design for reliable utility protection and traceability.<\/p>","protected":false},"featured_media":4191,"template":"","meta":[],"product_brand":[],"product_cat":[170],"product_tag":[479,578,579,580,581],"class_list":{"0":"post-4190","1":"product","2":"type-product","3":"status-publish","4":"has-post-thumbnail","6":"product_cat-meter-seal","7":"product_tag-meter-seal","8":"product_tag-high-security-meter-seal","9":"product_tag-tamper-proof-polycarbonate-seal","10":"product_tag-electric-water-meter-seal","11":"product_tag-twist-lock-container-seal","13":"first","14":"instock","15":"shipping-taxable","16":"product-type-simple"},"_links":{"self":[{"href":"https:\/\/www.woseal.com\/es\/wp-json\/wp\/v2\/product\/4190","targetHints":{"allow":["GET"]}}],"collection":[{"href":"https:\/\/www.woseal.com\/es\/wp-json\/wp\/v2\/product"}],"about":[{"href":"https:\/\/www.woseal.com\/es\/wp-json\/wp\/v2\/types\/product"}],"version-history":[{"count":1,"href":"https:\/\/www.woseal.com\/es\/wp-json\/wp\/v2\/product\/4190\/revisions"}],"predecessor-version":[{"id":4198,"href":"https:\/\/www.woseal.com\/es\/wp-json\/wp\/v2\/product\/4190\/revisions\/4198"}],"wp:featuredmedia":[{"embeddable":true,"href":"https:\/\/www.woseal.com\/es\/wp-json\/wp\/v2\/media\/4191"}],"wp:attachment":[{"href":"https:\/\/www.woseal.com\/es\/wp-json\/wp\/v2\/media?parent=4190"}],"wp:term":[{"taxonomy":"product_brand","embeddable":true,"href":"https:\/\/www.woseal.com\/es\/wp-json\/wp\/v2\/product_brand?post=4190"},{"taxonomy":"product_cat","embeddable":true,"href":"https:\/\/www.woseal.com\/es\/wp-json\/wp\/v2\/product_cat?post=4190"},{"taxonomy":"product_tag","embeddable":true,"href":"https:\/\/www.woseal.com\/es\/wp-json\/wp\/v2\/product_tag?post=4190"}],"curies":[{"name":"wp","href":"https:\/\/api.w.org\/{rel}","templated":true}]}}