{"id":3493,"date":"2025-03-27T15:43:37","date_gmt":"2025-03-27T07:43:37","guid":{"rendered":"https:\/\/www.woseal.com\/?post_type=product&#038;p=3493"},"modified":"2025-04-11T14:03:35","modified_gmt":"2025-04-11T06:03:35","slug":"cbs-002-high-metallic-safety-wire-seal-system-security-waterproof-metal-lock-cable-seals","status":"publish","type":"product","link":"https:\/\/www.woseal.com\/fr\/produit\/cbs-002-high-metallic-safety-wire-seal-system-security-waterproof-metal-lock-cable-seals","title":{"rendered":"CBS-002 Syst\u00e8me de scellage de fil de s\u00e9curit\u00e9 \u00e0 haute teneur en m\u00e9tal Scell\u00e9s de c\u00e2bles de verrouillage en m\u00e9tal \u00e9tanches \u00e0 l'eau"},"content":{"rendered":"<table class=\"has-title all magic-7\">\n<tbody>\n<tr>\n<td colspan=\"1\" rowspan=\"1\">\n<div class=\"magic-8\" data-spm-anchor-id=\"a2700.details.0.i72.48963db5bL2wRK\">Nom<\/div>\n<\/td>\n<td colspan=\"1\" rowspan=\"1\">\n<div class=\"magic-9\">CBS-002<\/div>\n<\/td>\n<\/tr>\n<tr>\n<td colspan=\"1\" rowspan=\"1\">\n<div class=\"magic-8\">mat\u00e9riel<\/div>\n<\/td>\n<td colspan=\"1\" rowspan=\"1\">\n<div class=\"magic-9\">ABS, m\u00e9tallurgie des poudres, c\u00e2ble A3, 7*7<\/div>\n<\/td>\n<\/tr>\n<tr>\n<td colspan=\"1\" rowspan=\"1\">\n<div class=\"magic-8\">Taille du corps de serrure<\/div>\n<\/td>\n<td colspan=\"1\" rowspan=\"1\">\n<div class=\"magic-9\">38*14*12mm<\/div>\n<\/td>\n<\/tr>\n<tr>\n<td colspan=\"1\" rowspan=\"1\">\n<div class=\"magic-8\">Diam\u00e8tre<\/div>\n<\/td>\n<td colspan=\"1\" rowspan=\"1\">\n<div class=\"magic-9\">1,8 mm<\/div>\n<\/td>\n<\/tr>\n<tr>\n<td colspan=\"1\" rowspan=\"1\">\n<div class=\"magic-8\">Processus de fabrication<\/div>\n<\/td>\n<td colspan=\"1\" rowspan=\"1\">\n<div class=\"magic-9\">injection\uff0cStampage<\/div>\n<\/td>\n<\/tr>\n<tr>\n<td colspan=\"1\" rowspan=\"1\">\n<div class=\"magic-8\">Couleur<\/div>\n<\/td>\n<td colspan=\"1\" rowspan=\"1\">\n<div class=\"magic-9\">Rouge, jaune, noir, bleu, vert, etc.<\/div>\n<\/td>\n<\/tr>\n<tr>\n<td colspan=\"1\" rowspan=\"1\">\n<div class=\"magic-8\">Mat\u00e9riau du c\u00e2ble<\/div>\n<\/td>\n<td colspan=\"1\" rowspan=\"1\">\n<div class=\"magic-9\">Acier A3, 7*7, longueur r\u00e9duite<\/div>\n<\/td>\n<\/tr>\n<tr>\n<td colspan=\"1\" rowspan=\"1\">\n<div class=\"magic-8\">Longueur du c\u00e2ble<\/div>\n<\/td>\n<td colspan=\"1\" rowspan=\"1\">\n<div class=\"magic-9\">Longueur 25cm, 30cm, toute longueur peut \u00eatre personnalis\u00e9e.<\/div>\n<\/td>\n<\/tr>\n<tr>\n<td colspan=\"1\" rowspan=\"1\">\n<div class=\"magic-8\">Type d'impression<\/div>\n<\/td>\n<td colspan=\"1\" rowspan=\"1\">\n<div class=\"magic-9\">Marquage laser<\/div>\n<\/td>\n<\/tr>\n<tr>\n<td colspan=\"1\" rowspan=\"1\">\n<div class=\"magic-8\">Marquage des contenus<\/div>\n<\/td>\n<td colspan=\"1\" rowspan=\"1\">\n<div class=\"magic-9\">Chiffres, lettres, marques, codes \u00e0 barres<\/div>\n<\/td>\n<\/tr>\n<tr>\n<td colspan=\"1\" rowspan=\"1\">\n<div class=\"magic-8\">Application<\/div>\n<\/td>\n<td colspan=\"1\" rowspan=\"1\">\n<div class=\"magic-9\">Supermarch\u00e9s, p\u00e9trole, conteneurs, conteneurs ferroviaires, bo\u00eetes de compteurs, portefeuilles bancaires, etc.<\/div>\n<\/td>\n<\/tr>\n<tr>\n<td colspan=\"1\" rowspan=\"1\">\n<div class=\"magic-8\">Emballage<\/div>\n<\/td>\n<td colspan=\"1\" rowspan=\"1\">\n<div class=\"magic-9\">100pcs\/sac en plastique, 1000pcs\/carton, 2000pcs\/carton<\/div>\n<\/td>\n<\/tr>\n<tr>\n<td colspan=\"1\" rowspan=\"1\">\n<div class=\"magic-8\">Certificat d'entreprise<\/div>\n<\/td>\n<td colspan=\"1\" rowspan=\"1\">\n<div class=\"magic-9\">ISO17712,ISO9001,ISO14001,ISO45001<\/div>\n<\/td>\n<\/tr>\n<\/tbody>\n<\/table>\n<p>S\u00e9curisez vos exp\u00e9ditions avec le syst\u00e8me de scell\u00e9s de s\u00e9curit\u00e9 \u00e0 fil m\u00e9tallique CBS-002, con\u00e7u pour une protection ultime dans les environnements exigeants. Enti\u00e8rement m\u00e9tallique, ce scell\u00e9 de c\u00e2ble \u00e9tanche associe un fil d'acier \u00e0 haute r\u00e9sistance \u00e0 un verrou m\u00e9tallique r\u00e9sistant \u00e0 la corrosion, garantissant une s\u00e9curit\u00e9 inviolable contre les coupures, l'indiscr\u00e9tion et les conditions m\u00e9t\u00e9orologiques difficiles. Le m\u00e9canisme de verrouillage avanc\u00e9 fournit une preuve d'effraction visible, tandis que sa conception \u00e9tanche garantit sa fiabilit\u00e9 dans les environnements humides, marins ou pluvieux. Id\u00e9al pour la logistique, les conteneurs d'exp\u00e9dition, les machines lourdes et les cargaisons de grande valeur, le CBS-002 r\u00e9pond \u00e0 des normes industrielles rigoureuses et est con\u00e7u pour r\u00e9sister \u00e0 des temp\u00e9ratures et \u00e0 des contraintes physiques extr\u00eames. Sa conception \u00e0 la fois l\u00e9g\u00e8re et robuste permet une application et une inspection faciles, ce qui simplifie la conformit\u00e9 aux protocoles de s\u00e9curit\u00e9 mondiaux. Faites confiance au CBS-002 pour prot\u00e9ger vos biens avec une durabilit\u00e9 et une dissuasion du vol in\u00e9gal\u00e9es.<\/p>","protected":false},"excerpt":{"rendered":"<p>La serrure m\u00e9tallique \u00e9tanche CBS-002 offre une s\u00e9curit\u00e9 inviolable et r\u00e9sistante aux intemp\u00e9ries gr\u00e2ce \u00e0 sa construction hautement m\u00e9tallique, parfaite pour la logistique, le transport maritime et la protection des cargaisons lourdes.<\/p>","protected":false},"featured_media":3508,"template":"","meta":[],"product_brand":[],"product_cat":[168],"product_tag":[350,351,352,353,354,355,176,177,178,182,183,315],"class_list":{"0":"post-3493","1":"product","2":"type-product","3":"status-publish","4":"has-post-thumbnail","6":"product_cat-cable-seal","7":"product_tag-high-metallic-safety-wire","8":"product_tag-waterproof-metal-lock-seals","9":"product_tag-tamper-proof-security-cable","10":"product_tag-logistics-waterproof-seals","11":"product_tag-industrial-grade-cable-locks","12":"product_tag-heavy-duty-shipping-security","13":"product_tag-cable-seal","14":"product_tag-wire-seal","15":"product_tag-security-seal","16":"product_tag-hexcab-cable-seal","17":"product_tag-safety-cable-seal","18":"product_tag-corrosion-resistant-wire-seals","20":"first","21":"instock","22":"featured","23":"shipping-taxable","24":"product-type-simple"},"_links":{"self":[{"href":"https:\/\/www.woseal.com\/fr\/wp-json\/wp\/v2\/product\/3493","targetHints":{"allow":["GET"]}}],"collection":[{"href":"https:\/\/www.woseal.com\/fr\/wp-json\/wp\/v2\/product"}],"about":[{"href":"https:\/\/www.woseal.com\/fr\/wp-json\/wp\/v2\/types\/product"}],"version-history":[{"count":4,"href":"https:\/\/www.woseal.com\/fr\/wp-json\/wp\/v2\/product\/3493\/revisions"}],"predecessor-version":[{"id":3849,"href":"https:\/\/www.woseal.com\/fr\/wp-json\/wp\/v2\/product\/3493\/revisions\/3849"}],"wp:featuredmedia":[{"embeddable":true,"href":"https:\/\/www.woseal.com\/fr\/wp-json\/wp\/v2\/media\/3508"}],"wp:attachment":[{"href":"https:\/\/www.woseal.com\/fr\/wp-json\/wp\/v2\/media?parent=3493"}],"wp:term":[{"taxonomy":"product_brand","embeddable":true,"href":"https:\/\/www.woseal.com\/fr\/wp-json\/wp\/v2\/product_brand?post=3493"},{"taxonomy":"product_cat","embeddable":true,"href":"https:\/\/www.woseal.com\/fr\/wp-json\/wp\/v2\/product_cat?post=3493"},{"taxonomy":"product_tag","embeddable":true,"href":"https:\/\/www.woseal.com\/fr\/wp-json\/wp\/v2\/product_tag?post=3493"}],"curies":[{"name":"wp","href":"https:\/\/api.w.org\/{rel}","templated":true}]}}