{"id":3518,"date":"2025-03-27T16:25:04","date_gmt":"2025-03-27T08:25:04","guid":{"rendered":"https:\/\/www.woseal.com\/?post_type=product&#038;p=3518"},"modified":"2025-04-11T14:01:02","modified_gmt":"2025-04-11T06:01:02","slug":"cbs-004-customization-mechanical-wire-seal-company-of-aluminum-alloy-safety-seals-logistics-anti-theft-cable-tag-seals","status":"publish","type":"product","link":"https:\/\/www.woseal.com\/fr\/produit\/cbs-004-customization-mechanical-wire-seal-company-of-aluminum-alloy-safety-seals-logistics-anti-theft-cable-tag-seals","title":{"rendered":"CBS-004 Scell\u00e9s m\u00e9caniques de s\u00e9curit\u00e9 en alliage d'aluminium Scell\u00e9s de s\u00e9curit\u00e9 pour c\u00e2bles logistiques antivol"},"content":{"rendered":"<table class=\"has-title all magic-7\">\n<tbody>\n<tr>\n<td colspan=\"1\" rowspan=\"1\">\n<div class=\"magic-8\" data-spm-anchor-id=\"a2700.details-description.0.i0.7223Tr8vTr8vaX\">Nom<\/div>\n<\/td>\n<td colspan=\"1\" rowspan=\"1\">\n<div class=\"magic-9\">CBS-004<\/div>\n<\/td>\n<\/tr>\n<tr>\n<td colspan=\"1\" rowspan=\"1\">\n<div class=\"magic-8\">mat\u00e9riel<\/div>\n<\/td>\n<td colspan=\"1\" rowspan=\"1\">\n<div class=\"magic-9\">Alliage d'aluminium, c\u00e2ble A3, 7*7<\/div>\n<\/td>\n<\/tr>\n<tr>\n<td colspan=\"1\" rowspan=\"1\">\n<div class=\"magic-8\">Taille du corps de serrure<\/div>\n<\/td>\n<td colspan=\"1\" rowspan=\"1\">\n<div class=\"magic-9\">26*22*6mm<\/div>\n<\/td>\n<\/tr>\n<tr>\n<td colspan=\"1\" rowspan=\"1\">\n<div class=\"magic-8\">Diam\u00e8tre<\/div>\n<\/td>\n<td colspan=\"1\" rowspan=\"1\">\n<div class=\"magic-9\">1,8 mm<\/div>\n<\/td>\n<\/tr>\n<tr>\n<td colspan=\"1\" rowspan=\"1\">\n<div class=\"magic-8\">Processus de fabrication<\/div>\n<\/td>\n<td colspan=\"1\" rowspan=\"1\">\n<div class=\"magic-9\">injection\uff0cStampage<\/div>\n<\/td>\n<\/tr>\n<tr>\n<td colspan=\"1\" rowspan=\"1\">\n<div class=\"magic-8\">Couleur<\/div>\n<\/td>\n<td colspan=\"1\" rowspan=\"1\">\n<div class=\"magic-9\">Rouge, jaune, noir, bleu, vert, etc.<\/div>\n<\/td>\n<\/tr>\n<tr>\n<td colspan=\"1\" rowspan=\"1\">\n<div class=\"magic-8\">Mat\u00e9riau du c\u00e2ble<\/div>\n<\/td>\n<td colspan=\"1\" rowspan=\"1\">\n<div class=\"magic-9\">Acier A3, 7*7, longueur r\u00e9duite<\/div>\n<\/td>\n<\/tr>\n<tr>\n<td colspan=\"1\" rowspan=\"1\">\n<div class=\"magic-8\">Longueur du c\u00e2ble<\/div>\n<\/td>\n<td colspan=\"1\" rowspan=\"1\">\n<div class=\"magic-9\">Longueur 25cm, 30cm, toute longueur peut \u00eatre personnalis\u00e9e.<\/div>\n<\/td>\n<\/tr>\n<tr>\n<td colspan=\"1\" rowspan=\"1\">\n<div class=\"magic-8\">Type d'impression<\/div>\n<\/td>\n<td colspan=\"1\" rowspan=\"1\">\n<div class=\"magic-9\">Marquage laser<\/div>\n<\/td>\n<\/tr>\n<tr>\n<td colspan=\"1\" rowspan=\"1\">\n<div class=\"magic-8\">Marquage des contenus<\/div>\n<\/td>\n<td colspan=\"1\" rowspan=\"1\">\n<div class=\"magic-9\">Chiffres, lettres, marques, codes \u00e0 barres<\/div>\n<\/td>\n<\/tr>\n<tr>\n<td colspan=\"1\" rowspan=\"1\">\n<div class=\"magic-8\">Application<\/div>\n<\/td>\n<td colspan=\"1\" rowspan=\"1\">\n<div class=\"magic-9\">Supermarch\u00e9s, p\u00e9trole, conteneurs, conteneurs ferroviaires, bo\u00eetes de compteurs, portefeuilles bancaires, etc.<\/div>\n<\/td>\n<\/tr>\n<tr>\n<td colspan=\"1\" rowspan=\"1\">\n<div class=\"magic-8\">Emballage<\/div>\n<\/td>\n<td colspan=\"1\" rowspan=\"1\">\n<div class=\"magic-9\">100pcs\/sac en plastique, 1000pcs\/carton, 2000pcs\/carton<\/div>\n<\/td>\n<\/tr>\n<tr>\n<td colspan=\"1\" rowspan=\"1\">\n<div class=\"magic-8\">Certificat d'entreprise<\/div>\n<\/td>\n<td colspan=\"1\" rowspan=\"1\">\n<div class=\"magic-9\">ISO17712,ISO9001,ISO14001,ISO45001<\/div>\n<\/td>\n<\/tr>\n<\/tbody>\n<\/table>\n<p>Am\u00e9liorez la s\u00e9curit\u00e9 de votre logistique avec le scell\u00e9 m\u00e9canique pour c\u00e2ble CBS-004 Customization, fabriqu\u00e9 \u00e0 partir d'un alliage d'aluminium de premi\u00e8re qualit\u00e9 pour une durabilit\u00e9 et des performances antivol in\u00e9gal\u00e9es. Con\u00e7u pour les entreprises \u00e0 la recherche de solutions sur mesure, ce scell\u00e9 pour c\u00e2ble offre des options personnalisables telles qu'un marquage unique, un code couleur ou des ajustements de taille pour r\u00e9pondre \u00e0 des besoins op\u00e9rationnels sp\u00e9cifiques. Son m\u00e9canisme de verrouillage m\u00e9canique robuste assure une protection inviolable, avec des signes visibles d'entr\u00e9e forc\u00e9e pour d\u00e9courager le vol et l'acc\u00e8s non autoris\u00e9. Id\u00e9al pour s\u00e9curiser les conteneurs d'exp\u00e9dition, le fret et les exp\u00e9ditions logistiques de grande valeur, le CBS-004 r\u00e9siste aux environnements difficiles, \u00e0 la corrosion et aux manipulations physiques. Conforme aux normes ISO et con\u00e7u pour la fiabilit\u00e9, il associe la r\u00e9sistance d'un alliage d'aluminium l\u00e9ger \u00e0 une s\u00e9curit\u00e9 rentable, rationalisant ainsi la conformit\u00e9 et renfor\u00e7ant la confiance dans la cha\u00eene d'approvisionnement.<\/p>","protected":false},"excerpt":{"rendered":"<p>Mod\u00e8le:CBS-004<\/p>\n<p>Il s'agit d'un joint de c\u00e2ble en aluminium. Pour plus de s\u00e9curit\u00e9, le c\u00e2ble non pr\u00e9form\u00e9 de 1,8 mm se d\u00e9roule lorsqu'il est coup\u00e9. Les scell\u00e9s de c\u00e2ble achet\u00e9s en ligne sont imprim\u00e9s au laser avec la mention \"SEALED\", munis d'un code-barres et num\u00e9rot\u00e9s cons\u00e9cutivement.<\/p>\n<p>Ce produit est actuellement disponible en\u00a0<strong>Rouge<\/strong>,\u00a0<strong>Vert, jaune, noir<\/strong>\u00a0et\u00a0<strong>Bleu<\/strong>. Contactez-nous pour d'autres couleurs.<\/p>","protected":false},"featured_media":3521,"template":"","meta":[],"product_brand":[],"product_cat":[168],"product_tag":[187,188,189,342,343,344,345,346,347,348,349,177,180,184,185,186],"class_list":{"0":"post-3518","1":"product","2":"type-product","3":"status-publish","4":"has-post-thumbnail","6":"product_cat-cable-seal","7":"product_tag-high-security-cable-seal","8":"product_tag-metal-cable-seal","9":"product_tag-rfid-cable-seal","10":"product_tag-customizable-cable-seal","11":"product_tag-cbs-004-mechanical-wire-seal","12":"product_tag-aluminum-alloy-security-seals","13":"product_tag-logistics-anti-theft-tags","14":"product_tag-tamper-evident-cable-locks","15":"product_tag-branded-cable-seals","16":"product_tag-heavy-duty-logistics-seals","17":"product_tag-customizable-shipping-tags","18":"product_tag-wire-seal","19":"product_tag-safety-seal","20":"product_tag-aluminum-alloy-cable-seal","21":"product_tag-anti-theft-cable-seal","22":"product_tag-logistics-cable-seal","24":"first","25":"instock","26":"featured","27":"shipping-taxable","28":"product-type-simple"},"_links":{"self":[{"href":"https:\/\/www.woseal.com\/fr\/wp-json\/wp\/v2\/product\/3518","targetHints":{"allow":["GET"]}}],"collection":[{"href":"https:\/\/www.woseal.com\/fr\/wp-json\/wp\/v2\/product"}],"about":[{"href":"https:\/\/www.woseal.com\/fr\/wp-json\/wp\/v2\/types\/product"}],"version-history":[{"count":5,"href":"https:\/\/www.woseal.com\/fr\/wp-json\/wp\/v2\/product\/3518\/revisions"}],"predecessor-version":[{"id":3848,"href":"https:\/\/www.woseal.com\/fr\/wp-json\/wp\/v2\/product\/3518\/revisions\/3848"}],"wp:featuredmedia":[{"embeddable":true,"href":"https:\/\/www.woseal.com\/fr\/wp-json\/wp\/v2\/media\/3521"}],"wp:attachment":[{"href":"https:\/\/www.woseal.com\/fr\/wp-json\/wp\/v2\/media?parent=3518"}],"wp:term":[{"taxonomy":"product_brand","embeddable":true,"href":"https:\/\/www.woseal.com\/fr\/wp-json\/wp\/v2\/product_brand?post=3518"},{"taxonomy":"product_cat","embeddable":true,"href":"https:\/\/www.woseal.com\/fr\/wp-json\/wp\/v2\/product_cat?post=3518"},{"taxonomy":"product_tag","embeddable":true,"href":"https:\/\/www.woseal.com\/fr\/wp-json\/wp\/v2\/product_tag?post=3518"}],"curies":[{"name":"wp","href":"https:\/\/api.w.org\/{rel}","templated":true}]}}