{"id":3549,"date":"2025-03-27T17:31:42","date_gmt":"2025-03-27T09:31:42","guid":{"rendered":"https:\/\/www.woseal.com\/?post_type=product&#038;p=3549"},"modified":"2025-04-11T13:57:37","modified_gmt":"2025-04-11T05:57:37","slug":"pts-009-seals-extinguisher-customizable-printed-text-logo-stretchable-plastic-zip-tie-tag-seal","status":"publish","type":"product","link":"https:\/\/www.woseal.com\/fr\/produit\/pts-009-seals-extinguisher-customizable-printed-text-logo-stretchable-plastic-zip-tie-tag-seal","title":{"rendered":"PTS-009 Scell\u00e9s Extincteurs Texte Imprim\u00e9 Personnalisable Logo Etirable Plastique Zip Tie Tag Scell\u00e9"},"content":{"rendered":"<table class=\"has-title all magic-7\">\n<tbody>\n<tr>\n<td colspan=\"1\" rowspan=\"1\">\n<div class=\"magic-8\" data-spm-anchor-id=\"a2700.details.0.i73.4193684fm4sSVz\">Lieu d'origine<\/div>\n<\/td>\n<td colspan=\"1\" rowspan=\"1\">\n<div class=\"magic-9\">Chine<\/div>\n<\/td>\n<\/tr>\n<tr>\n<td colspan=\"1\" rowspan=\"1\">\n<div class=\"magic-8\">Objet<\/div>\n<\/td>\n<td colspan=\"1\" rowspan=\"1\">\n<div class=\"magic-9\">Sceau en plastique<\/div>\n<\/td>\n<\/tr>\n<tr>\n<td colspan=\"1\" rowspan=\"1\">\n<div class=\"magic-8\">Mod\u00e8le<\/div>\n<\/td>\n<td colspan=\"1\" rowspan=\"1\">\n<div class=\"magic-9\">TPS-009<\/div>\n<\/td>\n<\/tr>\n<tr>\n<td colspan=\"1\" rowspan=\"1\">\n<div class=\"magic-8\">Mat\u00e9riau<\/div>\n<\/td>\n<td colspan=\"1\" rowspan=\"1\">\n<div class=\"magic-9\">PP+PE<\/div>\n<\/td>\n<\/tr>\n<tr>\n<td colspan=\"1\" rowspan=\"1\">\n<div class=\"magic-8\">Taille du corps de serrure<\/div>\n<\/td>\n<td colspan=\"1\" rowspan=\"1\">\n<div class=\"magic-9\">57*19*15.5mm<\/div>\n<\/td>\n<\/tr>\n<tr>\n<td colspan=\"1\" rowspan=\"1\">\n<div class=\"magic-8\">Longueur<\/div>\n<\/td>\n<td colspan=\"1\" rowspan=\"1\">\n<div class=\"magic-9\">250\/300\/400mm<\/div>\n<\/td>\n<\/tr>\n<tr>\n<td colspan=\"1\" rowspan=\"1\">\n<div class=\"magic-8\">Couleur<\/div>\n<\/td>\n<td colspan=\"1\" rowspan=\"1\">\n<div class=\"magic-9\">Jaune, blanc, bleu, vert, rouge, etc.<\/div>\n<\/td>\n<\/tr>\n<tr>\n<td colspan=\"1\" rowspan=\"1\">\n<div class=\"magic-8\">Type d'impression<\/div>\n<\/td>\n<td colspan=\"1\" rowspan=\"1\">\n<div class=\"magic-9\">Marquage laser ou \u00e0 chaud, s\u00e9rigraphie, tto<\/div>\n<\/td>\n<\/tr>\n<tr>\n<td colspan=\"1\" rowspan=\"1\">\n<div class=\"magic-8\">Marquer le contenu<\/div>\n<\/td>\n<td colspan=\"1\" rowspan=\"1\">\n<div class=\"magic-9\">Chiffres, lettres, marques, codes \u00e0 barres, etc.<\/div>\n<\/td>\n<\/tr>\n<tr>\n<td colspan=\"1\" rowspan=\"1\">\n<div class=\"magic-8\">Paquet<\/div>\n<\/td>\n<td colspan=\"1\" rowspan=\"1\">\n<div class=\"magic-9\">100pcs\/sac en plastique, 1000pcs\/carton, 2000pcs\/carton<\/div>\n<\/td>\n<\/tr>\n<tr>\n<td colspan=\"1\" rowspan=\"1\">\n<div class=\"magic-8\">Application<\/div>\n<\/td>\n<td colspan=\"1\" rowspan=\"1\">\n<div class=\"magic-9\">Supermarch\u00e9s, p\u00e9trole, conteneurs, conteneurs ferroviaires, bo\u00eetes de compteurs, portefeuilles bancaires, etc.<\/div>\n<\/td>\n<\/tr>\n<tr>\n<td colspan=\"1\" rowspan=\"1\">\n<div class=\"magic-8\">Certificat d'entreprise<\/div>\n<\/td>\n<td colspan=\"1\" rowspan=\"1\">\n<div class=\"magic-9\">REACH,ISO9001,ISO14001,ISO45001<\/div>\n<\/td>\n<\/tr>\n<\/tbody>\n<\/table>\n<p>Am\u00e9liorez la s\u00e9curit\u00e9 et la conformit\u00e9 avec le sceau PTS-009 Seals Extinguisher, une \u00e9tiquette plastique extensible et personnalisable con\u00e7ue pour assurer la s\u00e9curit\u00e9 de l'inviolabilit\u00e9. Id\u00e9al pour les extincteurs, les vannes et les \u00e9quipements de s\u00e9curit\u00e9, ce scell\u00e9 comporte un texte ou un logo imprim\u00e9 \u00e0 haute visibilit\u00e9 pour assurer la reconnaissance de la marque et le suivi de la conformit\u00e9. Fabriqu\u00e9 en plastique durable et r\u00e9sistant aux UV, il r\u00e9siste aux contraintes environnementales et sa conception extensible s'adapte \u00e0 diff\u00e9rentes formes et tailles pour des applications polyvalentes. Le m\u00e9canisme \u00e0 usage unique fournit une preuve d'effraction claire, dissuadant l'acc\u00e8s non autoris\u00e9 et garantissant l'int\u00e9grit\u00e9 de l'\u00e9quipement. Personnalisez-le avec des num\u00e9ros de s\u00e9rie, des codes-barres ou la marque de votre entreprise pour simplifier les inspections et les audits. L\u00e9ger mais robuste, le PTS-009 est parfait pour les installations industrielles, la s\u00e9curit\u00e9 publique et la maintenance des \u00e9quipements.<\/p>\n<p>&nbsp;<\/p>","protected":false},"excerpt":{"rendered":"<p>Le nouveau mod\u00e8le PTS-009 est un scell\u00e9 de s\u00e9curit\u00e9 ajustable et inviolable, disponible avec une sangle de 10\u2033 ou 16\u2033. La grande languette d'impression affiche un texte, des codes-barres et des chiffres faciles \u00e0 lire. Id\u00e9al pour les portes de remorques, les camions-citernes, les wagons, les bo\u00eetes de transport, etc. Les scell\u00e9s en stock sont exp\u00e9di\u00e9s imm\u00e9diatement, les scell\u00e9s imprim\u00e9s sur mesure prennent jusqu'\u00e0 4 semaines.<\/p>","protected":false},"featured_media":3550,"template":"","meta":[],"product_brand":[],"product_cat":[169],"product_tag":[194,195,196,197,198,199,190,191,192,193],"class_list":{"0":"post-3549","1":"product","2":"type-product","3":"status-publish","4":"has-post-thumbnail","6":"product_cat-plastic-seal","7":"product_tag-pp-plastic-seal","8":"product_tag-custom-plastic-seal","9":"product_tag-container-security-seals","10":"product_tag-logistics-plastic-seals","11":"product_tag-industrial-sealing-solutions","12":"product_tag-seals-extinguisher","13":"product_tag-plastic-seal","14":"product_tag-security-plastic-seal","15":"product_tag-container-plastic-seal","16":"product_tag-high-security-plastic-seal","18":"first","19":"instock","20":"featured","21":"shipping-taxable","22":"product-type-simple"},"_links":{"self":[{"href":"https:\/\/www.woseal.com\/fr\/wp-json\/wp\/v2\/product\/3549","targetHints":{"allow":["GET"]}}],"collection":[{"href":"https:\/\/www.woseal.com\/fr\/wp-json\/wp\/v2\/product"}],"about":[{"href":"https:\/\/www.woseal.com\/fr\/wp-json\/wp\/v2\/types\/product"}],"version-history":[{"count":3,"href":"https:\/\/www.woseal.com\/fr\/wp-json\/wp\/v2\/product\/3549\/revisions"}],"predecessor-version":[{"id":3864,"href":"https:\/\/www.woseal.com\/fr\/wp-json\/wp\/v2\/product\/3549\/revisions\/3864"}],"wp:featuredmedia":[{"embeddable":true,"href":"https:\/\/www.woseal.com\/fr\/wp-json\/wp\/v2\/media\/3550"}],"wp:attachment":[{"href":"https:\/\/www.woseal.com\/fr\/wp-json\/wp\/v2\/media?parent=3549"}],"wp:term":[{"taxonomy":"product_brand","embeddable":true,"href":"https:\/\/www.woseal.com\/fr\/wp-json\/wp\/v2\/product_brand?post=3549"},{"taxonomy":"product_cat","embeddable":true,"href":"https:\/\/www.woseal.com\/fr\/wp-json\/wp\/v2\/product_cat?post=3549"},{"taxonomy":"product_tag","embeddable":true,"href":"https:\/\/www.woseal.com\/fr\/wp-json\/wp\/v2\/product_tag?post=3549"}],"curies":[{"name":"wp","href":"https:\/\/api.w.org\/{rel}","templated":true}]}}