{"id":3574,"date":"2025-03-28T10:53:00","date_gmt":"2025-03-28T02:53:00","guid":{"rendered":"https:\/\/www.woseal.com\/?post_type=product&#038;p=3574"},"modified":"2025-04-11T13:49:18","modified_gmt":"2025-04-11T05:49:18","slug":"bts-001-truck-van-door-with-logo-barcod-high-security-iso17712-container-lock-bolt-seals","status":"publish","type":"product","link":"https:\/\/www.woseal.com\/fr\/produit\/bts-001-truck-van-door-with-logo-barcod-high-security-iso17712-container-lock-bolt-seals","title":{"rendered":"BTS-001 Porte de camion ou de camionnette avec logo et code-barres Haute s\u00e9curit\u00e9 ISO17712 Verrouillage de conteneur Scell\u00e9s \u00e0 boulon"},"content":{"rendered":"<table class=\"has-title all magic-7\">\n<tbody>\n<tr>\n<td colspan=\"1\" rowspan=\"1\">\n<div class=\"magic-8\" data-spm-anchor-id=\"a2700.details.0.i73.6c264075iQX7Ha\">Lieu d'origine<\/div>\n<\/td>\n<td colspan=\"1\" rowspan=\"1\">\n<div class=\"magic-9\">Chine<\/div>\n<\/td>\n<\/tr>\n<tr>\n<td colspan=\"1\" rowspan=\"1\">\n<div class=\"magic-8\">Objet<\/div>\n<\/td>\n<td colspan=\"1\" rowspan=\"1\">\n<div class=\"magic-9\">Joint de boulon<\/div>\n<\/td>\n<\/tr>\n<tr>\n<td colspan=\"1\" rowspan=\"1\">\n<div class=\"magic-8\">Mod\u00e8le<\/div>\n<\/td>\n<td colspan=\"1\" rowspan=\"1\">\n<div class=\"magic-9\">BTS-001<\/div>\n<\/td>\n<\/tr>\n<tr>\n<td colspan=\"1\" rowspan=\"1\">\n<div class=\"magic-8\">Mat\u00e9riau<\/div>\n<\/td>\n<td colspan=\"1\" rowspan=\"1\">\n<div class=\"magic-9\">ABS+acier au carbone galvanis\u00e9<\/div>\n<\/td>\n<\/tr>\n<tr>\n<td colspan=\"1\" rowspan=\"1\">\n<div class=\"magic-8\">Taille du corps de serrure<\/div>\n<\/td>\n<td colspan=\"1\" rowspan=\"1\">\n<div class=\"magic-9\">81.3*10mm<\/div>\n<\/td>\n<\/tr>\n<tr>\n<td colspan=\"1\" rowspan=\"1\">\n<div class=\"magic-8\">Couleur<\/div>\n<\/td>\n<td colspan=\"1\" rowspan=\"1\">\n<div class=\"magic-9\">Jaune, blanc, bleu, vert, rouge, autres, etc.<\/div>\n<\/td>\n<\/tr>\n<tr>\n<td colspan=\"1\" rowspan=\"1\">\n<div class=\"magic-8\">Type d'impression<\/div>\n<\/td>\n<td colspan=\"1\" rowspan=\"1\">\n<div class=\"magic-9\">Marquage au laser ou \u00e0 chaud, s\u00e9rigraphie<\/div>\n<\/td>\n<\/tr>\n<tr>\n<td colspan=\"1\" rowspan=\"1\">\n<div class=\"magic-8\">Marquer le contenu<\/div>\n<\/td>\n<td colspan=\"1\" rowspan=\"1\">\n<div class=\"magic-9\">Chiffres, lettres, marques, codes \u00e0 barres, etc.<\/div>\n<\/td>\n<\/tr>\n<tr>\n<td colspan=\"1\" rowspan=\"1\">\n<div class=\"magic-8\">Paquet<\/div>\n<\/td>\n<td colspan=\"1\" rowspan=\"1\">\n<div class=\"magic-9\">10 pi\u00e8ces \/ bo\u00eete en plastique 25 bo\u00eetes \/ carton<\/div>\n<\/td>\n<\/tr>\n<tr>\n<td colspan=\"1\" rowspan=\"1\">\n<div class=\"magic-8\">Application<\/div>\n<\/td>\n<td colspan=\"1\" rowspan=\"1\">\n<div class=\"magic-9\">Toutes sortes de remorques, de camions-citernes, d'exp\u00e9ditions, de transports ferroviaires, de fret logistique, de coffres-forts, de casiers, etc.<\/div>\n<\/td>\n<\/tr>\n<tr>\n<td colspan=\"1\" rowspan=\"1\">\n<div class=\"magic-8\">Certificat d'entreprise<\/div>\n<\/td>\n<td colspan=\"1\" rowspan=\"1\">\n<div class=\"magic-9\">ISO17712,ISO9001,ISO14001,ISO45001<\/div>\n<\/td>\n<\/tr>\n<\/tbody>\n<\/table>\n<p>S\u00e9curisez votre cargaison avec le scell\u00e9 \u00e0 boulon de haute s\u00e9curit\u00e9 BTS-001 Truck Van Door, con\u00e7u pour r\u00e9pondre aux normes ISO17712 en mati\u00e8re de s\u00e9curit\u00e9 inviolable des conteneurs et de la logistique. Dot\u00e9 d'un boulon en acier tr\u00e8s r\u00e9sistant et d'une conception antivol avanc\u00e9e, ce scell\u00e9 garantit une r\u00e9sistance maximale aux coupures, \u00e0 l'arrachement et aux conditions environnementales difficiles. Les options int\u00e9gr\u00e9es de personnalisation du logo et du code-barres facilitent l'identification de la marque et le suivi num\u00e9rique, ce qui simplifie la gestion des stocks et les audits de conformit\u00e9. Parfait pour les portes de fourgons, les conteneurs d'exp\u00e9dition et les cargaisons \u00e0 haut risque, le BTS-001 est dot\u00e9 d'un m\u00e9canisme de verrouillage unique qui laisse des traces visibles d'effraction, dissuadant ainsi le vol et l'acc\u00e8s non autoris\u00e9. Sa construction r\u00e9sistante \u00e0 la corrosion et aux intemp\u00e9ries le rend id\u00e9al pour les exp\u00e9ditions internationales. Faites confiance au BTS-001 pour assurer une s\u00e9curit\u00e9, une tra\u00e7abilit\u00e9 et une conformit\u00e9 in\u00e9gal\u00e9es de votre cha\u00eene d'approvisionnement.<\/p>","protected":false},"excerpt":{"rendered":"<p>Les boulons du mod\u00e8le BTS-001 sont conformes au C-TPAT et certifi\u00e9s ISO 17712 pour la haute s\u00e9curit\u00e9. Ces scell\u00e9s imprim\u00e9s au laser sont disponibles dans une vari\u00e9t\u00e9 de couleurs. Les scell\u00e9s pour boulons sont utilis\u00e9s pour s\u00e9curiser les loquets de portes de remorques et de conteneurs. En stock et disponible \u00e0 l'exp\u00e9dition.<\/p>","protected":false},"featured_media":3581,"template":"","meta":[],"product_brand":[],"product_cat":[171],"product_tag":[202,203,204,205,206,356,357,358,359,360],"class_list":{"0":"post-3574","1":"product","2":"type-product","3":"status-publish","4":"has-post-thumbnail","6":"product_cat-bolt-seal","7":"product_tag-bolt-seal","8":"product_tag-container-seal","9":"product_tag-security-bolt-seal","10":"product_tag-truck-seal","11":"product_tag-iso17712-bolt-seal","12":"product_tag-iso17712-bolt-seals","13":"product_tag-bts-001-truck-door-lock","14":"product_tag-high-security-container-seals","15":"product_tag-customizable-barcode-bolt-seals","16":"product_tag-tamper-proof-van-door-locks","18":"first","19":"instock","20":"featured","21":"shipping-taxable","22":"product-type-simple"},"_links":{"self":[{"href":"https:\/\/www.woseal.com\/fr\/wp-json\/wp\/v2\/product\/3574","targetHints":{"allow":["GET"]}}],"collection":[{"href":"https:\/\/www.woseal.com\/fr\/wp-json\/wp\/v2\/product"}],"about":[{"href":"https:\/\/www.woseal.com\/fr\/wp-json\/wp\/v2\/types\/product"}],"version-history":[{"count":4,"href":"https:\/\/www.woseal.com\/fr\/wp-json\/wp\/v2\/product\/3574\/revisions"}],"predecessor-version":[{"id":3852,"href":"https:\/\/www.woseal.com\/fr\/wp-json\/wp\/v2\/product\/3574\/revisions\/3852"}],"wp:featuredmedia":[{"embeddable":true,"href":"https:\/\/www.woseal.com\/fr\/wp-json\/wp\/v2\/media\/3581"}],"wp:attachment":[{"href":"https:\/\/www.woseal.com\/fr\/wp-json\/wp\/v2\/media?parent=3574"}],"wp:term":[{"taxonomy":"product_brand","embeddable":true,"href":"https:\/\/www.woseal.com\/fr\/wp-json\/wp\/v2\/product_brand?post=3574"},{"taxonomy":"product_cat","embeddable":true,"href":"https:\/\/www.woseal.com\/fr\/wp-json\/wp\/v2\/product_cat?post=3574"},{"taxonomy":"product_tag","embeddable":true,"href":"https:\/\/www.woseal.com\/fr\/wp-json\/wp\/v2\/product_tag?post=3574"}],"curies":[{"name":"wp","href":"https:\/\/api.w.org\/{rel}","templated":true}]}}