{"id":3589,"date":"2025-03-28T11:03:25","date_gmt":"2025-03-28T03:03:25","guid":{"rendered":"https:\/\/www.woseal.com\/?post_type=product&#038;p=3589"},"modified":"2025-04-11T13:38:29","modified_gmt":"2025-04-11T05:38:29","slug":"bts-002-iso17712-certified-security-bolt-seal-tamper-evident-truck-lock-with-spring-parts","status":"publish","type":"product","link":"https:\/\/www.woseal.com\/fr\/produit\/bts-002-iso17712-certified-security-bolt-seal-tamper-evident-truck-lock-with-spring-parts","title":{"rendered":"BTS-002 Sceau de s\u00e9curit\u00e9 certifi\u00e9 ISO17712 Serrure de camion inviolable avec ressorts"},"content":{"rendered":"<table class=\"has-title all magic-7\">\n<tbody>\n<tr>\n<td colspan=\"1\" rowspan=\"1\">\n<div class=\"magic-8\" data-spm-anchor-id=\"a2700.details.0.i75.72a356f98eeeLE\">Lieu d'origine<\/div>\n<\/td>\n<td colspan=\"1\" rowspan=\"1\">\n<div class=\"magic-9\">Chine<\/div>\n<\/td>\n<\/tr>\n<tr>\n<td colspan=\"1\" rowspan=\"1\">\n<div class=\"magic-8\">Objet<\/div>\n<\/td>\n<td colspan=\"1\" rowspan=\"1\">\n<div class=\"magic-9\">Joint de boulon<\/div>\n<\/td>\n<\/tr>\n<tr>\n<td colspan=\"1\" rowspan=\"1\">\n<div class=\"magic-8\">Mod\u00e8le<\/div>\n<\/td>\n<td colspan=\"1\" rowspan=\"1\">\n<div class=\"magic-9\">BTS-002<\/div>\n<\/td>\n<\/tr>\n<tr>\n<td colspan=\"1\" rowspan=\"1\">\n<div class=\"magic-8\">Mat\u00e9riau<\/div>\n<\/td>\n<td colspan=\"1\" rowspan=\"1\">\n<div class=\"magic-9\">ABS+acier au carbone galvanis\u00e9<\/div>\n<\/td>\n<\/tr>\n<tr>\n<td colspan=\"1\" rowspan=\"1\">\n<div class=\"magic-8\">Taille du corps de serrure<\/div>\n<\/td>\n<td colspan=\"1\" rowspan=\"1\">\n<div class=\"magic-9\">81,8*55,6*21,5mm<\/div>\n<\/td>\n<\/tr>\n<tr>\n<td colspan=\"1\" rowspan=\"1\">\n<div class=\"magic-8\">Poids<\/div>\n<\/td>\n<td colspan=\"1\" rowspan=\"1\">\n<div class=\"magic-9\">52g<\/div>\n<\/td>\n<\/tr>\n<tr>\n<td colspan=\"1\" rowspan=\"1\">\n<div class=\"magic-8\">Couleur<\/div>\n<\/td>\n<td colspan=\"1\" rowspan=\"1\">\n<div class=\"magic-9\">Jaune, blanc, bleu, vert, rouge, etc.<\/div>\n<\/td>\n<\/tr>\n<tr>\n<td colspan=\"1\" rowspan=\"1\">\n<div class=\"magic-8\">Type d'impression<\/div>\n<\/td>\n<td colspan=\"1\" rowspan=\"1\">\n<div class=\"magic-9\">Marquage au laser ou \u00e0 chaud, s\u00e9rigraphie<\/div>\n<\/td>\n<\/tr>\n<tr>\n<td colspan=\"1\" rowspan=\"1\">\n<div class=\"magic-8\">Marquer le contenu<\/div>\n<\/td>\n<td colspan=\"1\" rowspan=\"1\">\n<div class=\"magic-9\">Chiffres, lettres, marques, codes \u00e0 barres, etc.<\/div>\n<\/td>\n<\/tr>\n<tr>\n<td colspan=\"1\" rowspan=\"1\">\n<div class=\"magic-8\">Paquet<\/div>\n<\/td>\n<td colspan=\"1\" rowspan=\"1\">\n<div class=\"magic-9\">10 pi\u00e8ces \/ bo\u00eete en plastique 25 bo\u00eetes \/ carton<\/div>\n<\/td>\n<\/tr>\n<tr>\n<td colspan=\"1\" rowspan=\"1\">\n<div class=\"magic-8\">Application<\/div>\n<\/td>\n<td colspan=\"1\" rowspan=\"1\">\n<div class=\"magic-9\">Toutes sortes de remorques, de camions-citernes, d'exp\u00e9ditions, de transports ferroviaires, de fret logistique, de coffres-forts, de casiers, etc.<\/div>\n<\/td>\n<\/tr>\n<tr>\n<td colspan=\"1\" rowspan=\"1\">\n<div class=\"magic-8\">Certificat d'entreprise<\/div>\n<\/td>\n<td colspan=\"1\" rowspan=\"1\">\n<div class=\"magic-9\">ISO17712,ISO9001,ISO14001,ISO45001<\/div>\n<\/td>\n<\/tr>\n<\/tbody>\n<\/table>\n<p>Garantissez une s\u00e9curit\u00e9 sans compromis avec le scell\u00e9 \u00e0 boulon de s\u00e9curit\u00e9 certifi\u00e9 ISO17712 BTS-002, con\u00e7u pour une protection contre les manipulations et une durabilit\u00e9 industrielle. Con\u00e7u pour r\u00e9pondre aux normes rigoureuses ISO17712, ce scell\u00e9 \u00e0 boulon tr\u00e8s r\u00e9sistant est dot\u00e9 d'une construction en acier robuste et d'un m\u00e9canisme \u00e0 ressort con\u00e7u avec pr\u00e9cision qui am\u00e9liore la r\u00e9sistance \u00e0 l'entr\u00e9e forc\u00e9e, aux vibrations et aux manipulations physiques. La conception inviolable laisse une preuve visuelle claire de l'acc\u00e8s non autoris\u00e9, ce qui le rend id\u00e9al pour s\u00e9curiser les portes de camions, les conteneurs d'exp\u00e9dition et le fret \u00e0 haut risque. R\u00e9sistant \u00e0 la corrosion et aux intemp\u00e9ries, il supporte les temp\u00e9ratures extr\u00eames, l'humidit\u00e9 et les manipulations difficiles pendant le transport. Les ressorts int\u00e9gr\u00e9s garantissent un verrouillage \u00e9tanche et fiable tout en simplifiant l'installation et l'inspection. Faites confiance au BTS-002 pour prot\u00e9ger votre cha\u00eene logistique, rationaliser les audits de conformit\u00e9 et d\u00e9courager le vol avec une fiabilit\u00e9 certifi\u00e9e ISO.<\/p>\n<p>&nbsp;<\/p>","protected":false},"excerpt":{"rendered":"<p>Le scell\u00e9 \u00e0 boulon BTS-002 ISO17712 combine une s\u00e9curit\u00e9 inviolable, une serrure \u00e0 ressort et une construction en acier robuste pour les camions, les conteneurs et les cargaisons de grande valeur.<\/p>","protected":false},"featured_media":3590,"template":"","meta":[],"product_brand":[],"product_cat":[171],"product_tag":[209,210,211,212,213,214,216,202,204,206,207,208],"class_list":{"0":"post-3589","1":"product","2":"type-product","3":"status-publish","4":"has-post-thumbnail","6":"product_cat-bolt-seal","7":"product_tag-logistics-bolt-seals","8":"product_tag-steel-bolt-seal","9":"product_tag-tamper-proof-bolt-seal","10":"product_tag-custom-bolt-seal","11":"product_tag-high-security-bolt-seal","12":"product_tag-container-bolt-seal","13":"product_tag-tapa-compliant-bolt-seals","14":"product_tag-bolt-seal","15":"product_tag-security-bolt-seal","16":"product_tag-iso17712-bolt-seal","17":"product_tag-shipping-container-bolt-seals","18":"product_tag-truck-security-seals","20":"first","21":"instock","22":"shipping-taxable","23":"product-type-simple"},"_links":{"self":[{"href":"https:\/\/www.woseal.com\/fr\/wp-json\/wp\/v2\/product\/3589","targetHints":{"allow":["GET"]}}],"collection":[{"href":"https:\/\/www.woseal.com\/fr\/wp-json\/wp\/v2\/product"}],"about":[{"href":"https:\/\/www.woseal.com\/fr\/wp-json\/wp\/v2\/types\/product"}],"version-history":[{"count":3,"href":"https:\/\/www.woseal.com\/fr\/wp-json\/wp\/v2\/product\/3589\/revisions"}],"predecessor-version":[{"id":3854,"href":"https:\/\/www.woseal.com\/fr\/wp-json\/wp\/v2\/product\/3589\/revisions\/3854"}],"wp:featuredmedia":[{"embeddable":true,"href":"https:\/\/www.woseal.com\/fr\/wp-json\/wp\/v2\/media\/3590"}],"wp:attachment":[{"href":"https:\/\/www.woseal.com\/fr\/wp-json\/wp\/v2\/media?parent=3589"}],"wp:term":[{"taxonomy":"product_brand","embeddable":true,"href":"https:\/\/www.woseal.com\/fr\/wp-json\/wp\/v2\/product_brand?post=3589"},{"taxonomy":"product_cat","embeddable":true,"href":"https:\/\/www.woseal.com\/fr\/wp-json\/wp\/v2\/product_cat?post=3589"},{"taxonomy":"product_tag","embeddable":true,"href":"https:\/\/www.woseal.com\/fr\/wp-json\/wp\/v2\/product_tag?post=3589"}],"curies":[{"name":"wp","href":"https:\/\/api.w.org\/{rel}","templated":true}]}}