{"id":3598,"date":"2025-03-28T11:08:03","date_gmt":"2025-03-28T03:08:03","guid":{"rendered":"https:\/\/www.woseal.com\/?post_type=product&#038;p=3598"},"modified":"2025-04-11T13:36:05","modified_gmt":"2025-04-11T05:36:05","slug":"bts-003-joint-de-boulon-one-time-high-security-anti-tamper-proof-container-bolt-seal-precinto-de-seguridad-botella","status":"publish","type":"product","link":"https:\/\/www.woseal.com\/fr\/produit\/bts-003-joint-de-boulon-one-time-high-security-anti-tamper-proof-container-bolt-seal-precinto-de-seguridad-botella","title":{"rendered":"BTS-003 Joint De Boulon One Time High Security Anti Tamper Proof Container Bolt Seal Precinto De Seguridad Botella"},"content":{"rendered":"<table class=\"has-title all magic-7\">\n<tbody>\n<tr>\n<td colspan=\"1\" rowspan=\"1\">\n<div class=\"magic-8\" data-spm-anchor-id=\"a2700.details-description.0.i0.55d5Pp8JPp8JyI\">Lieu d'origine<\/div>\n<\/td>\n<td colspan=\"1\" rowspan=\"1\">\n<div class=\"magic-9\">Chine<\/div>\n<\/td>\n<\/tr>\n<tr>\n<td colspan=\"1\" rowspan=\"1\">\n<div class=\"magic-8\">Objet<\/div>\n<\/td>\n<td colspan=\"1\" rowspan=\"1\">\n<div class=\"magic-9\">Joint de boulon<\/div>\n<\/td>\n<\/tr>\n<tr>\n<td colspan=\"1\" rowspan=\"1\">\n<div class=\"magic-8\">Mod\u00e8le<\/div>\n<\/td>\n<td colspan=\"1\" rowspan=\"1\">\n<div class=\"magic-9\">BTS-003<\/div>\n<\/td>\n<\/tr>\n<tr>\n<td colspan=\"1\" rowspan=\"1\">\n<div class=\"magic-8\">Mat\u00e9riau<\/div>\n<\/td>\n<td colspan=\"1\" rowspan=\"1\">\n<div class=\"magic-9\">ABS+acier au carbone galvanis\u00e9<\/div>\n<\/td>\n<\/tr>\n<tr>\n<td colspan=\"1\" rowspan=\"1\">\n<div class=\"magic-8\">Taille du corps de serrure<\/div>\n<\/td>\n<td colspan=\"1\" rowspan=\"1\">\n<div class=\"magic-9\">86,9*54,5*22,3mm<\/div>\n<\/td>\n<\/tr>\n<tr>\n<td colspan=\"1\" rowspan=\"1\">\n<div class=\"magic-8\">Poids<\/div>\n<\/td>\n<td colspan=\"1\" rowspan=\"1\">\n<div class=\"magic-9\">69.3g<\/div>\n<\/td>\n<\/tr>\n<tr>\n<td colspan=\"1\" rowspan=\"1\">\n<div class=\"magic-8\">Couleur<\/div>\n<\/td>\n<td colspan=\"1\" rowspan=\"1\">\n<div class=\"magic-9\">Jaune, blanc, bleu, vert, rouge, etc.<\/div>\n<\/td>\n<\/tr>\n<tr>\n<td colspan=\"1\" rowspan=\"1\">\n<div class=\"magic-8\">Type d'impression<\/div>\n<\/td>\n<td colspan=\"1\" rowspan=\"1\">\n<div class=\"magic-9\">Marquage au laser ou \u00e0 chaud, s\u00e9rigraphie<\/div>\n<\/td>\n<\/tr>\n<tr>\n<td colspan=\"1\" rowspan=\"1\">\n<div class=\"magic-8\">Marquer le contenu<\/div>\n<\/td>\n<td colspan=\"1\" rowspan=\"1\">\n<div class=\"magic-9\">Chiffres, lettres, marques, codes \u00e0 barres, etc.<\/div>\n<\/td>\n<\/tr>\n<tr>\n<td colspan=\"1\" rowspan=\"1\">\n<div class=\"magic-8\">Paquet<\/div>\n<\/td>\n<td colspan=\"1\" rowspan=\"1\">\n<div class=\"magic-9\">10 pi\u00e8ces \/ bo\u00eete en plastique 25 bo\u00eetes \/ carton<\/div>\n<\/td>\n<\/tr>\n<tr>\n<td colspan=\"1\" rowspan=\"1\">\n<div class=\"magic-8\">Application<\/div>\n<\/td>\n<td colspan=\"1\" rowspan=\"1\">\n<div class=\"magic-9\">Toutes sortes de remorques, de camions-citernes, d'exp\u00e9ditions, de transports ferroviaires, de fret logistique, de coffres-forts, de casiers, etc.<\/div>\n<\/td>\n<\/tr>\n<tr>\n<td colspan=\"1\" rowspan=\"1\">\n<div class=\"magic-8\">Certificat d'entreprise<\/div>\n<\/td>\n<td colspan=\"1\" rowspan=\"1\">\n<div class=\"magic-9\">ISO17712,ISO9001,ISO14001,ISO45001<\/div>\n<\/td>\n<\/tr>\n<\/tbody>\n<\/table>\n<p>Le scell\u00e9 \u00e0 boulon de haute s\u00e9curit\u00e9 \u00e0 usage unique BTS-003 Joint De Boulon permet d'assurer une s\u00e9curit\u00e9 maximale et infalsifiable pour les exp\u00e9ditions internationales. Con\u00e7u pour une protection irr\u00e9versible, ce scell\u00e9 \u00e0 boulon robuste est fabriqu\u00e9 en acier tremp\u00e9 et comporte un m\u00e9canisme de verrouillage \u00e0 usage unique qui emp\u00eache toute r\u00e9utilisation, garantissant ainsi une s\u00e9curit\u00e9 inviolable pour les conteneurs, les camions et les cargaisons de grande valeur. La conception anti-per\u00e7age et le boulon de pr\u00e9cision r\u00e9sistent au d\u00e9coupage, au per\u00e7age et \u00e0 la manipulation physique, tandis que le rev\u00eatement anticorrosion r\u00e9siste aux environnements marins et industriels difficiles. Conforme aux normes ISO17712, le BTS-003 fournit des preuves visibles de falsification, ce qui le rend id\u00e9al pour la logistique internationale, le fret transfrontalier et les exp\u00e9ditions sensibles. Son design universel \"Precinto De Seguridad Botella\" (scell\u00e9 de s\u00e9curit\u00e9 de type bouteille) garantit une application et une inspection faciles, rationalisant la conformit\u00e9 et renfor\u00e7ant l'int\u00e9grit\u00e9 de la cha\u00eene d'approvisionnement.<\/p>","protected":false},"excerpt":{"rendered":"<p>Le scell\u00e9 \u00e0 boulon \u00e0 usage unique BTS-003 offre une s\u00e9curit\u00e9 inviolable conforme \u00e0 la norme ISO avec une conception en acier anti-perforation, parfaite pour les conteneurs, les camions et la protection des cargaisons internationales.<\/p>","protected":false},"featured_media":3599,"template":"","meta":[],"product_brand":[],"product_cat":[171],"product_tag":[209,213,214,217,218,219,220,202,207,208],"class_list":{"0":"post-3598","1":"product","2":"type-product","3":"status-publish","4":"has-post-thumbnail","6":"product_cat-bolt-seal","7":"product_tag-logistics-bolt-seals","8":"product_tag-high-security-bolt-seal","9":"product_tag-container-bolt-seal","10":"product_tag-anti-tamper-proof-container-bolt-seal","11":"product_tag-bulk-bolt-seals","12":"product_tag-cheap-bolt-seals","13":"product_tag-high-quality-bolt-seals","14":"product_tag-bolt-seal","15":"product_tag-shipping-container-bolt-seals","16":"product_tag-truck-security-seals","18":"first","19":"instock","20":"shipping-taxable","21":"product-type-simple"},"_links":{"self":[{"href":"https:\/\/www.woseal.com\/fr\/wp-json\/wp\/v2\/product\/3598","targetHints":{"allow":["GET"]}}],"collection":[{"href":"https:\/\/www.woseal.com\/fr\/wp-json\/wp\/v2\/product"}],"about":[{"href":"https:\/\/www.woseal.com\/fr\/wp-json\/wp\/v2\/types\/product"}],"version-history":[{"count":2,"href":"https:\/\/www.woseal.com\/fr\/wp-json\/wp\/v2\/product\/3598\/revisions"}],"predecessor-version":[{"id":3855,"href":"https:\/\/www.woseal.com\/fr\/wp-json\/wp\/v2\/product\/3598\/revisions\/3855"}],"wp:featuredmedia":[{"embeddable":true,"href":"https:\/\/www.woseal.com\/fr\/wp-json\/wp\/v2\/media\/3599"}],"wp:attachment":[{"href":"https:\/\/www.woseal.com\/fr\/wp-json\/wp\/v2\/media?parent=3598"}],"wp:term":[{"taxonomy":"product_brand","embeddable":true,"href":"https:\/\/www.woseal.com\/fr\/wp-json\/wp\/v2\/product_brand?post=3598"},{"taxonomy":"product_cat","embeddable":true,"href":"https:\/\/www.woseal.com\/fr\/wp-json\/wp\/v2\/product_cat?post=3598"},{"taxonomy":"product_tag","embeddable":true,"href":"https:\/\/www.woseal.com\/fr\/wp-json\/wp\/v2\/product_tag?post=3598"}],"curies":[{"name":"wp","href":"https:\/\/api.w.org\/{rel}","templated":true}]}}