{"id":3607,"date":"2025-03-28T11:19:58","date_gmt":"2025-03-28T03:19:58","guid":{"rendered":"https:\/\/www.woseal.com\/?post_type=product&#038;p=3607"},"modified":"2025-04-11T11:59:54","modified_gmt":"2025-04-11T03:59:54","slug":"bts-004-high-quality-disposable-tamper-evident-small-vehicle-container-steel-bolt-seal-logo-series-number-container-bolt-seal","status":"publish","type":"product","link":"https:\/\/www.woseal.com\/fr\/produit\/bts-004-high-quality-disposable-tamper-evident-small-vehicle-container-steel-bolt-seal-logo-series-number-container-bolt-seal","title":{"rendered":"BTS-004 Scell\u00e9 \u00e0 boulon en acier de haute qualit\u00e9, jetable et inviolable, pour petits conteneurs de v\u00e9hicules Logo Series Number Container Bolt Seal"},"content":{"rendered":"<table class=\"has-title all magic-10\">\n<tbody>\n<tr>\n<td colspan=\"1\" rowspan=\"1\">\n<div class=\"magic-11\" data-spm-anchor-id=\"a2700.details.0.i73.3b9d703bkTBvcC\">Lieu d'origine<\/div>\n<\/td>\n<td colspan=\"1\" rowspan=\"1\">\n<div class=\"magic-12\">Chine<\/div>\n<\/td>\n<\/tr>\n<tr>\n<td colspan=\"1\" rowspan=\"1\">\n<div class=\"magic-11\">Objet<\/div>\n<\/td>\n<td colspan=\"1\" rowspan=\"1\">\n<div class=\"magic-12\">Joint de boulon<\/div>\n<\/td>\n<\/tr>\n<tr>\n<td colspan=\"1\" rowspan=\"1\">\n<div class=\"magic-11\">Mod\u00e8le<\/div>\n<\/td>\n<td colspan=\"1\" rowspan=\"1\">\n<div class=\"magic-12\">BTS-004<\/div>\n<\/td>\n<\/tr>\n<tr>\n<td colspan=\"1\" rowspan=\"1\">\n<div class=\"magic-11\">Mat\u00e9riau<\/div>\n<\/td>\n<td colspan=\"1\" rowspan=\"1\">\n<div class=\"magic-12\">ABS+acier au carbone galvanis\u00e9<\/div>\n<\/td>\n<\/tr>\n<tr>\n<td colspan=\"1\" rowspan=\"1\">\n<div class=\"magic-11\">Taille du corps de serrure<\/div>\n<\/td>\n<td colspan=\"1\" rowspan=\"1\">\n<div class=\"magic-12\">82,5*51*21mm<\/div>\n<\/td>\n<\/tr>\n<tr>\n<td colspan=\"1\" rowspan=\"1\">\n<div class=\"magic-11\">Poids<\/div>\n<\/td>\n<td colspan=\"1\" rowspan=\"1\">\n<div class=\"magic-12\">69g<\/div>\n<\/td>\n<\/tr>\n<tr>\n<td colspan=\"1\" rowspan=\"1\">\n<div class=\"magic-11\">Couleur<\/div>\n<\/td>\n<td colspan=\"1\" rowspan=\"1\">\n<div class=\"magic-12\">Jaune, blanc, bleu, vert, rouge, etc.<\/div>\n<\/td>\n<\/tr>\n<tr>\n<td colspan=\"1\" rowspan=\"1\">\n<div class=\"magic-11\">Type d'impression<\/div>\n<\/td>\n<td colspan=\"1\" rowspan=\"1\">\n<div class=\"magic-12\">Marquage au laser ou \u00e0 chaud, s\u00e9rigraphie<\/div>\n<\/td>\n<\/tr>\n<tr>\n<td colspan=\"1\" rowspan=\"1\">\n<div class=\"magic-11\">Marquer le contenu<\/div>\n<\/td>\n<td colspan=\"1\" rowspan=\"1\">\n<div class=\"magic-12\">Chiffres, lettres, marques, codes \u00e0 barres, etc.<\/div>\n<\/td>\n<\/tr>\n<tr>\n<td colspan=\"1\" rowspan=\"1\">\n<div class=\"magic-11\">Paquet<\/div>\n<\/td>\n<td colspan=\"1\" rowspan=\"1\">\n<div class=\"magic-12\">10 pi\u00e8ces \/ bo\u00eete en plastique 25 bo\u00eetes \/ carton<\/div>\n<\/td>\n<\/tr>\n<tr>\n<td colspan=\"1\" rowspan=\"1\">\n<div class=\"magic-11\">Application<\/div>\n<\/td>\n<td colspan=\"1\" rowspan=\"1\">\n<div class=\"magic-12\">Toutes sortes de remorques, de camions-citernes, d'exp\u00e9ditions, de transports ferroviaires, de fret logistique, de coffres-forts, de casiers, etc.<\/div>\n<\/td>\n<\/tr>\n<tr>\n<td colspan=\"1\" rowspan=\"1\">\n<div class=\"magic-11\">Certificat d'entreprise<\/div>\n<\/td>\n<td colspan=\"1\" rowspan=\"1\">\n<div class=\"magic-12\">ISO17712,ISO9001,ISO14001,ISO45001<\/div>\n<\/td>\n<\/tr>\n<\/tbody>\n<\/table>\n<p>Garantissez une s\u00e9curit\u00e9 inviolable pour les petits v\u00e9hicules et les conteneurs avec le scell\u00e9 \u00e0 boulon en acier jetable de haute qualit\u00e9 BTS-004. Con\u00e7u pour un usage unique, ce scell\u00e9 \u00e0 boulon est fabriqu\u00e9 en acier tremp\u00e9 et comporte un m\u00e9canisme d'inviolabilit\u00e9 qui se brise visiblement en cas d'acc\u00e8s non autoris\u00e9, assurant ainsi une protection irr\u00e9versible. Id\u00e9al pour la logistique, le fret et les marchandises compactes, il comprend des logos personnalisables et des num\u00e9ros de s\u00e9rie uniques pour faciliter le suivi, la gestion des stocks et l'identification de la marque. Sa conception compacte et r\u00e9sistante \u00e0 la corrosion supporte les manipulations et les conditions environnementales difficiles tout en respectant les normes de s\u00e9curit\u00e9 de l'industrie. Parfait pour sceller les camions, les remorques ou les petits conteneurs, le BTS-004 combine un prix abordable avec une s\u00e9curit\u00e9 de haute performance pour prot\u00e9ger vos exp\u00e9ditions et rationaliser les audits de conformit\u00e9.<\/p>","protected":false},"excerpt":{"rendered":"<p>Le scell\u00e9 \u00e0 boulon en acier jetable BTS-004 offre une s\u00e9curit\u00e9 d'inviolabilit\u00e9 avec personnalisation du logo\/num\u00e9ro de s\u00e9rie. Il est con\u00e7u pour les petits v\u00e9hicules, les conteneurs et la logistique inviolable.<\/p>","protected":false},"featured_media":3608,"template":"","meta":[],"product_brand":[],"product_cat":[171],"product_tag":[222,223,224,225,226,202,214,221],"class_list":{"0":"post-3607","1":"product","2":"type-product","3":"status-publish","4":"has-post-thumbnail","6":"product_cat-bolt-seal","7":"product_tag-high-quality-bolt-seal","8":"product_tag-bulk-bolt-seals-for-logistics-companies","9":"product_tag-stainless-steel-bolt-seals","10":"product_tag-anti-tamper-bolt-seals","11":"product_tag-high-tensile-bolt-seals","12":"product_tag-bolt-seal","13":"product_tag-container-bolt-seal","14":"product_tag-disposable-bolt-seal","16":"first","17":"instock","18":"featured","19":"shipping-taxable","20":"product-type-simple"},"_links":{"self":[{"href":"https:\/\/www.woseal.com\/fr\/wp-json\/wp\/v2\/product\/3607","targetHints":{"allow":["GET"]}}],"collection":[{"href":"https:\/\/www.woseal.com\/fr\/wp-json\/wp\/v2\/product"}],"about":[{"href":"https:\/\/www.woseal.com\/fr\/wp-json\/wp\/v2\/types\/product"}],"version-history":[{"count":3,"href":"https:\/\/www.woseal.com\/fr\/wp-json\/wp\/v2\/product\/3607\/revisions"}],"predecessor-version":[{"id":3858,"href":"https:\/\/www.woseal.com\/fr\/wp-json\/wp\/v2\/product\/3607\/revisions\/3858"}],"wp:featuredmedia":[{"embeddable":true,"href":"https:\/\/www.woseal.com\/fr\/wp-json\/wp\/v2\/media\/3608"}],"wp:attachment":[{"href":"https:\/\/www.woseal.com\/fr\/wp-json\/wp\/v2\/media?parent=3607"}],"wp:term":[{"taxonomy":"product_brand","embeddable":true,"href":"https:\/\/www.woseal.com\/fr\/wp-json\/wp\/v2\/product_brand?post=3607"},{"taxonomy":"product_cat","embeddable":true,"href":"https:\/\/www.woseal.com\/fr\/wp-json\/wp\/v2\/product_cat?post=3607"},{"taxonomy":"product_tag","embeddable":true,"href":"https:\/\/www.woseal.com\/fr\/wp-json\/wp\/v2\/product_tag?post=3607"}],"curies":[{"name":"wp","href":"https:\/\/api.w.org\/{rel}","templated":true}]}}