{"id":3616,"date":"2025-03-28T11:30:07","date_gmt":"2025-03-28T03:30:07","guid":{"rendered":"https:\/\/www.woseal.com\/?post_type=product&#038;p=3616"},"modified":"2025-04-11T11:57:00","modified_gmt":"2025-04-11T03:57:00","slug":"bts-005-iso17712-customs-high-security-container-seal-container-door-abs-plastic-locks-shipping-bolt-seal","status":"publish","type":"product","link":"https:\/\/www.woseal.com\/fr\/produit\/bts-005-iso17712-customs-high-security-container-seal-container-door-abs-plastic-locks-shipping-bolt-seal","title":{"rendered":"BTS-005 ISO17712 Customs High Security Container Seal Porte de conteneur Abs Plastic Locks Shipping Bolt Seal"},"content":{"rendered":"<table class=\"has-title all magic-7\">\n<tbody>\n<tr>\n<td colspan=\"1\" rowspan=\"1\">\n<div class=\"magic-8\" data-spm-anchor-id=\"a2700.details.0.i72.34e145eeWRqK8I\">Lieu d'origine<\/div>\n<\/td>\n<td colspan=\"1\" rowspan=\"1\">\n<div class=\"magic-9\">Chine<\/div>\n<\/td>\n<\/tr>\n<tr>\n<td colspan=\"1\" rowspan=\"1\">\n<div class=\"magic-8\">Objet<\/div>\n<\/td>\n<td colspan=\"1\" rowspan=\"1\">\n<div class=\"magic-9\">Joint de boulon<\/div>\n<\/td>\n<\/tr>\n<tr>\n<td colspan=\"1\" rowspan=\"1\">\n<div class=\"magic-8\">Mod\u00e8le<\/div>\n<\/td>\n<td colspan=\"1\" rowspan=\"1\">\n<div class=\"magic-9\">BTS-005<\/div>\n<\/td>\n<\/tr>\n<tr>\n<td colspan=\"1\" rowspan=\"1\">\n<div class=\"magic-8\">Mat\u00e9riau<\/div>\n<\/td>\n<td colspan=\"1\" rowspan=\"1\">\n<div class=\"magic-9\">ABS+acier au carbone galvanis\u00e9<\/div>\n<\/td>\n<\/tr>\n<tr>\n<td colspan=\"1\" rowspan=\"1\">\n<div class=\"magic-8\">Taille du corps de serrure<\/div>\n<\/td>\n<td colspan=\"1\" rowspan=\"1\">\n<div class=\"magic-9\">86*54.4*21.5mm<\/div>\n<\/td>\n<\/tr>\n<tr>\n<td colspan=\"1\" rowspan=\"1\">\n<div class=\"magic-8\">Poids<\/div>\n<\/td>\n<td colspan=\"1\" rowspan=\"1\">\n<div class=\"magic-9\">72g<\/div>\n<\/td>\n<\/tr>\n<tr>\n<td colspan=\"1\" rowspan=\"1\">\n<div class=\"magic-8\">Couleur<\/div>\n<\/td>\n<td colspan=\"1\" rowspan=\"1\">\n<div class=\"magic-9\">Jaune, blanc, bleu, vert, rouge, etc.<\/div>\n<\/td>\n<\/tr>\n<tr>\n<td colspan=\"1\" rowspan=\"1\">\n<div class=\"magic-8\">Type d'impression<\/div>\n<\/td>\n<td colspan=\"1\" rowspan=\"1\">\n<div class=\"magic-9\">Marquage au laser ou \u00e0 chaud, s\u00e9rigraphie<\/div>\n<\/td>\n<\/tr>\n<tr>\n<td colspan=\"1\" rowspan=\"1\">\n<div class=\"magic-8\">Marquer le contenu<\/div>\n<\/td>\n<td colspan=\"1\" rowspan=\"1\">\n<div class=\"magic-9\">Chiffres, lettres, marques, codes \u00e0 barres, etc.<\/div>\n<\/td>\n<\/tr>\n<tr>\n<td colspan=\"1\" rowspan=\"1\">\n<div class=\"magic-8\">Paquet<\/div>\n<\/td>\n<td colspan=\"1\" rowspan=\"1\">\n<div class=\"magic-9\">10 pi\u00e8ces \/ bo\u00eete en plastique 25 bo\u00eetes \/ carton<\/div>\n<\/td>\n<\/tr>\n<tr>\n<td colspan=\"1\" rowspan=\"1\">\n<div class=\"magic-8\">Application<\/div>\n<\/td>\n<td colspan=\"1\" rowspan=\"1\">\n<div class=\"magic-9\">Toutes sortes de remorques, de camions-citernes, d'exp\u00e9ditions, de transports ferroviaires, de fret logistique, de coffres-forts, de casiers, etc.<\/div>\n<\/td>\n<\/tr>\n<tr>\n<td colspan=\"1\" rowspan=\"1\">\n<div class=\"magic-8\">Certificat d'entreprise<\/div>\n<\/td>\n<td colspan=\"1\" rowspan=\"1\">\n<div class=\"magic-9\">ISO17712,ISO9001,ISO14001,ISO45001<\/div>\n<\/td>\n<\/tr>\n<\/tbody>\n<\/table>\n<p>Le BTS-005 ISO17712 Customs High Security Bolt Seal r\u00e9pond aux normes de s\u00e9curit\u00e9 internationales. Il est con\u00e7u pour prot\u00e9ger de mani\u00e8re inviolable les conteneurs d'exp\u00e9dition et les portes de fret. Fabriqu\u00e9 \u00e0 partir de plastique ABS durable et d'un boulon en acier renforc\u00e9, ce scell\u00e9 allie la l\u00e9g\u00e8ret\u00e9 \u00e0 la r\u00e9sistance aux coupures, \u00e0 la corrosion et aux conditions m\u00e9t\u00e9orologiques extr\u00eames. Sa conception inviolable garantit des signes visibles d'effraction, tandis que sa certification ISO17712 garantit la conformit\u00e9 avec les exigences mondiales en mati\u00e8re de s\u00e9curit\u00e9 douani\u00e8re et logistique. Id\u00e9al pour le transport maritime, le fret transfrontalier et les marchandises \u00e0 haut risque, le BTS-005 est dot\u00e9 d'un m\u00e9canisme de verrouillage \u00e0 usage unique qui emp\u00eache toute r\u00e9utilisation, garantissant ainsi une s\u00e9curit\u00e9 irr\u00e9versible. Personnalisable avec des identifiants uniques pour la tra\u00e7abilit\u00e9, ce scell\u00e9 rationalise les inspections, d\u00e9courage le vol et prot\u00e8ge votre cha\u00eene d'approvisionnement avec une fiabilit\u00e9 in\u00e9gal\u00e9e.<\/p>","protected":false},"excerpt":{"rendered":"<p>Le scell\u00e9 \u00e0 boulon BTS-005 ISO17712 offre une s\u00e9curit\u00e9 d'inviolabilit\u00e9 conforme aux douanes avec une durabilit\u00e9 en plastique ABS, parfait pour les portes de conteneurs, l'exp\u00e9dition et la logistique \u00e0 haut risque.<\/p>","protected":false},"featured_media":3617,"template":"","meta":[],"product_brand":[],"product_cat":[171],"product_tag":[207,208,209,213,214,215,216,361,362,363,364,202],"class_list":{"0":"post-3616","1":"product","2":"type-product","3":"status-publish","4":"has-post-thumbnail","6":"product_cat-bolt-seal","7":"product_tag-shipping-container-bolt-seals","8":"product_tag-truck-security-seals","9":"product_tag-logistics-bolt-seals","10":"product_tag-high-security-bolt-seal","11":"product_tag-container-bolt-seal","12":"product_tag-iso-17712-certified-bolt-seals","13":"product_tag-tapa-compliant-bolt-seals","14":"product_tag-abs-plastic-bolt-seals","15":"product_tag-container-door-security-locks","16":"product_tag-high-security-shipping-seals","17":"product_tag-tamper-proof-cargo-bolts","18":"product_tag-bolt-seal","20":"first","21":"instock","22":"shipping-taxable","23":"product-type-simple"},"_links":{"self":[{"href":"https:\/\/www.woseal.com\/fr\/wp-json\/wp\/v2\/product\/3616","targetHints":{"allow":["GET"]}}],"collection":[{"href":"https:\/\/www.woseal.com\/fr\/wp-json\/wp\/v2\/product"}],"about":[{"href":"https:\/\/www.woseal.com\/fr\/wp-json\/wp\/v2\/types\/product"}],"version-history":[{"count":2,"href":"https:\/\/www.woseal.com\/fr\/wp-json\/wp\/v2\/product\/3616\/revisions"}],"predecessor-version":[{"id":3859,"href":"https:\/\/www.woseal.com\/fr\/wp-json\/wp\/v2\/product\/3616\/revisions\/3859"}],"wp:featuredmedia":[{"embeddable":true,"href":"https:\/\/www.woseal.com\/fr\/wp-json\/wp\/v2\/media\/3617"}],"wp:attachment":[{"href":"https:\/\/www.woseal.com\/fr\/wp-json\/wp\/v2\/media?parent=3616"}],"wp:term":[{"taxonomy":"product_brand","embeddable":true,"href":"https:\/\/www.woseal.com\/fr\/wp-json\/wp\/v2\/product_brand?post=3616"},{"taxonomy":"product_cat","embeddable":true,"href":"https:\/\/www.woseal.com\/fr\/wp-json\/wp\/v2\/product_cat?post=3616"},{"taxonomy":"product_tag","embeddable":true,"href":"https:\/\/www.woseal.com\/fr\/wp-json\/wp\/v2\/product_tag?post=3616"}],"curies":[{"name":"wp","href":"https:\/\/api.w.org\/{rel}","templated":true}]}}