{"id":3626,"date":"2025-03-28T11:37:55","date_gmt":"2025-03-28T03:37:55","guid":{"rendered":"https:\/\/www.woseal.com\/?post_type=product&#038;p=3626"},"modified":"2025-04-11T11:53:20","modified_gmt":"2025-04-11T03:53:20","slug":"bts-006-hot-selling-custom-logo-laser-printing-bolt-seals-bullet-container-seal-bolt-security-seals","status":"publish","type":"product","link":"https:\/\/www.woseal.com\/fr\/produit\/bts-006-hot-selling-custom-logo-laser-printing-bolt-seals-bullet-container-seal-bolt-security-seals","title":{"rendered":"BTS-006 Hot Selling Custom Logo Laser Printing Bolt Seals Bullet Container Seal Bolt Security Seals"},"content":{"rendered":"<table class=\"has-title all magic-7\">\n<tbody>\n<tr>\n<td colspan=\"1\" rowspan=\"1\">\n<div class=\"magic-8\" data-spm-anchor-id=\"a2700.details.0.i72.548d3cebslxGr5\">Lieu d'origine<\/div>\n<\/td>\n<td colspan=\"1\" rowspan=\"1\">\n<div class=\"magic-9\">Chine<\/div>\n<\/td>\n<\/tr>\n<tr>\n<td colspan=\"1\" rowspan=\"1\">\n<div class=\"magic-8\">Objet<\/div>\n<\/td>\n<td colspan=\"1\" rowspan=\"1\">\n<div class=\"magic-9\">Joint de boulon<\/div>\n<\/td>\n<\/tr>\n<tr>\n<td colspan=\"1\" rowspan=\"1\">\n<div class=\"magic-8\">Mod\u00e8le<\/div>\n<\/td>\n<td colspan=\"1\" rowspan=\"1\">\n<div class=\"magic-9\">BTS-006<\/div>\n<\/td>\n<\/tr>\n<tr>\n<td colspan=\"1\" rowspan=\"1\">\n<div class=\"magic-8\">Mat\u00e9riau<\/div>\n<\/td>\n<td colspan=\"1\" rowspan=\"1\">\n<div class=\"magic-9\">ABS+acier au carbone galvanis\u00e9<\/div>\n<\/td>\n<\/tr>\n<tr>\n<td colspan=\"1\" rowspan=\"1\">\n<div class=\"magic-8\">Taille du corps de serrure<\/div>\n<\/td>\n<td colspan=\"1\" rowspan=\"1\">\n<div class=\"magic-9\">81,5*54*22mm<\/div>\n<\/td>\n<\/tr>\n<tr>\n<td colspan=\"1\" rowspan=\"1\">\n<div class=\"magic-8\">Poids<\/div>\n<\/td>\n<td colspan=\"1\" rowspan=\"1\">\n<div class=\"magic-9\">67.4g<\/div>\n<\/td>\n<\/tr>\n<tr>\n<td colspan=\"1\" rowspan=\"1\">\n<div class=\"magic-8\">Couleur<\/div>\n<\/td>\n<td colspan=\"1\" rowspan=\"1\">\n<div class=\"magic-9\">Jaune, blanc, bleu, vert, rouge, etc.<\/div>\n<\/td>\n<\/tr>\n<tr>\n<td colspan=\"1\" rowspan=\"1\">\n<div class=\"magic-8\">Type d'impression<\/div>\n<\/td>\n<td colspan=\"1\" rowspan=\"1\">\n<div class=\"magic-9\">Marquage au laser ou \u00e0 chaud, s\u00e9rigraphie<\/div>\n<\/td>\n<\/tr>\n<tr>\n<td colspan=\"1\" rowspan=\"1\">\n<div class=\"magic-8\">Marquer le contenu<\/div>\n<\/td>\n<td colspan=\"1\" rowspan=\"1\">\n<div class=\"magic-9\">Chiffres, lettres, marques, codes \u00e0 barres, etc.<\/div>\n<\/td>\n<\/tr>\n<tr>\n<td colspan=\"1\" rowspan=\"1\">\n<div class=\"magic-8\">Paquet<\/div>\n<\/td>\n<td colspan=\"1\" rowspan=\"1\">\n<div class=\"magic-9\">10 pi\u00e8ces \/ bo\u00eete en plastique 25 bo\u00eetes \/ carton<\/div>\n<\/td>\n<\/tr>\n<tr>\n<td colspan=\"1\" rowspan=\"1\">\n<div class=\"magic-8\">Application<\/div>\n<\/td>\n<td colspan=\"1\" rowspan=\"1\">\n<div class=\"magic-9\">Toutes sortes de remorques, de camions-citernes, d'exp\u00e9ditions, de transports ferroviaires, de fret logistique, de coffres-forts, de casiers, etc.<\/div>\n<\/td>\n<\/tr>\n<tr>\n<td colspan=\"1\" rowspan=\"1\">\n<div class=\"magic-8\">Certificat d'entreprise<\/div>\n<\/td>\n<td colspan=\"1\" rowspan=\"1\">\n<div class=\"magic-9\">ISO17712,ISO9001,ISO14001,ISO45001<\/div>\n<\/td>\n<\/tr>\n<\/tbody>\n<\/table>\n<p>Renforcez la s\u00e9curit\u00e9 de votre cargaison avec le scell\u00e9 \u00e0 boulon BTS-006 Hot Selling Custom Logo Laser Printing, con\u00e7u pour une protection inviolable et la visibilit\u00e9 de votre marque. Ce scell\u00e9 pour conteneurs de type \"balle\" est dot\u00e9 d'un boulon en acier robuste et d'un bo\u00eetier en plastique ABS con\u00e7u avec pr\u00e9cision, garantissant une r\u00e9sistance \u00e0 la coupure, \u00e0 l'arrachement et aux conditions environnementales difficiles. Le logo personnalis\u00e9 imprim\u00e9 au laser et les num\u00e9ros de s\u00e9rie uniques am\u00e9liorent la tra\u00e7abilit\u00e9, rationalisent les audits d'inventaire et renforcent l'identit\u00e9 de la marque. Conforme \u00e0 la norme ISO17712 et inviolable, le BTS-006 assure une s\u00e9curit\u00e9 irr\u00e9versible pour les conteneurs d'exp\u00e9dition, les portes de camions et les marchandises de grande valeur, en laissant des preuves \u00e9videntes d'un acc\u00e8s non autoris\u00e9. Sa conception l\u00e9g\u00e8re mais robuste simplifie l'application et l'inspection, ce qui le rend id\u00e9al pour la logistique mondiale, la conformit\u00e9 douani\u00e8re et l'int\u00e9grit\u00e9 de la cha\u00eene d'approvisionnement.<\/p>","protected":false},"excerpt":{"rendered":"<p>Les boulons du mod\u00e8le BTS-006 sont conformes au C-TPAT et certifi\u00e9s ISO 17712 pour la haute s\u00e9curit\u00e9. Ces scell\u00e9s imprim\u00e9s au laser sont disponibles dans une vari\u00e9t\u00e9 de couleurs. Les scell\u00e9s pour boulons sont utilis\u00e9s pour s\u00e9curiser les loquets de portes de remorques et de conteneurs. En stock et disponible \u00e0 l'exp\u00e9dition.<\/p>","protected":false},"featured_media":3627,"template":"","meta":[],"product_brand":[],"product_cat":[171],"product_tag":[202,207,208,209,213,214,227],"class_list":{"0":"post-3626","1":"product","2":"type-product","3":"status-publish","4":"has-post-thumbnail","6":"product_cat-bolt-seal","7":"product_tag-bolt-seal","8":"product_tag-shipping-container-bolt-seals","9":"product_tag-truck-security-seals","10":"product_tag-logistics-bolt-seals","11":"product_tag-high-security-bolt-seal","12":"product_tag-container-bolt-seal","13":"product_tag-bolt-security-seals","15":"first","16":"instock","17":"featured","18":"shipping-taxable","19":"product-type-simple"},"_links":{"self":[{"href":"https:\/\/www.woseal.com\/fr\/wp-json\/wp\/v2\/product\/3626","targetHints":{"allow":["GET"]}}],"collection":[{"href":"https:\/\/www.woseal.com\/fr\/wp-json\/wp\/v2\/product"}],"about":[{"href":"https:\/\/www.woseal.com\/fr\/wp-json\/wp\/v2\/types\/product"}],"version-history":[{"count":3,"href":"https:\/\/www.woseal.com\/fr\/wp-json\/wp\/v2\/product\/3626\/revisions"}],"predecessor-version":[{"id":3861,"href":"https:\/\/www.woseal.com\/fr\/wp-json\/wp\/v2\/product\/3626\/revisions\/3861"}],"wp:featuredmedia":[{"embeddable":true,"href":"https:\/\/www.woseal.com\/fr\/wp-json\/wp\/v2\/media\/3627"}],"wp:attachment":[{"href":"https:\/\/www.woseal.com\/fr\/wp-json\/wp\/v2\/media?parent=3626"}],"wp:term":[{"taxonomy":"product_brand","embeddable":true,"href":"https:\/\/www.woseal.com\/fr\/wp-json\/wp\/v2\/product_brand?post=3626"},{"taxonomy":"product_cat","embeddable":true,"href":"https:\/\/www.woseal.com\/fr\/wp-json\/wp\/v2\/product_cat?post=3626"},{"taxonomy":"product_tag","embeddable":true,"href":"https:\/\/www.woseal.com\/fr\/wp-json\/wp\/v2\/product_tag?post=3626"}],"curies":[{"name":"wp","href":"https:\/\/api.w.org\/{rel}","templated":true}]}}