{"id":3691,"date":"2025-03-31T14:01:57","date_gmt":"2025-03-31T06:01:57","guid":{"rendered":"https:\/\/www.woseal.com\/?post_type=product&#038;p=3691"},"modified":"2025-04-11T11:48:39","modified_gmt":"2025-04-11T03:48:39","slug":"cbs-005-iso-certified-cable-seal-reasonable-price-wire-cable-seal-locks-for-logistic-security-container-cable-tag-seals","status":"publish","type":"product","link":"https:\/\/www.woseal.com\/fr\/produit\/cbs-005-iso-certified-cable-seal-reasonable-price-wire-cable-seal-locks-for-logistic-security-container-cable-tag-seals","title":{"rendered":"CBS-005 Scell\u00e9 de c\u00e2ble certifi\u00e9 Iso Prix raisonnable Scell\u00e9 de c\u00e2ble en fil m\u00e9tallique Scell\u00e9 de c\u00e2ble pour la s\u00e9curit\u00e9 logistique Scell\u00e9 de c\u00e2ble pour conteneur"},"content":{"rendered":"<table class=\"has-title all magic-7\">\n<tbody>\n<tr>\n<td colspan=\"1\" rowspan=\"1\">\n<div class=\"magic-8\" data-spm-anchor-id=\"a2700.details.0.i78.3634754fEKpJHy\">Nom<\/div>\n<\/td>\n<td colspan=\"1\" rowspan=\"1\">\n<div class=\"magic-9\">CBS-005<\/div>\n<\/td>\n<\/tr>\n<tr>\n<td colspan=\"1\" rowspan=\"1\">\n<div class=\"magic-8\">Mat\u00e9riau<\/div>\n<\/td>\n<td colspan=\"1\" rowspan=\"1\">\n<div class=\"magic-9\">M\u00e9tallurgie des poudres,alliage d'aluminium,c\u00e2ble A3,7*7<\/div>\n<\/td>\n<\/tr>\n<tr>\n<td colspan=\"1\" rowspan=\"1\">\n<div class=\"magic-8\">Taille du corps de serrure<\/div>\n<\/td>\n<td colspan=\"1\" rowspan=\"1\">\n<div class=\"magic-9\">26*27*8mm<\/div>\n<\/td>\n<\/tr>\n<tr>\n<td colspan=\"1\" rowspan=\"1\">\n<div class=\"magic-8\">Diam\u00e8tre<\/div>\n<\/td>\n<td colspan=\"1\" rowspan=\"1\">\n<div class=\"magic-9\">1,8 mm<\/div>\n<\/td>\n<\/tr>\n<tr>\n<td colspan=\"1\" rowspan=\"1\">\n<div class=\"magic-8\">Processus de fabrication<\/div>\n<\/td>\n<td colspan=\"1\" rowspan=\"1\">\n<div class=\"magic-9\">injection\uff0cStampage<\/div>\n<\/td>\n<\/tr>\n<tr>\n<td colspan=\"1\" rowspan=\"1\">\n<div class=\"magic-8\">Couleur<\/div>\n<\/td>\n<td colspan=\"1\" rowspan=\"1\">\n<div class=\"magic-9\">Rouge, jaune, noir, bleu, vert, etc.<\/div>\n<\/td>\n<\/tr>\n<tr>\n<td colspan=\"1\" rowspan=\"1\">\n<div class=\"magic-8\">Mat\u00e9riau du c\u00e2ble<\/div>\n<\/td>\n<td colspan=\"1\" rowspan=\"1\">\n<div class=\"magic-9\">Acier A3<\/div>\n<\/td>\n<\/tr>\n<tr>\n<td colspan=\"1\" rowspan=\"1\">\n<div class=\"magic-8\">Longueur du c\u00e2ble<\/div>\n<\/td>\n<td colspan=\"1\" rowspan=\"1\">\n<div class=\"magic-9\">Longueur 25cm, 30cm, toute longueur peut \u00eatre personnalis\u00e9e.<\/div>\n<\/td>\n<\/tr>\n<tr>\n<td colspan=\"1\" rowspan=\"1\">\n<div class=\"magic-8\">Type d'impression<\/div>\n<\/td>\n<td colspan=\"1\" rowspan=\"1\">\n<div class=\"magic-9\">Marquage laser<\/div>\n<\/td>\n<\/tr>\n<tr>\n<td colspan=\"1\" rowspan=\"1\">\n<div class=\"magic-8\">Marquage des contenus<\/div>\n<\/td>\n<td colspan=\"1\" rowspan=\"1\">\n<div class=\"magic-9\">Chiffres, lettres, marques, codes \u00e0 barres<\/div>\n<\/td>\n<\/tr>\n<tr>\n<td colspan=\"1\" rowspan=\"1\">\n<div class=\"magic-8\">Application<\/div>\n<\/td>\n<td colspan=\"1\" rowspan=\"1\">\n<div class=\"magic-9\">Supermarch\u00e9s, p\u00e9trole, conteneurs, conteneurs ferroviaires, bo\u00eetes de compteurs, portefeuilles bancaires, etc.<\/div>\n<\/td>\n<\/tr>\n<tr>\n<td colspan=\"1\" rowspan=\"1\">\n<div class=\"magic-8\">Emballage<\/div>\n<\/td>\n<td colspan=\"1\" rowspan=\"1\">\n<div class=\"magic-9\">100pcs\/sac en plastique, 1000pcs\/carton, 2000pcs\/carton<\/div>\n<\/td>\n<\/tr>\n<tr>\n<td colspan=\"1\" rowspan=\"1\">\n<div class=\"magic-8\">Certificat d'entreprise<\/div>\n<\/td>\n<td colspan=\"1\" rowspan=\"1\">\n<div class=\"magic-9\">ISO17712,ISO9001,ISO14001,ISO45001<\/div>\n<\/td>\n<\/tr>\n<\/tbody>\n<\/table>\n<p>Le scell\u00e9 de c\u00e2ble CBS-005 garantit une s\u00e9curit\u00e9 rentable et certifi\u00e9e ISO pour votre logistique. Con\u00e7u pour \u00eatre fiable et abordable, ce scell\u00e9 pour c\u00e2ble combine un fil d'acier \u00e0 haute r\u00e9sistance \u00e0 la traction et un m\u00e9canisme de verrouillage inviolable, offrant une protection solide contre les acc\u00e8s non autoris\u00e9s. Certifi\u00e9 ISO pour r\u00e9pondre aux normes de s\u00e9curit\u00e9 mondiales, il est id\u00e9al pour s\u00e9curiser les conteneurs d'exp\u00e9dition, les marchandises et les biens de grande valeur. Sa conception renforc\u00e9e r\u00e9siste aux coupures, \u00e0 la corrosion et aux conditions environnementales difficiles, tandis que son application facile \u00e0 utiliser rationalise les flux de travail logistiques. Avec un prix raisonnable, le CBS-005 offre une s\u00e9curit\u00e9 de niveau industriel sans compromettre le budget, ce qui le rend parfait pour les entreprises qui donnent la priorit\u00e9 \u00e0 la conformit\u00e9 et \u00e0 la dissuasion du vol. Faites confiance \u00e0 ses fonctions d'inviolabilit\u00e9 et \u00e0 sa construction durable pour prot\u00e9ger les exp\u00e9ditions et simplifier les audits.<\/p>","protected":false},"excerpt":{"rendered":"<div data-slate-node=\"element\">Mod\u00e8le:CBS-005.<\/div>\n<div data-slate-node=\"element\"><span data-slate-node=\"text\"><span class=\"null\" data-slate-leaf=\"true\" data-sent-id=\"BajZANZgGe\">Il s'agit d'un joint de c\u00e2ble en aluminium. <\/span><\/span><span data-slate-node=\"text\"><span class=\"null\" data-slate-leaf=\"true\" data-sent-id=\"zgaPAKPg6e\">Pour plus de s\u00e9curit\u00e9, le c\u00e2ble non pr\u00e9form\u00e9 de 1,8 mm se d\u00e9roule lorsqu'il est coup\u00e9. <\/span><\/span><span data-slate-node=\"text\"><span class=\"null\" data-slate-leaf=\"true\" data-sent-id=\"zroNrDN4mB\">Les scell\u00e9s de c\u00e2ble achet\u00e9s en ligne sont imprim\u00e9s au laser avec la mention \"SEALED\" et num\u00e9rot\u00e9s cons\u00e9cutivement.<\/span><\/span><\/div>\n<div data-slate-node=\"element\"><\/div>\n<div data-slate-node=\"element\" data-slate-fragment=\"JTVCJTdCJTIydHlwZSUyMiUzQSUyMnBhcmFncmFwaCUyMiUyQyUyMmNoaWxkcmVuJTIyJTNBJTVCJTdCJTIyaWQlMjIlM0ElMjJCYWpaQU5aZ0dlJTIyJTJDJTIycGFyYUlkeCUyMiUzQTAlMkMlMjJzcmMlMjIlM0ElMjJUaGlzJTIwaXMlMjBhbiUyMGFsdW1pbnVtJTIwYm9kaWVkJTIwY2FibGUlMjBzZWFsLiUyMCUyMiUyQyUyMmRzdCUyMiUzQSUyMiVFOCVCRiU5OSVFNiU5OCVBRiVFNCVCOCU4MCVFNCVCOCVBQSVFOSU5MyU5RCVFNSU4OCVCNiVFNyU5NCVCNSVFNyVCQyU4NiVFNSVBRiU4NiVFNSVCMCU4MSVFNCVCQiVCNiVFMyU4MCU4MiUyMiUyQyUyMm1ldGFkYXRhJTIyJTNBJTIyJTIyJTJDJTIybWF0Y2hlcyUyMiUzQW51bGwlMkMlMjJtZXRhRGF0YSUyMiUzQSU1QiU1RCUyQyUyMnRleHQlMjIlM0ElMjJUaGlzJTIwaXMlMjBhbiUyMGFsdW1pbnVtJTIwYm9kaWVkJTIwY2FibGUlMjBzZWFsLiUyMCUyMiU3RCUyQyU3QiUyMmlkJTIyJTNBJTIyemdhUEFLUGc2ZSUyMiUyQyUyMnBhcmFJZHglMjIlM0EwJTJDJTIyc3JjJTIyJTNBJTIyRm9yJTIwYWRkZWQlMjBzZWN1cml0eSUyMHRoZSUyMDEuOCUyMG1tJTIwbm9uLXByZWZvcm1lZCUyMGNhYmxlJTIwdW5yYXZlbHMlMjB3aGVuJTIwY3V0LiUyMCUyMiUyQyUyMmRzdCUyMiUzQSUyMiVFNCVCOCVCQSVFNCVCQSU4NiVFNSVBMiU5RSVFNSU4QSVBMCVFNSVBRSU4OSVFNSU4NSVBOCVFNiU4MCVBNyVFRiVCQyU4QzEuOCVFNiVBRiVBQiVFNyVCMSVCMyVFNyU5QSU4NCVFOSU5RCU5RSVFOSVBMiU4NCVFNiU4OCU5MCVFNSU5RSU4QiVFNyU5NCVCNSVFNyVCQyU4NiVFNSU5QyVBOCVFNSU4OCU4NyVFNSU4OSVCMiVFNiU5NyVCNiVFNCVCQyU5QSVFNiU5NSVBMyVFNSVCQyU4MCVFMyU4MCU4MiUyMiUyQyUyMm1ldGFkYXRhJTIyJTNBJTIyJTIyJTJDJTIybWF0Y2hlcyUyMiUzQW51bGwlMkMlMjJtZXRhRGF0YSUyMiUzQSU1QiU1RCUyQyUyMnRleHQlMjIlM0ElMjJGb3IlMjBhZGRlZCUyMHNlY3VyaXR5JTIwdGhlJTIwMS44JTIwbW0lMjBub24tcHJlZm9ybWVkJTIwY2FibGUlMjB1bnJhdmVscyUyMHdoZW4lMjBjdXQuJTIwJTIyJTdEJTJDJTdCJTIyaWQlMjIlM0ElMjJ6cm9OckRONG1CJTIyJTJDJTIycGFyYUlkeCUyMiUzQTAlMkMlMjJzcmMlMjIlM0ElMjJDYWJsZSUyMHNlYWxzJTIwcHVyY2hhc2VkJTIwb25saW5lJTIwYXJlJTIwbGFzZXIlMjBwcmludGVkJTIwJUUyJTgwJTlDU0VBTEVEJUUyJTgwJTlEJTIwYW5kJTIwY29uc2VjdXRpdmVseSUyMG51bWJlcmVkLiUyMiUyQyUyMmRzdCUyMiUzQSUyMiVFNSU5QyVBOCVFNyVCQSVCRiVFOCVCNCVBRCVFNCVCOSVCMCVFNyU5QSU4NCVFNyU5NCVCNSVFNyVCQyU4NiVFNSVBRiU4NiVFNSVCMCU4MSVFNCVCQiVCNiVFNiU5OCVBRiVFNiVCRiU4MCVFNSU4NSU4OSVFNiU4OSU5MyVFNSU4RCVCMCVFNyU5QSU4NCVFMiU4MCU5QyVFNSVBRiU4NiVFNSVCMCU4MSVFMiU4MCU5RCVFRiVCQyU4QyVFNSVCOSVCNiVFOCVCRiU5RSVFNyVCQiVBRCVFNyVCQyU5NiVFNSU4RiVCNyVFMyU4MCU4MiUyMiUyQyUyMm1ldGFkYXRhJTIyJTNBJTIyJTIyJTJDJTIybWF0Y2hlcyUyMiUzQW51bGwlMkMlMjJtZXRhRGF0YSUyMiUzQSU1QiU1RCUyQyUyMnRleHQlMjIlM0ElMjJDYWJsZSUyMHNlYWxzJTIwcHVyY2hhc2VkJTIwb25saW5lJTIwYXJlJTIwbGFzZXIlMjBwcmludGVkJTIwJUUyJTgwJTlDU0VBTEVEJUUyJTgwJTlEJTIwYW5kJTIwY29uc2VjdXRpdmVseSUyMG51bWJlcmVkLiUyMiU3RCU1RCU3RCUyQyU3QiUyMnR5cGUlMjIlM0ElMjJwYXJhZ3JhcGglMjIlMkMlMjJjaGlsZHJlbiUyMiUzQSU1QiU3QiUyMmlkJTIyJTNBJTIyQlpvMVlRMWFRZSUyMiUyQyUyMnBhcmFJZHglMjIlM0ExJTJDJTIyc3JjJTIyJTNBJTIyJTIyJTJDJTIyZHN0JTIyJTNBJTIyJTIyJTJDJTIybWV0YWRhdGElMjIlM0ElMjIlMjIlMkMlMjJtYXRjaGVzJTIyJTNBbnVsbCUyQyUyMm1ldGFEYXRhJTIyJTNBJTVCJTVEJTJDJTIydGV4dCUyMiUzQSUyMiUyMiU3RCU1RCU3RCUyQyU3QiUyMnR5cGUlMjIlM0ElMjJwYXJhZ3JhcGglMjIlMkMlMjJjaGlsZHJlbiUyMiUzQSU1QiU3QiUyMmlkJTIyJTNBJTIyemxEMUFxMTBQeiUyMiUyQyUyMnBhcmFJZHglMjIlM0EyJTJDJTIyc3JjJTIyJTNBJTIyVGhpcyUyMHByb2R1Y3QlMjBpcyUyMGN1cnJlbnRseSUyMGF2YWlsYWJsZSUyMGluJTIwUmVkJTJDJTIwR3JlZW4lMkNZZWxsb3clMkNCbGFjayUyMGFuZCUyMEJsdWUuJTIwJTIyJTJDJTIyZHN0JTIyJTNBJTIyJUU4JUFGJUE1JUU0JUJBJUE3JUU1JTkzJTgxJUU3JTlCJUFFJUU1JTg5JThEJUU2JTlDJTg5JUU3JUJBJUEyJUU4JTg5JUIyJUUzJTgwJTgxJUU3JUJCJUJGJUU4JTg5JUIyJUUzJTgwJTgxJUU5JUJCJTg0JUU4JTg5JUIyJUUzJTgwJTgxJUU5JUJCJTkxJUU4JTg5JUIyJUU1JTkyJThDJUU4JTkzJTlEJUU4JTg5JUIyJUU1JThGJUFGJUU0JUJFJTlCJUU5JTgwJTg5JUU2JThCJUE5JUUzJTgwJTgyJTIyJTJDJTIybWV0YWRhdGElMjIlM0ElMjIlMjIlMkMlMjJtYXRjaGVzJTIyJTNBbnVsbCUyQyUyMm1ldGFEYXRhJTIyJTNBJTVCJTVEJTJDJTIydGV4dCUyMiUzQSUyMlRoaXMlMjBwcm9kdWN0JTIwaXMlMjBjdXJyZW50bHklMjBhdmFpbGFibGUlMjBpbiUyMFJlZCUyQyUyMEdyZWVuJTJDWWVsbG93JTJDQmxhY2slMjBhbmQlMjBCbHVlLiUyMCUyMiU3RCUyQyU3QiUyMmlkJTIyJTNBJTIyQkRkTTB4TVBsQiUyMiUyQyUyMnBhcmFJZHglMjIlM0EyJTJDJTIyc3JjJTIyJTNBJTIyQ29udGFjdCUyMHVzJTIwZm9yJTIwb3RoZXIlMjBjb2xvcnMuJTIyJTJDJTIyZHN0JTIyJTNBJTIyJUU4JTgxJTk0JUU3JUIzJUJCJUU2JTg4JTkxJUU0JUJCJUFDJUU0JUJBJTg2JUU4JUE3JUEzJUU1JTg1JUI2JUU0JUJCJTk2JUU5JUEyJTlDJUU4JTg5JUIyJUUzJTgwJTgyJTIyJTJDJTIybWV0YWRhdGElMjIlM0ElMjIlMjIlMkMlMjJtYXRjaGVzJTIyJTNBbnVsbCUyQyUyMm1ldGFEYXRhJTIyJTNBJTVCJTVEJTJDJTIydGV4dCUyMiUzQSUyMkNvbnRhY3QlMjB1cyUyMGZvciUyMG90aGVyJTIwY29sb3JzLiUyMiU3RCU1RCU3RCU1RA==\"><span data-slate-node=\"text\"><span class=\"null hover-sent\" data-slate-leaf=\"true\" data-sent-id=\"zlD1Aq10Pz\">Ce produit est actuellement disponible en rouge, vert, jaune, noir et bleu. <\/span><\/span><span data-slate-node=\"text\"><span class=\"null\" data-slate-leaf=\"true\" data-sent-id=\"BDdM0xMPlB\">Contactez-nous pour d'autres couleurs.<\/span><\/span><\/div>","protected":false},"featured_media":3698,"template":"","meta":[],"product_brand":[],"product_cat":[168],"product_tag":[229,230,231,232,233,310,325,336,337,338,339,340,341,177,178,228],"class_list":{"0":"post-3691","1":"product","2":"type-product","3":"status-publish","4":"has-post-thumbnail","6":"product_cat-cable-seal","7":"product_tag-logistic-wire-seal","8":"product_tag-reasonable-price-cable-seal","9":"product_tag-iso-certified-seal","10":"product_tag-container-cable-seals","11":"product_tag-cable-tag","12":"product_tag-steel-wire-cable-locks","13":"product_tag-shipping-container-locks","14":"product_tag-iso-certified-cable-seal","15":"product_tag-cbs-005-wire-seal","16":"product_tag-affordable-logistics-security","17":"product_tag-tamper-proof-container-seals","18":"product_tag-budget-friendly-cable-tags","19":"product_tag-cargo-security-seals","20":"product_tag-wire-seal","21":"product_tag-security-seal","22":"product_tag-cable-seal-lock","24":"first","25":"instock","26":"shipping-taxable","27":"product-type-simple"},"_links":{"self":[{"href":"https:\/\/www.woseal.com\/fr\/wp-json\/wp\/v2\/product\/3691","targetHints":{"allow":["GET"]}}],"collection":[{"href":"https:\/\/www.woseal.com\/fr\/wp-json\/wp\/v2\/product"}],"about":[{"href":"https:\/\/www.woseal.com\/fr\/wp-json\/wp\/v2\/types\/product"}],"version-history":[{"count":2,"href":"https:\/\/www.woseal.com\/fr\/wp-json\/wp\/v2\/product\/3691\/revisions"}],"predecessor-version":[{"id":3847,"href":"https:\/\/www.woseal.com\/fr\/wp-json\/wp\/v2\/product\/3691\/revisions\/3847"}],"wp:featuredmedia":[{"embeddable":true,"href":"https:\/\/www.woseal.com\/fr\/wp-json\/wp\/v2\/media\/3698"}],"wp:attachment":[{"href":"https:\/\/www.woseal.com\/fr\/wp-json\/wp\/v2\/media?parent=3691"}],"wp:term":[{"taxonomy":"product_brand","embeddable":true,"href":"https:\/\/www.woseal.com\/fr\/wp-json\/wp\/v2\/product_brand?post=3691"},{"taxonomy":"product_cat","embeddable":true,"href":"https:\/\/www.woseal.com\/fr\/wp-json\/wp\/v2\/product_cat?post=3691"},{"taxonomy":"product_tag","embeddable":true,"href":"https:\/\/www.woseal.com\/fr\/wp-json\/wp\/v2\/product_tag?post=3691"}],"curies":[{"name":"wp","href":"https:\/\/api.w.org\/{rel}","templated":true}]}}