{"id":3701,"date":"2025-03-31T16:29:41","date_gmt":"2025-03-31T08:29:41","guid":{"rendered":"https:\/\/www.woseal.com\/?post_type=product&#038;p=3701"},"modified":"2025-04-11T11:47:10","modified_gmt":"2025-04-11T03:47:10","slug":"cbs-006-250mm-hexagonal-large-sized-steel-wire-seal-with-tamper-proof-serial-number-for-secure-shipping-cable-seal","status":"publish","type":"product","link":"https:\/\/www.woseal.com\/fr\/produit\/cbs-006-250mm-hexagonal-large-sized-steel-wire-seal-with-tamper-proof-serial-number-for-secure-shipping-cable-seal","title":{"rendered":"CBS-006 250mm Scell\u00e9 hexagonal en fil d'acier de grande taille avec num\u00e9ro de s\u00e9rie inviolable pour un scell\u00e9 de c\u00e2ble d'exp\u00e9dition s\u00e9curis\u00e9"},"content":{"rendered":"<table class=\"has-title all magic-11\">\n<tbody>\n<tr>\n<td colspan=\"1\" rowspan=\"1\">\n<div class=\"magic-12\" data-spm-anchor-id=\"a2700.details.0.i75.1dad1faa248juH\">Nom<\/div>\n<\/td>\n<td colspan=\"1\" rowspan=\"1\">\n<div class=\"magic-13\">CBS-006<\/div>\n<\/td>\n<\/tr>\n<tr>\n<td colspan=\"1\" rowspan=\"1\">\n<div class=\"magic-12\">mat\u00e9riel<\/div>\n<\/td>\n<td colspan=\"1\" rowspan=\"1\">\n<div class=\"magic-13\">Alliage d'aluminium, c\u00e2ble A3<\/div>\n<\/td>\n<\/tr>\n<tr>\n<td colspan=\"1\" rowspan=\"1\">\n<div class=\"magic-12\">Taille du corps de serrure<\/div>\n<\/td>\n<td colspan=\"1\" rowspan=\"1\">\n<div class=\"magic-13\">26,3*26*7,5mm<\/div>\n<\/td>\n<\/tr>\n<tr>\n<td colspan=\"1\" rowspan=\"1\">\n<div class=\"magic-12\">Diam\u00e8tre<\/div>\n<\/td>\n<td colspan=\"1\" rowspan=\"1\">\n<div class=\"magic-13\">3,5 mm<\/div>\n<\/td>\n<\/tr>\n<tr>\n<td colspan=\"1\" rowspan=\"1\">\n<div class=\"magic-12\">Processus de fabrication<\/div>\n<\/td>\n<td colspan=\"1\" rowspan=\"1\">\n<div class=\"magic-13\">injection\uff0cStampage<\/div>\n<\/td>\n<\/tr>\n<tr>\n<td colspan=\"1\" rowspan=\"1\">\n<div class=\"magic-12\">Couleur<\/div>\n<\/td>\n<td colspan=\"1\" rowspan=\"1\">\n<div class=\"magic-13\">Rouge, jaune, noir, bleu, vert, etc.<\/div>\n<\/td>\n<\/tr>\n<tr>\n<td colspan=\"1\" rowspan=\"1\">\n<div class=\"magic-12\">Mat\u00e9riau du c\u00e2ble<\/div>\n<\/td>\n<td colspan=\"1\" rowspan=\"1\">\n<div class=\"magic-13\">Acier A3<\/div>\n<\/td>\n<\/tr>\n<tr>\n<td colspan=\"1\" rowspan=\"1\">\n<div class=\"magic-12\">Longueur du c\u00e2ble<\/div>\n<\/td>\n<td colspan=\"1\" rowspan=\"1\">\n<div class=\"magic-13\">Longueur 25cm, 30cm, toute longueur peut \u00eatre personnalis\u00e9e.<\/div>\n<\/td>\n<\/tr>\n<tr>\n<td colspan=\"1\" rowspan=\"1\">\n<div class=\"magic-12\">Type d'impression<\/div>\n<\/td>\n<td colspan=\"1\" rowspan=\"1\">\n<div class=\"magic-13\">Marquage laser<\/div>\n<\/td>\n<\/tr>\n<tr>\n<td colspan=\"1\" rowspan=\"1\">\n<div class=\"magic-12\">Marquage des contenus<\/div>\n<\/td>\n<td colspan=\"1\" rowspan=\"1\">\n<div class=\"magic-13\">Chiffres, lettres, marques, codes \u00e0 barres<\/div>\n<\/td>\n<\/tr>\n<tr>\n<td colspan=\"1\" rowspan=\"1\">\n<div class=\"magic-12\">Application<\/div>\n<\/td>\n<td colspan=\"1\" rowspan=\"1\">\n<div class=\"magic-13\">Supermarch\u00e9s, p\u00e9trole, conteneurs, conteneurs ferroviaires, bo\u00eetes de compteurs, portefeuilles bancaires, etc.<\/div>\n<\/td>\n<\/tr>\n<tr>\n<td colspan=\"1\" rowspan=\"1\">\n<div class=\"magic-12\">Emballage<\/div>\n<\/td>\n<td colspan=\"1\" rowspan=\"1\">\n<div class=\"magic-13\">100pcs\/sac en plastique, 1000pcs\/carton, 2000pcs\/carton<\/div>\n<\/td>\n<\/tr>\n<tr>\n<td colspan=\"1\" rowspan=\"1\">\n<div class=\"magic-12\">Certificat d'entreprise<\/div>\n<\/td>\n<td colspan=\"1\" rowspan=\"1\">\n<div class=\"magic-13\">ISO17712,ISO9001,ISO14001,ISO45001<\/div>\n<\/td>\n<\/tr>\n<\/tbody>\n<\/table>\n<p>&nbsp;<\/p>\n<p>Renforcez la s\u00e9curit\u00e9 de vos envois avec le scell\u00e9 \u00e0 fil d'acier hexagonal de grande taille CBS-006 250 mm, con\u00e7u pour une r\u00e9sistance maximale \u00e0 l'effraction et une tra\u00e7abilit\u00e9 optimale. Dot\u00e9 d'un fil d'acier hexagonal robuste et d'un num\u00e9ro de s\u00e9rie inviolable, ce scell\u00e9 pour c\u00e2ble r\u00e9sistant assure une protection fiable contre les acc\u00e8s non autoris\u00e9s. La longueur de 250 mm permet d'accueillir des cargaisons de grande taille, tandis que la construction en acier renforc\u00e9 r\u00e9siste aux coupures, \u00e0 la corrosion et aux conditions environnementales difficiles. Le num\u00e9ro de s\u00e9rie unique de chaque scell\u00e9 facilite le suivi et la documentation, ce qui simplifie la mise en conformit\u00e9 avec les normes internationales d'exp\u00e9dition. Id\u00e9al pour les conteneurs d'exp\u00e9dition, la logistique, le fret et les marchandises de grande valeur, le scell\u00e9 CBS-006 allie une durabilit\u00e9 de niveau industriel \u00e0 un syst\u00e8me d'inviolabilit\u00e9. Simplifiez les audits, dissuadez les vols et prot\u00e9gez vos exp\u00e9ditions gr\u00e2ce \u00e0 cette solution de s\u00e9curit\u00e9 fiable.<\/p>","protected":false},"excerpt":{"rendered":"<p>Mod\u00e8le\uff1aCBS-006<\/p>\n<p>Ce produit adopte une conception enfichable avec une longueur fixe de 250 mm et est fourni avec une grande plaque de marquage, qui permet d'imprimer clairement divers logos et num\u00e9ros de s\u00e9rie. Le fil d'acier utilis\u00e9 a un diam\u00e8tre de 1,8 mm, pour une plus grande s\u00e9curit\u00e9, le mat\u00e9riau se dispersera lorsqu'il sera coup\u00e9. Nous proposons des couleurs rouge, jaune, bleu, vert, blanc et autres. Pour une personnalisation sp\u00e9cifique, veuillez nous consulter !<\/p>","protected":false},"featured_media":3702,"template":"","meta":[],"product_brand":[],"product_cat":[168],"product_tag":[235,236,237,238,239,319,327,328,329,330,331,332,333,176,334,185,335,234],"class_list":{"0":"post-3701","1":"product","2":"type-product","3":"status-publish","4":"has-post-thumbnail","6":"product_cat-cable-seal","7":"product_tag-large-sized-steel-wire-seal","8":"product_tag-disposable-cable-seal","9":"product_tag-insert-cable-sealing-strip","10":"product_tag-truck-cable-seal","11":"product_tag-container-lock-seal","12":"product_tag-secure-shipping-seals","13":"product_tag-cbs-006-cable-seal","14":"product_tag-tamper-proof-serial-number-seal","15":"product_tag-hexagonal-steel-wire-seal","16":"product_tag-250mm-large-cable-seal","17":"product_tag-heavy-duty-cargo-security","18":"product_tag-logistics-anti-theft-seals","19":"product_tag-tamper-evident-wire-locks","20":"product_tag-cable-seal","21":"product_tag-serialized-shipping-seals","22":"product_tag-anti-theft-cable-seal","23":"product_tag-industrial-grade-cable-tags","24":"product_tag-shipping-cable-seal","26":"first","27":"instock","28":"shipping-taxable","29":"product-type-simple"},"_links":{"self":[{"href":"https:\/\/www.woseal.com\/fr\/wp-json\/wp\/v2\/product\/3701","targetHints":{"allow":["GET"]}}],"collection":[{"href":"https:\/\/www.woseal.com\/fr\/wp-json\/wp\/v2\/product"}],"about":[{"href":"https:\/\/www.woseal.com\/fr\/wp-json\/wp\/v2\/types\/product"}],"version-history":[{"count":3,"href":"https:\/\/www.woseal.com\/fr\/wp-json\/wp\/v2\/product\/3701\/revisions"}],"predecessor-version":[{"id":3846,"href":"https:\/\/www.woseal.com\/fr\/wp-json\/wp\/v2\/product\/3701\/revisions\/3846"}],"wp:featuredmedia":[{"embeddable":true,"href":"https:\/\/www.woseal.com\/fr\/wp-json\/wp\/v2\/media\/3702"}],"wp:attachment":[{"href":"https:\/\/www.woseal.com\/fr\/wp-json\/wp\/v2\/media?parent=3701"}],"wp:term":[{"taxonomy":"product_brand","embeddable":true,"href":"https:\/\/www.woseal.com\/fr\/wp-json\/wp\/v2\/product_brand?post=3701"},{"taxonomy":"product_cat","embeddable":true,"href":"https:\/\/www.woseal.com\/fr\/wp-json\/wp\/v2\/product_cat?post=3701"},{"taxonomy":"product_tag","embeddable":true,"href":"https:\/\/www.woseal.com\/fr\/wp-json\/wp\/v2\/product_tag?post=3701"}],"curies":[{"name":"wp","href":"https:\/\/api.w.org\/{rel}","templated":true}]}}