{"id":3710,"date":"2025-03-31T16:56:21","date_gmt":"2025-03-31T08:56:21","guid":{"rendered":"https:\/\/www.woseal.com\/?post_type=product&#038;p=3710"},"modified":"2025-04-11T11:43:46","modified_gmt":"2025-04-11T03:43:46","slug":"cbs-007-high-cost-effective-anti-theft-wire-cable-seals-for-secure-shipping-cable-tag-seal","status":"publish","type":"product","link":"https:\/\/www.woseal.com\/fr\/produit\/cbs-007-high-cost-effective-anti-theft-wire-cable-seals-for-secure-shipping-cable-tag-seal","title":{"rendered":"CBS-007 Scell\u00e9s antivol pour c\u00e2bles m\u00e9talliques, tr\u00e8s \u00e9conomiques, pour l'exp\u00e9dition s\u00e9curis\u00e9e de c\u00e2bles scell\u00e9s"},"content":{"rendered":"<table class=\"has-title all magic-7\">\n<tbody>\n<tr>\n<td colspan=\"1\" rowspan=\"1\">\n<div class=\"magic-8\" data-spm-anchor-id=\"a2700.details-description.0.i0.2eaaox72ox72vR\">Nom<\/div>\n<\/td>\n<td colspan=\"1\" rowspan=\"1\">\n<div class=\"magic-9\">CBS-007<\/div>\n<\/td>\n<\/tr>\n<tr>\n<td colspan=\"1\" rowspan=\"1\">\n<div class=\"magic-8\">Mat\u00e9riau<\/div>\n<\/td>\n<td colspan=\"1\" rowspan=\"1\">\n<div class=\"magic-9\">ABS, m\u00e9tallurgie des poudres, c\u00e2ble A3, 7*7<\/div>\n<\/td>\n<\/tr>\n<tr>\n<td colspan=\"1\" rowspan=\"1\">\n<div class=\"magic-8\">Taille du corps de serrure<\/div>\n<\/td>\n<td colspan=\"1\" rowspan=\"1\">\n<div class=\"magic-9\">18*23*8mm<\/div>\n<\/td>\n<\/tr>\n<tr>\n<td colspan=\"1\" rowspan=\"1\">\n<div class=\"magic-8\">Diam\u00e8tre<\/div>\n<\/td>\n<td colspan=\"1\" rowspan=\"1\">\n<div class=\"magic-9\">1,8 mm<\/div>\n<\/td>\n<\/tr>\n<tr>\n<td colspan=\"1\" rowspan=\"1\">\n<div class=\"magic-8\">Processus de fabrication<\/div>\n<\/td>\n<td colspan=\"1\" rowspan=\"1\">\n<div class=\"magic-9\">injection\uff0cStampage<\/div>\n<\/td>\n<\/tr>\n<tr>\n<td colspan=\"1\" rowspan=\"1\">\n<div class=\"magic-8\">Couleur<\/div>\n<\/td>\n<td colspan=\"1\" rowspan=\"1\">\n<div class=\"magic-9\">Rouge, jaune, noir, bleu, vert, etc.<\/div>\n<\/td>\n<\/tr>\n<tr>\n<td colspan=\"1\" rowspan=\"1\">\n<div class=\"magic-8\">Mat\u00e9riau du c\u00e2ble<\/div>\n<\/td>\n<td colspan=\"1\" rowspan=\"1\">\n<div class=\"magic-9\">Acier A3<\/div>\n<\/td>\n<\/tr>\n<tr>\n<td colspan=\"1\" rowspan=\"1\">\n<div class=\"magic-8\">Longueur du c\u00e2ble<\/div>\n<\/td>\n<td colspan=\"1\" rowspan=\"1\">\n<div class=\"magic-9\">Longueur 25cm, 30cm, toute longueur peut \u00eatre personnalis\u00e9e.<\/div>\n<\/td>\n<\/tr>\n<tr>\n<td colspan=\"1\" rowspan=\"1\">\n<div class=\"magic-8\">Type d'impression<\/div>\n<\/td>\n<td colspan=\"1\" rowspan=\"1\">\n<div class=\"magic-9\">Marquage laser<\/div>\n<\/td>\n<\/tr>\n<tr>\n<td colspan=\"1\" rowspan=\"1\">\n<div class=\"magic-8\">Marquage des contenus<\/div>\n<\/td>\n<td colspan=\"1\" rowspan=\"1\">\n<div class=\"magic-9\">Chiffres, lettres, marques, codes \u00e0 barres<\/div>\n<\/td>\n<\/tr>\n<tr>\n<td colspan=\"1\" rowspan=\"1\">\n<div class=\"magic-8\">Application<\/div>\n<\/td>\n<td colspan=\"1\" rowspan=\"1\">\n<div class=\"magic-9\">Supermarch\u00e9s, p\u00e9trole, conteneurs, conteneurs ferroviaires, bo\u00eetes de compteurs, portefeuilles bancaires, etc.<\/div>\n<\/td>\n<\/tr>\n<tr>\n<td colspan=\"1\" rowspan=\"1\">\n<div class=\"magic-8\">Emballage<\/div>\n<\/td>\n<td colspan=\"1\" rowspan=\"1\">\n<div class=\"magic-9\">100pcs\/sac en plastique, 1000pcs\/carton, 2000pcs\/carton<\/div>\n<\/td>\n<\/tr>\n<tr>\n<td colspan=\"1\" rowspan=\"1\">\n<div class=\"magic-8\">Certificat d'entreprise<\/div>\n<\/td>\n<td colspan=\"1\" rowspan=\"1\">\n<div class=\"magic-9\">ISO17712,ISO9001,ISO14001,ISO45001<\/div>\n<\/td>\n<\/tr>\n<\/tbody>\n<\/table>\n<p>Assurez la s\u00e9curit\u00e9 et l'inviolabilit\u00e9 de vos envois gr\u00e2ce aux scell\u00e9s antivol pour c\u00e2bles m\u00e9talliques CBS-007. Con\u00e7us pour \u00eatre fiables, ces scell\u00e9s de c\u00e2ble sont dot\u00e9s d'un fil d'acier durable et d'un bo\u00eetier ABS renforc\u00e9, offrant une r\u00e9sistance in\u00e9gal\u00e9e aux coupures, aux manipulations et \u00e0 l'usure de l'environnement. Le m\u00e9canisme unique \u00e0 double verrouillage garantit une s\u00e9curit\u00e9 \u00e0 usage unique, laissant une preuve visible de l'acc\u00e8s non autoris\u00e9 - id\u00e9al pour les conteneurs d'exp\u00e9dition, la logistique, le fret ou l'\u00e9lectronique. Gr\u00e2ce \u00e0 sa conception \u00e9conomique, le CBS-007 offre une protection de qualit\u00e9 industrielle sans compromettre son prix. Faciles \u00e0 appliquer et \u00e0 inspecter, ces scell\u00e9s sont conformes aux normes de s\u00e9curit\u00e9 internationales, ce qui en fait un choix de confiance pour les entreprises qui accordent la priorit\u00e9 \u00e0 la s\u00e9curit\u00e9 des marchandises. Prot\u00e9gez vos biens, dissuadez le vol et rationalisez la conformit\u00e9 avec le scell\u00e9 pour c\u00e2ble CBS-007.<\/p>","protected":false},"excerpt":{"rendered":"<p>Le scell\u00e9 de c\u00e2ble CBS-007 allie une s\u00e9curit\u00e9 \u00e9conomique \u00e0 une durabilit\u00e9 \u00e0 toute \u00e9preuve. Dot\u00e9 d'un fil d'acier, d'un bo\u00eetier en ABS et d'un m\u00e9canisme \u00e0 double verrouillage, il assure une dissuasion visible contre le vol dans les domaines de l'exp\u00e9dition, de la logistique et du fret.<\/p>","protected":false},"featured_media":3711,"template":"","meta":[],"product_brand":[],"product_cat":[168],"product_tag":[321,322,323,324,176,325,232,326,240,241,242,243,244,245,246,318,319,320],"class_list":{"0":"post-3710","1":"product","2":"type-product","3":"status-publish","4":"has-post-thumbnail","6":"product_cat-cable-seal","7":"product_tag-tamper-proof-cable-tags","8":"product_tag-heavy-duty-cable-security","9":"product_tag-logistics-security-seals","10":"product_tag-reusable-cable-seals","11":"product_tag-cable-seal","12":"product_tag-shipping-container-locks","13":"product_tag-container-cable-seals","14":"product_tag-abs-wire-seals","15":"product_tag-abs-cable-seal","16":"product_tag-anti-theft-wire-seal","17":"product_tag-disposable-cable-seals","18":"product_tag-oil-tanker-cable-seals","19":"product_tag-transport-cable-seals","20":"product_tag-safe-transportation-solutions-cable-seals","21":"product_tag-security-cable-seal","22":"product_tag-cable-seal-cbs-007","23":"product_tag-secure-shipping-seals","24":"product_tag-high-cost-effective-cable-locks","26":"first","27":"instock","28":"featured","29":"shipping-taxable","30":"product-type-simple"},"_links":{"self":[{"href":"https:\/\/www.woseal.com\/fr\/wp-json\/wp\/v2\/product\/3710","targetHints":{"allow":["GET"]}}],"collection":[{"href":"https:\/\/www.woseal.com\/fr\/wp-json\/wp\/v2\/product"}],"about":[{"href":"https:\/\/www.woseal.com\/fr\/wp-json\/wp\/v2\/types\/product"}],"version-history":[{"count":3,"href":"https:\/\/www.woseal.com\/fr\/wp-json\/wp\/v2\/product\/3710\/revisions"}],"predecessor-version":[{"id":3844,"href":"https:\/\/www.woseal.com\/fr\/wp-json\/wp\/v2\/product\/3710\/revisions\/3844"}],"wp:featuredmedia":[{"embeddable":true,"href":"https:\/\/www.woseal.com\/fr\/wp-json\/wp\/v2\/media\/3711"}],"wp:attachment":[{"href":"https:\/\/www.woseal.com\/fr\/wp-json\/wp\/v2\/media?parent=3710"}],"wp:term":[{"taxonomy":"product_brand","embeddable":true,"href":"https:\/\/www.woseal.com\/fr\/wp-json\/wp\/v2\/product_brand?post=3710"},{"taxonomy":"product_cat","embeddable":true,"href":"https:\/\/www.woseal.com\/fr\/wp-json\/wp\/v2\/product_cat?post=3710"},{"taxonomy":"product_tag","embeddable":true,"href":"https:\/\/www.woseal.com\/fr\/wp-json\/wp\/v2\/product_tag?post=3710"}],"curies":[{"name":"wp","href":"https:\/\/api.w.org\/{rel}","templated":true}]}}