{"id":3719,"date":"2025-03-31T18:13:58","date_gmt":"2025-03-31T10:13:58","guid":{"rendered":"https:\/\/www.woseal.com\/?post_type=product&#038;p=3719"},"modified":"2025-04-11T11:37:04","modified_gmt":"2025-04-11T03:37:04","slug":"cbs-008-good-quality-low-price-container-truck-wire-cable-seal-lock-self-locking-steel-wire-tight-laser-print-hex-cable-tag-seal","status":"publish","type":"product","link":"https:\/\/www.woseal.com\/fr\/produit\/cbs-008-good-quality-low-price-container-truck-wire-cable-seal-lock-self-locking-steel-wire-tight-laser-print-hex-cable-tag-seal","title":{"rendered":"CBS-008 Scell\u00e9 de c\u00e2ble en fil d'acier de bonne qualit\u00e9 et \u00e0 bas prix pour camion conteneur Scell\u00e9 de c\u00e2ble en fil d'acier autobloquant Scell\u00e9 de c\u00e2ble en hexagone \u00e0 impression laser"},"content":{"rendered":"<table class=\"has-title all magic-7\">\n<tbody>\n<tr>\n<td colspan=\"1\" rowspan=\"1\">\n<div class=\"magic-8\" data-spm-anchor-id=\"a2700.details.0.i74.29a1246d0vvufh\">Nom<\/div>\n<\/td>\n<td colspan=\"1\" rowspan=\"1\">\n<div class=\"magic-9\">CBS-008<\/div>\n<\/td>\n<\/tr>\n<tr>\n<td colspan=\"1\" rowspan=\"1\">\n<div class=\"magic-8\">mat\u00e9riel<\/div>\n<\/td>\n<td colspan=\"1\" rowspan=\"1\">\n<div class=\"magic-9\">ABS, m\u00e9tallurgie des poudres, c\u00e2ble A3, 7*7<\/div>\n<\/td>\n<\/tr>\n<tr>\n<td colspan=\"1\" rowspan=\"1\">\n<div class=\"magic-8\">Taille du corps de serrure<\/div>\n<\/td>\n<td colspan=\"1\" rowspan=\"1\">\n<div class=\"magic-9\">30*34*7mm<\/div>\n<\/td>\n<\/tr>\n<tr>\n<td colspan=\"1\" rowspan=\"1\">\n<div class=\"magic-8\">Diam\u00e8tre<\/div>\n<\/td>\n<td colspan=\"1\" rowspan=\"1\">\n<div class=\"magic-9\">1,8 mm<\/div>\n<\/td>\n<\/tr>\n<tr>\n<td colspan=\"1\" rowspan=\"1\">\n<div class=\"magic-8\">Processus de fabrication<\/div>\n<\/td>\n<td colspan=\"1\" rowspan=\"1\">\n<div class=\"magic-9\">injection\uff0cStampage<\/div>\n<\/td>\n<\/tr>\n<tr>\n<td colspan=\"1\" rowspan=\"1\">\n<div class=\"magic-8\">Couleur<\/div>\n<\/td>\n<td colspan=\"1\" rowspan=\"1\">\n<div class=\"magic-9\">Rouge, jaune, blanc, bleu, vert, etc.<\/div>\n<\/td>\n<\/tr>\n<tr>\n<td colspan=\"1\" rowspan=\"1\">\n<div class=\"magic-8\">Mat\u00e9riau du c\u00e2ble<\/div>\n<\/td>\n<td colspan=\"1\" rowspan=\"1\">\n<div class=\"magic-9\">Acier A3<\/div>\n<\/td>\n<\/tr>\n<tr>\n<td colspan=\"1\" rowspan=\"1\">\n<div class=\"magic-8\">Longueur du c\u00e2ble<\/div>\n<\/td>\n<td colspan=\"1\" rowspan=\"1\">\n<div class=\"magic-9\">Longueur 25cm, 30cm, toute longueur peut \u00eatre personnalis\u00e9e.<\/div>\n<\/td>\n<\/tr>\n<tr>\n<td colspan=\"1\" rowspan=\"1\">\n<div class=\"magic-8\">Type d'impression<\/div>\n<\/td>\n<td colspan=\"1\" rowspan=\"1\">\n<div class=\"magic-9\">Marquage laser<\/div>\n<\/td>\n<\/tr>\n<tr>\n<td colspan=\"1\" rowspan=\"1\">\n<div class=\"magic-8\">Marquage des contenus<\/div>\n<\/td>\n<td colspan=\"1\" rowspan=\"1\">\n<div class=\"magic-9\">Chiffres, lettres, marques, codes \u00e0 barres<\/div>\n<\/td>\n<\/tr>\n<tr>\n<td colspan=\"1\" rowspan=\"1\">\n<div class=\"magic-8\">Application<\/div>\n<\/td>\n<td colspan=\"1\" rowspan=\"1\">\n<div class=\"magic-9\">Supermarch\u00e9s, p\u00e9trole, conteneurs, conteneurs ferroviaires, bo\u00eetes de compteurs, portefeuilles bancaires, etc.<\/div>\n<\/td>\n<\/tr>\n<tr>\n<td colspan=\"1\" rowspan=\"1\">\n<div class=\"magic-8\">Emballage<\/div>\n<\/td>\n<td colspan=\"1\" rowspan=\"1\">\n<div class=\"magic-9\">100pcs\/sac en plastique, 1000pcs\/carton, 2000pcs\/carton<\/div>\n<\/td>\n<\/tr>\n<tr>\n<td colspan=\"1\" rowspan=\"1\">\n<div class=\"magic-8\">Certificat d'entreprise<\/div>\n<\/td>\n<td colspan=\"1\" rowspan=\"1\">\n<div class=\"magic-9\">ISO17712,ISO9001,ISO14001,ISO45001<\/div>\n<\/td>\n<\/tr>\n<\/tbody>\n<\/table>\n<p>Le scell\u00e9 \u00e0 c\u00e2ble pour camion-citerne CBS-008 permet de s\u00e9curiser les cargaisons de mani\u00e8re fiable et rentable. Il s'agit d'un scell\u00e9 \u00e0 fil d'acier autobloquant con\u00e7u pour les logisticiens soucieux de leur budget, sans compromettre la qualit\u00e9. Construit avec\u00a0<strong>Fil d'acier \u00e0 haute r\u00e9sistance de 1,8 mm\/2 mm<\/strong>Ce scell\u00e9 est dot\u00e9 d'un\u00a0<strong>m\u00e9canisme d'auto-verrouillage \u00e9tanche \u00e0 la traction<\/strong>\u00a0qui garantit une fixation s\u00fbre et r\u00e9sistante aux vibrations sur les conteneurs, les remorques ou les portes de camions. Les\u00a0<strong>\u00e9tiquette de c\u00e2ble hexagonale imprim\u00e9e au laser<\/strong>\u00a0offre une clart\u00e9 inviolable et une identification permanente, avec des num\u00e9ros de s\u00e9rie uniques pour un suivi facile et une conformit\u00e9 aux normes ISO 17712. Id\u00e9ale pour l'exp\u00e9dition en vrac, le transport de marchandises ou le stockage temporaire, sa construction anticorrosion r\u00e9siste aux intemp\u00e9ries et aux manipulations brutales. Malgr\u00e9 son faible prix, le CBS-008 offre une durabilit\u00e9 exceptionnelle, ce qui en fait un choix de premier ordre pour les PME, les fournisseurs de services logistiques et les industries qui accordent la priorit\u00e9 \u00e0 l'accessibilit\u00e9 et \u00e0 la s\u00e9curit\u00e9. Couleurs personnalisables et options de marquage disponibles.<\/p>","protected":false},"excerpt":{"rendered":"<p>Le scell\u00e9 de c\u00e2ble CBS-008 combine un fil d'acier autobloquant, des \u00e9tiquettes hexagonales imprim\u00e9es au laser et un prix abordable pour la s\u00e9curit\u00e9 inviolable des conteneurs et des camions - conforme \u00e0 l'ISO et con\u00e7u pour durer.<\/p>","protected":false},"featured_media":3720,"template":"","meta":[],"product_brand":[],"product_cat":[168],"product_tag":[249,250,308,309,310,311,312,313,314,176,315,183,316,238,317,239,246,247,248],"class_list":{"0":"post-3719","1":"product","2":"type-product","3":"status-publish","4":"has-post-thumbnail","6":"product_cat-cable-seal","7":"product_tag-steel-wire-seal","8":"product_tag-hex-cable-tag-seal","9":"product_tag-cbs-008-low-price-cable-seal","10":"product_tag-self-locking-container-truck-seals","11":"product_tag-steel-wire-cable-locks","12":"product_tag-laser-print-hex-tag-seals","13":"product_tag-iso-17712-compliant-security-seals","14":"product_tag-affordable-logistics-cable-locks","15":"product_tag-pull-tight-truck-seals","16":"product_tag-cable-seal","17":"product_tag-corrosion-resistant-wire-seals","18":"product_tag-safety-cable-seal","19":"product_tag-bulk-freight-security-solutions","20":"product_tag-truck-cable-seal","21":"product_tag-budget-container-sealing-tags","22":"product_tag-container-lock-seal","23":"product_tag-security-cable-seal","24":"product_tag-large-sized-label-seal","25":"product_tag-pp-cable-seal","27":"first","28":"instock","29":"featured","30":"shipping-taxable","31":"product-type-simple"},"_links":{"self":[{"href":"https:\/\/www.woseal.com\/fr\/wp-json\/wp\/v2\/product\/3719","targetHints":{"allow":["GET"]}}],"collection":[{"href":"https:\/\/www.woseal.com\/fr\/wp-json\/wp\/v2\/product"}],"about":[{"href":"https:\/\/www.woseal.com\/fr\/wp-json\/wp\/v2\/types\/product"}],"version-history":[{"count":2,"href":"https:\/\/www.woseal.com\/fr\/wp-json\/wp\/v2\/product\/3719\/revisions"}],"predecessor-version":[{"id":3842,"href":"https:\/\/www.woseal.com\/fr\/wp-json\/wp\/v2\/product\/3719\/revisions\/3842"}],"wp:featuredmedia":[{"embeddable":true,"href":"https:\/\/www.woseal.com\/fr\/wp-json\/wp\/v2\/media\/3720"}],"wp:attachment":[{"href":"https:\/\/www.woseal.com\/fr\/wp-json\/wp\/v2\/media?parent=3719"}],"wp:term":[{"taxonomy":"product_brand","embeddable":true,"href":"https:\/\/www.woseal.com\/fr\/wp-json\/wp\/v2\/product_brand?post=3719"},{"taxonomy":"product_cat","embeddable":true,"href":"https:\/\/www.woseal.com\/fr\/wp-json\/wp\/v2\/product_cat?post=3719"},{"taxonomy":"product_tag","embeddable":true,"href":"https:\/\/www.woseal.com\/fr\/wp-json\/wp\/v2\/product_tag?post=3719"}],"curies":[{"name":"wp","href":"https:\/\/api.w.org\/{rel}","templated":true}]}}