{"id":3732,"date":"2025-04-01T14:54:27","date_gmt":"2025-04-01T06:54:27","guid":{"rendered":"https:\/\/www.woseal.com\/?post_type=product&#038;p=3732"},"modified":"2025-04-11T11:30:58","modified_gmt":"2025-04-11T03:30:58","slug":"cbs-009-high-security-steel-pp-pull-tight-container-trailer-truck-transport-cable-seal-1-8mm-2mm-sealing-strip-ore","status":"publish","type":"product","link":"https:\/\/www.woseal.com\/fr\/produit\/cbs-009-high-security-steel-pp-pull-tight-container-trailer-truck-transport-cable-seal-1-8mm-2mm-sealing-strip-ore","title":{"rendered":"CBS-009 Scell\u00e9 de c\u00e2ble de transport de remorque de conteneur \u00e0 haute s\u00e9curit\u00e9 en acier PP Pull Tight 1.8mm 2mm Sealing Strip Ore"},"content":{"rendered":"<table class=\"has-title all magic-7\">\n<tbody>\n<tr>\n<td colspan=\"1\" rowspan=\"1\">\n<div class=\"magic-8\" data-spm-anchor-id=\"a2700.details.0.i74.59fb5553b74BTl\">Nom<\/div>\n<\/td>\n<td colspan=\"1\" rowspan=\"1\">\n<div class=\"magic-9\">CBS-009<\/div>\n<\/td>\n<\/tr>\n<tr>\n<td colspan=\"1\" rowspan=\"1\">\n<div class=\"magic-8\">Mat\u00e9riau<\/div>\n<\/td>\n<td colspan=\"1\" rowspan=\"1\">\n<div class=\"magic-9\">M\u00e9tallurgie des poudres, ABS, c\u00e2ble A3, 7*7<\/div>\n<\/td>\n<\/tr>\n<tr>\n<td colspan=\"1\" rowspan=\"1\">\n<div class=\"magic-8\">Taille du corps de serrure<\/div>\n<\/td>\n<td colspan=\"1\" rowspan=\"1\">\n<div class=\"magic-9\">22*15*8mm<\/div>\n<\/td>\n<\/tr>\n<tr>\n<td colspan=\"1\" rowspan=\"1\">\n<div class=\"magic-8\">Diam\u00e8tre<\/div>\n<\/td>\n<td colspan=\"1\" rowspan=\"1\">\n<div class=\"magic-9\">1,8 mm<\/div>\n<\/td>\n<\/tr>\n<tr>\n<td colspan=\"1\" rowspan=\"1\">\n<div class=\"magic-8\">Processus de fabrication<\/div>\n<\/td>\n<td colspan=\"1\" rowspan=\"1\">\n<div class=\"magic-9\">injection\uff0cStampage<\/div>\n<\/td>\n<\/tr>\n<tr>\n<td colspan=\"1\" rowspan=\"1\">\n<div class=\"magic-8\">Couleur<\/div>\n<\/td>\n<td colspan=\"1\" rowspan=\"1\">\n<div class=\"magic-9\">Rouge, jaune, blanc, bleu, vert, etc.<\/div>\n<\/td>\n<\/tr>\n<tr>\n<td colspan=\"1\" rowspan=\"1\">\n<div class=\"magic-8\">Mat\u00e9riau du c\u00e2ble<\/div>\n<\/td>\n<td colspan=\"1\" rowspan=\"1\">\n<div class=\"magic-9\">Acier A3<\/div>\n<\/td>\n<\/tr>\n<tr>\n<td colspan=\"1\" rowspan=\"1\">\n<div class=\"magic-8\">Longueur du c\u00e2ble<\/div>\n<\/td>\n<td colspan=\"1\" rowspan=\"1\">\n<div class=\"magic-9\">Longueur 25cm, 30cm, toute longueur peut \u00eatre personnalis\u00e9e.<\/div>\n<\/td>\n<\/tr>\n<tr>\n<td colspan=\"1\" rowspan=\"1\">\n<div class=\"magic-8\">Type d'impression<\/div>\n<\/td>\n<td colspan=\"1\" rowspan=\"1\">\n<div class=\"magic-9\">Marquage laser<\/div>\n<\/td>\n<\/tr>\n<tr>\n<td colspan=\"1\" rowspan=\"1\">\n<div class=\"magic-8\">Marquage des contenus<\/div>\n<\/td>\n<td colspan=\"1\" rowspan=\"1\">\n<div class=\"magic-9\">Chiffres, lettres, marques, codes \u00e0 barres<\/div>\n<\/td>\n<\/tr>\n<tr>\n<td colspan=\"1\" rowspan=\"1\">\n<div class=\"magic-8\">Application<\/div>\n<\/td>\n<td colspan=\"1\" rowspan=\"1\">\n<div class=\"magic-9\">Supermarch\u00e9s, p\u00e9trole, conteneurs, conteneurs ferroviaires, bo\u00eetes de compteurs, portefeuilles bancaires, etc.<\/div>\n<\/td>\n<\/tr>\n<tr>\n<td colspan=\"1\" rowspan=\"1\">\n<div class=\"magic-8\">Emballage<\/div>\n<\/td>\n<td colspan=\"1\" rowspan=\"1\">\n<div class=\"magic-9\">100pcs\/sac en plastique, 1000pcs\/carton, 2000pcs\/carton<\/div>\n<\/td>\n<\/tr>\n<tr>\n<td colspan=\"1\" rowspan=\"1\">\n<div class=\"magic-8\">Certificat d'entreprise<\/div>\n<\/td>\n<td colspan=\"1\" rowspan=\"1\">\n<div class=\"magic-9\">ISO17712,ISO9001,ISO14001,ISO45001<\/div>\n<\/td>\n<\/tr>\n<\/tbody>\n<\/table>\n<p>S\u00e9curisez votre cargaison avec le scell\u00e9 \u00e0 c\u00e2ble en acier PP Pull-Tight de haute s\u00e9curit\u00e9 CBS-009, con\u00e7u pour les applications rigoureuses de transport de conteneurs, de remorques et de camions. La combinaison d'un scell\u00e9 ultra-durable et d'un scell\u00e9 \u00e0 c\u00e2ble en acier\u00a0<strong>fil d'acier<\/strong>\u00a0(\u00e9paisseur de 1,8 mm ou 2 mm au choix) et d'une bande de scellement renforc\u00e9e en PP, ce scell\u00e9 d'inviolabilit\u00e9 offre une r\u00e9sistance in\u00e9gal\u00e9e \u00e0 la coupure, \u00e0 la corrosion et aux conditions environnementales difficiles. Le scell\u00e9 innovant\u00a0<strong>m\u00e9canisme d'\u00e9tanch\u00e9it\u00e9 \u00e0 la traction<\/strong>\u00a0garantit un ajustement serr\u00e9 et r\u00e9sistant aux vibrations, emp\u00eachant le desserrage pendant le transport tout en fournissant des preuves visuelles claires des tentatives d'alt\u00e9ration. Id\u00e9al pour s\u00e9curiser les marchandises de grande valeur, les exp\u00e9ditions de minerais ou les mati\u00e8res dangereuses, le CBS-009 comporte des num\u00e9ros de s\u00e9rie uniques et des codes-barres grav\u00e9s au laser pour une tra\u00e7abilit\u00e9 totale et une conformit\u00e9 aux normes ISO 17712, C-TPAT et TAPA. Personnalisable en termes de couleurs, de longueurs et de marquage, il est con\u00e7u pour r\u00e9sister \u00e0 une tension extr\u00eame et \u00e0 un usage r\u00e9p\u00e9titif, ce qui en fait le premier choix pour la logistique mondiale, l'exploitation mini\u00e8re et les industries de transport de marchandises lourdes.<\/p>","protected":false},"excerpt":{"rendered":"<p>Le scell\u00e9 de c\u00e2ble CBS-009 offre une construction en acier\/PP de haute s\u00e9curit\u00e9, une conception \u00e9tanche \u00e0 l'arrachement inviolable et deux options d'\u00e9paisseur (1,8 mm\/2 mm) pour une protection fiable des conteneurs, des camions et du transport de minerais - certifi\u00e9 ISO et personnalisable.<\/p>","protected":false},"featured_media":3737,"template":"","meta":[],"product_brand":[],"product_cat":[168],"product_tag":[252,298,299,300,301,302,303,304,305,306,176,307,178,183,239,240,249],"class_list":{"0":"post-3732","1":"product","2":"type-product","3":"status-publish","4":"has-post-thumbnail","6":"product_cat-cable-seal","7":"product_tag-transport-cable-seal","8":"product_tag-cbs-009-steel-pp-cable-seal","9":"product_tag-pull-tight-container-seals","10":"product_tag-tamper-evident-truck-transport-seals","11":"product_tag-1-8mm-2mm-sealing-strip","12":"product_tag-high-security-trailer-cable-locks","13":"product_tag-iso-17712-compliant-ore-seals","14":"product_tag-corrosion-resistant-logistics-seals","15":"product_tag-heavy-duty-pp-steel-hybrid-seals","16":"product_tag-customizable-cargo-security-tags","17":"product_tag-cable-seal","18":"product_tag-mining-transport-anti-theft-solutions","19":"product_tag-security-seal","20":"product_tag-safety-cable-seal","21":"product_tag-container-lock-seal","22":"product_tag-abs-cable-seal","23":"product_tag-steel-wire-seal","25":"first","26":"instock","27":"shipping-taxable","28":"product-type-simple"},"_links":{"self":[{"href":"https:\/\/www.woseal.com\/fr\/wp-json\/wp\/v2\/product\/3732","targetHints":{"allow":["GET"]}}],"collection":[{"href":"https:\/\/www.woseal.com\/fr\/wp-json\/wp\/v2\/product"}],"about":[{"href":"https:\/\/www.woseal.com\/fr\/wp-json\/wp\/v2\/types\/product"}],"version-history":[{"count":3,"href":"https:\/\/www.woseal.com\/fr\/wp-json\/wp\/v2\/product\/3732\/revisions"}],"predecessor-version":[{"id":3841,"href":"https:\/\/www.woseal.com\/fr\/wp-json\/wp\/v2\/product\/3732\/revisions\/3841"}],"wp:featuredmedia":[{"embeddable":true,"href":"https:\/\/www.woseal.com\/fr\/wp-json\/wp\/v2\/media\/3737"}],"wp:attachment":[{"href":"https:\/\/www.woseal.com\/fr\/wp-json\/wp\/v2\/media?parent=3732"}],"wp:term":[{"taxonomy":"product_brand","embeddable":true,"href":"https:\/\/www.woseal.com\/fr\/wp-json\/wp\/v2\/product_brand?post=3732"},{"taxonomy":"product_cat","embeddable":true,"href":"https:\/\/www.woseal.com\/fr\/wp-json\/wp\/v2\/product_cat?post=3732"},{"taxonomy":"product_tag","embeddable":true,"href":"https:\/\/www.woseal.com\/fr\/wp-json\/wp\/v2\/product_tag?post=3732"}],"curies":[{"name":"wp","href":"https:\/\/api.w.org\/{rel}","templated":true}]}}